{"id":342,"date":"2020-09-29T20:20:02","date_gmt":"2020-09-29T20:20:02","guid":{"rendered":"https:\/\/staging.ordemdosfisioterapeutas.pt\/?page_id=342"},"modified":"2021-07-06T20:25:34","modified_gmt":"2021-07-06T19:25:34","slug":"mensagem-da-presidente-da-ci","status":"publish","type":"page","link":"https:\/\/staging.ordemdosfisioterapeutas.pt\/en\/mensagem-da-presidente-da-ci\/","title":{"rendered":"Welcome Message from the President of the CI"},"content":{"rendered":"<div data-elementor-type=\"wp-page\" data-elementor-id=\"342\" class=\"elementor elementor-342\" data-elementor-post-type=\"page\">\n\t\t\t\t\t\t<section class=\"elementor-section elementor-top-section elementor-element elementor-element-192fcb5 elementor-section-boxed elementor-section-height-default elementor-section-height-default\" data-id=\"192fcb5\" data-element_type=\"section\" data-e-type=\"section\">\n\t\t\t\t\t\t<div class=\"elementor-container elementor-column-gap-default\">\n\t\t\t\t\t<div class=\"elementor-column elementor-col-50 elementor-top-column elementor-element elementor-element-3df089a\" data-id=\"3df089a\" data-element_type=\"column\" data-e-type=\"column\">\n\t\t\t<div class=\"elementor-widget-wrap elementor-element-populated\">\n\t\t\t\t\t\t<div class=\"elementor-element elementor-element-69ec929 elementor-widget elementor-widget-image\" data-id=\"69ec929\" data-element_type=\"widget\" data-e-type=\"widget\" data-widget_type=\"image.default\">\n\t\t\t\t<div class=\"elementor-widget-container\">\n\t\t\t\t\t\t\t\t\t\t\t\t\t\t\t<img fetchpriority=\"high\" decoding=\"async\" width=\"683\" height=\"1024\" src=\"https:\/\/staging.ordemdosfisioterapeutas.pt\/wp-content\/uploads\/2020\/10\/isabel-souza-guerra-683x1024.jpg\" class=\"attachment-large size-large wp-image-1057\" alt=\"Isabel de Souza Guerra\" srcset=\"https:\/\/staging.ordemdosfisioterapeutas.pt\/wp-content\/uploads\/2020\/10\/isabel-souza-guerra-683x1024.jpg 683w, https:\/\/staging.ordemdosfisioterapeutas.pt\/wp-content\/uploads\/2020\/10\/isabel-souza-guerra-200x300.jpg 200w, https:\/\/staging.ordemdosfisioterapeutas.pt\/wp-content\/uploads\/2020\/10\/isabel-souza-guerra-768x1152.jpg 768w, https:\/\/staging.ordemdosfisioterapeutas.pt\/wp-content\/uploads\/2020\/10\/isabel-souza-guerra.jpg 1000w\" sizes=\"(max-width: 683px) 100vw, 683px\" \/>\t\t\t\t\t\t\t\t\t\t\t\t\t\t\t<\/div>\n\t\t\t\t<\/div>\n\t\t\t\t\t<\/div>\n\t\t<\/div>\n\t\t\t\t<div class=\"elementor-column elementor-col-50 elementor-top-column elementor-element elementor-element-6417026\" data-id=\"6417026\" data-element_type=\"column\" data-e-type=\"column\">\n\t\t\t<div class=\"elementor-widget-wrap elementor-element-populated\">\n\t\t\t\t\t\t<div class=\"elementor-element elementor-element-55fa80b elementor-widget elementor-widget-text-editor\" data-id=\"55fa80b\" data-element_type=\"widget\" data-e-type=\"widget\" data-widget_type=\"text-editor.default\">\n\t\t\t\t<div class=\"elementor-widget-container\">\n\t\t\t\t\t\t\t\t\t<p>Welcome to the Order of Physiotherapists\u00a0<\/p><p>More than a year of intense activity has passed since the appointment of the Installing Committee of the Order of Physiotherapists.  The epidemiological situation in our country did not allow us to complete our work in the first year of the mandate, so by decision of the hierarchy, it was extended by one year, and the elections for the statutory bodies were scheduled for 15 November, pf.<\/p><p>In order to fulfil the objectives set, the Installation Committee has worked hard. We have invested heavily in technological support infrastructures, in a process of administrative modernisation, basing the entire operation on an eminently dematerialised system, seeking to boost the development of integrated communication solutions, both internal and external, with our members.<\/p><p>We all know that membership of the Order is compulsory and indispensable for practising the profession. All the conditions are now in place for physiotherapists to join our Order as soon as possible.<\/p><p>We have tried to make the enrolment process intuitive, via the organisation's website, but we have also provided guidelines for the whole process. An impartial Technical Admissions Committee has been appointed to assess each process and draw up opinions for the IC to validate the enrolment.<\/p><p>We want to lay solid and secure foundations for the future of the organisation, which we hope will be strong and innovative, that it will represent the profession properly and that all physiotherapists will feel represented in it.<\/p><p>We always bear in mind that our main mission is to defend citizens against unqualified practice and the right to physiotherapy care with quality, safety and good results, provided by certified professionals with recognised professional skills.<\/p>\t\t\t\t\t\t\t\t<\/div>\n\t\t\t\t<\/div>\n\t\t\t\t\t<\/div>\n\t\t<\/div>\n\t\t\t\t\t<\/div>\n\t\t<\/section>\n\t\t\t\t<\/div>","protected":false},"excerpt":{"rendered":"<p>Seja bem-vindo \u00e0 Ordem dos Fisioterapeutas\u00a0 Passou-se mais de um ano de intensa atividade desde a nomea\u00e7\u00e3o da Comiss\u00e3o Instaladora da Ordem dos Fisioterapeutas. \u00a0A situa\u00e7\u00e3o epidemiol\u00f3gica no nosso Pais n\u00e3o permitiu a conclus\u00e3o dos nossos trabalhos no primeiro ano do mandato, pelo que por delibera\u00e7\u00e3o da hierarquia, o mesmo foi prorrogado por um ano, &#8230; <a title=\"Welcome Message from the President of the CI\" class=\"read-more\" href=\"https:\/\/staging.ordemdosfisioterapeutas.pt\/en\/mensagem-da-presidente-da-ci\/\" aria-label=\"Read more about Mensagem da Presidente da CI\">Read more<\/a><\/p>","protected":false},"author":1,"featured_media":0,"parent":0,"menu_order":0,"comment_status":"closed","ping_status":"closed","template":"","meta":{"footnotes":""},"class_list":["post-342","page","type-page","status-publish"],"_links":{"self":[{"href":"https:\/\/staging.ordemdosfisioterapeutas.pt\/en\/wp-json\/wp\/v2\/pages\/342","targetHints":{"allow":["GET"]}}],"collection":[{"href":"https:\/\/staging.ordemdosfisioterapeutas.pt\/en\/wp-json\/wp\/v2\/pages"}],"about":[{"href":"https:\/\/staging.ordemdosfisioterapeutas.pt\/en\/wp-json\/wp\/v2\/types\/page"}],"author":[{"embeddable":true,"href":"https:\/\/staging.ordemdosfisioterapeutas.pt\/en\/wp-json\/wp\/v2\/users\/1"}],"replies":[{"embeddable":true,"href":"https:\/\/staging.ordemdosfisioterapeutas.pt\/en\/wp-json\/wp\/v2\/comments?post=342"}],"version-history":[{"count":0,"href":"https:\/\/staging.ordemdosfisioterapeutas.pt\/en\/wp-json\/wp\/v2\/pages\/342\/revisions"}],"wp:attachment":[{"href":"https:\/\/staging.ordemdosfisioterapeutas.pt\/en\/wp-json\/wp\/v2\/media?parent=342"}],"curies":[{"name":"wp","href":"https:\/\/api.w.org\/{rel}","templated":true}]}}