{"id":419,"date":"2020-09-30T17:52:13","date_gmt":"2020-09-30T17:52:13","guid":{"rendered":"https:\/\/staging.ordemdosfisioterapeutas.pt\/?page_id=419"},"modified":"2023-05-08T11:29:19","modified_gmt":"2023-05-08T10:29:19","slug":"instituicoes-de-ensino-em-fisioterapia","status":"publish","type":"page","link":"https:\/\/staging.ordemdosfisioterapeutas.pt\/en\/instituicoes-de-ensino-em-fisioterapia\/","title":{"rendered":"Physiotherapy Education Institutions"},"content":{"rendered":"<div data-elementor-type=\"wp-page\" data-elementor-id=\"419\" class=\"elementor elementor-419\" data-elementor-post-type=\"page\">\n\t\t\t\t\t\t<section class=\"elementor-section elementor-top-section elementor-element elementor-element-8854d61 elementor-section-boxed elementor-section-height-default elementor-section-height-default\" data-id=\"8854d61\" data-element_type=\"section\" data-e-type=\"section\">\n\t\t\t\t\t\t<div class=\"elementor-container elementor-column-gap-default\">\n\t\t\t\t\t<div class=\"elementor-column elementor-col-100 elementor-top-column elementor-element elementor-element-eb0ff96\" data-id=\"eb0ff96\" data-element_type=\"column\" data-e-type=\"column\">\n\t\t\t<div class=\"elementor-widget-wrap elementor-element-populated\">\n\t\t\t\t\t\t<div class=\"elementor-element elementor-element-26a15ab elementor-widget elementor-widget-text-editor\" data-id=\"26a15ab\" data-element_type=\"widget\" data-e-type=\"widget\" data-widget_type=\"text-editor.default\">\n\t\t\t\t<div class=\"elementor-widget-container\">\n\t\t\t\t\t\t\t\t\t<p>There may be occasional discrepancies or delays in certain updates to the information provided on this page. The Order of Physiotherapists does not guarantee its accuracy, nor is it responsible for the accidental reproduction of incorrect data.<\/p>\t\t\t\t\t\t\t\t<\/div>\n\t\t\t\t<\/div>\n\t\t\t\t\t<\/div>\n\t\t<\/div>\n\t\t\t\t\t<\/div>\n\t\t<\/section>\n\t\t\t\t<section class=\"elementor-section elementor-top-section elementor-element elementor-element-601d6960 elementor-section-boxed elementor-section-height-default elementor-section-height-default\" data-id=\"601d6960\" data-element_type=\"section\" data-e-type=\"section\">\n\t\t\t\t\t\t<div class=\"elementor-container elementor-column-gap-default\">\n\t\t\t\t\t<div class=\"elementor-column elementor-col-100 elementor-top-column elementor-element elementor-element-479cd00e\" data-id=\"479cd00e\" data-element_type=\"column\" data-e-type=\"column\">\n\t\t\t<div class=\"elementor-widget-wrap elementor-element-populated\">\n\t\t\t\t\t\t<div class=\"elementor-element elementor-element-0355c7a elementor-widget elementor-widget-heading\" data-id=\"0355c7a\" data-element_type=\"widget\" data-e-type=\"widget\" data-widget_type=\"heading.default\">\n\t\t\t\t<div class=\"elementor-widget-container\">\n\t\t\t\t\t<h2 class=\"elementor-heading-title elementor-size-default\">Licence<\/h2>\t\t\t\t<\/div>\n\t\t\t\t<\/div>\n\t\t\t\t\t<\/div>\n\t\t<\/div>\n\t\t\t\t\t<\/div>\n\t\t<\/section>\n\t\t\t\t<section class=\"elementor-section elementor-top-section elementor-element elementor-element-ab3d21a elementor-section-boxed elementor-section-height-default elementor-section-height-default\" data-id=\"ab3d21a\" data-element_type=\"section\" data-e-type=\"section\">\n\t\t\t\t\t\t<div class=\"elementor-container elementor-column-gap-default\">\n\t\t\t\t\t<div class=\"elementor-column elementor-col-100 elementor-top-column elementor-element elementor-element-2a51929\" data-id=\"2a51929\" data-element_type=\"column\" data-e-type=\"column\">\n\t\t\t<div class=\"elementor-widget-wrap elementor-element-populated\">\n\t\t\t\t\t\t<div class=\"elementor-element elementor-element-bed301d elementor-widget elementor-widget-text-editor\" data-id=\"bed301d\" data-element_type=\"widget\" data-e-type=\"widget\" data-widget_type=\"text-editor.default\">\n\t\t\t\t<div class=\"elementor-widget-container\">\n\t\t\t\t\t\t\t\t\t<p>The following Physiotherapy Education institutions are accredited:<\/p><ul><li><span style=\"text-decoration: underline;\"><a href=\"https:\/\/www.essatla.pt\/\" target=\"_blank\" rel=\"noopener\">Atlantic Health School (ESSATLA)<\/a><\/span><\/li><li><span style=\"text-decoration: underline;\"><a href=\"http:\/\/esscvp.eu\/\">Portuguese Red Cross School of Health<\/a><\/span><\/li><li><span style=\"text-decoration: underline;\"><a href=\"http:\/\/www.ua.pt\/essua\/\">University of Aveiro School of Health<\/a><\/span><\/li><li><span style=\"text-decoration: underline;\"><a href=\"http:\/\/www.ipleiria.pt\/esslei\/\">Leiria School of Health<\/a><\/span><\/li><li><span style=\"text-decoration: underline;\"><a href=\"http:\/\/www.ess.ipp.pt\/\">Porto Polytechnic School of Health<\/a><\/span><\/li><li><span style=\"text-decoration: underline;\"><a href=\"http:\/\/www.santamariasaude.pt\/\">Santa Maria School of Health<\/a><\/span><\/li><li><span style=\"text-decoration: underline;\"><a href=\"http:\/\/www.ess.ips.pt\/\">Set\u00fabal School of Health<\/a><\/span><\/li><li><span style=\"text-decoration: underline;\"><a href=\"http:\/\/www.essa.pt\/portal\">Alcoit\u00e3o School of Health<\/a><\/span><\/li><li><span style=\"text-decoration: underline;\"><a href=\"http:\/\/www.cespu.pt\/ensino\/ensino-politecnico\/departamentos-da-essva\">Vale do Ave School of Health<\/a><\/span><\/li><li><span style=\"text-decoration: underline;\"><a href=\"http:\/\/www.cespu.pt\/ensino\/ensino-politecnico\/departamentos-da-essvs\" target=\"_blank\" rel=\"noopener\">T\u00e2mega e Sousa School of Health Technologies<\/a><\/span><\/li><li><span style=\"text-decoration: underline;\"><a href=\"http:\/\/www.ipcb.pt\/esald\/escola-superior-de-saude-dr-lopes-dias\">Dr Lopes Dias School of Health<\/a><\/span><\/li><li><span style=\"text-decoration: underline;\"><a href=\"http:\/\/www.egasmoniz.com.pt\/\">Egas Moniz School of Health<\/a><\/span><\/li><li><span style=\"text-decoration: underline;\"><a href=\"http:\/\/ipiaget.org\/escola-superior-de-saude-silves\/\">Jean Piaget School of Health - Silves<\/a><\/span><\/li><li><span style=\"text-decoration: underline;\"><a href=\"http:\/\/ipiaget.org\/escola-superior-de-saude-viseu\">Jean Piaget School of Health - Viseu<\/a><\/span><\/li><li><span style=\"text-decoration: underline;\"><a href=\"http:\/\/ipiaget.org\/escola-superior-de-saude-vila-nova-de-gaia\">Jean Piaget School of Health - V. N. Gaia<\/a><\/span><\/li><li><span style=\"text-decoration: underline;\"><a href=\"http:\/\/www.estescoimbra.pt\/\">Coimbra School of Health Technology<\/a><\/span><\/li><li><span style=\"text-decoration: underline;\"><a href=\"http:\/\/www.estesl.ipl.pt\/\">Lisbon School of Health Technology<\/a><\/span><\/li><li><span style=\"text-decoration: underline;\"><a href=\"http:\/\/www.isave.pt\/isavenovo\/index.php\/pt\/2015-11-12-10-14-26\/licenciaturas\/fisioterapia\">Alto Ave Higher Institute of Health<\/a><\/span><\/li><li><span style=\"text-decoration: underline;\"><a href=\"http:\/\/www.ufp.pt\/\">Fernando Pessoa University School of Health<\/a><\/span><\/li><li><span style=\"text-decoration: underline;\"><a href=\"https:\/\/ess.ualg.pt\/curso\/1914\">University of Algarve School of Health<\/a><\/span><\/li><li><span style=\"text-decoration: underline;\"><a href=\"https:\/\/www.essnortecvp.pt\/pt\/cursos\/fisioterapia\/\" target=\"_blank\" rel=\"noopener\">Portuguese Red Cross Northern School of Health<\/a><\/span><\/li><li><span style=\"text-decoration: underline;\"><a href=\"https:\/\/portal3.ipb.pt\/index.php\/pt\/guiaects\/cursos\/licenciaturas\/curso?cod_escola=7015&amp;cod_curso=9504\" target=\"_blank\" rel=\"noopener\">Bragan\u00e7a School of Health<\/a><\/span><\/li><\/ul><p><!-- \/wp:paragraph --><\/p>\t\t\t\t\t\t\t\t<\/div>\n\t\t\t\t<\/div>\n\t\t\t\t\t<\/div>\n\t\t<\/div>\n\t\t\t\t\t<\/div>\n\t\t<\/section>\n\t\t\t\t<\/div>","protected":false},"excerpt":{"rendered":"<p>There may be occasional discrepancies or delays in certain updates to the information provided on this page. The Order of Physiotherapists does not guarantee its accuracy, nor is it responsible for the accidental reproduction of incorrect data. Degree The following physiotherapy teaching institutions are currently accredited: Escola Superior de Sa\u00fade Atl\u00e2ntica (ESSATLA) Escola Superior de Sa\u00fade da Cruz ... <a title=\"Physiotherapy Education Institutions\" class=\"read-more\" href=\"https:\/\/staging.ordemdosfisioterapeutas.pt\/en\/instituicoes-de-ensino-em-fisioterapia\/\" aria-label=\"Read more about Physiotherapy Teaching Institutions\">Read more<\/a><\/p>","protected":false},"author":1,"featured_media":0,"parent":0,"menu_order":0,"comment_status":"closed","ping_status":"closed","template":"","meta":{"footnotes":""},"class_list":["post-419","page","type-page","status-publish"],"_links":{"self":[{"href":"https:\/\/staging.ordemdosfisioterapeutas.pt\/en\/wp-json\/wp\/v2\/pages\/419","targetHints":{"allow":["GET"]}}],"collection":[{"href":"https:\/\/staging.ordemdosfisioterapeutas.pt\/en\/wp-json\/wp\/v2\/pages"}],"about":[{"href":"https:\/\/staging.ordemdosfisioterapeutas.pt\/en\/wp-json\/wp\/v2\/types\/page"}],"author":[{"embeddable":true,"href":"https:\/\/staging.ordemdosfisioterapeutas.pt\/en\/wp-json\/wp\/v2\/users\/1"}],"replies":[{"embeddable":true,"href":"https:\/\/staging.ordemdosfisioterapeutas.pt\/en\/wp-json\/wp\/v2\/comments?post=419"}],"version-history":[{"count":0,"href":"https:\/\/staging.ordemdosfisioterapeutas.pt\/en\/wp-json\/wp\/v2\/pages\/419\/revisions"}],"wp:attachment":[{"href":"https:\/\/staging.ordemdosfisioterapeutas.pt\/en\/wp-json\/wp\/v2\/media?parent=419"}],"curies":[{"name":"wp","href":"https:\/\/api.w.org\/{rel}","templated":true}]}}