{"id":5811,"date":"2023-05-08T11:06:24","date_gmt":"2023-05-08T10:06:24","guid":{"rendered":"https:\/\/staging.ordemdosfisioterapeutas.pt\/?page_id=5811"},"modified":"2023-05-10T15:14:28","modified_gmt":"2023-05-10T14:14:28","slug":"formacao-pos-graduada","status":"publish","type":"page","link":"https:\/\/staging.ordemdosfisioterapeutas.pt\/en\/formacao-pos-graduada\/","title":{"rendered":"Postgraduate Training"},"content":{"rendered":"<div data-elementor-type=\"wp-page\" data-elementor-id=\"5811\" class=\"elementor elementor-5811\" data-elementor-post-type=\"page\">\n\t\t\t\t\t\t<section class=\"elementor-section elementor-top-section elementor-element elementor-element-20a38a2 elementor-section-boxed elementor-section-height-default elementor-section-height-default\" data-id=\"20a38a2\" data-element_type=\"section\" data-e-type=\"section\">\n\t\t\t\t\t\t<div class=\"elementor-container elementor-column-gap-default\">\n\t\t\t\t\t<div class=\"elementor-column elementor-col-100 elementor-top-column elementor-element elementor-element-a045288\" data-id=\"a045288\" data-element_type=\"column\" data-e-type=\"column\">\n\t\t\t<div class=\"elementor-widget-wrap elementor-element-populated\">\n\t\t\t\t\t\t<div class=\"elementor-element elementor-element-f09d7ce elementor-widget elementor-widget-heading\" data-id=\"f09d7ce\" data-element_type=\"widget\" data-e-type=\"widget\" data-widget_type=\"heading.default\">\n\t\t\t\t<div class=\"elementor-widget-container\">\n\t\t\t\t\t<h2 class=\"elementor-heading-title elementor-size-default\">Master<\/h2>\t\t\t\t<\/div>\n\t\t\t\t<\/div>\n\t\t\t\t\t<\/div>\n\t\t<\/div>\n\t\t\t\t\t<\/div>\n\t\t<\/section>\n\t\t\t\t<section class=\"elementor-section elementor-top-section elementor-element elementor-element-b8e459c elementor-section-boxed elementor-section-height-default elementor-section-height-default\" data-id=\"b8e459c\" data-element_type=\"section\" data-e-type=\"section\">\n\t\t\t\t\t\t<div class=\"elementor-container elementor-column-gap-default\">\n\t\t\t\t\t<div class=\"elementor-column elementor-col-100 elementor-top-column elementor-element elementor-element-4b06869\" data-id=\"4b06869\" data-element_type=\"column\" data-e-type=\"column\">\n\t\t\t<div class=\"elementor-widget-wrap elementor-element-populated\">\n\t\t\t\t\t\t<div class=\"elementor-element elementor-element-a20908e elementor-widget elementor-widget-text-editor\" data-id=\"a20908e\" data-element_type=\"widget\" data-e-type=\"widget\" data-widget_type=\"text-editor.default\">\n\t\t\t\t<div class=\"elementor-widget-container\">\n\t\t\t\t\t\t\t\t\t<p>Master's programmes in Physiotherapy*:<\/p>\t\t\t\t\t\t\t\t<\/div>\n\t\t\t\t<\/div>\n\t\t\t\t<div class=\"elementor-element elementor-element-69a0698 elementor-widget elementor-widget-text-editor\" data-id=\"69a0698\" data-element_type=\"widget\" data-e-type=\"widget\" data-widget_type=\"text-editor.default\">\n\t\t\t\t<div class=\"elementor-widget-container\">\n\t\t\t\t\t\t\t\t\t<ul><li><a href=\"https:\/\/www.ua.pt\/pt\/course\/364\" target=\"_blank\" rel=\"noopener\"><span style=\"text-decoration: underline;\">Masters in Physiotherapy<\/span><\/a> - University Of Aveiro, Aveiro School Of Health<br \/>Musculoskeletal area of specialisation<br \/>Respiratory Specialisation Area<br \/>Specialisation in Sports<br \/><span style=\"text-decoration: underline;\"><a href=\"https:\/\/a3es.pt\/pt\/resultados-acreditacao\/fisioterapia-37\" target=\"_blank\" rel=\"noopener\">Accreditation by A3ES<\/a><\/span> - Total number of ECTS: 90<\/li><\/ul>\t\t\t\t\t\t\t\t<\/div>\n\t\t\t\t<\/div>\n\t\t\t\t<div class=\"elementor-element elementor-element-23ad654 elementor-widget elementor-widget-text-editor\" data-id=\"23ad654\" data-element_type=\"widget\" data-e-type=\"widget\" data-widget_type=\"text-editor.default\">\n\t\t\t\t<div class=\"elementor-widget-container\">\n\t\t\t\t\t\t\t\t\t<ul><li><a href=\"https:\/\/www.ipleiria.pt\/curso\/fisioterapia\/\" target=\"_blank\" rel=\"noopener\"><span style=\"text-decoration: underline;\">Masters in Physiotherapy<\/span><\/a> - School of Health of the Polytechnic Institute of Leiria<br \/>Area of Specialisation in Paediatric Physiotherapy<br \/>Area of Specialisation in Physiotherapeutic Prescription Physical Exercise<br \/><span style=\"text-decoration: underline;\"><a href=\"https:\/\/www.a3es.pt\/pt\/resultados-acreditacao\/fisioterapia-47\" target=\"_blank\" rel=\"noopener\">Accreditation by A3ES<\/a><\/span> - Total number of ECTS: 120<\/li><\/ul>\t\t\t\t\t\t\t\t<\/div>\n\t\t\t\t<\/div>\n\t\t\t\t<div class=\"elementor-element elementor-element-5ad739f elementor-widget elementor-widget-text-editor\" data-id=\"5ad739f\" data-element_type=\"widget\" data-e-type=\"widget\" data-widget_type=\"text-editor.default\">\n\t\t\t\t<div class=\"elementor-widget-container\">\n\t\t\t\t\t\t\t\t\t<ul><li><a href=\"https:\/\/www.ipp.pt\/ensino\/cursos\/mestrado\/ess\/649\" target=\"_blank\" rel=\"noopener\"><span style=\"text-decoration: underline;\">Master's Degree in Dermatofunctional Physiotherapy<\/span><\/a> - School of Health - Polytechnic of Porto<br \/><span style=\"text-decoration: underline;\"><a href=\"https:\/\/a3es.pt\/pt\/resultados-acreditacao\/fisioterapia-dermatofuncional\" target=\"_blank\" rel=\"noopener\">Accreditation by A3ES<\/a><\/span> - Total number of ECTS: 120<\/li><\/ul>\t\t\t\t\t\t\t\t<\/div>\n\t\t\t\t<\/div>\n\t\t\t\t<div class=\"elementor-element elementor-element-4fa0565 elementor-widget elementor-widget-text-editor\" data-id=\"4fa0565\" data-element_type=\"widget\" data-e-type=\"widget\" data-widget_type=\"text-editor.default\">\n\t\t\t\t<div class=\"elementor-widget-container\">\n\t\t\t\t\t\t\t\t\t<ul><li><span style=\"text-decoration: underline;\"><a href=\"https:\/\/www.santamariasaude.pt\/mestrados\/mestrado-em-fisioterapia-em-condicoes-neuro-musculo-esqueleticas\/\" target=\"_blank\" rel=\"noopener\">Master's in Physiotherapy in Neuro-Musculoskeletal Conditions<\/a><\/span> - Santa Maria School of Health<br \/><a href=\"https:\/\/www.a3es.pt\/pt\/resultados-acreditacao\/mestrado-em-fisioterapia-em-condicoes-neuro-musculo-esqueleticas\" target=\"_blank\" rel=\"noopener\"><span style=\"text-decoration: underline;\">Accreditation by A3ES<\/span><\/a> - Total number of ECTS: 90<\/li><\/ul>\t\t\t\t\t\t\t\t<\/div>\n\t\t\t\t<\/div>\n\t\t\t\t<div class=\"elementor-element elementor-element-affb2fc elementor-widget elementor-widget-text-editor\" data-id=\"affb2fc\" data-element_type=\"widget\" data-e-type=\"widget\" data-widget_type=\"text-editor.default\">\n\t\t\t\t<div class=\"elementor-widget-container\">\n\t\t\t\t\t\t\t\t\t<ul><li><a href=\"https:\/\/www.ess.ips.pt\/pr-tica-avan-ada-de-fisioterapia-em-neurologia\" target=\"_blank\" rel=\"noopener\"><span style=\"text-decoration: underline;\">Master's Degree Course in Advanced Physiotherapy Practice in Neurology<\/span><\/a> - School of Health of the Polytechnic Institute of Set\u00fabal<br \/><span style=\"text-decoration: underline;\"><a href=\"https:\/\/a3es.pt\/pt\/resultados-acreditacao\/mestrado-de-pratica-avancada-de-fisioterapia-em-neurologia\" target=\"_blank\" rel=\"noopener\">Accreditation by A3ES<\/a><\/span> - Total number of ECTS: 90<\/li><\/ul>\t\t\t\t\t\t\t\t<\/div>\n\t\t\t\t<\/div>\n\t\t\t\t<div class=\"elementor-element elementor-element-dac1ee6 elementor-widget elementor-widget-text-editor\" data-id=\"dac1ee6\" data-element_type=\"widget\" data-e-type=\"widget\" data-widget_type=\"text-editor.default\">\n\t\t\t\t<div class=\"elementor-widget-container\">\n\t\t\t\t\t\t\t\t\t<ul><li><a href=\"https:\/\/www.ess.ips.pt\/cursos\/mestrados\/mfcme\" target=\"_blank\" rel=\"noopener\"><span style=\"text-decoration: underline;\">Master's in Physiotherapy in Musculoskeletal Conditions<\/span><\/a> - Polytechnic Institute of Set\u00fabal - School of Health; New University of Lisbon - Faculty of Medical Sciences and National School of Public Health<br \/><a href=\"https:\/\/a3es.pt\/pt\/resultados-acreditacao\/fisioterapia-em-condicoes-musculo-esqueleticas\" target=\"_blank\" rel=\"noopener\"><span style=\"text-decoration: underline;\">Accreditation by A3ES<\/span><\/a> - Total number of ECTS: 120<\/li><\/ul>\t\t\t\t\t\t\t\t<\/div>\n\t\t\t\t<\/div>\n\t\t\t\t<div class=\"elementor-element elementor-element-46059f7 elementor-widget elementor-widget-text-editor\" data-id=\"46059f7\" data-element_type=\"widget\" data-e-type=\"widget\" data-widget_type=\"text-editor.default\">\n\t\t\t\t<div class=\"elementor-widget-container\">\n\t\t\t\t\t\t\t\t\t<ul><li>Master's Degree in Physiotherapy - ESSAlcoit\u00e3o - Escola Superior de Sa\u00fade do Alcoit\u00e3o<br \/>Area of specialisation in Neurofunctional Physiotherapy<br \/>Area of specialisation in Physiotherapy in Musculoskeletal Conditions<br \/>Area of specialisation in Women's and Pelvic Health Physiotherapy<br \/>Accredited by A3ES - Total number of ECTS: 120<\/li><\/ul>\t\t\t\t\t\t\t\t<\/div>\n\t\t\t\t<\/div>\n\t\t\t\t<div class=\"elementor-element elementor-element-1f5d52d elementor-widget elementor-widget-text-editor\" data-id=\"1f5d52d\" data-element_type=\"widget\" data-e-type=\"widget\" data-widget_type=\"text-editor.default\">\n\t\t\t\t<div class=\"elementor-widget-container\">\n\t\t\t\t\t\t\t\t\t<ul><li><a href=\"https:\/\/www.cespu.pt\/ensino\/candidaturas\/candidaturas\/mestrado\/\" target=\"_blank\" rel=\"noopener\"><span style=\"text-decoration: underline;\">Master's Degree in Physiotherapy<\/span><\/a> - Northern Polytechnic Institute of Health - T\u00e2mega e Sousa School of Health Technologies<br \/>Area of specialisation in Cervical and Temporomandibular Dysfunctions<br \/>Area of specialisation in Neurology<br \/>Cardiorespiratory specialisation area<br \/><a href=\"https:\/\/www.a3es.pt\/pt\/resultados-acreditacao\/fisioterapia-38\" target=\"_blank\" rel=\"noopener\"><span style=\"text-decoration: underline;\">Accreditation by A3ES<\/span><\/a> - Total number of ECTS: 120<\/li><\/ul>\t\t\t\t\t\t\t\t<\/div>\n\t\t\t\t<\/div>\n\t\t\t\t<div class=\"elementor-element elementor-element-9396781 elementor-widget elementor-widget-text-editor\" data-id=\"9396781\" data-element_type=\"widget\" data-e-type=\"widget\" data-widget_type=\"text-editor.default\">\n\t\t\t\t<div class=\"elementor-widget-container\">\n\t\t\t\t\t\t\t\t\t<ul><li><a href=\"https:\/\/www.egasmoniz.com.pt\/courses\/mestrado-fisioterapia\" target=\"_blank\" rel=\"noopener\"><span style=\"text-decoration: underline;\">Masters in Physiotherapy<\/span><\/a> - Egas Moniz School of Health<br \/>Area of specialisation in Sports Physiotherapy<br \/>Area of specialisation in Neuromusculoskeletal Physiotherapy<br \/><a href=\"https:\/\/www.a3es.pt\/pt\/resultados-acreditacao\/fisioterapia-48\" target=\"_blank\" rel=\"noopener\"><span style=\"text-decoration: underline;\">Accreditation by A3ES<\/span><\/a> - Total number of ECTS: 120<\/li><\/ul>\t\t\t\t\t\t\t\t<\/div>\n\t\t\t\t<\/div>\n\t\t\t\t<div class=\"elementor-element elementor-element-1231d5a elementor-widget elementor-widget-text-editor\" data-id=\"1231d5a\" data-element_type=\"widget\" data-e-type=\"widget\" data-widget_type=\"text-editor.default\">\n\t\t\t\t<div class=\"elementor-widget-container\">\n\t\t\t\t\t\t\t\t\t<ul><li><a href=\"https:\/\/www.estesc.ipc.pt\/index.php\/candidato\/candidaturas-a-mestrados\/fisioterapia\/\" target=\"_blank\" rel=\"noopener\"><span style=\"text-decoration: underline;\">Masters in Physiotherapy<\/span><\/a> - Polytechnic Institute of Coimbra - School of Health Technology<br \/>Assessment and Clinical Application of Movement area of specialisation<br \/><a href=\"https:\/\/www.a3es.pt\/pt\/resultados-acreditacao\/fisioterapia-54\" target=\"_blank\" rel=\"noopener\"><span style=\"text-decoration: underline;\">Accreditation by A3ES<\/span><\/a> - Total number of ECTS: 120<\/li><\/ul>\t\t\t\t\t\t\t\t<\/div>\n\t\t\t\t<\/div>\n\t\t\t\t<div class=\"elementor-element elementor-element-16365de elementor-widget elementor-widget-text-editor\" data-id=\"16365de\" data-element_type=\"widget\" data-e-type=\"widget\" data-widget_type=\"text-editor.default\">\n\t\t\t\t<div class=\"elementor-widget-container\">\n\t\t\t\t\t\t\t\t\t<ul><li><a href=\"https:\/\/www.estesl.ipl.pt\/estudar\/mestrados\/m-fisioterapia\" target=\"_blank\" rel=\"noopener\"><span style=\"text-decoration: underline;\">Masters in Physiotherapy<\/span><\/a> - Lisbon School of Health Technology - Polytechnic Institute of Lisbon<br \/>Neurological Physiotherapy area of specialisation<br \/>Active Ageing and Physiotherapy area of specialisation<br \/>Physiotherapy in Women's Health area of specialisation<br \/><a href=\"https:\/\/www.a3es.pt\/pt\/resultados-acreditacao\/fisioterapia-41\" target=\"_blank\" rel=\"noopener\"><span style=\"text-decoration: underline;\">Accreditation by A3ES<\/span><\/a> - Total number of ECTS: 120<\/li><\/ul>\t\t\t\t\t\t\t\t<\/div>\n\t\t\t\t<\/div>\n\t\t\t\t<div class=\"elementor-element elementor-element-78b04fa elementor-widget elementor-widget-text-editor\" data-id=\"78b04fa\" data-element_type=\"widget\" data-e-type=\"widget\" data-widget_type=\"text-editor.default\">\n\t\t\t\t<div class=\"elementor-widget-container\">\n\t\t\t\t\t\t\t\t\t<ul><li><a href=\"https:\/\/ess.fernandopessoa.pt\/cursos\/mestrado-fisioterapia\/\" target=\"_blank\" rel=\"noopener\"><span style=\"text-decoration: underline;\">Master of Physiotherapy<\/span><\/a> - Fernando Pessoa Foundation School of Health<br \/>Area of specialisation in Maternal and Child Physiotherapy<br \/>Area of specialisation in Senescence Physiotherapy<br \/>Area of specialisation in Sports Physiotherapy<br \/><span style=\"text-decoration: underline;\"><a href=\"https:\/\/www.a3es.pt\/pt\/resultados-acreditacao\/fisioterapia-57\" target=\"_blank\" rel=\"noopener\">Accreditation by A3ES<\/a><\/span> - Total number of ECTS: 120<\/li><\/ul>\t\t\t\t\t\t\t\t<\/div>\n\t\t\t\t<\/div>\n\t\t\t\t<div class=\"elementor-element elementor-element-226081d elementor-widget elementor-widget-text-editor\" data-id=\"226081d\" data-element_type=\"widget\" data-e-type=\"widget\" data-widget_type=\"text-editor.default\">\n\t\t\t\t<div class=\"elementor-widget-container\">\n\t\t\t\t\t\t\t\t\t<p>*This corresponds to the information sent by the Higher Education Institutions. There may be occasional discrepancies or delays in certain updates to the information provided on this page. The Order of Physiotherapists does not guarantee its accuracy, nor is it responsible for the accidental reproduction of incorrect data.<\/p>\t\t\t\t\t\t\t\t<\/div>\n\t\t\t\t<\/div>\n\t\t\t\t\t<\/div>\n\t\t<\/div>\n\t\t\t\t\t<\/div>\n\t\t<\/section>\n\t\t\t\t<\/div>","protected":false},"excerpt":{"rendered":"<p>Mestrado Ciclos de estudo de mestrado em Fisioterapia*: Mestrado em Fisioterapia &#8211; Universidade De Aveiro, Escola Superior De Sa\u00fade De Aveiro\u00c1rea de Especializa\u00e7\u00e3o em M\u00fasculo-esquel\u00e9tica\u00c1rea de Especializa\u00e7\u00e3o em Respirat\u00f3ria\u00c1rea de Especializa\u00e7\u00e3o em DesportoAcredita\u00e7\u00e3o pela A3ES \u2013 N\u00famero total de ECTS: 90 Mestrado em Fisioterapia &#8211; Escola Superior de Sa\u00fade do Instituto Polit\u00e9cnico de Leiria\u00c1rea de &#8230; <a title=\"Postgraduate Training\" class=\"read-more\" href=\"https:\/\/staging.ordemdosfisioterapeutas.pt\/en\/formacao-pos-graduada\/\" aria-label=\"Read more about Forma\u00e7\u00e3o P\u00f3s-Graduada\">Read more<\/a><\/p>","protected":false},"author":1,"featured_media":0,"parent":0,"menu_order":0,"comment_status":"closed","ping_status":"closed","template":"","meta":{"footnotes":""},"class_list":["post-5811","page","type-page","status-publish"],"_links":{"self":[{"href":"https:\/\/staging.ordemdosfisioterapeutas.pt\/en\/wp-json\/wp\/v2\/pages\/5811","targetHints":{"allow":["GET"]}}],"collection":[{"href":"https:\/\/staging.ordemdosfisioterapeutas.pt\/en\/wp-json\/wp\/v2\/pages"}],"about":[{"href":"https:\/\/staging.ordemdosfisioterapeutas.pt\/en\/wp-json\/wp\/v2\/types\/page"}],"author":[{"embeddable":true,"href":"https:\/\/staging.ordemdosfisioterapeutas.pt\/en\/wp-json\/wp\/v2\/users\/1"}],"replies":[{"embeddable":true,"href":"https:\/\/staging.ordemdosfisioterapeutas.pt\/en\/wp-json\/wp\/v2\/comments?post=5811"}],"version-history":[{"count":0,"href":"https:\/\/staging.ordemdosfisioterapeutas.pt\/en\/wp-json\/wp\/v2\/pages\/5811\/revisions"}],"wp:attachment":[{"href":"https:\/\/staging.ordemdosfisioterapeutas.pt\/en\/wp-json\/wp\/v2\/media?parent=5811"}],"curies":[{"name":"wp","href":"https:\/\/api.w.org\/{rel}","templated":true}]}}