{"id":6371,"date":"2023-08-21T11:38:34","date_gmt":"2023-08-21T10:38:34","guid":{"rendered":"https:\/\/staging.ordemdosfisioterapeutas.pt\/?page_id=6371"},"modified":"2024-05-16T11:38:22","modified_gmt":"2024-05-16T10:38:22","slug":"informacoes-uteis","status":"publish","type":"page","link":"https:\/\/staging.ordemdosfisioterapeutas.pt\/en\/informacoes-uteis\/","title":{"rendered":"Useful information"},"content":{"rendered":"<div data-elementor-type=\"wp-page\" data-elementor-id=\"6371\" class=\"elementor elementor-6371\" data-elementor-post-type=\"page\">\n\t\t\t\t\t\t<section class=\"elementor-section elementor-top-section elementor-element elementor-element-04f87b6 elementor-section-boxed elementor-section-height-default elementor-section-height-default\" data-id=\"04f87b6\" data-element_type=\"section\" data-e-type=\"section\">\n\t\t\t\t\t\t<div class=\"elementor-container elementor-column-gap-default\">\n\t\t\t\t\t<div class=\"elementor-column elementor-col-100 elementor-top-column elementor-element elementor-element-5ba97ea\" data-id=\"5ba97ea\" data-element_type=\"column\" data-e-type=\"column\">\n\t\t\t<div class=\"elementor-widget-wrap elementor-element-populated\">\n\t\t\t\t\t\t<div class=\"elementor-element elementor-element-f72b8dd elementor-widget elementor-widget-heading\" data-id=\"f72b8dd\" data-element_type=\"widget\" data-e-type=\"widget\" data-widget_type=\"heading.default\">\n\t\t\t\t<div class=\"elementor-widget-container\">\n\t\t\t\t\t<h3 class=\"elementor-heading-title elementor-size-default\">Services<\/h3>\t\t\t\t<\/div>\n\t\t\t\t<\/div>\n\t\t\t\t<div class=\"elementor-element elementor-element-4b7dfa6 elementor-widget elementor-widget-text-editor\" data-id=\"4b7dfa6\" data-element_type=\"widget\" data-e-type=\"widget\" data-widget_type=\"text-editor.default\">\n\t\t\t\t<div class=\"elementor-widget-container\">\n\t\t\t\t\t\t\t\t\t<ul><li><span style=\"text-decoration: underline;\"><a href=\"https:\/\/registocriminal.justica.gov.pt\/\" target=\"_blank\" rel=\"noopener\">Criminal record<\/a><\/span><\/li><li><span style=\"text-decoration: underline;\"><a href=\"https:\/\/www.autenticacao.gov.pt\/o-cartao-de-cidadao\" target=\"_blank\" rel=\"noopener\">Citizen Card and Digital Mobile Key<\/a><\/span><\/li><li><span style=\"text-decoration: underline;\"><a href=\"https:\/\/justica.gov.pt\/Servicos\/Agendar-pedido-do-passaporte\" target=\"_blank\" rel=\"noopener\">Passport<\/a><\/span><\/li><li><span style=\"text-decoration: underline;\"><a href=\"https:\/\/www.portaldasfinancas.gov.pt\/at\/html\/index.html\" target=\"_blank\" rel=\"noopener\">Registration and commencement of activity with the Tax Office<\/a><\/span><\/li><li><span style=\"text-decoration: underline;\"><a href=\"https:\/\/www.seg-social.pt\/inicio\" target=\"_blank\" rel=\"noopener\">Social Security<\/a><\/span><\/li><li><span style=\"text-decoration: underline;\"><a href=\"https:\/\/inpi.justica.gov.pt\/\" target=\"_blank\" rel=\"noopener\">Trademark and patent registration<\/a><\/span><\/li><li><span style=\"text-decoration: underline;\"><a href=\"https:\/\/www.instituto-camoes.pt\/\" target=\"_blank\" rel=\"noopener\">Portuguese Language Proficiency Certificates<\/a><\/span><\/li><li><span style=\"text-decoration: underline;\"><a href=\"https:\/\/www.sef.pt\/pt\/Pages\/homepage.aspx\" target=\"_blank\" rel=\"noopener\">Residence visas<\/a><\/span><\/li><\/ul>\t\t\t\t\t\t\t\t<\/div>\n\t\t\t\t<\/div>\n\t\t\t\t\t<\/div>\n\t\t<\/div>\n\t\t\t\t\t<\/div>\n\t\t<\/section>\n\t\t\t\t<section class=\"elementor-section elementor-top-section elementor-element elementor-element-9503221 elementor-section-boxed elementor-section-height-default elementor-section-height-default\" data-id=\"9503221\" data-element_type=\"section\" data-e-type=\"section\">\n\t\t\t\t\t\t<div class=\"elementor-container elementor-column-gap-default\">\n\t\t\t\t\t<div class=\"elementor-column elementor-col-100 elementor-top-column elementor-element elementor-element-02090cf\" data-id=\"02090cf\" data-element_type=\"column\" data-e-type=\"column\">\n\t\t\t<div class=\"elementor-widget-wrap elementor-element-populated\">\n\t\t\t\t\t\t<div class=\"elementor-element elementor-element-ff35eed elementor-widget elementor-widget-heading\" data-id=\"ff35eed\" data-element_type=\"widget\" data-e-type=\"widget\" data-widget_type=\"heading.default\">\n\t\t\t\t<div class=\"elementor-widget-container\">\n\t\t\t\t\t<h3 class=\"elementor-heading-title elementor-size-default\">Useful links\n<\/h3>\t\t\t\t<\/div>\n\t\t\t\t<\/div>\n\t\t\t\t<div class=\"elementor-element elementor-element-b939d7c elementor-widget elementor-widget-text-editor\" data-id=\"b939d7c\" data-element_type=\"widget\" data-e-type=\"widget\" data-widget_type=\"text-editor.default\">\n\t\t\t\t<div class=\"elementor-widget-container\">\n\t\t\t\t\t\t\t\t\t<ul><li><a href=\"https:\/\/www.iefp.pt\/home\" target=\"_blank\" rel=\"noopener\"><span style=\"text-decoration: underline;\">Employment and Vocational Training Institute<\/span><\/a><\/li><li><span style=\"text-decoration: underline;\"><a href=\"https:\/\/www.sfp.pt\/\" target=\"_blank\" rel=\"noopener\">Union of Portuguese Physiotherapists<\/a><\/span><\/li><li><a href=\"https:\/\/www.sns.gov.pt\/institucional\/ministerio-da-saude\/\" target=\"_blank\" rel=\"noopener\"><span style=\"text-decoration: underline;\">Ministry of Health<\/span><\/a><\/li><li><a href=\"https:\/\/www.ers.pt\/pt\/\" target=\"_blank\" rel=\"noopener\"><span style=\"text-decoration: underline;\">Health Regulatory Authority<\/span><\/a><\/li><li><a href=\"https:\/\/www.dgs.pt\/\" target=\"_blank\" rel=\"noopener\"><span style=\"text-decoration: underline;\">General Directorate of Health<\/span><\/a><\/li><li><a href=\"https:\/\/www.acss.min-saude.pt\/\" target=\"_blank\" rel=\"noopener\"><span style=\"text-decoration: underline;\">Central Administration of Health Care I.P<\/span><\/a><\/li><li><a href=\"https:\/\/www.ine.pt\/xportal\/xmain?xpgid=ine_main&amp;xpid=INE&amp;xlang=pt\" target=\"_blank\" rel=\"noopener\"><span style=\"text-decoration: underline;\">National Institute of Statistics<\/span><\/a><\/li><li><a href=\"http:\/\/www.apfisio.pt\/\" target=\"_blank\" rel=\"noopener\"><span style=\"text-decoration: underline;\">APFISIO<\/span><\/a><\/li><li><a href=\"https:\/\/world.physio\/\" target=\"_blank\" rel=\"noopener\"><span style=\"text-decoration: underline;\">World Physiotherapy<\/span><\/a><\/li><li><a href=\"https:\/\/www.erwcpt.eu\/\" target=\"_blank\" rel=\"noopener\"><span style=\"text-decoration: underline;\">ER-WCPT<\/span><\/a><\/li><li><a href=\"https:\/\/www.eurheca.eu\/en\/\" target=\"_blank\" rel=\"noopener\"><span style=\"text-decoration: underline;\">EURHeca<\/span><\/a><\/li><li><span style=\"text-decoration: underline;\"><a href=\"https:\/\/www.dges.gov.pt\/pt\" target=\"_blank\" rel=\"noopener\">DGES<\/a><\/span><\/li><\/ul>\t\t\t\t\t\t\t\t<\/div>\n\t\t\t\t<\/div>\n\t\t\t\t\t<\/div>\n\t\t<\/div>\n\t\t\t\t\t<\/div>\n\t\t<\/section>\n\t\t<div class=\"elementor-element elementor-element-3233b82 e-flex e-con-boxed e-con e-parent\" data-id=\"3233b82\" data-element_type=\"container\" data-e-type=\"container\">\n\t\t\t\t\t<div class=\"e-con-inner\">\n\t\t<div class=\"elementor-element elementor-element-78c663d e-flex e-con-boxed e-con e-child\" data-id=\"78c663d\" data-element_type=\"container\" data-e-type=\"container\">\n\t\t\t\t\t<div class=\"e-con-inner\">\n\t\t\t\t<div class=\"elementor-element elementor-element-b4e318e elementor-widget elementor-widget-button\" data-id=\"b4e318e\" data-element_type=\"widget\" data-e-type=\"widget\" data-widget_type=\"button.default\">\n\t\t\t\t<div class=\"elementor-widget-container\">\n\t\t\t\t\t\t\t\t\t<div class=\"elementor-button-wrapper\">\n\t\t\t\t\t<a class=\"elementor-button elementor-button-link elementor-size-sm\" href=\"https:\/\/staging.ordemdosfisioterapeutas.pt\/en\/mapa-balcao-unico\/\">\n\t\t\t\t\t\t<span class=\"elementor-button-content-wrapper\">\n\t\t\t\t\t\t<span class=\"elementor-button-icon\">\n\t\t\t\t<i aria-hidden=\"true\" class=\"fas fa-map-marked-alt\"><\/i>\t\t\t<\/span>\n\t\t\t\t\t\t\t\t\t<span class=\"elementor-button-text\">One-stop shop map<\/span>\n\t\t\t\t\t<\/span>\n\t\t\t\t\t<\/a>\n\t\t\t\t<\/div>\n\t\t\t\t\t\t\t\t<\/div>\n\t\t\t\t<\/div>\n\t\t\t\t\t<\/div>\n\t\t\t\t<\/div>\n\t\t\t\t\t<\/div>\n\t\t\t\t<\/div>\n\t\t\t\t<\/div>","protected":false},"excerpt":{"rendered":"<p>Servi\u00e7os Registo Criminal Cart\u00e3o Cidad\u00e3o e Chave M\u00f3vel Digital Passaporte Inscri\u00e7\u00e3o e Inicio de atividade nas Finan\u00e7as Seguran\u00e7a Social Registo de Marca e patente Certificados de Profici\u00eancia de L\u00edngua portuguesa Vistos Resid\u00eancia Liga\u00e7\u00f5es \u00dateis Instituto Emprego e Forma\u00e7\u00e3o Profissional Sindicato dos Fisioterapeutas Portugueses Minist\u00e9rio da Sa\u00fade Entidade Reguladora da Sa\u00fade Dire\u00e7\u00e3o Geral de Sa\u00fade Administra\u00e7\u00e3o &#8230; <a title=\"Useful information\" class=\"read-more\" href=\"https:\/\/staging.ordemdosfisioterapeutas.pt\/en\/informacoes-uteis\/\" aria-label=\"Read more about Informa\u00e7\u00f5es \u00dateis\">Read more<\/a><\/p>","protected":false},"author":1,"featured_media":0,"parent":0,"menu_order":0,"comment_status":"closed","ping_status":"closed","template":"","meta":{"footnotes":""},"class_list":["post-6371","page","type-page","status-publish"],"_links":{"self":[{"href":"https:\/\/staging.ordemdosfisioterapeutas.pt\/en\/wp-json\/wp\/v2\/pages\/6371","targetHints":{"allow":["GET"]}}],"collection":[{"href":"https:\/\/staging.ordemdosfisioterapeutas.pt\/en\/wp-json\/wp\/v2\/pages"}],"about":[{"href":"https:\/\/staging.ordemdosfisioterapeutas.pt\/en\/wp-json\/wp\/v2\/types\/page"}],"author":[{"embeddable":true,"href":"https:\/\/staging.ordemdosfisioterapeutas.pt\/en\/wp-json\/wp\/v2\/users\/1"}],"replies":[{"embeddable":true,"href":"https:\/\/staging.ordemdosfisioterapeutas.pt\/en\/wp-json\/wp\/v2\/comments?post=6371"}],"version-history":[{"count":0,"href":"https:\/\/staging.ordemdosfisioterapeutas.pt\/en\/wp-json\/wp\/v2\/pages\/6371\/revisions"}],"wp:attachment":[{"href":"https:\/\/staging.ordemdosfisioterapeutas.pt\/en\/wp-json\/wp\/v2\/media?parent=6371"}],"curies":[{"name":"wp","href":"https:\/\/api.w.org\/{rel}","templated":true}]}}