{"id":6621,"date":"2023-09-19T16:06:56","date_gmt":"2023-09-19T15:06:56","guid":{"rendered":"https:\/\/staging.ordemdosfisioterapeutas.pt\/?page_id=6621"},"modified":"2024-04-10T12:16:55","modified_gmt":"2024-04-10T11:16:55","slug":"o-que-e-a-fisioterapia","status":"publish","type":"page","link":"https:\/\/staging.ordemdosfisioterapeutas.pt\/en\/o-que-e-a-fisioterapia\/","title":{"rendered":"What is physiotherapy?"},"content":{"rendered":"<div data-elementor-type=\"wp-page\" data-elementor-id=\"6621\" class=\"elementor elementor-6621\" data-elementor-post-type=\"page\">\n\t\t\t\t\t\t<section class=\"elementor-section elementor-top-section elementor-element elementor-element-37f0547 elementor-section-boxed elementor-section-height-default elementor-section-height-default\" data-id=\"37f0547\" data-element_type=\"section\" data-e-type=\"section\">\n\t\t\t\t\t\t<div class=\"elementor-container elementor-column-gap-default\">\n\t\t\t\t\t<div class=\"elementor-column elementor-col-100 elementor-top-column elementor-element elementor-element-5e14076\" data-id=\"5e14076\" data-element_type=\"column\" data-e-type=\"column\">\n\t\t\t<div class=\"elementor-widget-wrap elementor-element-populated\">\n\t\t\t\t\t\t<div class=\"elementor-element elementor-element-c5a7776 elementor-widget elementor-widget-text-editor\" data-id=\"c5a7776\" data-element_type=\"widget\" data-e-type=\"widget\" data-widget_type=\"text-editor.default\">\n\t\t\t\t<div class=\"elementor-widget-container\">\n\t\t\t\t\t\t\t\t\t<p class=\"Default\"><span style=\"font-size: 11.0pt;\">Physiotherapy is defined as the study, prevention, diagnosis and treatment of health conditions that affect the structures and functions of the movement system and the functionality of people, groups or communities, considering the kinesiopathological and pathokinesiological frameworks. <\/span><\/p>\t\t\t\t\t\t\t\t<\/div>\n\t\t\t\t<\/div>\n\t\t\t\t\t<\/div>\n\t\t<\/div>\n\t\t\t\t\t<\/div>\n\t\t<\/section>\n\t\t<div class=\"elementor-element elementor-element-0f24f74 e-flex e-con-boxed e-con e-parent\" data-id=\"0f24f74\" data-element_type=\"container\" data-e-type=\"container\">\n\t\t\t\t\t<div class=\"e-con-inner\">\n\t\t<div class=\"elementor-element elementor-element-19ac8b4 e-flex e-con-boxed e-con e-child\" data-id=\"19ac8b4\" data-element_type=\"container\" data-e-type=\"container\">\n\t\t\t\t\t<div class=\"e-con-inner\">\n\t\t\t\t<div class=\"elementor-element elementor-element-4c5695a elementor-widget elementor-widget-button\" data-id=\"4c5695a\" data-element_type=\"widget\" data-e-type=\"widget\" data-widget_type=\"button.default\">\n\t\t\t\t<div class=\"elementor-widget-container\">\n\t\t\t\t\t\t\t\t\t<div class=\"elementor-button-wrapper\">\n\t\t\t\t\t<a class=\"elementor-button elementor-button-link elementor-size-sm\" href=\"https:\/\/staging.ordemdosfisioterapeutas.pt\/en\/mapa-balcao-unico\/\">\n\t\t\t\t\t\t<span class=\"elementor-button-content-wrapper\">\n\t\t\t\t\t\t<span class=\"elementor-button-icon\">\n\t\t\t\t<i aria-hidden=\"true\" class=\"fas fa-map-marked-alt\"><\/i>\t\t\t<\/span>\n\t\t\t\t\t\t\t\t\t<span class=\"elementor-button-text\">One-stop shop map<\/span>\n\t\t\t\t\t<\/span>\n\t\t\t\t\t<\/a>\n\t\t\t\t<\/div>\n\t\t\t\t\t\t\t\t<\/div>\n\t\t\t\t<\/div>\n\t\t\t\t\t<\/div>\n\t\t\t\t<\/div>\n\t\t\t\t\t<\/div>\n\t\t\t\t<\/div>\n\t\t\t\t<\/div>","protected":false},"excerpt":{"rendered":"<p>Define-se por fisioterapia o estudo, a preven\u00e7\u00e3o, o diagn\u00f3stico e o tratamento de condi\u00e7\u00f5es de sa\u00fade que afetam as estruturas e fun\u00e7\u00f5es do sistema do movimento e a funcionalidade de pessoas, grupos ou comunidades, considerando os quadros cinesiopatol\u00f3gico e patocinesiol\u00f3gico. Mapa Balc\u00e3o \u00danico<\/p>","protected":false},"author":1,"featured_media":0,"parent":0,"menu_order":0,"comment_status":"closed","ping_status":"closed","template":"","meta":{"footnotes":""},"class_list":["post-6621","page","type-page","status-publish"],"_links":{"self":[{"href":"https:\/\/staging.ordemdosfisioterapeutas.pt\/en\/wp-json\/wp\/v2\/pages\/6621","targetHints":{"allow":["GET"]}}],"collection":[{"href":"https:\/\/staging.ordemdosfisioterapeutas.pt\/en\/wp-json\/wp\/v2\/pages"}],"about":[{"href":"https:\/\/staging.ordemdosfisioterapeutas.pt\/en\/wp-json\/wp\/v2\/types\/page"}],"author":[{"embeddable":true,"href":"https:\/\/staging.ordemdosfisioterapeutas.pt\/en\/wp-json\/wp\/v2\/users\/1"}],"replies":[{"embeddable":true,"href":"https:\/\/staging.ordemdosfisioterapeutas.pt\/en\/wp-json\/wp\/v2\/comments?post=6621"}],"version-history":[{"count":0,"href":"https:\/\/staging.ordemdosfisioterapeutas.pt\/en\/wp-json\/wp\/v2\/pages\/6621\/revisions"}],"wp:attachment":[{"href":"https:\/\/staging.ordemdosfisioterapeutas.pt\/en\/wp-json\/wp\/v2\/media?parent=6621"}],"curies":[{"name":"wp","href":"https:\/\/api.w.org\/{rel}","templated":true}]}}