{"id":7161,"date":"2024-08-18T19:29:28","date_gmt":"2024-08-18T18:29:28","guid":{"rendered":"https:\/\/staging.ordemdosfisioterapeutas.pt\/?page_id=7161"},"modified":"2024-08-18T19:30:48","modified_gmt":"2024-08-18T18:30:48","slug":"protocolos","status":"publish","type":"page","link":"https:\/\/staging.ordemdosfisioterapeutas.pt\/en\/protocolos\/","title":{"rendered":"Protocols"},"content":{"rendered":"<div data-elementor-type=\"wp-page\" data-elementor-id=\"7161\" class=\"elementor elementor-7161\" data-elementor-post-type=\"page\">\n\t\t\t\t<div class=\"elementor-element elementor-element-15470f6 e-flex e-con-boxed e-con e-parent\" data-id=\"15470f6\" data-element_type=\"container\" data-e-type=\"container\">\n\t\t\t\t\t<div class=\"e-con-inner\">\n\t\t\t\t<div class=\"elementor-element elementor-element-2a22371 elementor-widget elementor-widget-text-editor\" data-id=\"2a22371\" data-element_type=\"widget\" data-e-type=\"widget\" data-widget_type=\"text-editor.default\">\n\t\t\t\t<div class=\"elementor-widget-container\">\n\t\t\t\t\t\t\t\t\t<p>The Order of Physiotherapists maintains several institutional protocols aimed at strengthening cooperation with various organisations, both national and international. These protocols facilitate the exchange of knowledge, the realisation of joint projects and the promotion of good practice in physiotherapy. By establishing and maintaining these agreements, the Order ensures that its members have access to a vast network of resources and opportunities that contribute to professional development and the continuous improvement of the services provided to society. The Order has protocols with the following organisations:<\/p><ul><li><a href=\"https:\/\/www.ers.pt\/pt\/\"><span style=\"text-decoration: underline;\">Health Regulatory Authority<\/span> <\/a>(ERS)<\/li><li><span style=\"text-decoration: underline;\"><a href=\"https:\/\/prociv.gov.pt\/pt\/home\/\">National Emergency and Civil Protection Authority <\/a><\/span>(ANEPC)<\/li><li><span style=\"text-decoration: underline;\"><a href=\"https:\/\/www.chlc.min-saude.pt\/\">Local Health Unit of S\u00e3o Jos\u00e9 <\/a><\/span>(ULS S\u00e3o Jos\u00e9)<\/li><\/ul>\t\t\t\t\t\t\t\t<\/div>\n\t\t\t\t<\/div>\n\t\t\t\t\t<\/div>\n\t\t\t\t<\/div>\n\t\t\t\t<\/div>","protected":false},"excerpt":{"rendered":"<p>A Ordem dos Fisioterapeutas mant\u00e9m v\u00e1rios protocolos institucionais que visam fortalecer a coopera\u00e7\u00e3o com diversas entidades, tanto nacionais quanto internacionais. Esses protocolos facilitam o interc\u00e2mbio de conhecimento, a realiza\u00e7\u00e3o de projetos conjuntos e a promo\u00e7\u00e3o de boas pr\u00e1ticas na fisioterapia. Ao estabelecer e manter esses acordos, a Ordem garante que seus membros tenham acesso a &#8230; <a title=\"Protocols\" class=\"read-more\" href=\"https:\/\/staging.ordemdosfisioterapeutas.pt\/en\/protocolos\/\" aria-label=\"Read more about Protocolos\">Read more<\/a><\/p>","protected":false},"author":1,"featured_media":0,"parent":0,"menu_order":0,"comment_status":"closed","ping_status":"closed","template":"","meta":{"footnotes":""},"class_list":["post-7161","page","type-page","status-publish"],"_links":{"self":[{"href":"https:\/\/staging.ordemdosfisioterapeutas.pt\/en\/wp-json\/wp\/v2\/pages\/7161","targetHints":{"allow":["GET"]}}],"collection":[{"href":"https:\/\/staging.ordemdosfisioterapeutas.pt\/en\/wp-json\/wp\/v2\/pages"}],"about":[{"href":"https:\/\/staging.ordemdosfisioterapeutas.pt\/en\/wp-json\/wp\/v2\/types\/page"}],"author":[{"embeddable":true,"href":"https:\/\/staging.ordemdosfisioterapeutas.pt\/en\/wp-json\/wp\/v2\/users\/1"}],"replies":[{"embeddable":true,"href":"https:\/\/staging.ordemdosfisioterapeutas.pt\/en\/wp-json\/wp\/v2\/comments?post=7161"}],"version-history":[{"count":0,"href":"https:\/\/staging.ordemdosfisioterapeutas.pt\/en\/wp-json\/wp\/v2\/pages\/7161\/revisions"}],"wp:attachment":[{"href":"https:\/\/staging.ordemdosfisioterapeutas.pt\/en\/wp-json\/wp\/v2\/media?parent=7161"}],"curies":[{"name":"wp","href":"https:\/\/api.w.org\/{rel}","templated":true}]}}