{"id":7579,"date":"2025-02-06T19:56:22","date_gmt":"2025-02-06T19:56:22","guid":{"rendered":"https:\/\/staging.ordemdosfisioterapeutas.pt\/?page_id=7579"},"modified":"2025-07-05T21:00:09","modified_gmt":"2025-07-05T20:00:09","slug":"top-atlantico","status":"publish","type":"page","link":"https:\/\/staging.ordemdosfisioterapeutas.pt\/en\/top-atlantico\/","title":{"rendered":"Top Atlantic"},"content":{"rendered":"<div data-elementor-type=\"wp-page\" data-elementor-id=\"7579\" class=\"elementor elementor-7579\" data-elementor-post-type=\"page\">\n\t\t\t\t<div class=\"elementor-element elementor-element-f767f5d e-grid e-con-boxed e-con e-parent\" data-id=\"f767f5d\" data-element_type=\"container\" data-e-type=\"container\">\n\t\t\t\t\t<div class=\"e-con-inner\">\n\t\t\t\t<div class=\"elementor-element elementor-element-12db7f9 elementor-widget elementor-widget-image\" data-id=\"12db7f9\" data-element_type=\"widget\" data-e-type=\"widget\" data-widget_type=\"image.default\">\n\t\t\t\t<div class=\"elementor-widget-container\">\n\t\t\t\t\t\t\t\t\t\t\t\t\t\t\t<img decoding=\"async\" src=\"https:\/\/staging.ordemdosfisioterapeutas.pt\/wp-content\/uploads\/elementor\/thumbs\/imagem-CARD_TA-r3dizsmmmyrf1hwecqe2kbbuitytnk40jaluqol8u8.webp\" title=\"image-CARD_TA\" alt=\"imagem-CARD_TA\" loading=\"lazy\" \/>\t\t\t\t\t\t\t\t\t\t\t\t\t\t\t<\/div>\n\t\t\t\t<\/div>\n\t\t\t\t<div class=\"elementor-element elementor-element-7658a8f elementor-widget elementor-widget-image\" data-id=\"7658a8f\" data-element_type=\"widget\" data-e-type=\"widget\" data-widget_type=\"image.default\">\n\t\t\t\t<div class=\"elementor-widget-container\">\n\t\t\t\t\t\t\t\t\t\t\t\t\t\t\t<img decoding=\"async\" src=\"https:\/\/staging.ordemdosfisioterapeutas.pt\/wp-content\/uploads\/elementor\/thumbs\/parcerias-r3dj0mpgpnwvlbcun4qd1nnlq32o4tf0m68b40m4g0.webp\" title=\"partnerships\" alt=\"parcerias\" loading=\"lazy\" \/>\t\t\t\t\t\t\t\t\t\t\t\t\t\t\t<\/div>\n\t\t\t\t<\/div>\n\t\t\t\t\t<\/div>\n\t\t\t\t<\/div>\n\t\t<div class=\"elementor-element elementor-element-927d09d e-flex e-con-boxed e-con e-parent\" data-id=\"927d09d\" data-element_type=\"container\" data-e-type=\"container\">\n\t\t\t\t\t<div class=\"e-con-inner\">\n\t\t\t\t<div class=\"elementor-element elementor-element-9df1d8e elementor-widget elementor-widget-heading\" data-id=\"9df1d8e\" data-element_type=\"widget\" data-e-type=\"widget\" data-widget_type=\"heading.default\">\n\t\t\t\t<div class=\"elementor-widget-container\">\n\t\t\t\t\t<h2 class=\"elementor-heading-title elementor-size-default\">Description<\/h2>\t\t\t\t<\/div>\n\t\t\t\t<\/div>\n\t\t\t\t\t<\/div>\n\t\t\t\t<\/div>\n\t\t<div class=\"elementor-element elementor-element-73c81c9 e-flex e-con-boxed e-con e-parent\" data-id=\"73c81c9\" data-element_type=\"container\" data-e-type=\"container\">\n\t\t\t\t\t<div class=\"e-con-inner\">\n\t\t\t\t<div class=\"elementor-element elementor-element-e8ceaec elementor-widget elementor-widget-text-editor\" data-id=\"e8ceaec\" data-element_type=\"widget\" data-e-type=\"widget\" data-widget_type=\"text-editor.default\">\n\t\t\t\t<div class=\"elementor-widget-container\">\n\t\t\t\t\t\t\t\t\t<p>Top Atl\u00e2ntico is a leading travel agency brand in the Portuguese market. It offers a comprehensive range of high-quality travel products and services. With over 20 years' experience, they have established a strong presence in the market and operate in various segments: Leisure, Business and Niches such as Religious Tourism, Adventure Travel, among others.<\/p><p>In addition to the shop for preferential service to the Order of Physiotherapists described in contacts, we have a network of 55 shops available to all members of the Order.<\/p>\t\t\t\t\t\t\t\t<\/div>\n\t\t\t\t<\/div>\n\t\t\t\t\t<\/div>\n\t\t\t\t<\/div>\n\t\t<div class=\"elementor-element elementor-element-cee4a58 condicoes e-flex e-con-boxed e-con e-parent\" data-id=\"cee4a58\" data-element_type=\"container\" data-e-type=\"container\">\n\t\t\t\t\t<div class=\"e-con-inner\">\n\t\t\t\t<div class=\"elementor-element elementor-element-e67c4f1 elementor-widget elementor-widget-heading\" data-id=\"e67c4f1\" data-element_type=\"widget\" data-e-type=\"widget\" data-widget_type=\"heading.default\">\n\t\t\t\t<div class=\"elementor-widget-container\">\n\t\t\t\t\t<h2 class=\"elementor-heading-title elementor-size-default\">Conditions<\/h2>\t\t\t\t<\/div>\n\t\t\t\t<\/div>\n\t\t\t\t<div class=\"elementor-element elementor-element-8c9131f elementor-widget elementor-widget-text-editor\" data-id=\"8c9131f\" data-element_type=\"widget\" data-e-type=\"widget\" data-widget_type=\"text-editor.default\">\n\t\t\t\t<div class=\"elementor-widget-container\">\n\t\t\t\t\t\t\t\t\t<p><strong>Permanent Benefits:<\/strong><\/p><p>. Tour operator programmes: 6% discount<\/p><p>. Own programming: 6% discount<\/p><p>. Separate accommodation: 5% discount<\/p><p>. Car hire: 5% discount<\/p><p>. Service Charges (current table): 50% discount<\/p><p><strong>Notes:<\/strong><\/p><p>- Discounts are always calculated excluding taxes and supplements;<\/p><p>- Cannot be combined with other discounts, promotional offers or campaigns;<\/p><p>- They do not allow payment by credit card;<\/p><p>- When contacting Top Atl\u00e2ntico, members of the Order of Physiotherapists must identify themselves with their professional card and employees must present a document showing that they are employed by the institution (e.g. payslip).<\/p>\t\t\t\t\t\t\t\t<\/div>\n\t\t\t\t<\/div>\n\t\t\t\t\t<\/div>\n\t\t\t\t<\/div>\n\t\t<div class=\"elementor-element elementor-element-c07f4c8 e-flex e-con-boxed e-con e-parent\" data-id=\"c07f4c8\" data-element_type=\"container\" data-e-type=\"container\">\n\t\t\t\t\t<div class=\"e-con-inner\">\n\t\t\t\t<div class=\"elementor-element elementor-element-1ff30c6 elementor-widget elementor-widget-heading\" data-id=\"1ff30c6\" data-element_type=\"widget\" data-e-type=\"widget\" data-widget_type=\"heading.default\">\n\t\t\t\t<div class=\"elementor-widget-container\">\n\t\t\t\t\t<h2 class=\"elementor-heading-title elementor-size-default\">Contact us<\/h2>\t\t\t\t<\/div>\n\t\t\t\t<\/div>\n\t\t\t\t\t<\/div>\n\t\t\t\t<\/div>\n\t\t<div class=\"elementor-element elementor-element-4c04009 e-flex e-con-boxed e-con e-parent\" data-id=\"4c04009\" data-element_type=\"container\" data-e-type=\"container\">\n\t\t\t\t\t<div class=\"e-con-inner\">\n\t\t\t\t<div class=\"elementor-element elementor-element-299e68e elementor-widget elementor-widget-text-editor\" data-id=\"299e68e\" data-element_type=\"widget\" data-e-type=\"widget\" data-widget_type=\"text-editor.default\">\n\t\t\t\t<div class=\"elementor-widget-container\">\n\t\t\t\t\t\t\t\t\t<p>Preferential service at Top Atl\u00e2ntico:<\/p><p>Top Atl\u00e2ntico Marqu\u00eas de Pombal<\/p><p>Rua Mouzinho da Silveira, 24 - Shop<\/p><p>1250-167 Lisbon Portugal<\/p><p>Tel: +351 213108800<br \/>E-mail: <span style=\"text-decoration: underline;\"><a href=\"mailto:marques.pombal@topatlantico.com\">marques.pombal@topatlantico.com<\/a><\/span><\/p>\t\t\t\t\t\t\t\t<\/div>\n\t\t\t\t<\/div>\n\t\t\t\t\t<\/div>\n\t\t\t\t<\/div>\n\t\t\t\t<\/div>","protected":false},"excerpt":{"rendered":"<p>Descri\u00e7\u00e3o A Top Atl\u00e2ntico \u00e9 uma marca de ag\u00eancias de viagens l\u00edder no mercado portugu\u00eas. Oferece uma gama abrangente de produtos e servi\u00e7os de viagens de elevada qualidade. Com mais de 20 anos de experi\u00eancia, estabeleceram uma forte presen\u00e7a no mercado e operam nos diversos segmentos: Lazer, Neg\u00f3cios e Nichos como Turismo Religioso, Viagens de &#8230; <a title=\"Top Atlantic\" class=\"read-more\" href=\"https:\/\/staging.ordemdosfisioterapeutas.pt\/en\/top-atlantico\/\" aria-label=\"Read more about Top Atl\u00e2ntico\">Read more<\/a><\/p>","protected":false},"author":1,"featured_media":0,"parent":0,"menu_order":0,"comment_status":"closed","ping_status":"closed","template":"","meta":{"footnotes":""},"class_list":["post-7579","page","type-page","status-publish"],"_links":{"self":[{"href":"https:\/\/staging.ordemdosfisioterapeutas.pt\/en\/wp-json\/wp\/v2\/pages\/7579","targetHints":{"allow":["GET"]}}],"collection":[{"href":"https:\/\/staging.ordemdosfisioterapeutas.pt\/en\/wp-json\/wp\/v2\/pages"}],"about":[{"href":"https:\/\/staging.ordemdosfisioterapeutas.pt\/en\/wp-json\/wp\/v2\/types\/page"}],"author":[{"embeddable":true,"href":"https:\/\/staging.ordemdosfisioterapeutas.pt\/en\/wp-json\/wp\/v2\/users\/1"}],"replies":[{"embeddable":true,"href":"https:\/\/staging.ordemdosfisioterapeutas.pt\/en\/wp-json\/wp\/v2\/comments?post=7579"}],"version-history":[{"count":0,"href":"https:\/\/staging.ordemdosfisioterapeutas.pt\/en\/wp-json\/wp\/v2\/pages\/7579\/revisions"}],"wp:attachment":[{"href":"https:\/\/staging.ordemdosfisioterapeutas.pt\/en\/wp-json\/wp\/v2\/media?parent=7579"}],"curies":[{"name":"wp","href":"https:\/\/api.w.org\/{rel}","templated":true}]}}