{"id":7764,"date":"2025-07-03T22:22:54","date_gmt":"2025-07-03T21:22:54","guid":{"rendered":"https:\/\/staging.ordemdosfisioterapeutas.pt\/?page_id=7764"},"modified":"2025-07-05T20:32:05","modified_gmt":"2025-07-05T19:32:05","slug":"cp","status":"publish","type":"page","link":"https:\/\/staging.ordemdosfisioterapeutas.pt\/en\/cp\/","title":{"rendered":"CP"},"content":{"rendered":"<div data-elementor-type=\"wp-page\" data-elementor-id=\"7764\" class=\"elementor elementor-7764\" data-elementor-post-type=\"page\">\n\t\t\t\t<div class=\"elementor-element elementor-element-23b75f4 e-grid e-con-boxed e-con e-parent\" data-id=\"23b75f4\" data-element_type=\"container\" data-e-type=\"container\">\n\t\t\t\t\t<div class=\"e-con-inner\">\n\t\t\t\t<div class=\"elementor-element elementor-element-56437a6 elementor-widget elementor-widget-image\" data-id=\"56437a6\" data-element_type=\"widget\" data-e-type=\"widget\" data-widget_type=\"image.default\">\n\t\t\t\t<div class=\"elementor-widget-container\">\n\t\t\t\t\t\t\t\t\t\t\t\t\t\t\t<img decoding=\"async\" src=\"https:\/\/staging.ordemdosfisioterapeutas.pt\/wp-content\/uploads\/elementor\/thumbs\/logo__0005_CP-r86l7dps2tk34to1drxnzmga4v0731a2vrvekh5fr4.png\" title=\"logo__0005_CP\" alt=\"logo__0005_CP\" loading=\"lazy\" \/>\t\t\t\t\t\t\t\t\t\t\t\t\t\t\t<\/div>\n\t\t\t\t<\/div>\n\t\t\t\t<div class=\"elementor-element elementor-element-b526b98 elementor-widget elementor-widget-image\" data-id=\"b526b98\" data-element_type=\"widget\" data-e-type=\"widget\" data-widget_type=\"image.default\">\n\t\t\t\t<div class=\"elementor-widget-container\">\n\t\t\t\t\t\t\t\t\t\t\t\t\t\t\t<img decoding=\"async\" src=\"https:\/\/staging.ordemdosfisioterapeutas.pt\/wp-content\/uploads\/elementor\/thumbs\/parcerias-r3dj0mpgpnwvlbcun4qd1nnlq32o4tf0m68b40m4g0.webp\" title=\"partnerships\" alt=\"parcerias\" loading=\"lazy\" \/>\t\t\t\t\t\t\t\t\t\t\t\t\t\t\t<\/div>\n\t\t\t\t<\/div>\n\t\t\t\t\t<\/div>\n\t\t\t\t<\/div>\n\t\t<div class=\"elementor-element elementor-element-e0f65b0 e-flex e-con-boxed e-con e-parent\" data-id=\"e0f65b0\" data-element_type=\"container\" data-e-type=\"container\">\n\t\t\t\t\t<div class=\"e-con-inner\">\n\t\t\t\t<div class=\"elementor-element elementor-element-272cf97 elementor-widget elementor-widget-heading\" data-id=\"272cf97\" data-element_type=\"widget\" data-e-type=\"widget\" data-widget_type=\"heading.default\">\n\t\t\t\t<div class=\"elementor-widget-container\">\n\t\t\t\t\t<h2 class=\"elementor-heading-title elementor-size-default\">Description<\/h2>\t\t\t\t<\/div>\n\t\t\t\t<\/div>\n\t\t\t\t<div class=\"elementor-element elementor-element-e4512cc elementor-widget elementor-widget-text-editor\" data-id=\"e4512cc\" data-element_type=\"widget\" data-e-type=\"widget\" data-widget_type=\"text-editor.default\">\n\t\t\t\t<div class=\"elementor-widget-container\">\n\t\t\t\t\t\t\t\t\t<p>CP - Comboios de Portugal is the main land passenger carrier in Portugal, offering a wide range of services from urban connections to long-distance routes. With over 160 years of history, CP continues to innovate, focusing on sustainability, modernisation and service excellence. The company stands out for its commitment to preserving the environment and strengthening national mobility.<\/p>\t\t\t\t\t\t\t\t<\/div>\n\t\t\t\t<\/div>\n\t\t\t\t\t<\/div>\n\t\t\t\t<\/div>\n\t\t<div class=\"elementor-element elementor-element-c20d552 condicoes e-flex e-con-boxed e-con e-parent\" data-id=\"c20d552\" data-element_type=\"container\" data-e-type=\"container\">\n\t\t\t\t\t<div class=\"e-con-inner\">\n\t\t\t\t<div class=\"elementor-element elementor-element-849e51c elementor-widget elementor-widget-heading\" data-id=\"849e51c\" data-element_type=\"widget\" data-e-type=\"widget\" data-widget_type=\"heading.default\">\n\t\t\t\t<div class=\"elementor-widget-container\">\n\t\t\t\t\t<h2 class=\"elementor-heading-title elementor-size-default\">Conditions<\/h2>\t\t\t\t<\/div>\n\t\t\t\t<\/div>\n\t\t\t\t<div class=\"elementor-element elementor-element-db43153 elementor-widget elementor-widget-text-editor\" data-id=\"db43153\" data-element_type=\"widget\" data-e-type=\"widget\" data-widget_type=\"text-editor.default\">\n\t\t\t\t<div class=\"elementor-widget-container\">\n\t\t\t\t\t\t\t\t\t<div class=\"ewa-rteLine\">Discount of 15% on CP single prices, applicable to Comfort Class (Alfa Pendular) or 1st Class (Intercidades) tickets.<\/div><div class=\"ewa-rteLine\">Valid for members\/employees<\/div><div class=\"ewa-rteLine\">Subject to seat availability on Alfa Pendular and Intercidades trains<\/div><div class=\"ewa-rteLine\">The price of the ticket is rounded up to the nearest cent<\/div><div class=\"ewa-rteLine\">Discount applied at the time of ticket purchase and cannot be combined with any other discount.<\/div><div class=\"ewa-rteLine\">\u00a0<\/div><div class=\"ewa-rteLine\">You can access the benefits of purchasing tickets in the following ways:<\/div><div class=\"ewa-rteLine\">1. At the ticket offices of stations selling Alfa Pendular and Intercidades tickets - To do so, the applicant must present the Professional Card of the Order of Physiotherapists at the ticket offices.<\/div><div class=\"ewa-rteLine\">2. Via the Internet - To do this, the requester must use the user code provided by CP.<\/div><div class=\"ewa-rteLine\">3. Through the vending machines in the Stations.<\/div><div class=\"ewa-rteLine\">4. Through travel agencies accredited to sell CP tickets and prior authorisation to issue discounted \"ORDEM FISIOTERAPEUTAS\" tickets. The Member of the Order of Physiotherapists must state that it is a ticket under the Protocol signed with CP and must indicate the name of the Client travelling.<\/div><div class=\"ewa-rteLine\">\u00a0<\/div><div class=\"ewa-rteLine\">During the trip it is compulsory to present the Professional Card of the Order of Physiotherapists and a document proving your identity, if requested.<\/div>\t\t\t\t\t\t\t\t<\/div>\n\t\t\t\t<\/div>\n\t\t\t\t\t<\/div>\n\t\t\t\t<\/div>\n\t\t\t\t<\/div>","protected":false},"excerpt":{"rendered":"<p>Descri\u00e7\u00e3o A CP \u2013 Comboios de Portugal \u00e9 o principal transportador terrestre de passageiros em Portugal, oferecendo uma vasta gama de servi\u00e7os que v\u00e3o desde liga\u00e7\u00f5es urbanas a rotas de longa dist\u00e2ncia. Com mais de 160 anos de hist\u00f3ria, a CP continua a inovar, focando-se na sustentabilidade, na moderniza\u00e7\u00e3o e na excel\u00eancia do servi\u00e7o. A &#8230; <a title=\"CP\" class=\"read-more\" href=\"https:\/\/staging.ordemdosfisioterapeutas.pt\/en\/cp\/\" aria-label=\"Read more about CP\">Read more<\/a><\/p>","protected":false},"author":1,"featured_media":0,"parent":0,"menu_order":0,"comment_status":"closed","ping_status":"closed","template":"","meta":{"footnotes":""},"class_list":["post-7764","page","type-page","status-publish"],"_links":{"self":[{"href":"https:\/\/staging.ordemdosfisioterapeutas.pt\/en\/wp-json\/wp\/v2\/pages\/7764","targetHints":{"allow":["GET"]}}],"collection":[{"href":"https:\/\/staging.ordemdosfisioterapeutas.pt\/en\/wp-json\/wp\/v2\/pages"}],"about":[{"href":"https:\/\/staging.ordemdosfisioterapeutas.pt\/en\/wp-json\/wp\/v2\/types\/page"}],"author":[{"embeddable":true,"href":"https:\/\/staging.ordemdosfisioterapeutas.pt\/en\/wp-json\/wp\/v2\/users\/1"}],"replies":[{"embeddable":true,"href":"https:\/\/staging.ordemdosfisioterapeutas.pt\/en\/wp-json\/wp\/v2\/comments?post=7764"}],"version-history":[{"count":0,"href":"https:\/\/staging.ordemdosfisioterapeutas.pt\/en\/wp-json\/wp\/v2\/pages\/7764\/revisions"}],"wp:attachment":[{"href":"https:\/\/staging.ordemdosfisioterapeutas.pt\/en\/wp-json\/wp\/v2\/media?parent=7764"}],"curies":[{"name":"wp","href":"https:\/\/api.w.org\/{rel}","templated":true}]}}