{"id":7780,"date":"2025-07-05T19:47:06","date_gmt":"2025-07-05T18:47:06","guid":{"rendered":"https:\/\/staging.ordemdosfisioterapeutas.pt\/?page_id=7780"},"modified":"2025-07-05T20:51:23","modified_gmt":"2025-07-05T19:51:23","slug":"meo","status":"publish","type":"page","link":"https:\/\/staging.ordemdosfisioterapeutas.pt\/en\/meo\/","title":{"rendered":"MEO"},"content":{"rendered":"<div data-elementor-type=\"wp-page\" data-elementor-id=\"7780\" class=\"elementor elementor-7780\" data-elementor-post-type=\"page\">\n\t\t\t\t<div class=\"elementor-element elementor-element-ac3f9cf e-grid e-con-boxed e-con e-parent\" data-id=\"ac3f9cf\" data-element_type=\"container\" data-e-type=\"container\">\n\t\t\t\t\t<div class=\"e-con-inner\">\n\t\t\t\t<div class=\"elementor-element elementor-element-88ea298 elementor-widget elementor-widget-image\" data-id=\"88ea298\" data-element_type=\"widget\" data-e-type=\"widget\" data-widget_type=\"image.default\">\n\t\t\t\t<div class=\"elementor-widget-container\">\n\t\t\t\t\t\t\t\t\t\t\t\t\t\t\t<img decoding=\"async\" src=\"https:\/\/staging.ordemdosfisioterapeutas.pt\/wp-content\/uploads\/elementor\/thumbs\/logo__0006_meo-1-r8bosrrc0tbbwd5r6pyojrm65q5v8s3m97ucntcbuo.png\" title=\"logo__0006_meo\" alt=\"logo__0006_meo\" loading=\"lazy\" \/>\t\t\t\t\t\t\t\t\t\t\t\t\t\t\t<\/div>\n\t\t\t\t<\/div>\n\t\t\t\t<div class=\"elementor-element elementor-element-b91c7d2 elementor-widget elementor-widget-image\" data-id=\"b91c7d2\" data-element_type=\"widget\" data-e-type=\"widget\" data-widget_type=\"image.default\">\n\t\t\t\t<div class=\"elementor-widget-container\">\n\t\t\t\t\t\t\t\t\t\t\t\t\t\t\t<img decoding=\"async\" src=\"https:\/\/staging.ordemdosfisioterapeutas.pt\/wp-content\/uploads\/elementor\/thumbs\/parcerias-r3dj0mpgpnwvlbcun4qd1nnlq32o4tf0m68b40m4g0.webp\" title=\"partnerships\" alt=\"parcerias\" loading=\"lazy\" \/>\t\t\t\t\t\t\t\t\t\t\t\t\t\t\t<\/div>\n\t\t\t\t<\/div>\n\t\t\t\t\t<\/div>\n\t\t\t\t<\/div>\n\t\t<div class=\"elementor-element elementor-element-1313b99 e-flex e-con-boxed e-con e-parent\" data-id=\"1313b99\" data-element_type=\"container\" data-e-type=\"container\">\n\t\t\t\t\t<div class=\"e-con-inner\">\n\t\t\t\t<div class=\"elementor-element elementor-element-5df2bbd elementor-widget elementor-widget-heading\" data-id=\"5df2bbd\" data-element_type=\"widget\" data-e-type=\"widget\" data-widget_type=\"heading.default\">\n\t\t\t\t<div class=\"elementor-widget-container\">\n\t\t\t\t\t<h2 class=\"elementor-heading-title elementor-size-default\">Description<\/h2>\t\t\t\t<\/div>\n\t\t\t\t<\/div>\n\t\t\t\t<div class=\"elementor-element elementor-element-4c7a300 elementor-widget elementor-widget-text-editor\" data-id=\"4c7a300\" data-element_type=\"widget\" data-e-type=\"widget\" data-widget_type=\"text-editor.default\">\n\t\t\t\t<div class=\"elementor-widget-container\">\n\t\t\t\t\t\t\t\t\t<p>MEO is one of the leading telecommunications companies in Portugal, offering television, internet, telephone and business solutions. Recognised for innovation, network quality and customer proximity, it is committed to digital modernisation and social responsibility. MEO contributes to the economic, personal and professional development of society. With a focus on sustainability and digital inclusion, it aims to broaden its customer base, reinforcing the central role of electronic communications in the technological transformation of Portugal.<\/p>\t\t\t\t\t\t\t\t<\/div>\n\t\t\t\t<\/div>\n\t\t\t\t\t<\/div>\n\t\t\t\t<\/div>\n\t\t<div class=\"elementor-element elementor-element-f6642e2 condicoes e-flex e-con-boxed e-con e-parent\" data-id=\"f6642e2\" data-element_type=\"container\" data-e-type=\"container\">\n\t\t\t\t\t<div class=\"e-con-inner\">\n\t\t\t\t<div class=\"elementor-element elementor-element-06a5262 elementor-widget elementor-widget-heading\" data-id=\"06a5262\" data-element_type=\"widget\" data-e-type=\"widget\" data-widget_type=\"heading.default\">\n\t\t\t\t<div class=\"elementor-widget-container\">\n\t\t\t\t\t<h2 class=\"elementor-heading-title elementor-size-default\">Conditions<\/h2>\t\t\t\t<\/div>\n\t\t\t\t<\/div>\n\t\t\t\t<div class=\"elementor-element elementor-element-f9a6ce1 elementor-widget elementor-widget-text-editor\" data-id=\"f9a6ce1\" data-element_type=\"widget\" data-e-type=\"widget\" data-widget_type=\"text-editor.default\">\n\t\t\t\t<div class=\"elementor-widget-container\">\n\t\t\t\t\t\t\t\t\t<div class=\"ewa-rteLine\">Discount on the monthly MEO service fee for employees and their families (ascendants and descendants in the first degree and spouse).<\/div><div class=\"ewa-rteLine\">Valid for all available technologies: Fibre, ADSL and Satellite.<\/div><div class=\"ewa-rteLine\">Discount applicable for 24 months<\/div><div class=\"ewa-rteLine\">Applicable to:<\/div><div class=\"ewa-rteLine\">New subscriptions to the MEO service<\/div><div class=\"ewa-rteLine\">Existing customers, by adding a service (TV, Internet, Landline or Mobile) and accepting a new 24-month loyalty period<\/div><div class=\"ewa-rteLine\">The value of the discount depends on the package subscribed to and is based on the price list in force on the date of subscription<\/div><div class=\"ewa-rteLine\">\u00a0<\/div><div class=\"ewa-rteLine\">Membership requirements:<\/div><div class=\"ewa-rteLine\">\u00a0<\/div><div class=\"ewa-rteLine\">Signing up to Electronic Invoicing<\/div><div class=\"ewa-rteLine\">Payment by Direct Debit (SDD)<\/div><div class=\"ewa-rteLine\">\u00a0<\/div><div class=\"ewa-rteLine\">You can sign up for the MEO benefit through the following channels:<\/div><div class=\"ewa-rteLine\">1. Personalised service: Partnerships on 800 207 918 (free for mobile landlines, available on working days between 09:00 and 20:00).<\/div><div class=\"ewa-rteLine\">2. E-mail: parcerias@telecom.pt<\/div><div class=\"ewa-rteLine\">3. Commercial Managers of the Partnerships Channel, present at the Partner's premises<\/div><div class=\"ewa-rteLine\">At the time of joining, the member or employee must provide MEO with their personal details, namely Name, VAT number, CC number, telephone contact and member number or employee number.<\/div>\t\t\t\t\t\t\t\t<\/div>\n\t\t\t\t<\/div>\n\t\t\t\t\t<\/div>\n\t\t\t\t<\/div>\n\t\t\t\t<\/div>","protected":false},"excerpt":{"rendered":"<p>Descri\u00e7\u00e3o A MEO \u00e9 uma das principais empresas em telecomunica\u00e7\u00f5es em Portugal, oferecendo servi\u00e7os de televis\u00e3o, internet, telefone e solu\u00e7\u00f5es empresariais. Reconhecida pela inova\u00e7\u00e3o, qualidade de rede e proximidade com o cliente, aposta na moderniza\u00e7\u00e3o digital e responsabilidade social. A MEO contribui para o desenvolvimento econ\u00f3mico, pessoal e profissional da sociedade. Com foco na sustentabilidade &#8230; <a title=\"MEO\" class=\"read-more\" href=\"https:\/\/staging.ordemdosfisioterapeutas.pt\/en\/meo\/\" aria-label=\"Read more about MEO\">Read more<\/a><\/p>","protected":false},"author":1,"featured_media":0,"parent":0,"menu_order":0,"comment_status":"closed","ping_status":"closed","template":"","meta":{"footnotes":""},"class_list":["post-7780","page","type-page","status-publish"],"_links":{"self":[{"href":"https:\/\/staging.ordemdosfisioterapeutas.pt\/en\/wp-json\/wp\/v2\/pages\/7780","targetHints":{"allow":["GET"]}}],"collection":[{"href":"https:\/\/staging.ordemdosfisioterapeutas.pt\/en\/wp-json\/wp\/v2\/pages"}],"about":[{"href":"https:\/\/staging.ordemdosfisioterapeutas.pt\/en\/wp-json\/wp\/v2\/types\/page"}],"author":[{"embeddable":true,"href":"https:\/\/staging.ordemdosfisioterapeutas.pt\/en\/wp-json\/wp\/v2\/users\/1"}],"replies":[{"embeddable":true,"href":"https:\/\/staging.ordemdosfisioterapeutas.pt\/en\/wp-json\/wp\/v2\/comments?post=7780"}],"version-history":[{"count":0,"href":"https:\/\/staging.ordemdosfisioterapeutas.pt\/en\/wp-json\/wp\/v2\/pages\/7780\/revisions"}],"wp:attachment":[{"href":"https:\/\/staging.ordemdosfisioterapeutas.pt\/en\/wp-json\/wp\/v2\/media?parent=7780"}],"curies":[{"name":"wp","href":"https:\/\/api.w.org\/{rel}","templated":true}]}}