{"id":7786,"date":"2025-07-05T19:50:12","date_gmt":"2025-07-05T18:50:12","guid":{"rendered":"https:\/\/staging.ordemdosfisioterapeutas.pt\/?page_id=7786"},"modified":"2025-07-05T20:48:39","modified_gmt":"2025-07-05T19:48:39","slug":"midas","status":"publish","type":"page","link":"https:\/\/staging.ordemdosfisioterapeutas.pt\/en\/midas\/","title":{"rendered":"Midas"},"content":{"rendered":"<div data-elementor-type=\"wp-page\" data-elementor-id=\"7786\" class=\"elementor elementor-7786\" data-elementor-post-type=\"page\">\n\t\t\t\t<div class=\"elementor-element elementor-element-212aa6b e-grid e-con-boxed e-con e-parent\" data-id=\"212aa6b\" data-element_type=\"container\" data-e-type=\"container\">\n\t\t\t\t\t<div class=\"e-con-inner\">\n\t\t\t\t<div class=\"elementor-element elementor-element-13bd5ad elementor-widget elementor-widget-image\" data-id=\"13bd5ad\" data-element_type=\"widget\" data-e-type=\"widget\" data-widget_type=\"image.default\">\n\t\t\t\t<div class=\"elementor-widget-container\">\n\t\t\t\t\t\t\t\t\t\t\t\t\t\t\t<img decoding=\"async\" src=\"https:\/\/staging.ordemdosfisioterapeutas.pt\/wp-content\/uploads\/elementor\/thumbs\/logo__0003_Midas-1-r8bp1ftr1t6iywkgkgutjkv7dnfq8aii44fjzohmgw.png\" title=\"logo__0003_Midas\" alt=\"logo__0003_Midas\" loading=\"lazy\" \/>\t\t\t\t\t\t\t\t\t\t\t\t\t\t\t<\/div>\n\t\t\t\t<\/div>\n\t\t\t\t<div class=\"elementor-element elementor-element-d526fbc elementor-widget elementor-widget-image\" data-id=\"d526fbc\" data-element_type=\"widget\" data-e-type=\"widget\" data-widget_type=\"image.default\">\n\t\t\t\t<div class=\"elementor-widget-container\">\n\t\t\t\t\t\t\t\t\t\t\t\t\t\t\t<img decoding=\"async\" src=\"https:\/\/staging.ordemdosfisioterapeutas.pt\/wp-content\/uploads\/elementor\/thumbs\/parcerias-r3dj0mpgpnwvlbcun4qd1nnlq32o4tf0m68b40m4g0.webp\" title=\"partnerships\" alt=\"parcerias\" loading=\"lazy\" \/>\t\t\t\t\t\t\t\t\t\t\t\t\t\t\t<\/div>\n\t\t\t\t<\/div>\n\t\t\t\t\t<\/div>\n\t\t\t\t<\/div>\n\t\t<div class=\"elementor-element elementor-element-9985549 e-flex e-con-boxed e-con e-parent\" data-id=\"9985549\" data-element_type=\"container\" data-e-type=\"container\">\n\t\t\t\t\t<div class=\"e-con-inner\">\n\t\t\t\t<div class=\"elementor-element elementor-element-5ddb10b elementor-widget elementor-widget-heading\" data-id=\"5ddb10b\" data-element_type=\"widget\" data-e-type=\"widget\" data-widget_type=\"heading.default\">\n\t\t\t\t<div class=\"elementor-widget-container\">\n\t\t\t\t\t<h2 class=\"elementor-heading-title elementor-size-default\">Description<\/h2>\t\t\t\t<\/div>\n\t\t\t\t<\/div>\n\t\t\t\t<div class=\"elementor-element elementor-element-5446832 elementor-widget elementor-widget-text-editor\" data-id=\"5446832\" data-element_type=\"widget\" data-e-type=\"widget\" data-widget_type=\"text-editor.default\">\n\t\t\t\t<div class=\"elementor-widget-container\">\n\t\t\t\t\t\t\t\t\t<div class=\"ewa-rteLine\"><div class=\"ewa-rteLine\">Midas is a leading multi-brand car maintenance brand with a presence on five continents and more than 2,200 workshops open around the world.<\/div><div class=\"ewa-rteLine\">\u00a0<\/div><div class=\"ewa-rteLine\">Armed with advanced technical knowledge and a team of highly specialised professionals, the brand offers a wide and varied range of services and products, all designed with sustainability in mind:<\/div><div class=\"ewa-rteLine\">Car servicing;<\/div><div class=\"ewa-rteLine\">Electronic diagnostics;<\/div><div class=\"ewa-rteLine\">Tyres;<\/div><div class=\"ewa-rteLine\">Batteries;<\/div><div class=\"ewa-rteLine\">Brakes;<\/div><div class=\"ewa-rteLine\">Air conditioning;<\/div><div class=\"ewa-rteLine\">Distribution belt;<\/div><div class=\"ewa-rteLine\">Clutch;<\/div><div class=\"ewa-rteLine\">Free check-ups;<\/div><div class=\"ewa-rteLine\">Own products;<\/div><div class=\"ewa-rteLine\">And much more.<\/div><\/div>\t\t\t\t\t\t\t\t<\/div>\n\t\t\t\t<\/div>\n\t\t\t\t\t<\/div>\n\t\t\t\t<\/div>\n\t\t<div class=\"elementor-element elementor-element-54f7bce condicoes e-flex e-con-boxed e-con e-parent\" data-id=\"54f7bce\" data-element_type=\"container\" data-e-type=\"container\">\n\t\t\t\t\t<div class=\"e-con-inner\">\n\t\t\t\t<div class=\"elementor-element elementor-element-f4b5fa5 elementor-widget elementor-widget-heading\" data-id=\"f4b5fa5\" data-element_type=\"widget\" data-e-type=\"widget\" data-widget_type=\"heading.default\">\n\t\t\t\t<div class=\"elementor-widget-container\">\n\t\t\t\t\t<h2 class=\"elementor-heading-title elementor-size-default\">Conditions<\/h2>\t\t\t\t<\/div>\n\t\t\t\t<\/div>\n\t\t\t\t<div class=\"elementor-element elementor-element-db5bb6f elementor-widget elementor-widget-text-editor\" data-id=\"db5bb6f\" data-element_type=\"widget\" data-e-type=\"widget\" data-widget_type=\"text-editor.default\">\n\t\t\t\t<div class=\"elementor-widget-container\">\n\t\t\t\t\t\t\t\t\t<div class=\"ewa-rteLine\"><div class=\"ewa-rteLine\">5% discount on all tyre brands (not applicable to labour)<\/div><div class=\"ewa-rteLine\">10% discount on: Essential and Plus Official Reviews; Parts; Midas Go Services (includes labour and product)<\/div><div class=\"ewa-rteLine\">Discounts calculated on the basis of the current Midas Retail Price List.<\/div><div class=\"ewa-rteLine\">\u00a0<\/div><div class=\"ewa-rteLine\">You can take advantage of these special conditions at participating Midas centres by identifying yourself and presenting the Professional Card of the Order of Physiotherapists (for members) or a document proving your employment relationship (for employees).<\/div><\/div>\t\t\t\t\t\t\t\t<\/div>\n\t\t\t\t<\/div>\n\t\t\t\t\t<\/div>\n\t\t\t\t<\/div>\n\t\t\t\t<\/div>","protected":false},"excerpt":{"rendered":"<p>Descri\u00e7\u00e3o A Midas \u00e9 uma marca l\u00edder de manuten\u00e7\u00e3o de autom\u00f3veis multimarca, com presen\u00e7a nos cinco continentes e mais de 2.200 oficinas abertas em todo o mundo.\u00a0Munida de um conhecimento t\u00e9cnico avan\u00e7ado e de uma equipa de profissionais altamente especializados, a marca assegura um amplo e variado leque de servi\u00e7os e produtos, todos concebidos sob &#8230; <a title=\"Midas\" class=\"read-more\" href=\"https:\/\/staging.ordemdosfisioterapeutas.pt\/en\/midas\/\" aria-label=\"Read more about Midas\">Read more<\/a><\/p>","protected":false},"author":1,"featured_media":0,"parent":0,"menu_order":0,"comment_status":"closed","ping_status":"closed","template":"","meta":{"footnotes":""},"class_list":["post-7786","page","type-page","status-publish"],"_links":{"self":[{"href":"https:\/\/staging.ordemdosfisioterapeutas.pt\/en\/wp-json\/wp\/v2\/pages\/7786","targetHints":{"allow":["GET"]}}],"collection":[{"href":"https:\/\/staging.ordemdosfisioterapeutas.pt\/en\/wp-json\/wp\/v2\/pages"}],"about":[{"href":"https:\/\/staging.ordemdosfisioterapeutas.pt\/en\/wp-json\/wp\/v2\/types\/page"}],"author":[{"embeddable":true,"href":"https:\/\/staging.ordemdosfisioterapeutas.pt\/en\/wp-json\/wp\/v2\/users\/1"}],"replies":[{"embeddable":true,"href":"https:\/\/staging.ordemdosfisioterapeutas.pt\/en\/wp-json\/wp\/v2\/comments?post=7786"}],"version-history":[{"count":0,"href":"https:\/\/staging.ordemdosfisioterapeutas.pt\/en\/wp-json\/wp\/v2\/pages\/7786\/revisions"}],"wp:attachment":[{"href":"https:\/\/staging.ordemdosfisioterapeutas.pt\/en\/wp-json\/wp\/v2\/media?parent=7786"}],"curies":[{"name":"wp","href":"https:\/\/api.w.org\/{rel}","templated":true}]}}