{"id":7792,"date":"2025-07-05T19:56:52","date_gmt":"2025-07-05T18:56:52","guid":{"rendered":"https:\/\/staging.ordemdosfisioterapeutas.pt\/?page_id=7792"},"modified":"2025-07-05T20:45:23","modified_gmt":"2025-07-05T19:45:23","slug":"quake","status":"publish","type":"page","link":"https:\/\/staging.ordemdosfisioterapeutas.pt\/en\/quake\/","title":{"rendered":"Quake"},"content":{"rendered":"<div data-elementor-type=\"wp-page\" data-elementor-id=\"7792\" class=\"elementor elementor-7792\" data-elementor-post-type=\"page\">\n\t\t\t\t<div class=\"elementor-element elementor-element-1f8fcdd e-grid e-con-boxed e-con e-parent\" data-id=\"1f8fcdd\" data-element_type=\"container\" data-e-type=\"container\">\n\t\t\t\t\t<div class=\"e-con-inner\">\n\t\t\t\t<div class=\"elementor-element elementor-element-346028f elementor-widget elementor-widget-image\" data-id=\"346028f\" data-element_type=\"widget\" data-e-type=\"widget\" data-widget_type=\"image.default\">\n\t\t\t\t<div class=\"elementor-widget-container\">\n\t\t\t\t\t\t\t\t\t\t\t\t\t\t\t<img decoding=\"async\" src=\"https:\/\/staging.ordemdosfisioterapeutas.pt\/wp-content\/uploads\/elementor\/thumbs\/logo__0004_quake-1-r8bp7iu5a7ic41qc1liw6jllsfg91rnym8fot5gw74.png\" title=\"logo__0004_quake\" alt=\"logo__0004_quake\" loading=\"lazy\" \/>\t\t\t\t\t\t\t\t\t\t\t\t\t\t\t<\/div>\n\t\t\t\t<\/div>\n\t\t\t\t<div class=\"elementor-element elementor-element-d131cdf elementor-widget elementor-widget-image\" data-id=\"d131cdf\" data-element_type=\"widget\" data-e-type=\"widget\" data-widget_type=\"image.default\">\n\t\t\t\t<div class=\"elementor-widget-container\">\n\t\t\t\t\t\t\t\t\t\t\t\t\t\t\t<img decoding=\"async\" src=\"https:\/\/staging.ordemdosfisioterapeutas.pt\/wp-content\/uploads\/elementor\/thumbs\/parcerias-r3dj0mpgpnwvlbcun4qd1nnlq32o4tf0m68b40m4g0.webp\" title=\"partnerships\" alt=\"parcerias\" loading=\"lazy\" \/>\t\t\t\t\t\t\t\t\t\t\t\t\t\t\t<\/div>\n\t\t\t\t<\/div>\n\t\t\t\t\t<\/div>\n\t\t\t\t<\/div>\n\t\t<div class=\"elementor-element elementor-element-21892f8 e-flex e-con-boxed e-con e-parent\" data-id=\"21892f8\" data-element_type=\"container\" data-e-type=\"container\">\n\t\t\t\t\t<div class=\"e-con-inner\">\n\t\t\t\t<div class=\"elementor-element elementor-element-762aa4d elementor-widget elementor-widget-heading\" data-id=\"762aa4d\" data-element_type=\"widget\" data-e-type=\"widget\" data-widget_type=\"heading.default\">\n\t\t\t\t<div class=\"elementor-widget-container\">\n\t\t\t\t\t<h2 class=\"elementor-heading-title elementor-size-default\">Description<\/h2>\t\t\t\t<\/div>\n\t\t\t\t<\/div>\n\t\t\t\t<div class=\"elementor-element elementor-element-c60ae92 elementor-widget elementor-widget-text-editor\" data-id=\"c60ae92\" data-element_type=\"widget\" data-e-type=\"widget\" data-widget_type=\"text-editor.default\">\n\t\t\t\t<div class=\"elementor-widget-container\">\n\t\t\t\t\t\t\t\t\t<p>Located in Bel\u00e9m, Quake is a museum that combines fun and knowledge to offer you an immersive and interactive experience that you won't soon forget. Designed for locals and visitors, families and groups of friends, history lovers, amateur scientists and those looking for strong emotions and different activities, here you will travel to the Lisbon of 1755 and feel the impact of an earthquake, reproduced by a simulator, video-mapping and special effects. Expect the unexpected on this journey where you'll discover how the earthquake changed the face of Lisbon forever and shook the old continent.<\/p>\t\t\t\t\t\t\t\t<\/div>\n\t\t\t\t<\/div>\n\t\t\t\t\t<\/div>\n\t\t\t\t<\/div>\n\t\t<div class=\"elementor-element elementor-element-841565b condicoes e-flex e-con-boxed e-con e-parent\" data-id=\"841565b\" data-element_type=\"container\" data-e-type=\"container\">\n\t\t\t\t\t<div class=\"e-con-inner\">\n\t\t\t\t<div class=\"elementor-element elementor-element-e2ddc6b elementor-widget elementor-widget-heading\" data-id=\"e2ddc6b\" data-element_type=\"widget\" data-e-type=\"widget\" data-widget_type=\"heading.default\">\n\t\t\t\t<div class=\"elementor-widget-container\">\n\t\t\t\t\t<h2 class=\"elementor-heading-title elementor-size-default\">Conditions<\/h2>\t\t\t\t<\/div>\n\t\t\t\t<\/div>\n\t\t\t\t<div class=\"elementor-element elementor-element-a813059 elementor-widget elementor-widget-text-editor\" data-id=\"a813059\" data-element_type=\"widget\" data-e-type=\"widget\" data-widget_type=\"text-editor.default\">\n\t\t\t\t<div class=\"elementor-widget-container\">\n\t\t\t\t\t\t\t\t\t<div class=\"ewa-rteLine\">20% discount on ticket purchases, using the discount code FISIO20.<\/div><div class=\"ewa-rteLine\">Discount applicable on the list price in force on the date of purchase.<\/div><div class=\"ewa-rteLine\">Valid for standard tickets: adult, child and senior.<\/div><div class=\"ewa-rteLine\">Discounted tickets can be purchased:<\/div><div class=\"ewa-rteLine\">In person at Quake - Lisbon Earthquake Museum<\/div><div class=\"ewa-rteLine\">Online via webside www.lisbonquake.com<\/div><div class=\"ewa-rteLine\">\u00a0<\/div><div class=\"ewa-rteLine\">Access to the benefit:<\/div><div class=\"ewa-rteLine\">\u00a0<\/div><div class=\"ewa-rteLine\">Members: on presentation of membership card.<\/div><div class=\"ewa-rteLine\">Employees: on presentation of proof of employment (payslip).<\/div><div class=\"ewa-rteLine\">\u00a0<\/div>\t\t\t\t\t\t\t\t<\/div>\n\t\t\t\t<\/div>\n\t\t\t\t\t<\/div>\n\t\t\t\t<\/div>\n\t\t\t\t<\/div>","protected":false},"excerpt":{"rendered":"<p>Descri\u00e7\u00e3o Situado em Bel\u00e9m, o Quake \u00e9 um museu que combina divers\u00e3o e conhecimento para oferecer-lhe uma experi\u00eancia imersiva e interativa que n\u00e3o vai esquecer brevemente. Pensado para locais e visitantes, fam\u00edlias e grupos de amigos, amantes de hist\u00f3ria, cientistas amadores e aqueles que procuram emo\u00e7\u00f5es fortes e actividades diferentes, aqui viajar\u00e1 at\u00e9 \u00e0 Lisboa &#8230; <a title=\"Quake\" class=\"read-more\" href=\"https:\/\/staging.ordemdosfisioterapeutas.pt\/en\/quake\/\" aria-label=\"Read more about Quake\">Read more<\/a><\/p>","protected":false},"author":1,"featured_media":0,"parent":0,"menu_order":0,"comment_status":"closed","ping_status":"closed","template":"","meta":{"footnotes":""},"class_list":["post-7792","page","type-page","status-publish"],"_links":{"self":[{"href":"https:\/\/staging.ordemdosfisioterapeutas.pt\/en\/wp-json\/wp\/v2\/pages\/7792","targetHints":{"allow":["GET"]}}],"collection":[{"href":"https:\/\/staging.ordemdosfisioterapeutas.pt\/en\/wp-json\/wp\/v2\/pages"}],"about":[{"href":"https:\/\/staging.ordemdosfisioterapeutas.pt\/en\/wp-json\/wp\/v2\/types\/page"}],"author":[{"embeddable":true,"href":"https:\/\/staging.ordemdosfisioterapeutas.pt\/en\/wp-json\/wp\/v2\/users\/1"}],"replies":[{"embeddable":true,"href":"https:\/\/staging.ordemdosfisioterapeutas.pt\/en\/wp-json\/wp\/v2\/comments?post=7792"}],"version-history":[{"count":0,"href":"https:\/\/staging.ordemdosfisioterapeutas.pt\/en\/wp-json\/wp\/v2\/pages\/7792\/revisions"}],"wp:attachment":[{"href":"https:\/\/staging.ordemdosfisioterapeutas.pt\/en\/wp-json\/wp\/v2\/media?parent=7792"}],"curies":[{"name":"wp","href":"https:\/\/api.w.org\/{rel}","templated":true}]}}