{"id":342,"date":"2020-09-29T20:20:02","date_gmt":"2020-09-29T20:20:02","guid":{"rendered":"https:\/\/staging.ordemdosfisioterapeutas.pt\/?page_id=342"},"modified":"2021-07-06T20:25:34","modified_gmt":"2021-07-06T19:25:34","slug":"mensagem-da-presidente-da-ci","status":"publish","type":"page","link":"https:\/\/staging.ordemdosfisioterapeutas.pt\/es\/mensagem-da-presidente-da-ci\/","title":{"rendered":"Mensaje del Presidente de CI"},"content":{"rendered":"<div data-elementor-type=\"wp-page\" data-elementor-id=\"342\" class=\"elementor elementor-342\" data-elementor-post-type=\"page\">\n\t\t\t\t\t\t<section class=\"elementor-section elementor-top-section elementor-element elementor-element-192fcb5 elementor-section-boxed elementor-section-height-default elementor-section-height-default\" data-id=\"192fcb5\" data-element_type=\"section\" data-e-type=\"section\">\n\t\t\t\t\t\t<div class=\"elementor-container elementor-column-gap-default\">\n\t\t\t\t\t<div class=\"elementor-column elementor-col-50 elementor-top-column elementor-element elementor-element-3df089a\" data-id=\"3df089a\" data-element_type=\"column\" data-e-type=\"column\">\n\t\t\t<div class=\"elementor-widget-wrap elementor-element-populated\">\n\t\t\t\t\t\t<div class=\"elementor-element elementor-element-69ec929 elementor-widget elementor-widget-image\" data-id=\"69ec929\" data-element_type=\"widget\" data-e-type=\"widget\" data-widget_type=\"image.default\">\n\t\t\t\t<div class=\"elementor-widget-container\">\n\t\t\t\t\t\t\t\t\t\t\t\t\t\t\t<img fetchpriority=\"high\" decoding=\"async\" width=\"683\" height=\"1024\" src=\"https:\/\/staging.ordemdosfisioterapeutas.pt\/wp-content\/uploads\/2020\/10\/isabel-souza-guerra-683x1024.jpg\" class=\"attachment-large size-large wp-image-1057\" alt=\"Isabel de Souza Guerra\" srcset=\"https:\/\/staging.ordemdosfisioterapeutas.pt\/wp-content\/uploads\/2020\/10\/isabel-souza-guerra-683x1024.jpg 683w, https:\/\/staging.ordemdosfisioterapeutas.pt\/wp-content\/uploads\/2020\/10\/isabel-souza-guerra-200x300.jpg 200w, https:\/\/staging.ordemdosfisioterapeutas.pt\/wp-content\/uploads\/2020\/10\/isabel-souza-guerra-768x1152.jpg 768w, https:\/\/staging.ordemdosfisioterapeutas.pt\/wp-content\/uploads\/2020\/10\/isabel-souza-guerra.jpg 1000w\" sizes=\"(max-width: 683px) 100vw, 683px\" \/>\t\t\t\t\t\t\t\t\t\t\t\t\t\t\t<\/div>\n\t\t\t\t<\/div>\n\t\t\t\t\t<\/div>\n\t\t<\/div>\n\t\t\t\t<div class=\"elementor-column elementor-col-50 elementor-top-column elementor-element elementor-element-6417026\" data-id=\"6417026\" data-element_type=\"column\" data-e-type=\"column\">\n\t\t\t<div class=\"elementor-widget-wrap elementor-element-populated\">\n\t\t\t\t\t\t<div class=\"elementor-element elementor-element-55fa80b elementor-widget elementor-widget-text-editor\" data-id=\"55fa80b\" data-element_type=\"widget\" data-e-type=\"widget\" data-widget_type=\"text-editor.default\">\n\t\t\t\t<div class=\"elementor-widget-container\">\n\t\t\t\t\t\t\t\t\t<p>Bienvenido a la Orden de Fisioterapeutas\u00a0<\/p><p>Ha transcurrido m\u00e1s de un a\u00f1o de intensa actividad desde el nombramiento del Comit\u00e9 Instalador de la Orden de Fisioterapeutas.  La situaci\u00f3n epidemiol\u00f3gica en nuestro pa\u00eds no nos permiti\u00f3 completar nuestro trabajo en el primer a\u00f1o de mandato, por lo que por decisi\u00f3n de la jerarqu\u00eda, se prorrog\u00f3 por un a\u00f1o, y las elecciones para los \u00f3rganos estatutarios se programaron para el 15 de noviembre, pf.<\/p><p>Para cumplir los objetivos marcados, el Comit\u00e9 de Instalaci\u00f3n ha trabajado intensamente. Hemos invertido fuertemente en infraestructuras tecnol\u00f3gicas de apoyo, en un proceso de modernizaci\u00f3n administrativa, basando todo el funcionamiento en un sistema eminentemente desmaterializado, buscando potenciar el desarrollo de soluciones integradas de comunicaci\u00f3n, tanto interna como externa, con nuestros afiliados.<\/p><p>Todos sabemos que la afiliaci\u00f3n a la Orden es obligatoria e indispensable para ejercer la profesi\u00f3n. Ahora se dan todas las condiciones para que los fisioterapeutas se afilien cuanto antes a nuestra Orden.<\/p><p>Hemos intentado que el proceso de inscripci\u00f3n sea intuitivo, a trav\u00e9s de la p\u00e1gina web de la organizaci\u00f3n, pero tambi\u00e9n hemos proporcionado directrices para todo el proceso. Se ha nombrado un Comit\u00e9 T\u00e9cnico de Admisiones imparcial que eval\u00faa cada proceso y elabora dict\u00e1menes para que el CI valide la inscripci\u00f3n.<\/p><p>Queremos sentar unas bases s\u00f3lidas y seguras para el futuro de la organizaci\u00f3n, que esperamos que sea fuerte e innovadora, que represente adecuadamente a la profesi\u00f3n y que todos los fisioterapeutas se sientan representados en ella.<\/p><p>Tenemos siempre presente que nuestra principal misi\u00f3n es defender a los ciudadanos frente a la pr\u00e1ctica no cualificada y el derecho a una atenci\u00f3n fisioterap\u00e9utica con calidad, seguridad y buenos resultados, prestada por profesionales titulados y con competencias profesionales reconocidas.<\/p>\t\t\t\t\t\t\t\t<\/div>\n\t\t\t\t<\/div>\n\t\t\t\t\t<\/div>\n\t\t<\/div>\n\t\t\t\t\t<\/div>\n\t\t<\/section>\n\t\t\t\t<\/div>","protected":false},"excerpt":{"rendered":"<p>Seja bem-vindo \u00e0 Ordem dos Fisioterapeutas\u00a0 Passou-se mais de um ano de intensa atividade desde a nomea\u00e7\u00e3o da Comiss\u00e3o Instaladora da Ordem dos Fisioterapeutas. \u00a0A situa\u00e7\u00e3o epidemiol\u00f3gica no nosso Pais n\u00e3o permitiu a conclus\u00e3o dos nossos trabalhos no primeiro ano do mandato, pelo que por delibera\u00e7\u00e3o da hierarquia, o mesmo foi prorrogado por um ano, &#8230; <a title=\"Mensaje del Presidente de CI\" class=\"read-more\" href=\"https:\/\/staging.ordemdosfisioterapeutas.pt\/es\/mensagem-da-presidente-da-ci\/\" aria-label=\"Leer m\u00e1s sobre Mensagem da Presidente da CI\">Seguir leyendo<\/a><\/p>","protected":false},"author":1,"featured_media":0,"parent":0,"menu_order":0,"comment_status":"closed","ping_status":"closed","template":"","meta":{"footnotes":""},"class_list":["post-342","page","type-page","status-publish"],"_links":{"self":[{"href":"https:\/\/staging.ordemdosfisioterapeutas.pt\/es\/wp-json\/wp\/v2\/pages\/342","targetHints":{"allow":["GET"]}}],"collection":[{"href":"https:\/\/staging.ordemdosfisioterapeutas.pt\/es\/wp-json\/wp\/v2\/pages"}],"about":[{"href":"https:\/\/staging.ordemdosfisioterapeutas.pt\/es\/wp-json\/wp\/v2\/types\/page"}],"author":[{"embeddable":true,"href":"https:\/\/staging.ordemdosfisioterapeutas.pt\/es\/wp-json\/wp\/v2\/users\/1"}],"replies":[{"embeddable":true,"href":"https:\/\/staging.ordemdosfisioterapeutas.pt\/es\/wp-json\/wp\/v2\/comments?post=342"}],"version-history":[{"count":0,"href":"https:\/\/staging.ordemdosfisioterapeutas.pt\/es\/wp-json\/wp\/v2\/pages\/342\/revisions"}],"wp:attachment":[{"href":"https:\/\/staging.ordemdosfisioterapeutas.pt\/es\/wp-json\/wp\/v2\/media?parent=342"}],"curies":[{"name":"wp","href":"https:\/\/api.w.org\/{rel}","templated":true}]}}