{"id":344,"date":"2020-09-29T20:20:51","date_gmt":"2020-09-29T20:20:51","guid":{"rendered":"https:\/\/staging.ordemdosfisioterapeutas.pt\/?page_id=344"},"modified":"2022-10-23T19:56:01","modified_gmt":"2022-10-23T18:56:01","slug":"estatuto-e-regulamentos","status":"publish","type":"page","link":"https:\/\/staging.ordemdosfisioterapeutas.pt\/es\/estatuto-e-regulamentos\/","title":{"rendered":"Estatutos y reglamentos"},"content":{"rendered":"<div data-elementor-type=\"wp-page\" data-elementor-id=\"344\" class=\"elementor elementor-344\" data-elementor-post-type=\"page\">\n\t\t\t\t\t\t<section class=\"elementor-section elementor-top-section elementor-element elementor-element-012febc elementor-section-boxed elementor-section-height-default elementor-section-height-default\" data-id=\"012febc\" data-element_type=\"section\" data-e-type=\"section\">\n\t\t\t\t\t\t<div class=\"elementor-container elementor-column-gap-default\">\n\t\t\t\t\t<div class=\"elementor-column elementor-col-100 elementor-top-column elementor-element elementor-element-3af0515\" data-id=\"3af0515\" data-element_type=\"column\" data-e-type=\"column\">\n\t\t\t<div class=\"elementor-widget-wrap elementor-element-populated\">\n\t\t\t\t\t\t<div class=\"elementor-element elementor-element-d210dbd elementor-widget elementor-widget-toggle\" data-id=\"d210dbd\" data-element_type=\"widget\" data-e-type=\"widget\" data-widget_type=\"toggle.default\">\n\t\t\t\t<div class=\"elementor-widget-container\">\n\t\t\t\t\t\t\t<div class=\"elementor-toggle\">\n\t\t\t\t\t\t\t<div class=\"elementor-toggle-item\">\n\t\t\t\t\t<div id=\"elementor-tab-title-2201\" class=\"elementor-tab-title\" data-tab=\"1\" role=\"button\" aria-controls=\"elementor-tab-content-2201\" aria-expanded=\"false\">\n\t\t\t\t\t\t\t\t\t\t\t\t<span class=\"elementor-toggle-icon elementor-toggle-icon-left\" aria-hidden=\"true\">\n\t\t\t\t\t\t\t\t\t\t\t\t\t\t\t<span class=\"elementor-toggle-icon-closed\"><i class=\"fas fa-caret-right\"><\/i><\/span>\n\t\t\t\t\t\t\t\t<span class=\"elementor-toggle-icon-opened\"><i class=\"elementor-toggle-icon-opened fas fa-caret-up\"><\/i><\/span>\n\t\t\t\t\t\t\t\t\t\t\t\t\t<\/span>\n\t\t\t\t\t\t\t\t\t\t\t\t<a class=\"elementor-toggle-title\" tabindex=\"0\">Estatus<\/a>\n\t\t\t\t\t<\/div>\n\n\t\t\t\t\t<div id=\"elementor-tab-content-2201\" class=\"elementor-tab-content elementor-clearfix\" data-tab=\"1\" role=\"region\" aria-labelledby=\"elementor-tab-title-2201\"><p><span style=\"text-decoration: underline;\"><a href=\"https:\/\/dre.pt\/application\/conteudo\/125016439\">https:\/\/dre.pt\/application\/conteudo\/125016439<\/a><\/span><\/p><\/div>\n\t\t\t\t<\/div>\n\t\t\t\t\t\t\t<div class=\"elementor-toggle-item\">\n\t\t\t\t\t<div id=\"elementor-tab-title-2202\" class=\"elementor-tab-title\" data-tab=\"2\" role=\"button\" aria-controls=\"elementor-tab-content-2202\" aria-expanded=\"false\">\n\t\t\t\t\t\t\t\t\t\t\t\t<span class=\"elementor-toggle-icon elementor-toggle-icon-left\" aria-hidden=\"true\">\n\t\t\t\t\t\t\t\t\t\t\t\t\t\t\t<span class=\"elementor-toggle-icon-closed\"><i class=\"fas fa-caret-right\"><\/i><\/span>\n\t\t\t\t\t\t\t\t<span class=\"elementor-toggle-icon-opened\"><i class=\"elementor-toggle-icon-opened fas fa-caret-up\"><\/i><\/span>\n\t\t\t\t\t\t\t\t\t\t\t\t\t<\/span>\n\t\t\t\t\t\t\t\t\t\t\t\t<a class=\"elementor-toggle-title\" tabindex=\"0\">Normativa<\/a>\n\t\t\t\t\t<\/div>\n\n\t\t\t\t\t<div id=\"elementor-tab-content-2202\" class=\"elementor-tab-content elementor-clearfix\" data-tab=\"2\" role=\"region\" aria-labelledby=\"elementor-tab-title-2202\"><ol><li><span style=\"text-decoration: underline;\"><a href=\"https:\/\/staging.ordemdosfisioterapeutas.pt\/wp-content\/uploads\/2022\/09\/AF_Regulamento-de-Ajudas-de-Custo.pdf\" target=\"_blank\" rel=\"noopener\">Reglamento sobre dietas<\/a><\/span><\/li><li><span style=\"text-decoration: underline;\"><span style=\"text-decoration: underline;\"><span style=\"text-decoration: underline;\"><span style=\"text-decoration: underline;\"><span style=\"text-decoration: underline;\"><a href=\"https:\/\/staging.ordemdosfisioterapeutas.pt\/wp-content\/uploads\/2022\/04\/Regulamento-Quotas-e-Taxas-01Abr2022.pdf\" target=\"_blank\" rel=\"noopener\">Reglamento n\u00ba 333\/2022 - Reglamento de cuotas y tasas<\/a><\/span><\/span><\/span><\/span><\/span><\/li><li><span style=\"text-decoration: underline;\"><a href=\"https:\/\/staging.ordemdosfisioterapeutas.pt\/wp-content\/uploads\/2022\/04\/Regulamento-Remuneracoes-01Abr2022.pdf\" target=\"_blank\" rel=\"noopener\">Reglamento n\u00ba 334\/2022 - Reglamento sobre Remuneraci\u00f3n e Indemnizaci\u00f3n por Asistencia<\/a><\/span><span style=\"text-decoration: underline;\"><span style=\"text-decoration: underline;\"><span style=\"text-decoration: underline;\"><span style=\"text-decoration: underline;\"><span style=\"text-decoration: underline;\"><br \/><\/span><\/span><\/span><\/span><\/span><\/li><li><a href=\"https:\/\/staging.ordemdosfisioterapeutas.pt\/wp-content\/uploads\/2021\/04\/3592021.pdf\"><span style=\"text-decoration: underline;\">Reglamento 359\/2021 - Reglamento de registro del Colegio de Fisioterapeutas<\/span><\/a><span style=\"text-decoration: underline;\"><span style=\"text-decoration: underline;\"><span style=\"text-decoration: underline;\"><span style=\"text-decoration: underline;\"><span style=\"text-decoration: underline;\"><br \/><\/span><\/span><\/span><\/span><\/span><\/li><li><span style=\"text-decoration: underline;\"><span style=\"text-decoration: underline;\"><span style=\"text-decoration: underline;\"><span style=\"text-decoration: underline;\"><span style=\"text-decoration: underline;\"><a href=\"https:\/\/staging.ordemdosfisioterapeutas.pt\/wp-content\/uploads\/2021\/04\/3612021.pdf\" target=\"_blank\" rel=\"noopener\">Reglamento n\u00ba 361\/2021 - Reglamento Electoral del Colegio de Fisioterapeutas<\/a><\/span><\/span><\/span><\/span><\/span><\/li><li><span style=\"text-decoration: underline;\"><span style=\"text-decoration: underline;\"><span style=\"text-decoration: underline;\"><span style=\"text-decoration: underline;\"><span style=\"text-decoration: underline;\"><a href=\"https:\/\/staging.ordemdosfisioterapeutas.pt\/wp-content\/uploads\/2021\/09\/Declaracao-de-Retificacao-Cedula.pdf\" target=\"_blank\" rel=\"noopener\">Declaraci\u00f3n de Rectificaci\u00f3n al Reglamento de Registro - n\u00ba580\/2021<\/a><\/span><\/span><\/span><\/span><\/span><\/li><li><a href=\"https:\/\/staging.ordemdosfisioterapeutas.pt\/wp-content\/uploads\/2022\/08\/Reg_Admissao_de-Pessoal.pdf\" target=\"_blank\" rel=\"noopener\"><u>Estatuto del personal<\/u><\/a><\/li><\/ol><\/div>\n\t\t\t\t<\/div>\n\t\t\t\t\t\t\t\t<\/div>\n\t\t\t\t\t\t<\/div>\n\t\t\t\t<\/div>\n\t\t\t\t\t<\/div>\n\t\t<\/div>\n\t\t\t\t\t<\/div>\n\t\t<\/section>\n\t\t\t\t<\/div>","protected":false},"excerpt":{"rendered":"<p>Estatuto https:\/\/dre.pt\/application\/conteudo\/125016439 Regulamentos Regulamento de Ajudas de Custo Regulamento n\u00ba 333\/2022 &#8211; Regulamento de Quotas e Taxas Regulamento n\u00ba 334\/2022 &#8211; Regulamento de Remunera\u00e7\u00f5es e Senhas De Presen\u00e7a Regulamento n\u00ba 359\/2021 \u2013 Regulamento de Inscri\u00e7\u00e3o da Ordem dos Fisioterapeutas Regulamento n\u00ba 361\/2021 \u2013 Regulamento de Eleitoral da Ordem dos Fisioterapeutas Declara\u00e7\u00e3o de Retifica\u00e7\u00e3o ao Regulamento &#8230; <a title=\"Estatutos y reglamentos\" class=\"read-more\" href=\"https:\/\/staging.ordemdosfisioterapeutas.pt\/es\/estatuto-e-regulamentos\/\" aria-label=\"Leer m\u00e1s sobre Estatuto e Regulamentos\">Seguir leyendo<\/a><\/p>","protected":false},"author":1,"featured_media":0,"parent":0,"menu_order":0,"comment_status":"closed","ping_status":"closed","template":"","meta":{"footnotes":""},"class_list":["post-344","page","type-page","status-publish"],"_links":{"self":[{"href":"https:\/\/staging.ordemdosfisioterapeutas.pt\/es\/wp-json\/wp\/v2\/pages\/344","targetHints":{"allow":["GET"]}}],"collection":[{"href":"https:\/\/staging.ordemdosfisioterapeutas.pt\/es\/wp-json\/wp\/v2\/pages"}],"about":[{"href":"https:\/\/staging.ordemdosfisioterapeutas.pt\/es\/wp-json\/wp\/v2\/types\/page"}],"author":[{"embeddable":true,"href":"https:\/\/staging.ordemdosfisioterapeutas.pt\/es\/wp-json\/wp\/v2\/users\/1"}],"replies":[{"embeddable":true,"href":"https:\/\/staging.ordemdosfisioterapeutas.pt\/es\/wp-json\/wp\/v2\/comments?post=344"}],"version-history":[{"count":0,"href":"https:\/\/staging.ordemdosfisioterapeutas.pt\/es\/wp-json\/wp\/v2\/pages\/344\/revisions"}],"wp:attachment":[{"href":"https:\/\/staging.ordemdosfisioterapeutas.pt\/es\/wp-json\/wp\/v2\/media?parent=344"}],"curies":[{"name":"wp","href":"https:\/\/api.w.org\/{rel}","templated":true}]}}