{"id":346,"date":"2020-09-29T20:22:18","date_gmt":"2020-09-29T20:22:18","guid":{"rendered":"https:\/\/staging.ordemdosfisioterapeutas.pt\/?page_id=346"},"modified":"2021-05-19T11:00:16","modified_gmt":"2021-05-19T10:00:16","slug":"comissao-instaladora","status":"publish","type":"page","link":"https:\/\/staging.ordemdosfisioterapeutas.pt\/es\/comissao-instaladora\/","title":{"rendered":"Comit\u00e9 de Instalaci\u00f3n"},"content":{"rendered":"<div data-elementor-type=\"wp-page\" data-elementor-id=\"346\" class=\"elementor elementor-346\" data-elementor-post-type=\"page\">\n\t\t\t\t\t\t<section class=\"elementor-section elementor-top-section elementor-element elementor-element-65578adf elementor-section-boxed elementor-section-height-default elementor-section-height-default\" data-id=\"65578adf\" data-element_type=\"section\" data-e-type=\"section\">\n\t\t\t\t\t\t<div class=\"elementor-container elementor-column-gap-default\">\n\t\t\t\t\t<div class=\"elementor-column elementor-col-100 elementor-top-column elementor-element elementor-element-268966b3\" data-id=\"268966b3\" data-element_type=\"column\" data-e-type=\"column\">\n\t\t\t<div class=\"elementor-widget-wrap elementor-element-populated\">\n\t\t\t\t\t\t<div class=\"elementor-element elementor-element-dad7c97 elementor-widget elementor-widget-text-editor\" data-id=\"dad7c97\" data-element_type=\"widget\" data-e-type=\"widget\" data-widget_type=\"text-editor.default\">\n\t\t\t\t<div class=\"elementor-widget-container\">\n\t\t\t\t\t\t\t\t\t<p>Actualmente, la Orden de Fisioterapeutas est\u00e1 gestionada por la Comisi\u00f3n Instaladora, nombrada el 17.12.2019, e integrada por:<\/p>\t\t\t\t\t\t\t\t<\/div>\n\t\t\t\t<\/div>\n\t\t\t\t<section class=\"elementor-section elementor-inner-section elementor-element elementor-element-3707da7 elementor-section-boxed elementor-section-height-default elementor-section-height-default\" data-id=\"3707da7\" data-element_type=\"section\" data-e-type=\"section\">\n\t\t\t\t\t\t<div class=\"elementor-container elementor-column-gap-default\">\n\t\t\t\t\t<div class=\"elementor-column elementor-col-50 elementor-inner-column elementor-element elementor-element-b489a3d\" data-id=\"b489a3d\" data-element_type=\"column\" data-e-type=\"column\">\n\t\t\t<div class=\"elementor-widget-wrap elementor-element-populated\">\n\t\t\t\t\t\t<div class=\"elementor-element elementor-element-92f2018 elementor-widget elementor-widget-image\" data-id=\"92f2018\" data-element_type=\"widget\" data-e-type=\"widget\" data-widget_type=\"image.default\">\n\t\t\t\t<div class=\"elementor-widget-container\">\n\t\t\t\t\t\t\t\t\t\t\t\t\t\t\t<img fetchpriority=\"high\" decoding=\"async\" width=\"683\" height=\"1024\" src=\"https:\/\/staging.ordemdosfisioterapeutas.pt\/wp-content\/uploads\/2020\/10\/isabel-souza-guerra-683x1024.jpg\" class=\"attachment-large size-large wp-image-1057\" alt=\"Isabel de Souza Guerra\" srcset=\"https:\/\/staging.ordemdosfisioterapeutas.pt\/wp-content\/uploads\/2020\/10\/isabel-souza-guerra-683x1024.jpg 683w, https:\/\/staging.ordemdosfisioterapeutas.pt\/wp-content\/uploads\/2020\/10\/isabel-souza-guerra-200x300.jpg 200w, https:\/\/staging.ordemdosfisioterapeutas.pt\/wp-content\/uploads\/2020\/10\/isabel-souza-guerra-768x1152.jpg 768w, https:\/\/staging.ordemdosfisioterapeutas.pt\/wp-content\/uploads\/2020\/10\/isabel-souza-guerra.jpg 1000w\" sizes=\"(max-width: 683px) 100vw, 683px\" \/>\t\t\t\t\t\t\t\t\t\t\t\t\t\t\t<\/div>\n\t\t\t\t<\/div>\n\t\t\t\t\t<\/div>\n\t\t<\/div>\n\t\t\t\t<div class=\"elementor-column elementor-col-50 elementor-inner-column elementor-element elementor-element-b9396fb\" data-id=\"b9396fb\" data-element_type=\"column\" data-e-type=\"column\">\n\t\t\t<div class=\"elementor-widget-wrap elementor-element-populated\">\n\t\t\t\t\t\t<div class=\"elementor-element elementor-element-e122c07 elementor-widget elementor-widget-text-editor\" data-id=\"e122c07\" data-element_type=\"widget\" data-e-type=\"widget\" data-widget_type=\"text-editor.default\">\n\t\t\t\t<div class=\"elementor-widget-container\">\n\t\t\t\t\t\t\t\t\t<p><b>Isabel de Souza Guerra<\/b> (Presidenta) - Fisioterapeuta, M\u00e1ster en Gesti\u00f3n de Servicios de Salud, Profesora y coordinadora de la Rama de Salud de la Mujer del M\u00e1ster en Fisioterapia de la Escola Superior de Sa\u00fade do Alcoit\u00e3o.<br \/>Fue presidenta de la Asociaci\u00f3n Portuguesa de Fisioterapeutas (APFisio) de 1996 a 2016 y presidenta de la Comisi\u00f3n Pro-Orden de APFisio desde 2016 hasta la aprobaci\u00f3n de la Orden de Fisioterapeutas (2019). Fue fisioterapeuta jefe en el Hospital Egas Moniz.<\/p>\t\t\t\t\t\t\t\t<\/div>\n\t\t\t\t<\/div>\n\t\t\t\t\t<\/div>\n\t\t<\/div>\n\t\t\t\t\t<\/div>\n\t\t<\/section>\n\t\t\t\t<section class=\"elementor-section elementor-inner-section elementor-element elementor-element-a4357cb elementor-section-boxed elementor-section-height-default elementor-section-height-default\" data-id=\"a4357cb\" data-element_type=\"section\" data-e-type=\"section\">\n\t\t\t\t\t\t<div class=\"elementor-container elementor-column-gap-default\">\n\t\t\t\t\t<div class=\"elementor-column elementor-col-50 elementor-inner-column elementor-element elementor-element-8dfee1b\" data-id=\"8dfee1b\" data-element_type=\"column\" data-e-type=\"column\">\n\t\t\t<div class=\"elementor-widget-wrap elementor-element-populated\">\n\t\t\t\t\t\t<div class=\"elementor-element elementor-element-8697479 elementor-widget elementor-widget-image\" data-id=\"8697479\" data-element_type=\"widget\" data-e-type=\"widget\" data-widget_type=\"image.default\">\n\t\t\t\t<div class=\"elementor-widget-container\">\n\t\t\t\t\t\t\t\t\t\t\t\t\t\t\t<img decoding=\"async\" width=\"683\" height=\"1024\" src=\"https:\/\/staging.ordemdosfisioterapeutas.pt\/wp-content\/uploads\/2020\/10\/antonio-lopes-683x1024.jpg\" class=\"attachment-large size-large wp-image-1058\" alt=\"Ant\u00f3nio Manuel Fernandes\u00a0Lopes\" srcset=\"https:\/\/staging.ordemdosfisioterapeutas.pt\/wp-content\/uploads\/2020\/10\/antonio-lopes-683x1024.jpg 683w, https:\/\/staging.ordemdosfisioterapeutas.pt\/wp-content\/uploads\/2020\/10\/antonio-lopes-200x300.jpg 200w, https:\/\/staging.ordemdosfisioterapeutas.pt\/wp-content\/uploads\/2020\/10\/antonio-lopes-768x1152.jpg 768w, https:\/\/staging.ordemdosfisioterapeutas.pt\/wp-content\/uploads\/2020\/10\/antonio-lopes.jpg 1000w\" sizes=\"(max-width: 683px) 100vw, 683px\" \/>\t\t\t\t\t\t\t\t\t\t\t\t\t\t\t<\/div>\n\t\t\t\t<\/div>\n\t\t\t\t\t<\/div>\n\t\t<\/div>\n\t\t\t\t<div class=\"elementor-column elementor-col-50 elementor-inner-column elementor-element elementor-element-26ab73f\" data-id=\"26ab73f\" data-element_type=\"column\" data-e-type=\"column\">\n\t\t\t<div class=\"elementor-widget-wrap elementor-element-populated\">\n\t\t\t\t\t\t<div class=\"elementor-element elementor-element-9e8faeb elementor-widget elementor-widget-text-editor\" data-id=\"9e8faeb\" data-element_type=\"widget\" data-e-type=\"widget\" data-widget_type=\"text-editor.default\">\n\t\t\t\t<div class=\"elementor-widget-container\">\n\t\t\t\t\t\t\t\t\t<p><strong>Ant\u00f3nio Manuel Fernandes Lopes<\/strong> - Fisioterapeuta, con el t\u00edtulo de Especialista en Fisioterapia por los Institutos Polit\u00e9cnicos de Lisboa, Oporto y Coimbra.<br \/>Psic\u00f3logo, M\u00e1ster en Ciencias de la Educaci\u00f3n. Profesor Coordinador de la Escola Superior de Sa\u00fade do Alcoit\u00e3o, donde fue Subdirector, Presidente del Consejo Pedag\u00f3gico y Coordinador del Departamento de Fisioterapia y de los cursos de licenciatura y m\u00e1ster.<br \/>Fue uno de los fundadores de la Comisi\u00f3n de Reforma de la Asociaci\u00f3n Portuguesa de Fisioterapeutas (APFisio) en 1974, ocupando diversos cargos y siguiendo de cerca el desarrollo de la asociaci\u00f3n.<br \/>Fue Vicepresidente de la Junta Directiva Nacional de APFisio entre 1996 y 2016 y Vicepresidente de la Comisi\u00f3n Pro-Orden de APFisio. Ha representado a APFisio en m\u00faltiples reuniones internacionales desde 1977, fue Vicepresidente del Comit\u00e9 Permanente de Enlace de Fisioterapeutas de la CEE (SLCP) entre 1991 y 1998, y fue Presidente de la Regi\u00f3n Europea de la Confederaci\u00f3n Mundial de Fisioterapia (ER-WCPT) entre 1998 y 2010.<br \/>Recibi\u00f3 el Premio al Servicio Internacional de la WCPT en 2011.<\/p>\t\t\t\t\t\t\t\t<\/div>\n\t\t\t\t<\/div>\n\t\t\t\t\t<\/div>\n\t\t<\/div>\n\t\t\t\t\t<\/div>\n\t\t<\/section>\n\t\t\t\t<section class=\"elementor-section elementor-inner-section elementor-element elementor-element-affb404 elementor-section-boxed elementor-section-height-default elementor-section-height-default\" data-id=\"affb404\" data-element_type=\"section\" data-e-type=\"section\">\n\t\t\t\t\t\t<div class=\"elementor-container elementor-column-gap-default\">\n\t\t\t\t\t<div class=\"elementor-column elementor-col-50 elementor-inner-column elementor-element elementor-element-11c018b\" data-id=\"11c018b\" data-element_type=\"column\" data-e-type=\"column\">\n\t\t\t<div class=\"elementor-widget-wrap elementor-element-populated\">\n\t\t\t\t\t\t<div class=\"elementor-element elementor-element-7ec64f8 elementor-widget elementor-widget-image\" data-id=\"7ec64f8\" data-element_type=\"widget\" data-e-type=\"widget\" data-widget_type=\"image.default\">\n\t\t\t\t<div class=\"elementor-widget-container\">\n\t\t\t\t\t\t\t\t\t\t\t\t\t\t\t<img decoding=\"async\" width=\"682\" height=\"1024\" src=\"https:\/\/staging.ordemdosfisioterapeutas.pt\/wp-content\/uploads\/2020\/10\/pedro-rebelo-682x1024.jpg\" class=\"attachment-large size-large wp-image-1059\" alt=\"Ant\u00f3nio Manuel Fernandes\u00a0Lopes\" srcset=\"https:\/\/staging.ordemdosfisioterapeutas.pt\/wp-content\/uploads\/2020\/10\/pedro-rebelo-682x1024.jpg 682w, https:\/\/staging.ordemdosfisioterapeutas.pt\/wp-content\/uploads\/2020\/10\/pedro-rebelo-200x300.jpg 200w, https:\/\/staging.ordemdosfisioterapeutas.pt\/wp-content\/uploads\/2020\/10\/pedro-rebelo-768x1153.jpg 768w, https:\/\/staging.ordemdosfisioterapeutas.pt\/wp-content\/uploads\/2020\/10\/pedro-rebelo.jpg 999w\" sizes=\"(max-width: 682px) 100vw, 682px\" \/>\t\t\t\t\t\t\t\t\t\t\t\t\t\t\t<\/div>\n\t\t\t\t<\/div>\n\t\t\t\t\t<\/div>\n\t\t<\/div>\n\t\t\t\t<div class=\"elementor-column elementor-col-50 elementor-inner-column elementor-element elementor-element-1712b1e\" data-id=\"1712b1e\" data-element_type=\"column\" data-e-type=\"column\">\n\t\t\t<div class=\"elementor-widget-wrap elementor-element-populated\">\n\t\t\t\t\t\t<div class=\"elementor-element elementor-element-a0d3ed8 elementor-widget elementor-widget-text-editor\" data-id=\"a0d3ed8\" data-element_type=\"widget\" data-e-type=\"widget\" data-widget_type=\"text-editor.default\">\n\t\t\t\t<div class=\"elementor-widget-container\">\n\t\t\t\t\t\t\t\t\t<p><strong>Pedro Jorge Lapa Rebelo<\/strong> - Fisioterapeuta, Especialista en Fisioterapia por los Institutos Polit\u00e9cnicos de Lisboa, Oporto y Coimbra.<br \/>M\u00e1ster en Comunicaci\u00f3n Sanitaria, Doctorado en Fisioterapia.<br \/>Director del Curso de Fisioterapia de la Escuela Polit\u00e9cnica de Lisboa (2010-2020).<br \/>Miembro de la Junta Directiva de la Asociaci\u00f3n Portuguesa de Fisioterapeutas de 2004 a 2016; Vicepresidente de la Asociaci\u00f3n Portuguesa de Fisioterapeutas (APFISIO) de 2016 a 2019 y Presidente de APFISIO de 2019 a Ene 2020.<\/p>\t\t\t\t\t\t\t\t<\/div>\n\t\t\t\t<\/div>\n\t\t\t\t\t<\/div>\n\t\t<\/div>\n\t\t\t\t\t<\/div>\n\t\t<\/section>\n\t\t\t\t<section class=\"elementor-section elementor-inner-section elementor-element elementor-element-b432e6b elementor-section-boxed elementor-section-height-default elementor-section-height-default\" data-id=\"b432e6b\" data-element_type=\"section\" data-e-type=\"section\">\n\t\t\t\t\t\t<div class=\"elementor-container elementor-column-gap-default\">\n\t\t\t\t\t<div class=\"elementor-column elementor-col-50 elementor-inner-column elementor-element elementor-element-b16295a\" data-id=\"b16295a\" data-element_type=\"column\" data-e-type=\"column\">\n\t\t\t<div class=\"elementor-widget-wrap elementor-element-populated\">\n\t\t\t\t\t\t<div class=\"elementor-element elementor-element-3dd060f elementor-widget elementor-widget-image\" data-id=\"3dd060f\" data-element_type=\"widget\" data-e-type=\"widget\" data-widget_type=\"image.default\">\n\t\t\t\t<div class=\"elementor-widget-container\">\n\t\t\t\t\t\t\t\t\t\t\t\t\t\t\t<img loading=\"lazy\" decoding=\"async\" width=\"683\" height=\"1024\" src=\"https:\/\/staging.ordemdosfisioterapeutas.pt\/wp-content\/uploads\/2020\/10\/olimpio-pereira-683x1024.jpg\" class=\"attachment-large size-large wp-image-1060\" alt=\"Ol\u00edmpio Pereira\" srcset=\"https:\/\/staging.ordemdosfisioterapeutas.pt\/wp-content\/uploads\/2020\/10\/olimpio-pereira-683x1024.jpg 683w, https:\/\/staging.ordemdosfisioterapeutas.pt\/wp-content\/uploads\/2020\/10\/olimpio-pereira-200x300.jpg 200w, https:\/\/staging.ordemdosfisioterapeutas.pt\/wp-content\/uploads\/2020\/10\/olimpio-pereira-768x1152.jpg 768w, https:\/\/staging.ordemdosfisioterapeutas.pt\/wp-content\/uploads\/2020\/10\/olimpio-pereira.jpg 1000w\" sizes=\"(max-width: 683px) 100vw, 683px\" \/>\t\t\t\t\t\t\t\t\t\t\t\t\t\t\t<\/div>\n\t\t\t\t<\/div>\n\t\t\t\t\t<\/div>\n\t\t<\/div>\n\t\t\t\t<div class=\"elementor-column elementor-col-50 elementor-inner-column elementor-element elementor-element-36d796a\" data-id=\"36d796a\" data-element_type=\"column\" data-e-type=\"column\">\n\t\t\t<div class=\"elementor-widget-wrap elementor-element-populated\">\n\t\t\t\t\t\t<div class=\"elementor-element elementor-element-7df5157 elementor-widget elementor-widget-text-editor\" data-id=\"7df5157\" data-element_type=\"widget\" data-e-type=\"widget\" data-widget_type=\"text-editor.default\">\n\t\t\t\t<div class=\"elementor-widget-container\">\n\t\t\t\t\t\t\t\t\t<p><strong>Ol\u00edmpio Pereira<\/strong> - Fisioterapeuta - socio director de la Cl\u00ednica de Fisioterapia \"Fisio-Roma\".<br \/>Consultor en el campo de la fisioterapia en la aseguradora Allianz.<br \/>Miembro de SPAT.<br \/>Miembro de ESSKA.<\/p>\t\t\t\t\t\t\t\t<\/div>\n\t\t\t\t<\/div>\n\t\t\t\t\t<\/div>\n\t\t<\/div>\n\t\t\t\t\t<\/div>\n\t\t<\/section>\n\t\t\t\t<section class=\"elementor-section elementor-inner-section elementor-element elementor-element-a81e4db elementor-section-boxed elementor-section-height-default elementor-section-height-default\" data-id=\"a81e4db\" data-element_type=\"section\" data-e-type=\"section\">\n\t\t\t\t\t\t<div class=\"elementor-container elementor-column-gap-default\">\n\t\t\t\t\t<div class=\"elementor-column elementor-col-50 elementor-inner-column elementor-element elementor-element-451a594\" data-id=\"451a594\" data-element_type=\"column\" data-e-type=\"column\">\n\t\t\t<div class=\"elementor-widget-wrap elementor-element-populated\">\n\t\t\t\t\t\t<div class=\"elementor-element elementor-element-3dffc92 elementor-widget elementor-widget-image\" data-id=\"3dffc92\" data-element_type=\"widget\" data-e-type=\"widget\" data-widget_type=\"image.default\">\n\t\t\t\t<div class=\"elementor-widget-container\">\n\t\t\t\t\t\t\t\t\t\t\t\t\t\t\t<img loading=\"lazy\" decoding=\"async\" width=\"683\" height=\"1024\" src=\"https:\/\/staging.ordemdosfisioterapeutas.pt\/wp-content\/uploads\/2020\/10\/maria-conceicao-bettencourt-683x1024.jpg\" class=\"attachment-large size-large wp-image-1061\" alt=\"Maria da Concei\u00e7\u00e3o Bettencourt\" srcset=\"https:\/\/staging.ordemdosfisioterapeutas.pt\/wp-content\/uploads\/2020\/10\/maria-conceicao-bettencourt-683x1024.jpg 683w, https:\/\/staging.ordemdosfisioterapeutas.pt\/wp-content\/uploads\/2020\/10\/maria-conceicao-bettencourt-200x300.jpg 200w, https:\/\/staging.ordemdosfisioterapeutas.pt\/wp-content\/uploads\/2020\/10\/maria-conceicao-bettencourt-768x1152.jpg 768w, https:\/\/staging.ordemdosfisioterapeutas.pt\/wp-content\/uploads\/2020\/10\/maria-conceicao-bettencourt.jpg 1000w\" sizes=\"(max-width: 683px) 100vw, 683px\" \/>\t\t\t\t\t\t\t\t\t\t\t\t\t\t\t<\/div>\n\t\t\t\t<\/div>\n\t\t\t\t\t<\/div>\n\t\t<\/div>\n\t\t\t\t<div class=\"elementor-column elementor-col-50 elementor-inner-column elementor-element elementor-element-524b74d\" data-id=\"524b74d\" data-element_type=\"column\" data-e-type=\"column\">\n\t\t\t<div class=\"elementor-widget-wrap elementor-element-populated\">\n\t\t\t\t\t\t<div class=\"elementor-element elementor-element-b57244f elementor-widget elementor-widget-text-editor\" data-id=\"b57244f\" data-element_type=\"widget\" data-e-type=\"widget\" data-widget_type=\"text-editor.default\">\n\t\t\t\t<div class=\"elementor-widget-container\">\n\t\t\t\t\t\t\t\t\t<p><strong>Maria da Concei\u00e7\u00e3o Bettencourt<\/strong> - Fisioterapeuta, Postgraduada en Gesti\u00f3n de Servicios de Salud. Es coordinadora de la Oficina de Gesti\u00f3n del Programa de Calidad del Centro Hospitalar Universit\u00e1rio de Lisboa Central. Fue miembro del consejo de APFisio de 1996 a 2013.<\/p>\t\t\t\t\t\t\t\t<\/div>\n\t\t\t\t<\/div>\n\t\t\t\t\t<\/div>\n\t\t<\/div>\n\t\t\t\t\t<\/div>\n\t\t<\/section>\n\t\t\t\t\t<\/div>\n\t\t<\/div>\n\t\t\t\t\t<\/div>\n\t\t<\/section>\n\t\t\t\t<\/div>","protected":false},"excerpt":{"rendered":"<p>Atualmente, a Ordem dos Fisioterapeutas \u00e9 gerida pela Comiss\u00e3o Instaladora, nomeada a 17.12.2019, e composta por: Isabel de Souza Guerra (presidente) \u2013 Fisioterapeuta, Mestre em Gest\u00e3o dos Servi\u00e7os de Sa\u00fade, Docente e coordenadora do Ramo de Sa\u00fade da Mulher do mestrado em fisioterapia da Escola Superior de Sa\u00fade do Alcoit\u00e3o.Foi presidente da Associa\u00e7\u00e3o Portuguesa de &#8230; <a title=\"Comit\u00e9 de Instalaci\u00f3n\" class=\"read-more\" href=\"https:\/\/staging.ordemdosfisioterapeutas.pt\/es\/comissao-instaladora\/\" aria-label=\"Leer m\u00e1s sobre Comiss\u00e3o Instaladora\">Seguir leyendo<\/a><\/p>","protected":false},"author":1,"featured_media":0,"parent":0,"menu_order":0,"comment_status":"closed","ping_status":"closed","template":"","meta":{"footnotes":""},"class_list":["post-346","page","type-page","status-publish"],"_links":{"self":[{"href":"https:\/\/staging.ordemdosfisioterapeutas.pt\/es\/wp-json\/wp\/v2\/pages\/346","targetHints":{"allow":["GET"]}}],"collection":[{"href":"https:\/\/staging.ordemdosfisioterapeutas.pt\/es\/wp-json\/wp\/v2\/pages"}],"about":[{"href":"https:\/\/staging.ordemdosfisioterapeutas.pt\/es\/wp-json\/wp\/v2\/types\/page"}],"author":[{"embeddable":true,"href":"https:\/\/staging.ordemdosfisioterapeutas.pt\/es\/wp-json\/wp\/v2\/users\/1"}],"replies":[{"embeddable":true,"href":"https:\/\/staging.ordemdosfisioterapeutas.pt\/es\/wp-json\/wp\/v2\/comments?post=346"}],"version-history":[{"count":0,"href":"https:\/\/staging.ordemdosfisioterapeutas.pt\/es\/wp-json\/wp\/v2\/pages\/346\/revisions"}],"wp:attachment":[{"href":"https:\/\/staging.ordemdosfisioterapeutas.pt\/es\/wp-json\/wp\/v2\/media?parent=346"}],"curies":[{"name":"wp","href":"https:\/\/api.w.org\/{rel}","templated":true}]}}