{"id":4104,"date":"2022-03-08T14:27:31","date_gmt":"2022-03-08T14:27:31","guid":{"rendered":"https:\/\/staging.ordemdosfisioterapeutas.pt\/?page_id=4104"},"modified":"2022-04-26T22:40:06","modified_gmt":"2022-04-26T21:40:06","slug":"concursos","status":"publish","type":"page","link":"https:\/\/staging.ordemdosfisioterapeutas.pt\/es\/concursos\/","title":{"rendered":"Concursos"},"content":{"rendered":"<div data-elementor-type=\"wp-page\" data-elementor-id=\"4104\" class=\"elementor elementor-4104\" data-elementor-post-type=\"page\">\n\t\t\t\t\t\t<section class=\"elementor-section elementor-top-section elementor-element elementor-element-0b07010 elementor-section-boxed elementor-section-height-default elementor-section-height-default\" data-id=\"0b07010\" data-element_type=\"section\" data-e-type=\"section\">\n\t\t\t\t\t\t<div class=\"elementor-container elementor-column-gap-default\">\n\t\t\t\t\t<div class=\"elementor-column elementor-col-100 elementor-top-column elementor-element elementor-element-e01d293\" data-id=\"e01d293\" data-element_type=\"column\" data-e-type=\"column\">\n\t\t\t<div class=\"elementor-widget-wrap elementor-element-populated\">\n\t\t\t\t\t\t<div class=\"elementor-element elementor-element-7e562ea elementor-widget elementor-widget-text-editor\" data-id=\"7e562ea\" data-element_type=\"widget\" data-e-type=\"widget\" data-widget_type=\"text-editor.default\">\n\t\t\t\t<div class=\"elementor-widget-container\">\n\t\t\t\t\t\t\t\t\t<ul><li>Concurso P\u00fablico para la Adquisici\u00f3n de Servicios de Seguro de Responsabilidad Civil Profesional de los Colegiados del Colegio de Fisioterapeutas.<\/li><\/ul>\t\t\t\t\t\t\t\t<\/div>\n\t\t\t\t<\/div>\n\t\t\t\t<section class=\"elementor-section elementor-inner-section elementor-element elementor-element-a615560 elementor-section-boxed elementor-section-height-default elementor-section-height-default\" data-id=\"a615560\" data-element_type=\"section\" data-e-type=\"section\">\n\t\t\t\t\t\t<div class=\"elementor-container elementor-column-gap-default\">\n\t\t\t\t\t<div class=\"elementor-column elementor-col-33 elementor-inner-column elementor-element elementor-element-d73724d\" data-id=\"d73724d\" data-element_type=\"column\" data-e-type=\"column\">\n\t\t\t<div class=\"elementor-widget-wrap elementor-element-populated\">\n\t\t\t\t\t\t<div class=\"elementor-element elementor-element-e837851 elementor-align-left elementor-widget elementor-widget-button\" data-id=\"e837851\" data-element_type=\"widget\" data-e-type=\"widget\" data-widget_type=\"button.default\">\n\t\t\t\t<div class=\"elementor-widget-container\">\n\t\t\t\t\t\t\t\t\t<div class=\"elementor-button-wrapper\">\n\t\t\t\t\t<a class=\"elementor-button elementor-button-link elementor-size-sm\" href=\"https:\/\/staging.ordemdosfisioterapeutas.pt\/wp-content\/uploads\/2022\/03\/Programa-do-Concurso-1-2022.pdf\" target=\"_blank\">\n\t\t\t\t\t\t<span class=\"elementor-button-content-wrapper\">\n\t\t\t\t\t\t\t\t\t<span class=\"elementor-button-text\">Programa de concursos<\/span>\n\t\t\t\t\t<\/span>\n\t\t\t\t\t<\/a>\n\t\t\t\t<\/div>\n\t\t\t\t\t\t\t\t<\/div>\n\t\t\t\t<\/div>\n\t\t\t\t\t<\/div>\n\t\t<\/div>\n\t\t\t\t<div class=\"elementor-column elementor-col-33 elementor-inner-column elementor-element elementor-element-cbe7677\" data-id=\"cbe7677\" data-element_type=\"column\" data-e-type=\"column\">\n\t\t\t<div class=\"elementor-widget-wrap elementor-element-populated\">\n\t\t\t\t\t\t<div class=\"elementor-element elementor-element-718e085 elementor-align-left elementor-widget elementor-widget-button\" data-id=\"718e085\" data-element_type=\"widget\" data-e-type=\"widget\" data-widget_type=\"button.default\">\n\t\t\t\t<div class=\"elementor-widget-container\">\n\t\t\t\t\t\t\t\t\t<div class=\"elementor-button-wrapper\">\n\t\t\t\t\t<a class=\"elementor-button elementor-button-link elementor-size-sm\" href=\"https:\/\/staging.ordemdosfisioterapeutas.pt\/wp-content\/uploads\/2022\/03\/Caderno-de-Encargos-1-2022.pdf\" target=\"_blank\">\n\t\t\t\t\t\t<span class=\"elementor-button-content-wrapper\">\n\t\t\t\t\t\t\t\t\t<span class=\"elementor-button-text\">Especificaciones<\/span>\n\t\t\t\t\t<\/span>\n\t\t\t\t\t<\/a>\n\t\t\t\t<\/div>\n\t\t\t\t\t\t\t\t<\/div>\n\t\t\t\t<\/div>\n\t\t\t\t\t<\/div>\n\t\t<\/div>\n\t\t\t\t<div class=\"elementor-column elementor-col-33 elementor-inner-column elementor-element elementor-element-f22e3b9\" data-id=\"f22e3b9\" data-element_type=\"column\" data-e-type=\"column\">\n\t\t\t<div class=\"elementor-widget-wrap elementor-element-populated\">\n\t\t\t\t\t\t<div class=\"elementor-element elementor-element-e8b9dcf elementor-align-left elementor-widget elementor-widget-button\" data-id=\"e8b9dcf\" data-element_type=\"widget\" data-e-type=\"widget\" data-widget_type=\"button.default\">\n\t\t\t\t<div class=\"elementor-widget-container\">\n\t\t\t\t\t\t\t\t\t<div class=\"elementor-button-wrapper\">\n\t\t\t\t\t<a class=\"elementor-button elementor-button-link elementor-size-sm\" href=\"https:\/\/staging.ordemdosfisioterapeutas.pt\/wp-content\/uploads\/2022\/03\/Anuncio-Publicado-DRE-Seguro-RC.pdf\" target=\"_blank\">\n\t\t\t\t\t\t<span class=\"elementor-button-content-wrapper\">\n\t\t\t\t\t\t\t\t\t<span class=\"elementor-button-text\">DRE - Anuncio 2856\/2022<\/span>\n\t\t\t\t\t<\/span>\n\t\t\t\t\t<\/a>\n\t\t\t\t<\/div>\n\t\t\t\t\t\t\t\t<\/div>\n\t\t\t\t<\/div>\n\t\t\t\t\t<\/div>\n\t\t<\/div>\n\t\t\t\t\t<\/div>\n\t\t<\/section>\n\t\t\t\t<div class=\"elementor-element elementor-element-7f3cfdf elementor-widget elementor-widget-text-editor\" data-id=\"7f3cfdf\" data-element_type=\"widget\" data-e-type=\"widget\" data-widget_type=\"text-editor.default\">\n\t\t\t\t<div class=\"elementor-widget-container\">\n\t\t\t\t\t\t\t\t\t<ul><li>Plazo de presentaci\u00f3n de ofertas: 18.00 horas del 29\/03\/2022 (art\u00edculo 11.1 del PC)<\/li><li>Plazo de presentaci\u00f3n de solicitudes de aclaraci\u00f3n - 18.00 horas del 16\/03\/2022 (art. 4(2) del CP)<\/li><li>Los corredores de seguros pueden ser competidores.<\/li><\/ul><p>*Segunda serie, n\u00ba 48 de 09\/03\/2023, Parte L - Licitaciones p\u00fablicas<\/p>\t\t\t\t\t\t\t\t<\/div>\n\t\t\t\t<\/div>\n\t\t\t\t<div class=\"elementor-element elementor-element-f6b467e elementor-widget elementor-widget-heading\" data-id=\"f6b467e\" data-element_type=\"widget\" data-e-type=\"widget\" data-widget_type=\"heading.default\">\n\t\t\t\t<div class=\"elementor-widget-container\">\n\t\t\t\t\t<h3 class=\"elementor-heading-title elementor-size-default\">Propuestas recibidas<\/h3>\t\t\t\t<\/div>\n\t\t\t\t<\/div>\n\t\t\t\t<div class=\"elementor-element elementor-element-369ec66 elementor-widget elementor-widget-text-editor\" data-id=\"369ec66\" data-element_type=\"widget\" data-e-type=\"widget\" data-widget_type=\"text-editor.default\">\n\t\t\t\t<div class=\"elementor-widget-container\">\n\t\t\t\t\t\t\t\t\t<p>Una vez finalizado el plazo, se recibieron las siguientes propuestas por correo electr\u00f3nico:<\/p>\t\t\t\t\t\t\t\t<\/div>\n\t\t\t\t<\/div>\n\t\t\t\t<div class=\"elementor-element elementor-element-c2936b9 elementor-widget elementor-widget-shortcode\" data-id=\"c2936b9\" data-element_type=\"widget\" data-e-type=\"widget\" data-widget_type=\"shortcode.default\">\n\t\t\t\t<div class=\"elementor-widget-container\">\n\t\t\t\t\t\t\t<div class=\"elementor-shortcode\">\n<table id=\"tablepress-17\" class=\"tablepress tablepress-id-17\">\n<thead>\n<tr class=\"row-1\">\n\t<th class=\"column-1\">Empresa<br \/>\n<\/th><th class=\"column-2\">Fecha de presentaci\u00f3n de la oferta<\/th><th class=\"column-3\">Tiempo<\/th>\n<\/tr>\n<\/thead>\n<tbody class=\"row-striping row-hover\">\n<tr class=\"row-2\">\n\t<td class=\"column-1\">Seguros Melior<\/td><td class=\"column-2\">29\/Mar<\/td><td class=\"column-3\">11:43<\/td>\n<\/tr>\n<tr class=\"row-3\">\n\t<td class=\"column-1\">Lusitania<\/td><td class=\"column-2\">29\/Mar<\/td><td class=\"column-3\">15:37<\/td>\n<\/tr>\n<tr class=\"row-4\">\n\t<td class=\"column-1\">Willis - Corredores de seguros<\/td><td class=\"column-2\">29\/Mar<\/td><td class=\"column-3\">17:48<\/td>\n<\/tr>\n<tr class=\"row-5\">\n\t<td class=\"column-1\">New-Call - Mediaci\u00f3n de seguros<\/td><td class=\"column-2\">29\/Mar<\/td><td class=\"column-3\">18:07<\/td>\n<\/tr>\n<\/tbody>\n<\/table>\n<!-- #tablepress-17 from cache --><\/div>\n\t\t\t\t\t\t<\/div>\n\t\t\t\t<\/div>\n\t\t\t\t<div class=\"elementor-element elementor-element-8c161a9 elementor-widget elementor-widget-heading\" data-id=\"8c161a9\" data-element_type=\"widget\" data-e-type=\"widget\" data-widget_type=\"heading.default\">\n\t\t\t\t<div class=\"elementor-widget-container\">\n\t\t\t\t\t<h3 class=\"elementor-heading-title elementor-size-default\">Propuestas aceptadas \/ excluidas<\/h3>\t\t\t\t<\/div>\n\t\t\t\t<\/div>\n\t\t\t\t<div class=\"elementor-element elementor-element-e6e448d elementor-widget elementor-widget-text-editor\" data-id=\"e6e448d\" data-element_type=\"widget\" data-e-type=\"widget\" data-widget_type=\"text-editor.default\">\n\t\t\t\t<div class=\"elementor-widget-container\">\n\t\t\t\t\t\t\t\t\t<p>Por decisi\u00f3n del jurado, las propuestas de los licitadores se consideraron admisibles:<\/p>\n<ul>\n<li>Seguros Melior<\/li>\n<li>Lusitania<\/li>\n<li>Willis - Corredores de seguros<\/li>\n<\/ul>\n<p>La candidatura de New-Call - Media\u00e7\u00e3o de Seguros fue rechazada porque no present\u00f3 su propuesta en el plazo previsto, ni tampoco todos los documentos exigidos en el pliego de condiciones.<\/p>\t\t\t\t\t\t\t\t<\/div>\n\t\t\t\t<\/div>\n\t\t\t\t\t<\/div>\n\t\t<\/div>\n\t\t\t\t\t<\/div>\n\t\t<\/section>\n\t\t\t\t<\/div>","protected":false},"excerpt":{"rendered":"<p>Licitaci\u00f3n P\u00fablica para la Adquisici\u00f3n de Servicios de Seguro de Responsabilidad Civil Profesional para los Colegiados del Colegio de Fisioterapeutas. Pliego de Condiciones del Programa de Licitaciones DRE - Anuncio 2856\/2022* Fecha l\u00edmite de presentaci\u00f3n de ofertas: 18:00 horas del 29\/03\/2022 (n\u00ba 1 del art\u00edculo 11 del CP) Fecha l\u00edmite de presentaci\u00f3n de solicitudes de aclaraci\u00f3n... <a title=\"Concursos\" class=\"read-more\" href=\"https:\/\/staging.ordemdosfisioterapeutas.pt\/es\/concursos\/\" aria-label=\"M\u00e1s informaci\u00f3n sobre Concursos\">Seguir leyendo<\/a><\/p>","protected":false},"author":1,"featured_media":0,"parent":0,"menu_order":0,"comment_status":"closed","ping_status":"closed","template":"","meta":{"footnotes":""},"class_list":["post-4104","page","type-page","status-publish"],"_links":{"self":[{"href":"https:\/\/staging.ordemdosfisioterapeutas.pt\/es\/wp-json\/wp\/v2\/pages\/4104","targetHints":{"allow":["GET"]}}],"collection":[{"href":"https:\/\/staging.ordemdosfisioterapeutas.pt\/es\/wp-json\/wp\/v2\/pages"}],"about":[{"href":"https:\/\/staging.ordemdosfisioterapeutas.pt\/es\/wp-json\/wp\/v2\/types\/page"}],"author":[{"embeddable":true,"href":"https:\/\/staging.ordemdosfisioterapeutas.pt\/es\/wp-json\/wp\/v2\/users\/1"}],"replies":[{"embeddable":true,"href":"https:\/\/staging.ordemdosfisioterapeutas.pt\/es\/wp-json\/wp\/v2\/comments?post=4104"}],"version-history":[{"count":0,"href":"https:\/\/staging.ordemdosfisioterapeutas.pt\/es\/wp-json\/wp\/v2\/pages\/4104\/revisions"}],"wp:attachment":[{"href":"https:\/\/staging.ordemdosfisioterapeutas.pt\/es\/wp-json\/wp\/v2\/media?parent=4104"}],"curies":[{"name":"wp","href":"https:\/\/api.w.org\/{rel}","templated":true}]}}