{"id":419,"date":"2020-09-30T17:52:13","date_gmt":"2020-09-30T17:52:13","guid":{"rendered":"https:\/\/staging.ordemdosfisioterapeutas.pt\/?page_id=419"},"modified":"2023-05-08T11:29:19","modified_gmt":"2023-05-08T10:29:19","slug":"instituicoes-de-ensino-em-fisioterapia","status":"publish","type":"page","link":"https:\/\/staging.ordemdosfisioterapeutas.pt\/es\/instituicoes-de-ensino-em-fisioterapia\/","title":{"rendered":"Centros de ense\u00f1anza de fisioterapia"},"content":{"rendered":"<div data-elementor-type=\"wp-page\" data-elementor-id=\"419\" class=\"elementor elementor-419\" data-elementor-post-type=\"page\">\n\t\t\t\t\t\t<section class=\"elementor-section elementor-top-section elementor-element elementor-element-8854d61 elementor-section-boxed elementor-section-height-default elementor-section-height-default\" data-id=\"8854d61\" data-element_type=\"section\" data-e-type=\"section\">\n\t\t\t\t\t\t<div class=\"elementor-container elementor-column-gap-default\">\n\t\t\t\t\t<div class=\"elementor-column elementor-col-100 elementor-top-column elementor-element elementor-element-eb0ff96\" data-id=\"eb0ff96\" data-element_type=\"column\" data-e-type=\"column\">\n\t\t\t<div class=\"elementor-widget-wrap elementor-element-populated\">\n\t\t\t\t\t\t<div class=\"elementor-element elementor-element-26a15ab elementor-widget elementor-widget-text-editor\" data-id=\"26a15ab\" data-element_type=\"widget\" data-e-type=\"widget\" data-widget_type=\"text-editor.default\">\n\t\t\t\t<div class=\"elementor-widget-container\">\n\t\t\t\t\t\t\t\t\t<p>Puede haber discrepancias ocasionales o retrasos en ciertas actualizaciones de la informaci\u00f3n proporcionada en esta p\u00e1gina. El Colegio de Fisioterapeutas no garantiza su exactitud ni se hace responsable de la reproducci\u00f3n accidental de datos incorrectos.<\/p>\t\t\t\t\t\t\t\t<\/div>\n\t\t\t\t<\/div>\n\t\t\t\t\t<\/div>\n\t\t<\/div>\n\t\t\t\t\t<\/div>\n\t\t<\/section>\n\t\t\t\t<section class=\"elementor-section elementor-top-section elementor-element elementor-element-601d6960 elementor-section-boxed elementor-section-height-default elementor-section-height-default\" data-id=\"601d6960\" data-element_type=\"section\" data-e-type=\"section\">\n\t\t\t\t\t\t<div class=\"elementor-container elementor-column-gap-default\">\n\t\t\t\t\t<div class=\"elementor-column elementor-col-100 elementor-top-column elementor-element elementor-element-479cd00e\" data-id=\"479cd00e\" data-element_type=\"column\" data-e-type=\"column\">\n\t\t\t<div class=\"elementor-widget-wrap elementor-element-populated\">\n\t\t\t\t\t\t<div class=\"elementor-element elementor-element-0355c7a elementor-widget elementor-widget-heading\" data-id=\"0355c7a\" data-element_type=\"widget\" data-e-type=\"widget\" data-widget_type=\"heading.default\">\n\t\t\t\t<div class=\"elementor-widget-container\">\n\t\t\t\t\t<h2 class=\"elementor-heading-title elementor-size-default\">Licencia<\/h2>\t\t\t\t<\/div>\n\t\t\t\t<\/div>\n\t\t\t\t\t<\/div>\n\t\t<\/div>\n\t\t\t\t\t<\/div>\n\t\t<\/section>\n\t\t\t\t<section class=\"elementor-section elementor-top-section elementor-element elementor-element-ab3d21a elementor-section-boxed elementor-section-height-default elementor-section-height-default\" data-id=\"ab3d21a\" data-element_type=\"section\" data-e-type=\"section\">\n\t\t\t\t\t\t<div class=\"elementor-container elementor-column-gap-default\">\n\t\t\t\t\t<div class=\"elementor-column elementor-col-100 elementor-top-column elementor-element elementor-element-2a51929\" data-id=\"2a51929\" data-element_type=\"column\" data-e-type=\"column\">\n\t\t\t<div class=\"elementor-widget-wrap elementor-element-populated\">\n\t\t\t\t\t\t<div class=\"elementor-element elementor-element-bed301d elementor-widget elementor-widget-text-editor\" data-id=\"bed301d\" data-element_type=\"widget\" data-e-type=\"widget\" data-widget_type=\"text-editor.default\">\n\t\t\t\t<div class=\"elementor-widget-container\">\n\t\t\t\t\t\t\t\t\t<p>Actualmente est\u00e1n acreditadas las siguientes instituciones de ense\u00f1anza de fisioterapia:<\/p><ul><li><span style=\"text-decoration: underline;\"><a href=\"https:\/\/www.essatla.pt\/\" target=\"_blank\" rel=\"noopener\">Escuela de Salud del Atl\u00e1ntico (ESSATLA)<\/a><\/span><\/li><li><span style=\"text-decoration: underline;\"><a href=\"http:\/\/esscvp.eu\/\">Escuela de Salud de la Cruz Roja Portuguesa<\/a><\/span><\/li><li><span style=\"text-decoration: underline;\"><a href=\"http:\/\/www.ua.pt\/essua\/\">Escuela de Salud de la Universidad de Aveiro<\/a><\/span><\/li><li><span style=\"text-decoration: underline;\"><a href=\"http:\/\/www.ipleiria.pt\/esslei\/\">Escuela de Salud de Leiria<\/a><\/span><\/li><li><span style=\"text-decoration: underline;\"><a href=\"http:\/\/www.ess.ipp.pt\/\">Escuela Polit\u00e9cnica de Salud de Oporto<\/a><\/span><\/li><li><span style=\"text-decoration: underline;\"><a href=\"http:\/\/www.santamariasaude.pt\/\">Escuela de Salud Santa Mar\u00eda<\/a><\/span><\/li><li><span style=\"text-decoration: underline;\"><a href=\"http:\/\/www.ess.ips.pt\/\">Escuela de Salud de Set\u00fabal<\/a><\/span><\/li><li><span style=\"text-decoration: underline;\"><a href=\"http:\/\/www.essa.pt\/portal\">Escuela de Salud de Alcoit\u00e3o<\/a><\/span><\/li><li><span style=\"text-decoration: underline;\"><a href=\"http:\/\/www.cespu.pt\/ensino\/ensino-politecnico\/departamentos-da-essva\">Escuela de Salud Vale do Ave<\/a><\/span><\/li><li><span style=\"text-decoration: underline;\"><a href=\"http:\/\/www.cespu.pt\/ensino\/ensino-politecnico\/departamentos-da-essvs\" target=\"_blank\" rel=\"noopener\">Escuela de Tecnolog\u00edas Sanitarias T\u00e2mega e Sousa<\/a><\/span><\/li><li><span style=\"text-decoration: underline;\"><a href=\"http:\/\/www.ipcb.pt\/esald\/escola-superior-de-saude-dr-lopes-dias\">Escuela de Salud Dr. Lopes Dias<\/a><\/span><\/li><li><span style=\"text-decoration: underline;\"><a href=\"http:\/\/www.egasmoniz.com.pt\/\">Escuela de Salud Egas Moniz<\/a><\/span><\/li><li><span style=\"text-decoration: underline;\"><a href=\"http:\/\/ipiaget.org\/escola-superior-de-saude-silves\/\">Escuela de Salud Jean Piaget - Silves<\/a><\/span><\/li><li><span style=\"text-decoration: underline;\"><a href=\"http:\/\/ipiaget.org\/escola-superior-de-saude-viseu\">Escuela Jean Piaget de Salud - Viseu<\/a><\/span><\/li><li><span style=\"text-decoration: underline;\"><a href=\"http:\/\/ipiaget.org\/escola-superior-de-saude-vila-nova-de-gaia\">Escuela Jean Piaget de la Salud - V. N. Gaia<\/a><\/span><\/li><li><span style=\"text-decoration: underline;\"><a href=\"http:\/\/www.estescoimbra.pt\/\">Escuela de Tecnolog\u00eda Sanitaria de Coimbra<\/a><\/span><\/li><li><span style=\"text-decoration: underline;\"><a href=\"http:\/\/www.estesl.ipl.pt\/\">Escuela de Tecnolog\u00eda Sanitaria de Lisboa<\/a><\/span><\/li><li><span style=\"text-decoration: underline;\"><a href=\"http:\/\/www.isave.pt\/isavenovo\/index.php\/pt\/2015-11-12-10-14-26\/licenciaturas\/fisioterapia\">Instituto Superior de Salud Alto Ave<\/a><\/span><\/li><li><span style=\"text-decoration: underline;\"><a href=\"http:\/\/www.ufp.pt\/\">Escuela Universitaria de Salud Fernando Pessoa<\/a><\/span><\/li><li><span style=\"text-decoration: underline;\"><a href=\"https:\/\/ess.ualg.pt\/curso\/1914\">Escuela de Salud de la Universidad del Algarve<\/a><\/span><\/li><li><span style=\"text-decoration: underline;\"><a href=\"https:\/\/www.essnortecvp.pt\/pt\/cursos\/fisioterapia\/\" target=\"_blank\" rel=\"noopener\">Cruz Roja Portuguesa Escuela de Salud del Norte<\/a><\/span><\/li><li><span style=\"text-decoration: underline;\"><a href=\"https:\/\/portal3.ipb.pt\/index.php\/pt\/guiaects\/cursos\/licenciaturas\/curso?cod_escola=7015&amp;cod_curso=9504\" target=\"_blank\" rel=\"noopener\">Escuela de Salud de Bragan\u00e7a<\/a><\/span><\/li><\/ul><p><!-- \/wp:paragraph --><\/p>\t\t\t\t\t\t\t\t<\/div>\n\t\t\t\t<\/div>\n\t\t\t\t\t<\/div>\n\t\t<\/div>\n\t\t\t\t\t<\/div>\n\t\t<\/section>\n\t\t\t\t<\/div>","protected":false},"excerpt":{"rendered":"<p>Puede haber discrepancias ocasionales o retrasos en ciertas actualizaciones de la informaci\u00f3n proporcionada en esta p\u00e1gina. El Colegio de Fisioterapeutas no garantiza su exactitud, ni se responsabiliza de la reproducci\u00f3n accidental de datos incorrectos. Titulaci\u00f3n Actualmente est\u00e1n acreditadas las siguientes instituciones de ense\u00f1anza de fisioterapia: Escola Superior de Sa\u00fade Atl\u00e2ntica (ESSATLA) Escola Superior de Sa\u00fade da Cruz ... <a title=\"Centros de ense\u00f1anza de fisioterapia\" class=\"read-more\" href=\"https:\/\/staging.ordemdosfisioterapeutas.pt\/es\/instituicoes-de-ensino-em-fisioterapia\/\" aria-label=\"M\u00e1s informaci\u00f3n sobre los centros de ense\u00f1anza de fisioterapia\">Seguir leyendo<\/a><\/p>","protected":false},"author":1,"featured_media":0,"parent":0,"menu_order":0,"comment_status":"closed","ping_status":"closed","template":"","meta":{"footnotes":""},"class_list":["post-419","page","type-page","status-publish"],"_links":{"self":[{"href":"https:\/\/staging.ordemdosfisioterapeutas.pt\/es\/wp-json\/wp\/v2\/pages\/419","targetHints":{"allow":["GET"]}}],"collection":[{"href":"https:\/\/staging.ordemdosfisioterapeutas.pt\/es\/wp-json\/wp\/v2\/pages"}],"about":[{"href":"https:\/\/staging.ordemdosfisioterapeutas.pt\/es\/wp-json\/wp\/v2\/types\/page"}],"author":[{"embeddable":true,"href":"https:\/\/staging.ordemdosfisioterapeutas.pt\/es\/wp-json\/wp\/v2\/users\/1"}],"replies":[{"embeddable":true,"href":"https:\/\/staging.ordemdosfisioterapeutas.pt\/es\/wp-json\/wp\/v2\/comments?post=419"}],"version-history":[{"count":0,"href":"https:\/\/staging.ordemdosfisioterapeutas.pt\/es\/wp-json\/wp\/v2\/pages\/419\/revisions"}],"wp:attachment":[{"href":"https:\/\/staging.ordemdosfisioterapeutas.pt\/es\/wp-json\/wp\/v2\/media?parent=419"}],"curies":[{"name":"wp","href":"https:\/\/api.w.org\/{rel}","templated":true}]}}