{"id":4840,"date":"2022-07-14T13:26:08","date_gmt":"2022-07-14T12:26:08","guid":{"rendered":"https:\/\/staging.ordemdosfisioterapeutas.pt\/?page_id=4840"},"modified":"2022-07-14T13:36:50","modified_gmt":"2022-07-14T12:36:50","slug":"especialidades-em-fisioterapia","status":"publish","type":"page","link":"https:\/\/staging.ordemdosfisioterapeutas.pt\/es\/especialidades-em-fisioterapia\/","title":{"rendered":"Especialidades de fisioterapia"},"content":{"rendered":"<div data-elementor-type=\"wp-page\" data-elementor-id=\"4840\" class=\"elementor elementor-4840\" data-elementor-post-type=\"page\">\n\t\t\t\t\t\t<section class=\"elementor-section elementor-top-section elementor-element elementor-element-3e120a5 elementor-section-boxed elementor-section-height-default elementor-section-height-default\" data-id=\"3e120a5\" data-element_type=\"section\" data-e-type=\"section\">\n\t\t\t\t\t\t<div class=\"elementor-container elementor-column-gap-default\">\n\t\t\t\t\t<div class=\"elementor-column elementor-col-100 elementor-top-column elementor-element elementor-element-dd476f6\" data-id=\"dd476f6\" data-element_type=\"column\" data-e-type=\"column\">\n\t\t\t<div class=\"elementor-widget-wrap elementor-element-populated\">\n\t\t\t\t\t\t<div class=\"elementor-element elementor-element-4c18a55 elementor-widget elementor-widget-heading\" data-id=\"4c18a55\" data-element_type=\"widget\" data-e-type=\"widget\" data-widget_type=\"heading.default\">\n\t\t\t\t<div class=\"elementor-widget-container\">\n\t\t\t\t\t<h2 class=\"elementor-heading-title elementor-size-default\">Especializaci\u00f3n en Fisioterapia - Marco conceptual<\/h2>\t\t\t\t<\/div>\n\t\t\t\t<\/div>\n\t\t\t\t<div class=\"elementor-element elementor-element-1febedf elementor-widget elementor-widget-text-editor\" data-id=\"1febedf\" data-element_type=\"widget\" data-e-type=\"widget\" data-widget_type=\"text-editor.default\">\n\t\t\t\t<div class=\"elementor-widget-container\">\n\t\t\t\t\t\t\t\t\t<p>La especializaci\u00f3n de los fisioterapeutas tiene como objetivo mejorar los est\u00e1ndares de calidad de la prestaci\u00f3n de cuidados de fisioterapia a los usuarios y promover su desarrollo profesional continuo.<\/p><p>Como referencia, se consideran imprescindibles los siguientes <span style=\"text-decoration: underline;\"><a href=\"https:\/\/www.wcpt.org\/policy\/ps-specialisation\" target=\"_blank\" rel=\"noopener\">directrices<\/a><\/span> de la Confederaci\u00f3n Mundial de Fisioterapia (WCPT) sobre esta cuesti\u00f3n, a saber, los siguientes supuestos:<\/p><ul><li>Las especialidades son \u00e1reas de estudio y pr\u00e1ctica de la Fisioterapia en las que es posible que los fisioterapeutas adquieran y demuestren \"competencias avanzadas \/ aumentadas\" en relaci\u00f3n con las requeridas para el acceso a la profesi\u00f3n y al t\u00edtulo profesional.<\/li><li>Debe haber un proceso formal y documentado de especializaci\u00f3n, que reconozca estas competencias en particular las cl\u00ednicas.<\/li><li>La especializaci\u00f3n no debe considerarse una limitaci\u00f3n de la pr\u00e1ctica. El campo de actividad reconocido como fisioterapia permanecer\u00e1 abierto a todos los fisioterapeutas debidamente cualificados.<\/li><li>Los especialistas deben desarrollar su actividad profesional en su \u00e1rea de especializaci\u00f3n cl\u00ednica, contribuir a la ense\u00f1anza y a la evaluaci\u00f3n de la pr\u00e1ctica profesional, con vistas a mejorar los servicios prestados. Tambi\u00e9n se espera que lleven a cabo proyectos de investigaci\u00f3n y contribuyan al desarrollo y la difusi\u00f3n de conocimientos en su \u00e1rea de especializaci\u00f3n.<\/li><\/ul><p>Por lo tanto, ser\u00e1 importante considerar tres elementos sustanciales en el proceso de especializaci\u00f3n:<\/p><ul><li>La posesi\u00f3n de una formaci\u00f3n de postgrado avanzada, con reconocimiento acad\u00e9mico;<\/li><li>La demostraci\u00f3n de competencias (<em>habilidades<\/em>) experiencia cl\u00ednica y probada, en el \u00e1rea de especializaci\u00f3n;<\/li><li>El desarrollo de competencias en el \u00e1mbito de la investigaci\u00f3n (an\u00e1lisis cr\u00edtico de la investigaci\u00f3n publicada, como apoyo a una pr\u00e1ctica basada en la evidencia cient\u00edfica, con una contribuci\u00f3n publicada al desarrollo del conocimiento en el \u00e1rea de especializaci\u00f3n).<\/li><\/ul><p>El Consejo de la Orden de Fisioterapeutas considera que el perfil del especialista encaja claramente en los descriptores del t\u00edtulo acad\u00e9mico de m\u00e1ster, siendo \u00e9ste una v\u00eda potencial, pero no la \u00fanica, en el proceso formal de reconocimiento de la condici\u00f3n de especialista.<\/p><p>La concesi\u00f3n del estatuto de especialista presupone que es el titular quien debe demostrar peri\u00f3dicamente que sigue siendo merecedor de dicho estatuto, lo que implica un sistema de renovaci\u00f3n de la posesi\u00f3n del t\u00edtulo de especialista.<\/p><p>Se considera prudente definir un n\u00famero reducido de especialidades, a ser posible en paridad con la pr\u00e1ctica internacional o con la de los pa\u00edses de referencia. En los casos en los que no se justifica la creaci\u00f3n de una especialidad aut\u00f3noma, se puede crear un sistema de certificaci\u00f3n de la competencia, alternativo al de las especialidades.<\/p>\t\t\t\t\t\t\t\t<\/div>\n\t\t\t\t<\/div>\n\t\t\t\t<div class=\"elementor-element elementor-element-613ce13 elementor-widget elementor-widget-heading\" data-id=\"613ce13\" data-element_type=\"widget\" data-e-type=\"widget\" data-widget_type=\"heading.default\">\n\t\t\t\t<div class=\"elementor-widget-container\">\n\t\t\t\t\t<h2 class=\"elementor-heading-title elementor-size-default\">Creaci\u00f3n del Quadro de Especialidades Profissionais de Fisioterapia en Portugal<\/h2>\t\t\t\t<\/div>\n\t\t\t\t<\/div>\n\t\t\t\t<div class=\"elementor-element elementor-element-ada17fd elementor-widget elementor-widget-text-editor\" data-id=\"ada17fd\" data-element_type=\"widget\" data-e-type=\"widget\" data-widget_type=\"text-editor.default\">\n\t\t\t\t<div class=\"elementor-widget-container\">\n\t\t\t\t\t\t\t\t\t<p>Una de las atribuciones de la Orden, establecida en el art\u00edculo 4 de su <span style=\"text-decoration: underline;\"><a href=\"https:\/\/staging.ordemdosfisioterapeutas.pt\/es\/estatuto-e-regulamentos\/\" target=\"_blank\" rel=\"noopener\">Estatus<\/a><\/span>El objetivo del t\u00edtulo de especialista es \"conferir el t\u00edtulo de especialista a los fisioterapeutas que cumplan los requisitos establecidos por los organismos competentes\".<\/p><p>Seg\u00fan el apartado j) del art\u00edculo 26 del Estatuto de la Orden de Fisioterapeutas, corresponde a la Junta Directiva de la Orden proponer al Consejo General, la creaci\u00f3n de la lista de especialidades profesionales en fisioterapia.<\/p><p>La preparaci\u00f3n de la propuesta para este marco est\u00e1 incluida en el plan de actividades de 2022 y contin\u00faa el trabajo ya iniciado en el marco de la Comisi\u00f3n Instaladora.<\/p><p>La consecuci\u00f3n del objetivo de crear las Especialidades presupone un conjunto de etapas internas y culminar\u00e1 necesariamente con un periodo de discusi\u00f3n p\u00fablica del proyecto antes de su aprobaci\u00f3n definitiva.<\/p><p>Los documentos de trabajo se pondr\u00e1n progresivamente a disposici\u00f3n de los miembros de la Orden en una pesta\u00f1a especial en <span style=\"text-decoration: underline;\"><a href=\"https:\/\/portal.ordemdosfisioterapeutas.pt\/\" target=\"_blank\" rel=\"noopener\">\u00e1rea reservada<\/a><\/span>.\u00a0<\/p>\t\t\t\t\t\t\t\t<\/div>\n\t\t\t\t<\/div>\n\t\t\t\t\t<\/div>\n\t\t<\/div>\n\t\t\t\t\t<\/div>\n\t\t<\/section>\n\t\t\t\t<\/div>","protected":false},"excerpt":{"rendered":"<p>Especializa\u00e7\u00e3o em Fisioterapia \u2013 Enquadramento conceptual A especializa\u00e7\u00e3o dos Fisioterapeutas visa melhorar os padr\u00f5es de qualidade de presta\u00e7\u00e3o de cuidados de fisioterapia aos utentes e promover o seu desenvolvimento profissional cont\u00ednuo. S\u00e3o consideradas essenciais, como refer\u00eancia, as diretrizes da World Confederation for Physical Therapy (WCPT) nesta mat\u00e9ria, nomeadamente os seguintes pressupostos: As especialidades s\u00e3o \u00e1reas &#8230; <a title=\"Especialidades de fisioterapia\" class=\"read-more\" href=\"https:\/\/staging.ordemdosfisioterapeutas.pt\/es\/especialidades-em-fisioterapia\/\" aria-label=\"Leer m\u00e1s sobre Especialidades em Fisioterapia\">Seguir leyendo<\/a><\/p>","protected":false},"author":1,"featured_media":0,"parent":0,"menu_order":0,"comment_status":"closed","ping_status":"closed","template":"","meta":{"footnotes":""},"class_list":["post-4840","page","type-page","status-publish"],"_links":{"self":[{"href":"https:\/\/staging.ordemdosfisioterapeutas.pt\/es\/wp-json\/wp\/v2\/pages\/4840","targetHints":{"allow":["GET"]}}],"collection":[{"href":"https:\/\/staging.ordemdosfisioterapeutas.pt\/es\/wp-json\/wp\/v2\/pages"}],"about":[{"href":"https:\/\/staging.ordemdosfisioterapeutas.pt\/es\/wp-json\/wp\/v2\/types\/page"}],"author":[{"embeddable":true,"href":"https:\/\/staging.ordemdosfisioterapeutas.pt\/es\/wp-json\/wp\/v2\/users\/1"}],"replies":[{"embeddable":true,"href":"https:\/\/staging.ordemdosfisioterapeutas.pt\/es\/wp-json\/wp\/v2\/comments?post=4840"}],"version-history":[{"count":0,"href":"https:\/\/staging.ordemdosfisioterapeutas.pt\/es\/wp-json\/wp\/v2\/pages\/4840\/revisions"}],"wp:attachment":[{"href":"https:\/\/staging.ordemdosfisioterapeutas.pt\/es\/wp-json\/wp\/v2\/media?parent=4840"}],"curies":[{"name":"wp","href":"https:\/\/api.w.org\/{rel}","templated":true}]}}