{"id":5380,"date":"2023-01-26T21:48:23","date_gmt":"2023-01-26T21:48:23","guid":{"rendered":"https:\/\/staging.ordemdosfisioterapeutas.pt\/?page_id=5380"},"modified":"2023-02-08T14:46:08","modified_gmt":"2023-02-08T14:46:08","slug":"repositorio-cientifico","status":"publish","type":"page","link":"https:\/\/staging.ordemdosfisioterapeutas.pt\/es\/repositorio-cientifico\/","title":{"rendered":"Repositorios cient\u00edficos"},"content":{"rendered":"<div data-elementor-type=\"wp-page\" data-elementor-id=\"5380\" class=\"elementor elementor-5380\" data-elementor-post-type=\"page\">\n\t\t\t\t\t\t<section class=\"elementor-section elementor-top-section elementor-element elementor-element-5a008e3 elementor-section-boxed elementor-section-height-default elementor-section-height-default\" data-id=\"5a008e3\" data-element_type=\"section\" data-e-type=\"section\">\n\t\t\t\t\t\t<div class=\"elementor-container elementor-column-gap-default\">\n\t\t\t\t\t<div class=\"elementor-column elementor-col-100 elementor-top-column elementor-element elementor-element-b6aa964\" data-id=\"b6aa964\" data-element_type=\"column\" data-e-type=\"column\">\n\t\t\t<div class=\"elementor-widget-wrap elementor-element-populated\">\n\t\t\t\t\t\t<div class=\"elementor-element elementor-element-88de2c7 elementor-widget elementor-widget-heading\" data-id=\"88de2c7\" data-element_type=\"widget\" data-e-type=\"widget\" data-widget_type=\"heading.default\">\n\t\t\t\t<div class=\"elementor-widget-container\">\n\t\t\t\t\t<h2 class=\"elementor-heading-title elementor-size-default\">Recursos electr\u00f3nicos para repositorios cient\u00edficos <\/h2>\t\t\t\t<\/div>\n\t\t\t\t<\/div>\n\t\t\t\t\t<\/div>\n\t\t<\/div>\n\t\t\t\t\t<\/div>\n\t\t<\/section>\n\t\t\t\t<section class=\"elementor-section elementor-top-section elementor-element elementor-element-62bb1a1 elementor-section-boxed elementor-section-height-default elementor-section-height-default\" data-id=\"62bb1a1\" data-element_type=\"section\" data-e-type=\"section\">\n\t\t\t\t\t\t<div class=\"elementor-container elementor-column-gap-default\">\n\t\t\t\t\t<div class=\"elementor-column elementor-col-100 elementor-top-column elementor-element elementor-element-0ad431b\" data-id=\"0ad431b\" data-element_type=\"column\" data-e-type=\"column\">\n\t\t\t<div class=\"elementor-widget-wrap elementor-element-populated\">\n\t\t\t\t\t\t<div class=\"elementor-element elementor-element-516d7d2 elementor-widget elementor-widget-text-editor\" data-id=\"516d7d2\" data-element_type=\"widget\" data-e-type=\"widget\" data-widget_type=\"text-editor.default\">\n\t\t\t\t<div class=\"elementor-widget-container\">\n\t\t\t\t\t\t\t\t\t<p>La Orden de Fisioterapeutas se compromete a poner a disposici\u00f3n de todos sus miembros bases de datos electr\u00f3nicas de libre acceso sobre producci\u00f3n cient\u00edfica e investigaci\u00f3n de inter\u00e9s para los fisioterapeutas.<\/p><p>El acceso est\u00e1 disponible en el Repositorio Cient\u00edfico Portugu\u00e9s de Acceso Abierto (RCAAP), que tambi\u00e9n incluye OASISbr, b-on, OpenAIRE y Google Scholar.<\/p><p>RCAAP permite ver los textos en su totalidad o consultar \u00fanicamente los metadatos. Tambi\u00e9n es posible consultar art\u00edculos cient\u00edficos, tesinas de m\u00e1ster, monograf\u00edas de licenciatura, tesis doctorales, informes, ponencias y comunicaciones a congresos, entre otros. Puede acceder a la RCAAP en su \u00e1rea reservada, donde tambi\u00e9n encontrar\u00e1 una gu\u00eda pr\u00e1ctica de consulta.<\/p>\t\t\t\t\t\t\t\t<\/div>\n\t\t\t\t<\/div>\n\t\t\t\t<div class=\"elementor-element elementor-element-3f35217 elementor-align-left elementor-widget elementor-widget-button\" data-id=\"3f35217\" data-element_type=\"widget\" data-e-type=\"widget\" data-widget_type=\"button.default\">\n\t\t\t\t<div class=\"elementor-widget-container\">\n\t\t\t\t\t\t\t\t\t<div class=\"elementor-button-wrapper\">\n\t\t\t\t\t<a class=\"elementor-button elementor-button-link elementor-size-sm\" href=\"https:\/\/portal.ordemdosfisioterapeutas.pt\/\" target=\"_blank\">\n\t\t\t\t\t\t<span class=\"elementor-button-content-wrapper\">\n\t\t\t\t\t\t\t\t\t<span class=\"elementor-button-text\">\u00c1rea reservada<\/span>\n\t\t\t\t\t<\/span>\n\t\t\t\t\t<\/a>\n\t\t\t\t<\/div>\n\t\t\t\t\t\t\t\t<\/div>\n\t\t\t\t<\/div>\n\t\t\t\t\t<\/div>\n\t\t<\/div>\n\t\t\t\t\t<\/div>\n\t\t<\/section>\n\t\t\t\t<\/div>","protected":false},"excerpt":{"rendered":"<p>Recursos electr\u00f3nicos a Repositorios Cient\u00edficos La Orden de Fisioterapeutas se compromete a poner a disposici\u00f3n de todos sus miembros bases de datos electr\u00f3nicas de acceso abierto de producci\u00f3n cient\u00edfica e investigaci\u00f3n relevante para los fisioterapeutas. Se puede acceder al Repositorio Cient\u00edfico Portugu\u00e9s de Acceso Abierto (RCAAP), que tambi\u00e9n incluye OASISbr, b-on, ... <a title=\"Repositorios cient\u00edficos\" class=\"read-more\" href=\"https:\/\/staging.ordemdosfisioterapeutas.pt\/es\/repositorio-cientifico\/\" aria-label=\"M\u00e1s informaci\u00f3n sobre dep\u00f3sitos cient\u00edficos\">Seguir leyendo<\/a><\/p>","protected":false},"author":1,"featured_media":0,"parent":0,"menu_order":0,"comment_status":"closed","ping_status":"closed","template":"","meta":{"footnotes":""},"class_list":["post-5380","page","type-page","status-publish"],"_links":{"self":[{"href":"https:\/\/staging.ordemdosfisioterapeutas.pt\/es\/wp-json\/wp\/v2\/pages\/5380","targetHints":{"allow":["GET"]}}],"collection":[{"href":"https:\/\/staging.ordemdosfisioterapeutas.pt\/es\/wp-json\/wp\/v2\/pages"}],"about":[{"href":"https:\/\/staging.ordemdosfisioterapeutas.pt\/es\/wp-json\/wp\/v2\/types\/page"}],"author":[{"embeddable":true,"href":"https:\/\/staging.ordemdosfisioterapeutas.pt\/es\/wp-json\/wp\/v2\/users\/1"}],"replies":[{"embeddable":true,"href":"https:\/\/staging.ordemdosfisioterapeutas.pt\/es\/wp-json\/wp\/v2\/comments?post=5380"}],"version-history":[{"count":0,"href":"https:\/\/staging.ordemdosfisioterapeutas.pt\/es\/wp-json\/wp\/v2\/pages\/5380\/revisions"}],"wp:attachment":[{"href":"https:\/\/staging.ordemdosfisioterapeutas.pt\/es\/wp-json\/wp\/v2\/media?parent=5380"}],"curies":[{"name":"wp","href":"https:\/\/api.w.org\/{rel}","templated":true}]}}