{"id":5811,"date":"2023-05-08T11:06:24","date_gmt":"2023-05-08T10:06:24","guid":{"rendered":"https:\/\/staging.ordemdosfisioterapeutas.pt\/?page_id=5811"},"modified":"2023-05-10T15:14:28","modified_gmt":"2023-05-10T14:14:28","slug":"formacao-pos-graduada","status":"publish","type":"page","link":"https:\/\/staging.ordemdosfisioterapeutas.pt\/es\/formacao-pos-graduada\/","title":{"rendered":"Formaci\u00f3n de posgrado"},"content":{"rendered":"<div data-elementor-type=\"wp-page\" data-elementor-id=\"5811\" class=\"elementor elementor-5811\" data-elementor-post-type=\"page\">\n\t\t\t\t\t\t<section class=\"elementor-section elementor-top-section elementor-element elementor-element-20a38a2 elementor-section-boxed elementor-section-height-default elementor-section-height-default\" data-id=\"20a38a2\" data-element_type=\"section\" data-e-type=\"section\">\n\t\t\t\t\t\t<div class=\"elementor-container elementor-column-gap-default\">\n\t\t\t\t\t<div class=\"elementor-column elementor-col-100 elementor-top-column elementor-element elementor-element-a045288\" data-id=\"a045288\" data-element_type=\"column\" data-e-type=\"column\">\n\t\t\t<div class=\"elementor-widget-wrap elementor-element-populated\">\n\t\t\t\t\t\t<div class=\"elementor-element elementor-element-f09d7ce elementor-widget elementor-widget-heading\" data-id=\"f09d7ce\" data-element_type=\"widget\" data-e-type=\"widget\" data-widget_type=\"heading.default\">\n\t\t\t\t<div class=\"elementor-widget-container\">\n\t\t\t\t\t<h2 class=\"elementor-heading-title elementor-size-default\">Maestro<\/h2>\t\t\t\t<\/div>\n\t\t\t\t<\/div>\n\t\t\t\t\t<\/div>\n\t\t<\/div>\n\t\t\t\t\t<\/div>\n\t\t<\/section>\n\t\t\t\t<section class=\"elementor-section elementor-top-section elementor-element elementor-element-b8e459c elementor-section-boxed elementor-section-height-default elementor-section-height-default\" data-id=\"b8e459c\" data-element_type=\"section\" data-e-type=\"section\">\n\t\t\t\t\t\t<div class=\"elementor-container elementor-column-gap-default\">\n\t\t\t\t\t<div class=\"elementor-column elementor-col-100 elementor-top-column elementor-element elementor-element-4b06869\" data-id=\"4b06869\" data-element_type=\"column\" data-e-type=\"column\">\n\t\t\t<div class=\"elementor-widget-wrap elementor-element-populated\">\n\t\t\t\t\t\t<div class=\"elementor-element elementor-element-a20908e elementor-widget elementor-widget-text-editor\" data-id=\"a20908e\" data-element_type=\"widget\" data-e-type=\"widget\" data-widget_type=\"text-editor.default\">\n\t\t\t\t<div class=\"elementor-widget-container\">\n\t\t\t\t\t\t\t\t\t<p>Programas de M\u00e1ster en Fisioterapia*:<\/p>\t\t\t\t\t\t\t\t<\/div>\n\t\t\t\t<\/div>\n\t\t\t\t<div class=\"elementor-element elementor-element-69a0698 elementor-widget elementor-widget-text-editor\" data-id=\"69a0698\" data-element_type=\"widget\" data-e-type=\"widget\" data-widget_type=\"text-editor.default\">\n\t\t\t\t<div class=\"elementor-widget-container\">\n\t\t\t\t\t\t\t\t\t<ul><li><a href=\"https:\/\/www.ua.pt\/pt\/course\/364\" target=\"_blank\" rel=\"noopener\"><span style=\"text-decoration: underline;\">M\u00e1ster en Fisioterapia<\/span><\/a> - Universidad de Aveiro, Escuela de Salud de Aveiro<br \/>\u00c1rea de especializaci\u00f3n musculoesquel\u00e9tica<br \/>\u00c1rea de especializaci\u00f3n Respiratorio<br \/>Especializaci\u00f3n en deportes<br \/><span style=\"text-decoration: underline;\"><a href=\"https:\/\/a3es.pt\/pt\/resultados-acreditacao\/fisioterapia-37\" target=\"_blank\" rel=\"noopener\">Acreditaci\u00f3n por la A3ES<\/a><\/span> - N\u00famero total de ECTS: 90<\/li><\/ul>\t\t\t\t\t\t\t\t<\/div>\n\t\t\t\t<\/div>\n\t\t\t\t<div class=\"elementor-element elementor-element-23ad654 elementor-widget elementor-widget-text-editor\" data-id=\"23ad654\" data-element_type=\"widget\" data-e-type=\"widget\" data-widget_type=\"text-editor.default\">\n\t\t\t\t<div class=\"elementor-widget-container\">\n\t\t\t\t\t\t\t\t\t<ul><li><a href=\"https:\/\/www.ipleiria.pt\/curso\/fisioterapia\/\" target=\"_blank\" rel=\"noopener\"><span style=\"text-decoration: underline;\">M\u00e1ster en Fisioterapia<\/span><\/a> - Escuela de Salud del Instituto Polit\u00e9cnico de Leiria<br \/>\u00c1rea de especializaci\u00f3n en Fisioterapia Pedi\u00e1trica<br \/>\u00c1rea de Especializaci\u00f3n en Prescripci\u00f3n Fisioterap\u00e9utica Ejercicio F\u00edsico<br \/><span style=\"text-decoration: underline;\"><a href=\"https:\/\/www.a3es.pt\/pt\/resultados-acreditacao\/fisioterapia-47\" target=\"_blank\" rel=\"noopener\">Acreditaci\u00f3n por la A3ES<\/a><\/span> - N\u00famero total de ECTS: 120<\/li><\/ul>\t\t\t\t\t\t\t\t<\/div>\n\t\t\t\t<\/div>\n\t\t\t\t<div class=\"elementor-element elementor-element-5ad739f elementor-widget elementor-widget-text-editor\" data-id=\"5ad739f\" data-element_type=\"widget\" data-e-type=\"widget\" data-widget_type=\"text-editor.default\">\n\t\t\t\t<div class=\"elementor-widget-container\">\n\t\t\t\t\t\t\t\t\t<ul><li><a href=\"https:\/\/www.ipp.pt\/ensino\/cursos\/mestrado\/ess\/649\" target=\"_blank\" rel=\"noopener\"><span style=\"text-decoration: underline;\">M\u00e1ster en Fisioterapia Dermatofuncional<\/span><\/a> - Escuela de Salud - Polit\u00e9cnica de Oporto<br \/><span style=\"text-decoration: underline;\"><a href=\"https:\/\/a3es.pt\/pt\/resultados-acreditacao\/fisioterapia-dermatofuncional\" target=\"_blank\" rel=\"noopener\">Acreditaci\u00f3n por la A3ES<\/a><\/span> - N\u00famero total de ECTS: 120<\/li><\/ul>\t\t\t\t\t\t\t\t<\/div>\n\t\t\t\t<\/div>\n\t\t\t\t<div class=\"elementor-element elementor-element-4fa0565 elementor-widget elementor-widget-text-editor\" data-id=\"4fa0565\" data-element_type=\"widget\" data-e-type=\"widget\" data-widget_type=\"text-editor.default\">\n\t\t\t\t<div class=\"elementor-widget-container\">\n\t\t\t\t\t\t\t\t\t<ul><li><span style=\"text-decoration: underline;\"><a href=\"https:\/\/www.santamariasaude.pt\/mestrados\/mestrado-em-fisioterapia-em-condicoes-neuro-musculo-esqueleticas\/\" target=\"_blank\" rel=\"noopener\">M\u00e1ster en Fisioterapia en Afecciones Neuro-M\u00fasculo-Esquel\u00e9ticas<\/a><\/span> - Escuela de Salud Santa Mar\u00eda<br \/><a href=\"https:\/\/www.a3es.pt\/pt\/resultados-acreditacao\/mestrado-em-fisioterapia-em-condicoes-neuro-musculo-esqueleticas\" target=\"_blank\" rel=\"noopener\"><span style=\"text-decoration: underline;\">Acreditaci\u00f3n por la A3ES<\/span><\/a> - N\u00famero total de ECTS: 90<\/li><\/ul>\t\t\t\t\t\t\t\t<\/div>\n\t\t\t\t<\/div>\n\t\t\t\t<div class=\"elementor-element elementor-element-affb2fc elementor-widget elementor-widget-text-editor\" data-id=\"affb2fc\" data-element_type=\"widget\" data-e-type=\"widget\" data-widget_type=\"text-editor.default\">\n\t\t\t\t<div class=\"elementor-widget-container\">\n\t\t\t\t\t\t\t\t\t<ul><li><a href=\"https:\/\/www.ess.ips.pt\/pr-tica-avan-ada-de-fisioterapia-em-neurologia\" target=\"_blank\" rel=\"noopener\"><span style=\"text-decoration: underline;\">M\u00e1ster en Fisioterapia Avanzada en Neurolog\u00eda<\/span><\/a> - Escuela de Salud del Instituto Polit\u00e9cnico de Set\u00fabal<br \/><span style=\"text-decoration: underline;\"><a href=\"https:\/\/a3es.pt\/pt\/resultados-acreditacao\/mestrado-de-pratica-avancada-de-fisioterapia-em-neurologia\" target=\"_blank\" rel=\"noopener\">Acreditaci\u00f3n por la A3ES<\/a><\/span> - N\u00famero total de ECTS: 90<\/li><\/ul>\t\t\t\t\t\t\t\t<\/div>\n\t\t\t\t<\/div>\n\t\t\t\t<div class=\"elementor-element elementor-element-dac1ee6 elementor-widget elementor-widget-text-editor\" data-id=\"dac1ee6\" data-element_type=\"widget\" data-e-type=\"widget\" data-widget_type=\"text-editor.default\">\n\t\t\t\t<div class=\"elementor-widget-container\">\n\t\t\t\t\t\t\t\t\t<ul><li><a href=\"https:\/\/www.ess.ips.pt\/cursos\/mestrados\/mfcme\" target=\"_blank\" rel=\"noopener\"><span style=\"text-decoration: underline;\">M\u00e1ster en Fisioterapia en Afecciones Musculoesquel\u00e9ticas<\/span><\/a> - Instituto Polit\u00e9cnico de Set\u00fabal - Escuela de Salud; Nueva Universidad de Lisboa - Facultad de Ciencias M\u00e9dicas y Escuela Nacional de Salud P\u00fablica<br \/><a href=\"https:\/\/a3es.pt\/pt\/resultados-acreditacao\/fisioterapia-em-condicoes-musculo-esqueleticas\" target=\"_blank\" rel=\"noopener\"><span style=\"text-decoration: underline;\">Acreditaci\u00f3n por la A3ES<\/span><\/a> - N\u00famero total de ECTS: 120<\/li><\/ul>\t\t\t\t\t\t\t\t<\/div>\n\t\t\t\t<\/div>\n\t\t\t\t<div class=\"elementor-element elementor-element-46059f7 elementor-widget elementor-widget-text-editor\" data-id=\"46059f7\" data-element_type=\"widget\" data-e-type=\"widget\" data-widget_type=\"text-editor.default\">\n\t\t\t\t<div class=\"elementor-widget-container\">\n\t\t\t\t\t\t\t\t\t<ul><li>M\u00e1ster en Fisioterapia - ESSAlcoit\u00e3o - Escola Superior de Sa\u00fade do Alcoit\u00e3o<br \/>\u00c1rea de especializaci\u00f3n en Fisioterapia Neurofuncional<br \/>\u00c1rea de especializaci\u00f3n en Fisioterapia en Afecciones Musculoesquel\u00e9ticas<br \/>\u00c1rea de especializaci\u00f3n en Fisioterapia de la Mujer y Salud P\u00e9lvica<br \/>Acreditado por A3ES - N\u00famero total de ECTS: 120<\/li><\/ul>\t\t\t\t\t\t\t\t<\/div>\n\t\t\t\t<\/div>\n\t\t\t\t<div class=\"elementor-element elementor-element-1f5d52d elementor-widget elementor-widget-text-editor\" data-id=\"1f5d52d\" data-element_type=\"widget\" data-e-type=\"widget\" data-widget_type=\"text-editor.default\">\n\t\t\t\t<div class=\"elementor-widget-container\">\n\t\t\t\t\t\t\t\t\t<ul><li><a href=\"https:\/\/www.cespu.pt\/ensino\/candidaturas\/candidaturas\/mestrado\/\" target=\"_blank\" rel=\"noopener\"><span style=\"text-decoration: underline;\">M\u00e1ster en Fisioterapia<\/span><\/a> - Instituto Polit\u00e9cnico de la Salud del Norte - Escuela de Tecnolog\u00edas Sanitarias T\u00e2mega e Sousa<br \/>\u00c1rea de especializaci\u00f3n en Disfunciones Cervicales y Temporomandibulares<br \/>\u00c1rea de especializaci\u00f3n en Neurolog\u00eda<br \/>\u00c1rea de especializaci\u00f3n Cardiorrespiratoria<br \/><a href=\"https:\/\/www.a3es.pt\/pt\/resultados-acreditacao\/fisioterapia-38\" target=\"_blank\" rel=\"noopener\"><span style=\"text-decoration: underline;\">Acreditaci\u00f3n por la A3ES<\/span><\/a> - N\u00famero total de ECTS: 120<\/li><\/ul>\t\t\t\t\t\t\t\t<\/div>\n\t\t\t\t<\/div>\n\t\t\t\t<div class=\"elementor-element elementor-element-9396781 elementor-widget elementor-widget-text-editor\" data-id=\"9396781\" data-element_type=\"widget\" data-e-type=\"widget\" data-widget_type=\"text-editor.default\">\n\t\t\t\t<div class=\"elementor-widget-container\">\n\t\t\t\t\t\t\t\t\t<ul><li><a href=\"https:\/\/www.egasmoniz.com.pt\/courses\/mestrado-fisioterapia\" target=\"_blank\" rel=\"noopener\"><span style=\"text-decoration: underline;\">M\u00e1ster en Fisioterapia<\/span><\/a> - Escuela de Salud Egas Moniz<br \/>\u00c1rea de especializaci\u00f3n en Fisioterapia Deportiva<br \/>\u00c1rea de especializaci\u00f3n en Fisioterapia Neuromusculoesquel\u00e9tica<br \/><a href=\"https:\/\/www.a3es.pt\/pt\/resultados-acreditacao\/fisioterapia-48\" target=\"_blank\" rel=\"noopener\"><span style=\"text-decoration: underline;\">Acreditaci\u00f3n por la A3ES<\/span><\/a> - N\u00famero total de ECTS: 120<\/li><\/ul>\t\t\t\t\t\t\t\t<\/div>\n\t\t\t\t<\/div>\n\t\t\t\t<div class=\"elementor-element elementor-element-1231d5a elementor-widget elementor-widget-text-editor\" data-id=\"1231d5a\" data-element_type=\"widget\" data-e-type=\"widget\" data-widget_type=\"text-editor.default\">\n\t\t\t\t<div class=\"elementor-widget-container\">\n\t\t\t\t\t\t\t\t\t<ul><li><a href=\"https:\/\/www.estesc.ipc.pt\/index.php\/candidato\/candidaturas-a-mestrados\/fisioterapia\/\" target=\"_blank\" rel=\"noopener\"><span style=\"text-decoration: underline;\">M\u00e1ster en Fisioterapia<\/span><\/a> - Instituto Polit\u00e9cnico de Coimbra - Escuela de Tecnolog\u00eda Sanitaria<br \/>Evaluaci\u00f3n y aplicaci\u00f3n cl\u00ednica del movimiento \u00e1rea de especializaci\u00f3n<br \/><a href=\"https:\/\/www.a3es.pt\/pt\/resultados-acreditacao\/fisioterapia-54\" target=\"_blank\" rel=\"noopener\"><span style=\"text-decoration: underline;\">Acreditaci\u00f3n por la A3ES<\/span><\/a> - N\u00famero total de ECTS: 120<\/li><\/ul>\t\t\t\t\t\t\t\t<\/div>\n\t\t\t\t<\/div>\n\t\t\t\t<div class=\"elementor-element elementor-element-16365de elementor-widget elementor-widget-text-editor\" data-id=\"16365de\" data-element_type=\"widget\" data-e-type=\"widget\" data-widget_type=\"text-editor.default\">\n\t\t\t\t<div class=\"elementor-widget-container\">\n\t\t\t\t\t\t\t\t\t<ul><li><a href=\"https:\/\/www.estesl.ipl.pt\/estudar\/mestrados\/m-fisioterapia\" target=\"_blank\" rel=\"noopener\"><span style=\"text-decoration: underline;\">M\u00e1ster en Fisioterapia<\/span><\/a> - Escuela de Tecnolog\u00eda Sanitaria de Lisboa - Instituto Polit\u00e9cnico de Lisboa<br \/>\u00c1rea de especializaci\u00f3n de Fisioterapia Neurol\u00f3gica<br \/>\u00c1rea de especializaci\u00f3n de Envejecimiento Activo y Fisioterapia<br \/>Fisioterapia en el \u00e1rea de especializaci\u00f3n de Salud de la Mujer<br \/><a href=\"https:\/\/www.a3es.pt\/pt\/resultados-acreditacao\/fisioterapia-41\" target=\"_blank\" rel=\"noopener\"><span style=\"text-decoration: underline;\">Acreditaci\u00f3n por la A3ES<\/span><\/a> - N\u00famero total de ECTS: 120<\/li><\/ul>\t\t\t\t\t\t\t\t<\/div>\n\t\t\t\t<\/div>\n\t\t\t\t<div class=\"elementor-element elementor-element-78b04fa elementor-widget elementor-widget-text-editor\" data-id=\"78b04fa\" data-element_type=\"widget\" data-e-type=\"widget\" data-widget_type=\"text-editor.default\">\n\t\t\t\t<div class=\"elementor-widget-container\">\n\t\t\t\t\t\t\t\t\t<ul><li><a href=\"https:\/\/ess.fernandopessoa.pt\/cursos\/mestrado-fisioterapia\/\" target=\"_blank\" rel=\"noopener\"><span style=\"text-decoration: underline;\">M\u00e1ster en Fisioterapia<\/span><\/a> - Escuela de Salud de la Fundaci\u00f3n Fernando Pessoa<br \/>\u00c1rea de especializaci\u00f3n en Fisioterapia Materno-Infantil<br \/>\u00c1rea de especializaci\u00f3n en Fisioterapia de la senescencia<br \/>\u00c1rea de especializaci\u00f3n en Fisioterapia Deportiva<br \/><span style=\"text-decoration: underline;\"><a href=\"https:\/\/www.a3es.pt\/pt\/resultados-acreditacao\/fisioterapia-57\" target=\"_blank\" rel=\"noopener\">Acreditaci\u00f3n por la A3ES<\/a><\/span> - N\u00famero total de ECTS: 120<\/li><\/ul>\t\t\t\t\t\t\t\t<\/div>\n\t\t\t\t<\/div>\n\t\t\t\t<div class=\"elementor-element elementor-element-226081d elementor-widget elementor-widget-text-editor\" data-id=\"226081d\" data-element_type=\"widget\" data-e-type=\"widget\" data-widget_type=\"text-editor.default\">\n\t\t\t\t<div class=\"elementor-widget-container\">\n\t\t\t\t\t\t\t\t\t<p>*Corresponde a la informaci\u00f3n enviada por las Instituciones de Educaci\u00f3n Superior. Puede haber discrepancias ocasionales o retrasos en determinadas actualizaciones de la informaci\u00f3n facilitada en esta p\u00e1gina. El Colegio de Fisioterapeutas no garantiza su exactitud, ni se responsabiliza de la reproducci\u00f3n accidental de datos incorrectos.<\/p>\t\t\t\t\t\t\t\t<\/div>\n\t\t\t\t<\/div>\n\t\t\t\t\t<\/div>\n\t\t<\/div>\n\t\t\t\t\t<\/div>\n\t\t<\/section>\n\t\t\t\t<\/div>","protected":false},"excerpt":{"rendered":"<p>M\u00e1ster Ciclos Formativos en Fisioterapia*: M\u00e1ster en Fisioterapia - Universidade De Aveiro, Escola Superior De Sa\u00fade De Aveiro\u00c1rea de Especializaci\u00f3n en Musculoesquel\u00e9tico\u00c1rea de Especializaci\u00f3n en Respiratorio\u00c1rea de Especializaci\u00f3n en DeporteAcreditaci\u00f3n por A3ES - N\u00famero total de ECTS: 90 M\u00e1ster en Fisioterapia - Escola Superior de Sa\u00fade do Instituto Polit\u00e9cnico de Leiria\u00c1rea de ... <a title=\"Formaci\u00f3n de posgrado\" class=\"read-more\" href=\"https:\/\/staging.ordemdosfisioterapeutas.pt\/es\/formacao-pos-graduada\/\" aria-label=\"M\u00e1s informaci\u00f3n sobre la formaci\u00f3n de posgrado\">Seguir leyendo<\/a><\/p>","protected":false},"author":1,"featured_media":0,"parent":0,"menu_order":0,"comment_status":"closed","ping_status":"closed","template":"","meta":{"footnotes":""},"class_list":["post-5811","page","type-page","status-publish"],"_links":{"self":[{"href":"https:\/\/staging.ordemdosfisioterapeutas.pt\/es\/wp-json\/wp\/v2\/pages\/5811","targetHints":{"allow":["GET"]}}],"collection":[{"href":"https:\/\/staging.ordemdosfisioterapeutas.pt\/es\/wp-json\/wp\/v2\/pages"}],"about":[{"href":"https:\/\/staging.ordemdosfisioterapeutas.pt\/es\/wp-json\/wp\/v2\/types\/page"}],"author":[{"embeddable":true,"href":"https:\/\/staging.ordemdosfisioterapeutas.pt\/es\/wp-json\/wp\/v2\/users\/1"}],"replies":[{"embeddable":true,"href":"https:\/\/staging.ordemdosfisioterapeutas.pt\/es\/wp-json\/wp\/v2\/comments?post=5811"}],"version-history":[{"count":0,"href":"https:\/\/staging.ordemdosfisioterapeutas.pt\/es\/wp-json\/wp\/v2\/pages\/5811\/revisions"}],"wp:attachment":[{"href":"https:\/\/staging.ordemdosfisioterapeutas.pt\/es\/wp-json\/wp\/v2\/media?parent=5811"}],"curies":[{"name":"wp","href":"https:\/\/api.w.org\/{rel}","templated":true}]}}