{"id":7161,"date":"2024-08-18T19:29:28","date_gmt":"2024-08-18T18:29:28","guid":{"rendered":"https:\/\/staging.ordemdosfisioterapeutas.pt\/?page_id=7161"},"modified":"2024-08-18T19:30:48","modified_gmt":"2024-08-18T18:30:48","slug":"protocolos","status":"publish","type":"page","link":"https:\/\/staging.ordemdosfisioterapeutas.pt\/es\/protocolos\/","title":{"rendered":"Protocolos"},"content":{"rendered":"<div data-elementor-type=\"wp-page\" data-elementor-id=\"7161\" class=\"elementor elementor-7161\" data-elementor-post-type=\"page\">\n\t\t\t\t<div class=\"elementor-element elementor-element-15470f6 e-flex e-con-boxed e-con e-parent\" data-id=\"15470f6\" data-element_type=\"container\" data-e-type=\"container\">\n\t\t\t\t\t<div class=\"e-con-inner\">\n\t\t\t\t<div class=\"elementor-element elementor-element-2a22371 elementor-widget elementor-widget-text-editor\" data-id=\"2a22371\" data-element_type=\"widget\" data-e-type=\"widget\" data-widget_type=\"text-editor.default\">\n\t\t\t\t<div class=\"elementor-widget-container\">\n\t\t\t\t\t\t\t\t\t<p>La Orden de Fisioterapeutas mantiene varios protocolos institucionales destinados a reforzar la cooperaci\u00f3n con diversas organizaciones, tanto nacionales como internacionales. Estos protocolos facilitan el intercambio de conocimientos, la realizaci\u00f3n de proyectos conjuntos y la promoci\u00f3n de buenas pr\u00e1cticas en fisioterapia. Mediante el establecimiento y mantenimiento de estos acuerdos, la Orden garantiza a sus miembros el acceso a una amplia red de recursos y oportunidades que contribuyen al desarrollo profesional y a la mejora continua de los servicios prestados a la sociedad. La Orden mantiene protocolos con las siguientes organizaciones:<\/p><ul><li><a href=\"https:\/\/www.ers.pt\/pt\/\"><span style=\"text-decoration: underline;\">Autoridad de Reglamentaci\u00f3n Sanitaria<\/span> <\/a>(ERS)<\/li><li><span style=\"text-decoration: underline;\"><a href=\"https:\/\/prociv.gov.pt\/pt\/home\/\">Autoridad Nacional de Emergencia y Protecci\u00f3n Civil <\/a><\/span>(ANEPC)<\/li><li><span style=\"text-decoration: underline;\"><a href=\"https:\/\/www.chlc.min-saude.pt\/\">Unidad Local de Salud de S\u00e3o Jos\u00e9 <\/a><\/span>(ULS S\u00e3o Jos\u00e9)<\/li><\/ul>\t\t\t\t\t\t\t\t<\/div>\n\t\t\t\t<\/div>\n\t\t\t\t\t<\/div>\n\t\t\t\t<\/div>\n\t\t\t\t<\/div>","protected":false},"excerpt":{"rendered":"<p>La Orden de Fisioterapeutas mantiene varios protocolos institucionales destinados a reforzar la cooperaci\u00f3n con diversas organizaciones, tanto nacionales como internacionales. Estos protocolos facilitan el intercambio de conocimientos, la realizaci\u00f3n de proyectos conjuntos y la promoci\u00f3n de buenas pr\u00e1cticas en fisioterapia. Mediante el establecimiento y mantenimiento de estos acuerdos, la Orden garantiza a sus miembros el acceso a ... <a title=\"Protocolos\" class=\"read-more\" href=\"https:\/\/staging.ordemdosfisioterapeutas.pt\/es\/protocolos\/\" aria-label=\"M\u00e1s informaci\u00f3n sobre Protocolos\">Seguir leyendo<\/a><\/p>","protected":false},"author":1,"featured_media":0,"parent":0,"menu_order":0,"comment_status":"closed","ping_status":"closed","template":"","meta":{"footnotes":""},"class_list":["post-7161","page","type-page","status-publish"],"_links":{"self":[{"href":"https:\/\/staging.ordemdosfisioterapeutas.pt\/es\/wp-json\/wp\/v2\/pages\/7161","targetHints":{"allow":["GET"]}}],"collection":[{"href":"https:\/\/staging.ordemdosfisioterapeutas.pt\/es\/wp-json\/wp\/v2\/pages"}],"about":[{"href":"https:\/\/staging.ordemdosfisioterapeutas.pt\/es\/wp-json\/wp\/v2\/types\/page"}],"author":[{"embeddable":true,"href":"https:\/\/staging.ordemdosfisioterapeutas.pt\/es\/wp-json\/wp\/v2\/users\/1"}],"replies":[{"embeddable":true,"href":"https:\/\/staging.ordemdosfisioterapeutas.pt\/es\/wp-json\/wp\/v2\/comments?post=7161"}],"version-history":[{"count":0,"href":"https:\/\/staging.ordemdosfisioterapeutas.pt\/es\/wp-json\/wp\/v2\/pages\/7161\/revisions"}],"wp:attachment":[{"href":"https:\/\/staging.ordemdosfisioterapeutas.pt\/es\/wp-json\/wp\/v2\/media?parent=7161"}],"curies":[{"name":"wp","href":"https:\/\/api.w.org\/{rel}","templated":true}]}}