{"id":7429,"date":"2024-12-13T22:26:32","date_gmt":"2024-12-13T22:26:32","guid":{"rendered":"https:\/\/staging.ordemdosfisioterapeutas.pt\/?page_id=7429"},"modified":"2025-02-17T10:12:16","modified_gmt":"2025-02-17T10:12:16","slug":"o-que-o-fisioterapeuta-pode-fazer-por-si","status":"publish","type":"page","link":"https:\/\/staging.ordemdosfisioterapeutas.pt\/es\/o-que-o-fisioterapeuta-pode-fazer-por-si\/","title":{"rendered":"\u00bfQu\u00e9 puede hacer por usted un fisioterapeuta?"},"content":{"rendered":"<div data-elementor-type=\"wp-page\" data-elementor-id=\"7429\" class=\"elementor elementor-7429\" data-elementor-post-type=\"page\">\n\t\t\t\t<div class=\"elementor-element elementor-element-bfef30e e-flex e-con-boxed e-con e-parent\" data-id=\"bfef30e\" data-element_type=\"container\" data-e-type=\"container\">\n\t\t\t\t\t<div class=\"e-con-inner\">\n\t\t\t\t<div class=\"elementor-element elementor-element-67053f3 elementor-widget elementor-widget-text-editor\" data-id=\"67053f3\" data-element_type=\"widget\" data-e-type=\"widget\" data-widget_type=\"text-editor.default\">\n\t\t\t\t<div class=\"elementor-widget-container\">\n\t\t\t\t\t\t\t\t\t<p>El Colegio de Fisioterapeutas desempe\u00f1a un papel regulador esencial, garantizando la calidad de los servicios prestados, protegiendo los intereses de los ciudadanos y asegurando la pr\u00e1ctica \u00e9tica y competente de la fisioterapia en Portugal.<\/p><p>La fisioterapia se define como el estudio, prevenci\u00f3n, diagn\u00f3stico y tratamiento de las condiciones de salud que afectan a las estructuras y funciones del sistema de movimiento, as\u00ed como a la funcionalidad de las personas, grupos o comunidades, considerando las condiciones cinesiopatol\u00f3gicas y patokinesiol\u00f3gicas.<\/p><p>En el proceso de fisioterapia, el fisioterapeuta realiza los siguientes actos:<\/p><p>a) Examen\/evaluaci\u00f3n:<br \/>\u00a0 \u00a0i) Recopilar informaci\u00f3n mediante observaci\u00f3n, entrevista, examen manual, pruebas y otros instrumentos de medici\u00f3n, y medios complementarios de diagn\u00f3stico del sistema de movimiento;<br \/>\u00a0 \u00a0 \u00a0 \u00a0ii) Evaluaci\u00f3n detallada del sistema de movimiento, actividad y participaci\u00f3n;<br \/>\u00a0 \u00a0 \u00a0 iii) Registrar toda la informaci\u00f3n pertinente recogida en el expediente cl\u00ednico.<\/p><p>b) Diagn\u00f3stico fisioterap\u00e9utico: De acuerdo con sus \"leges artis\", elabora el diagn\u00f3stico fisioterap\u00e9utico, teniendo en cuenta las alteraciones del sistema de movimiento, las limitaciones de la actividad y las restricciones de participaci\u00f3n.<\/p><p>c) Pron\u00f3stico y plan de intervenci\u00f3n: Determina las necesidades de intervenci\u00f3n fisioterap\u00e9utica, define los objetivos e indica el plan de intervenci\u00f3n en colaboraci\u00f3n con el paciente, la familia, los cuidadores y\/o representantes, teniendo en cuenta los factores contextuales, y establece el nivel \u00f3ptimo esperado de mejora de la funci\u00f3n y el intervalo de tiempo necesario para alcanzar dicho nivel.<\/p><p>d) Intervenci\u00f3n:<br \/>\u00a0 \u00a0 \u00a0i) Educa, orienta y asesora con vistas a optimizar el sistema de movimiento y adoptar estilos de vida saludables, con repercusiones en la funcionalidad, la calidad de vida relacionada con la salud, la optimizaci\u00f3n de la actividad y la participaci\u00f3n;<br \/>\u00a0 \u00a0 \u00a0 ii) Prescribe, aplica y supervisa la terapia del movimiento, la actividad f\u00edsica y el ejercicio f\u00edsico en el \u00e1mbito de la salud, incluido el ejercicio terap\u00e9utico dirigido en particular al dolor y\/o la disfunci\u00f3n y el ejercicio cl\u00ednico dirigido a poblaciones con enfermedades u otras necesidades sanitarias especiales;<br \/>\u00a0 \u00a0 \u00a0 \u00a0iii) Prescribe, aplica y supervisa la terapia manual, incluida la terapia manipulativa;<br \/>\u00a0 \u00a0 \u00a0 \u00a0iv) Prescribe, aplica y controla la fisioterapia, incluidos los medios electrof\u00edsicos, mec\u00e1nicos y naturales;<br \/>\u00a0 \u00a0 \u00a0 \u00a0v) Prescribe, aplica y supervisa otras intervenciones apoyadas en la ciencia de la fisioterapia, incluidos los recursos tecnol\u00f3gicos, de apoyo y de innovaci\u00f3n.<\/p><p>e) Evaluaci\u00f3n de resultados\/modificaci\u00f3n de la intervenci\u00f3n: Eval\u00faa el impacto de su intervenci\u00f3n, reevalu\u00e1ndola durante y despu\u00e9s de la misma y decidiendo modificarla cuando lo considere necesario.<\/p><p>f) Conclusi\u00f3n del proceso fisioterap\u00e9utico: El proceso fisioterap\u00e9utico se da por concluido cuando se han alcanzado los objetivos previstos y acordados, o si se considera que la intervenci\u00f3n ya no es eficaz.<\/p><p>Para una lectura m\u00e1s detallada, el <span style=\"text-decoration: underline;\"><a href=\"https:\/\/ordemdosfisioterapeutas.pt\/wp-content\/uploads\/2023\/05\/ato-dre.pdf\" target=\"_blank\" rel=\"noopener\">Reglamento de la ley de fisioterapeutas<\/a><\/span>que define el acto profesional propio del fisioterapeuta, estableciendo sus competencias, autonom\u00eda y responsabilidad.<\/p>\t\t\t\t\t\t\t\t<\/div>\n\t\t\t\t<\/div>\n\t\t\t\t\t<\/div>\n\t\t\t\t<\/div>\n\t\t\t\t<\/div>","protected":false},"excerpt":{"rendered":"<p>A Ordem dos Fisioterapeutas desempenha um papel regulador essencial, garantindo a qualidade dos servi\u00e7os prestados, protegendo os interesses dos cidad\u00e3os e assegurando a pr\u00e1tica \u00e9tica e competente da fisioterapia em Portugal. A Fisioterapia define-se como o estudo, a preven\u00e7\u00e3o, o diagn\u00f3stico e o tratamento de condi\u00e7\u00f5es de sa\u00fade que afetam as estruturas e fun\u00e7\u00f5es do &#8230; <a title=\"\u00bfQu\u00e9 puede hacer por usted un fisioterapeuta?\" class=\"read-more\" href=\"https:\/\/staging.ordemdosfisioterapeutas.pt\/es\/o-que-o-fisioterapeuta-pode-fazer-por-si\/\" aria-label=\"Leer m\u00e1s sobre O que o Fisioterapeuta pode fazer por si?\">Seguir leyendo<\/a><\/p>","protected":false},"author":1,"featured_media":0,"parent":0,"menu_order":0,"comment_status":"closed","ping_status":"closed","template":"","meta":{"footnotes":""},"class_list":["post-7429","page","type-page","status-publish"],"_links":{"self":[{"href":"https:\/\/staging.ordemdosfisioterapeutas.pt\/es\/wp-json\/wp\/v2\/pages\/7429","targetHints":{"allow":["GET"]}}],"collection":[{"href":"https:\/\/staging.ordemdosfisioterapeutas.pt\/es\/wp-json\/wp\/v2\/pages"}],"about":[{"href":"https:\/\/staging.ordemdosfisioterapeutas.pt\/es\/wp-json\/wp\/v2\/types\/page"}],"author":[{"embeddable":true,"href":"https:\/\/staging.ordemdosfisioterapeutas.pt\/es\/wp-json\/wp\/v2\/users\/1"}],"replies":[{"embeddable":true,"href":"https:\/\/staging.ordemdosfisioterapeutas.pt\/es\/wp-json\/wp\/v2\/comments?post=7429"}],"version-history":[{"count":0,"href":"https:\/\/staging.ordemdosfisioterapeutas.pt\/es\/wp-json\/wp\/v2\/pages\/7429\/revisions"}],"wp:attachment":[{"href":"https:\/\/staging.ordemdosfisioterapeutas.pt\/es\/wp-json\/wp\/v2\/media?parent=7429"}],"curies":[{"name":"wp","href":"https:\/\/api.w.org\/{rel}","templated":true}]}}