{"id":744,"date":"2020-10-06T15:00:43","date_gmt":"2020-10-06T15:00:43","guid":{"rendered":"https:\/\/staging.ordemdosfisioterapeutas.pt\/?page_id=744"},"modified":"2024-05-16T11:44:32","modified_gmt":"2024-05-16T10:44:32","slug":"balcao-unico","status":"publish","type":"page","link":"https:\/\/staging.ordemdosfisioterapeutas.pt\/es\/balcao-unico\/","title":{"rendered":"Ventanilla \u00fanica"},"content":{"rendered":"<div data-elementor-type=\"wp-page\" data-elementor-id=\"744\" class=\"elementor elementor-744\" data-elementor-post-type=\"page\">\n\t\t\t\t\t\t<section class=\"elementor-section elementor-top-section elementor-element elementor-element-1525c8b elementor-section-boxed elementor-section-height-default elementor-section-height-default\" data-id=\"1525c8b\" data-element_type=\"section\" data-e-type=\"section\">\n\t\t\t\t\t\t<div class=\"elementor-container elementor-column-gap-default\">\n\t\t\t\t\t<div class=\"elementor-column elementor-col-100 elementor-top-column elementor-element elementor-element-01653c5\" data-id=\"01653c5\" data-element_type=\"column\" data-e-type=\"column\">\n\t\t\t<div class=\"elementor-widget-wrap elementor-element-populated\">\n\t\t\t\t\t\t<div class=\"elementor-element elementor-element-f6f67fa elementor-widget elementor-widget-text-editor\" data-id=\"f6f67fa\" data-element_type=\"widget\" data-e-type=\"widget\" data-widget_type=\"text-editor.default\">\n\t\t\t\t<div class=\"elementor-widget-container\">\n\t\t\t\t\t\t\t\t\t<p style=\"font-weight: 400;\"><em>El Balc\u00e3o \u00danico Eletr\u00f3nico es una plataforma en l\u00ednea dise\u00f1ada para facilitar la relaci\u00f3n entre el Colegio de Fisioterapeutas, sus miembros y la comunidad, con el objetivo de reducir la burocracia y simplificar los procedimientos.\u00a0<\/em><\/p><p style=\"font-weight: 400;\"><em>Aqu\u00ed puede consultar informaci\u00f3n sobre la Orden, solicitar documentos y realizar su pago (si procede). <\/em><\/p><p style=\"font-weight: 400;\"><em>Esta plataforma centraliza la informaci\u00f3n sobre los servicios prestados por el Colegio de Fisioterapeutas, ofreciendo la posibilidad de realizar de forma directa e inmediata todos los actos y tr\u00e1mites necesarios para el acceso y ejercicio de una actividad de servicios, incluidos los medios de pago electr\u00f3nico, as\u00ed como el seguimiento y consulta de los respectivos procedimientos.<\/em><\/p><p style=\"font-weight: 400;\"><em>El Balc\u00e3o \u00danico Eletr\u00f3nico tambi\u00e9n incluye informaci\u00f3n variada sobre los servicios prestados por otros organismos p\u00fablicos y el acceso a sus portales.<\/em><\/p>\t\t\t\t\t\t\t\t<\/div>\n\t\t\t\t<\/div>\n\t\t\t\t\t<\/div>\n\t\t<\/div>\n\t\t\t\t\t<\/div>\n\t\t<\/section>\n\t\t\t\t<section class=\"elementor-section elementor-top-section elementor-element elementor-element-8ecda30 elementor-section-boxed elementor-section-height-default elementor-section-height-default\" data-id=\"8ecda30\" data-element_type=\"section\" data-e-type=\"section\">\n\t\t\t\t\t\t<div class=\"elementor-container elementor-column-gap-default\">\n\t\t\t\t\t<div class=\"elementor-column elementor-col-33 elementor-top-column elementor-element elementor-element-3cec761\" data-id=\"3cec761\" data-element_type=\"column\" data-e-type=\"column\">\n\t\t\t<div class=\"elementor-widget-wrap elementor-element-populated\">\n\t\t\t\t\t\t<div class=\"elementor-element elementor-element-6e28318 elementor-widget elementor-widget-premium-addon-image-button\" data-id=\"6e28318\" data-element_type=\"widget\" data-e-type=\"widget\" data-widget_type=\"premium-addon-image-button.default\">\n\t\t\t\t<div class=\"elementor-widget-container\">\n\t\t\t\t\t\n\t\t<a class=\"premium-image-button-style3 premium-image-button premium-btn-block premium-image-button-diagonal-bottom\" href=\"https:\/\/staging.ordemdosfisioterapeutas.pt\/es\/cidadao-2\/\">\n\t\t\t<div class=\"premium-image-button-text-icon-wrapper\">\n\n\t\t\t\t\n\t\t\t\t\t\t\t\t\t<span >\n\t\t\t\t\t\tCiudadano\t\t\t\t\t<\/span>\n\t\t\t\t\n\t\t\t<\/div>\n\n\t\t\t\n\t\t\t\n\t\t\t\n\t\t<\/a>\n\n\t\t\t\t\t\t<\/div>\n\t\t\t\t<\/div>\n\t\t\t\t\t<\/div>\n\t\t<\/div>\n\t\t\t\t<div class=\"elementor-column elementor-col-33 elementor-top-column elementor-element elementor-element-344da49\" data-id=\"344da49\" data-element_type=\"column\" data-e-type=\"column\">\n\t\t\t<div class=\"elementor-widget-wrap elementor-element-populated\">\n\t\t\t\t\t\t<div class=\"elementor-element elementor-element-df9566d elementor-widget elementor-widget-premium-addon-image-button\" data-id=\"df9566d\" data-element_type=\"widget\" data-e-type=\"widget\" data-widget_type=\"premium-addon-image-button.default\">\n\t\t\t\t<div class=\"elementor-widget-container\">\n\t\t\t\t\t\n\t\t<a class=\"premium-image-button-style3 premium-image-button premium-btn-block premium-image-button-diagonal-bottom\" href=\"https:\/\/staging.ordemdosfisioterapeutas.pt\/es\/fisioterapeuta\/\">\n\t\t\t<div class=\"premium-image-button-text-icon-wrapper\">\n\n\t\t\t\t\n\t\t\t\t\t\t\t\t\t<span >\n\t\t\t\t\t\tFisioterapeutas\t\t\t\t\t<\/span>\n\t\t\t\t\n\t\t\t<\/div>\n\n\t\t\t\n\t\t\t\n\t\t\t\n\t\t<\/a>\n\n\t\t\t\t\t\t<\/div>\n\t\t\t\t<\/div>\n\t\t\t\t\t<\/div>\n\t\t<\/div>\n\t\t\t\t<div class=\"elementor-column elementor-col-33 elementor-top-column elementor-element elementor-element-c2eed9a\" data-id=\"c2eed9a\" data-element_type=\"column\" data-e-type=\"column\">\n\t\t\t<div class=\"elementor-widget-wrap elementor-element-populated\">\n\t\t\t\t\t\t<div class=\"elementor-element elementor-element-0f068b8 elementor-widget elementor-widget-premium-addon-image-button\" data-id=\"0f068b8\" data-element_type=\"widget\" data-e-type=\"widget\" data-widget_type=\"premium-addon-image-button.default\">\n\t\t\t\t<div class=\"elementor-widget-container\">\n\t\t\t\t\t\n\t\t<a class=\"premium-image-button-style3 premium-image-button premium-btn-block premium-image-button-diagonal-bottom\" href=\"https:\/\/staging.ordemdosfisioterapeutas.pt\/es\/mapa-balcao-unico\/\">\n\t\t\t<div class=\"premium-image-button-text-icon-wrapper\">\n\n\t\t\t\t\n\t\t\t\t\t\t\t\t\t<span >\n\t\t\t\t\t\tMapa de la ventanilla \u00fanica\t\t\t\t\t<\/span>\n\t\t\t\t\n\t\t\t<\/div>\n\n\t\t\t\n\t\t\t\n\t\t\t\n\t\t<\/a>\n\n\t\t\t\t\t\t<\/div>\n\t\t\t\t<\/div>\n\t\t\t\t\t<\/div>\n\t\t<\/div>\n\t\t\t\t\t<\/div>\n\t\t<\/section>\n\t\t\t\t<\/div>","protected":false},"excerpt":{"rendered":"<p>El Balc\u00e3o \u00danico Eletr\u00f3nico es una plataforma en l\u00ednea dise\u00f1ada para facilitar la relaci\u00f3n entre la Orden de Fisioterapeutas, sus miembros y la comunidad, con el objetivo de reducir la burocracia y simplificar los procedimientos.  En ella se puede consultar informaci\u00f3n sobre el Colegio, solicitar documentos y realizar pagos (en su caso). Esta plataforma centraliza la informaci\u00f3n sobre los servicios prestados ... <a title=\"Ventanilla \u00fanica\" class=\"read-more\" href=\"https:\/\/staging.ordemdosfisioterapeutas.pt\/es\/balcao-unico\/\" aria-label=\"M\u00e1s informaci\u00f3n sobre la ventanilla \u00fanica\">Seguir leyendo<\/a><\/p>","protected":false},"author":1,"featured_media":0,"parent":0,"menu_order":0,"comment_status":"closed","ping_status":"closed","template":"","meta":{"footnotes":""},"class_list":["post-744","page","type-page","status-publish"],"_links":{"self":[{"href":"https:\/\/staging.ordemdosfisioterapeutas.pt\/es\/wp-json\/wp\/v2\/pages\/744","targetHints":{"allow":["GET"]}}],"collection":[{"href":"https:\/\/staging.ordemdosfisioterapeutas.pt\/es\/wp-json\/wp\/v2\/pages"}],"about":[{"href":"https:\/\/staging.ordemdosfisioterapeutas.pt\/es\/wp-json\/wp\/v2\/types\/page"}],"author":[{"embeddable":true,"href":"https:\/\/staging.ordemdosfisioterapeutas.pt\/es\/wp-json\/wp\/v2\/users\/1"}],"replies":[{"embeddable":true,"href":"https:\/\/staging.ordemdosfisioterapeutas.pt\/es\/wp-json\/wp\/v2\/comments?post=744"}],"version-history":[{"count":0,"href":"https:\/\/staging.ordemdosfisioterapeutas.pt\/es\/wp-json\/wp\/v2\/pages\/744\/revisions"}],"wp:attachment":[{"href":"https:\/\/staging.ordemdosfisioterapeutas.pt\/es\/wp-json\/wp\/v2\/media?parent=744"}],"curies":[{"name":"wp","href":"https:\/\/api.w.org\/{rel}","templated":true}]}}