{"id":7764,"date":"2025-07-03T22:22:54","date_gmt":"2025-07-03T21:22:54","guid":{"rendered":"https:\/\/staging.ordemdosfisioterapeutas.pt\/?page_id=7764"},"modified":"2025-07-05T20:32:05","modified_gmt":"2025-07-05T19:32:05","slug":"cp","status":"publish","type":"page","link":"https:\/\/staging.ordemdosfisioterapeutas.pt\/es\/cp\/","title":{"rendered":"CP"},"content":{"rendered":"<div data-elementor-type=\"wp-page\" data-elementor-id=\"7764\" class=\"elementor elementor-7764\" data-elementor-post-type=\"page\">\n\t\t\t\t<div class=\"elementor-element elementor-element-23b75f4 e-grid e-con-boxed e-con e-parent\" data-id=\"23b75f4\" data-element_type=\"container\" data-e-type=\"container\">\n\t\t\t\t\t<div class=\"e-con-inner\">\n\t\t\t\t<div class=\"elementor-element elementor-element-56437a6 elementor-widget elementor-widget-image\" data-id=\"56437a6\" data-element_type=\"widget\" data-e-type=\"widget\" data-widget_type=\"image.default\">\n\t\t\t\t<div class=\"elementor-widget-container\">\n\t\t\t\t\t\t\t\t\t\t\t\t\t\t\t<img decoding=\"async\" src=\"https:\/\/staging.ordemdosfisioterapeutas.pt\/wp-content\/uploads\/elementor\/thumbs\/logo__0005_CP-r86l7dps2tk34to1drxnzmga4v0731a2vrvekh5fr4.png\" title=\"logotipo__0005_CP\" alt=\"logo__0005_CP\" loading=\"lazy\" \/>\t\t\t\t\t\t\t\t\t\t\t\t\t\t\t<\/div>\n\t\t\t\t<\/div>\n\t\t\t\t<div class=\"elementor-element elementor-element-b526b98 elementor-widget elementor-widget-image\" data-id=\"b526b98\" data-element_type=\"widget\" data-e-type=\"widget\" data-widget_type=\"image.default\">\n\t\t\t\t<div class=\"elementor-widget-container\">\n\t\t\t\t\t\t\t\t\t\t\t\t\t\t\t<img decoding=\"async\" src=\"https:\/\/staging.ordemdosfisioterapeutas.pt\/wp-content\/uploads\/elementor\/thumbs\/parcerias-r3dj0mpgpnwvlbcun4qd1nnlq32o4tf0m68b40m4g0.webp\" title=\"asociaciones\" alt=\"parcerias\" loading=\"lazy\" \/>\t\t\t\t\t\t\t\t\t\t\t\t\t\t\t<\/div>\n\t\t\t\t<\/div>\n\t\t\t\t\t<\/div>\n\t\t\t\t<\/div>\n\t\t<div class=\"elementor-element elementor-element-e0f65b0 e-flex e-con-boxed e-con e-parent\" data-id=\"e0f65b0\" data-element_type=\"container\" data-e-type=\"container\">\n\t\t\t\t\t<div class=\"e-con-inner\">\n\t\t\t\t<div class=\"elementor-element elementor-element-272cf97 elementor-widget elementor-widget-heading\" data-id=\"272cf97\" data-element_type=\"widget\" data-e-type=\"widget\" data-widget_type=\"heading.default\">\n\t\t\t\t<div class=\"elementor-widget-container\">\n\t\t\t\t\t<h2 class=\"elementor-heading-title elementor-size-default\">Descripci\u00f3n<\/h2>\t\t\t\t<\/div>\n\t\t\t\t<\/div>\n\t\t\t\t<div class=\"elementor-element elementor-element-e4512cc elementor-widget elementor-widget-text-editor\" data-id=\"e4512cc\" data-element_type=\"widget\" data-e-type=\"widget\" data-widget_type=\"text-editor.default\">\n\t\t\t\t<div class=\"elementor-widget-container\">\n\t\t\t\t\t\t\t\t\t<p>CP - Comboios de Portugal es el principal transportista terrestre de pasajeros de Portugal y ofrece una amplia gama de servicios, desde conexiones urbanas hasta rutas de larga distancia. Con m\u00e1s de 160 a\u00f1os de historia, CP sigue innovando, centr\u00e1ndose en la sostenibilidad, la modernizaci\u00f3n y la excelencia en el servicio. La empresa destaca por su compromiso con la preservaci\u00f3n del medio ambiente y el fortalecimiento de la movilidad nacional.<\/p>\t\t\t\t\t\t\t\t<\/div>\n\t\t\t\t<\/div>\n\t\t\t\t\t<\/div>\n\t\t\t\t<\/div>\n\t\t<div class=\"elementor-element elementor-element-c20d552 condicoes e-flex e-con-boxed e-con e-parent\" data-id=\"c20d552\" data-element_type=\"container\" data-e-type=\"container\">\n\t\t\t\t\t<div class=\"e-con-inner\">\n\t\t\t\t<div class=\"elementor-element elementor-element-849e51c elementor-widget elementor-widget-heading\" data-id=\"849e51c\" data-element_type=\"widget\" data-e-type=\"widget\" data-widget_type=\"heading.default\">\n\t\t\t\t<div class=\"elementor-widget-container\">\n\t\t\t\t\t<h2 class=\"elementor-heading-title elementor-size-default\">Condiciones<\/h2>\t\t\t\t<\/div>\n\t\t\t\t<\/div>\n\t\t\t\t<div class=\"elementor-element elementor-element-db43153 elementor-widget elementor-widget-text-editor\" data-id=\"db43153\" data-element_type=\"widget\" data-e-type=\"widget\" data-widget_type=\"text-editor.default\">\n\t\t\t\t<div class=\"elementor-widget-container\">\n\t\t\t\t\t\t\t\t\t<div class=\"ewa-rteLine\">Descuento de 15% sobre el precio del billete sencillo CP, aplicable a los billetes de clase Confort (Alfa Pendular) o 1\u00aa clase (Intercidades).<\/div><div class=\"ewa-rteLine\">V\u00e1lido para afiliados\/empleados<\/div><div class=\"ewa-rteLine\">Sujeto a disponibilidad de plazas en los trenes Alfa Pendular e Intercidades<\/div><div class=\"ewa-rteLine\">El precio del billete se redondea al c\u00e9ntimo m\u00e1s pr\u00f3ximo<\/div><div class=\"ewa-rteLine\">El descuento se aplica en el momento de la compra del billete y no puede combinarse con ning\u00fan otro descuento.<\/div><div class=\"ewa-rteLine\">\u00a0<\/div><div class=\"ewa-rteLine\">Puede acceder a las ventajas de comprar entradas de las siguientes maneras:<\/div><div class=\"ewa-rteLine\">1. En las taquillas de las estaciones de venta de billetes de Alfa Pendular e Intercidades - Para ello, el solicitante deber\u00e1 presentar en las taquillas el Carn\u00e9 Profesional de la Orden de Fisioterapeutas.<\/div><div class=\"ewa-rteLine\">2. A trav\u00e9s de Internet - Para ello, el solicitante debe utilizar el c\u00f3digo de usuario facilitado por CP.<\/div><div class=\"ewa-rteLine\">3. A trav\u00e9s de las m\u00e1quinas expendedoras de las Estaciones.<\/div><div class=\"ewa-rteLine\">4. A trav\u00e9s de agencias de viajes acreditadas para la venta de billetes de CP y previa autorizaci\u00f3n para emitir billetes con descuento \"ORDEM FISIOTERAPEUTAS\". El Miembro de la Orden de Fisioterapeutas deber\u00e1 hacer constar que se trata de un billete acogido al Protocolo suscrito con CP e indicar el nombre del Cliente que viaja.<\/div><div class=\"ewa-rteLine\">\u00a0<\/div><div class=\"ewa-rteLine\">Durante el viaje es obligatorio presentar la Tarjeta Profesional de la Orden de Fisioterapeutas y un documento acreditativo de su identidad, si se le solicita.<\/div>\t\t\t\t\t\t\t\t<\/div>\n\t\t\t\t<\/div>\n\t\t\t\t\t<\/div>\n\t\t\t\t<\/div>\n\t\t\t\t<\/div>","protected":false},"excerpt":{"rendered":"<p>Descri\u00e7\u00e3o A CP \u2013 Comboios de Portugal \u00e9 o principal transportador terrestre de passageiros em Portugal, oferecendo uma vasta gama de servi\u00e7os que v\u00e3o desde liga\u00e7\u00f5es urbanas a rotas de longa dist\u00e2ncia. Com mais de 160 anos de hist\u00f3ria, a CP continua a inovar, focando-se na sustentabilidade, na moderniza\u00e7\u00e3o e na excel\u00eancia do servi\u00e7o. A &#8230; <a title=\"CP\" class=\"read-more\" href=\"https:\/\/staging.ordemdosfisioterapeutas.pt\/es\/cp\/\" aria-label=\"Leer m\u00e1s sobre CP\">Seguir leyendo<\/a><\/p>","protected":false},"author":1,"featured_media":0,"parent":0,"menu_order":0,"comment_status":"closed","ping_status":"closed","template":"","meta":{"footnotes":""},"class_list":["post-7764","page","type-page","status-publish"],"_links":{"self":[{"href":"https:\/\/staging.ordemdosfisioterapeutas.pt\/es\/wp-json\/wp\/v2\/pages\/7764","targetHints":{"allow":["GET"]}}],"collection":[{"href":"https:\/\/staging.ordemdosfisioterapeutas.pt\/es\/wp-json\/wp\/v2\/pages"}],"about":[{"href":"https:\/\/staging.ordemdosfisioterapeutas.pt\/es\/wp-json\/wp\/v2\/types\/page"}],"author":[{"embeddable":true,"href":"https:\/\/staging.ordemdosfisioterapeutas.pt\/es\/wp-json\/wp\/v2\/users\/1"}],"replies":[{"embeddable":true,"href":"https:\/\/staging.ordemdosfisioterapeutas.pt\/es\/wp-json\/wp\/v2\/comments?post=7764"}],"version-history":[{"count":0,"href":"https:\/\/staging.ordemdosfisioterapeutas.pt\/es\/wp-json\/wp\/v2\/pages\/7764\/revisions"}],"wp:attachment":[{"href":"https:\/\/staging.ordemdosfisioterapeutas.pt\/es\/wp-json\/wp\/v2\/media?parent=7764"}],"curies":[{"name":"wp","href":"https:\/\/api.w.org\/{rel}","templated":true}]}}