{"id":7786,"date":"2025-07-05T19:50:12","date_gmt":"2025-07-05T18:50:12","guid":{"rendered":"https:\/\/staging.ordemdosfisioterapeutas.pt\/?page_id=7786"},"modified":"2025-07-05T20:48:39","modified_gmt":"2025-07-05T19:48:39","slug":"midas","status":"publish","type":"page","link":"https:\/\/staging.ordemdosfisioterapeutas.pt\/es\/midas\/","title":{"rendered":"Midas"},"content":{"rendered":"<div data-elementor-type=\"wp-page\" data-elementor-id=\"7786\" class=\"elementor elementor-7786\" data-elementor-post-type=\"page\">\n\t\t\t\t<div class=\"elementor-element elementor-element-212aa6b e-grid e-con-boxed e-con e-parent\" data-id=\"212aa6b\" data-element_type=\"container\" data-e-type=\"container\">\n\t\t\t\t\t<div class=\"e-con-inner\">\n\t\t\t\t<div class=\"elementor-element elementor-element-13bd5ad elementor-widget elementor-widget-image\" data-id=\"13bd5ad\" data-element_type=\"widget\" data-e-type=\"widget\" data-widget_type=\"image.default\">\n\t\t\t\t<div class=\"elementor-widget-container\">\n\t\t\t\t\t\t\t\t\t\t\t\t\t\t\t<img decoding=\"async\" src=\"https:\/\/staging.ordemdosfisioterapeutas.pt\/wp-content\/uploads\/elementor\/thumbs\/logo__0003_Midas-1-r8bp1ftr1t6iywkgkgutjkv7dnfq8aii44fjzohmgw.png\" title=\"logo__0003_Midas\" alt=\"logo__0003_Midas\" loading=\"lazy\" \/>\t\t\t\t\t\t\t\t\t\t\t\t\t\t\t<\/div>\n\t\t\t\t<\/div>\n\t\t\t\t<div class=\"elementor-element elementor-element-d526fbc elementor-widget elementor-widget-image\" data-id=\"d526fbc\" data-element_type=\"widget\" data-e-type=\"widget\" data-widget_type=\"image.default\">\n\t\t\t\t<div class=\"elementor-widget-container\">\n\t\t\t\t\t\t\t\t\t\t\t\t\t\t\t<img decoding=\"async\" src=\"https:\/\/staging.ordemdosfisioterapeutas.pt\/wp-content\/uploads\/elementor\/thumbs\/parcerias-r3dj0mpgpnwvlbcun4qd1nnlq32o4tf0m68b40m4g0.webp\" title=\"asociaciones\" alt=\"parcerias\" loading=\"lazy\" \/>\t\t\t\t\t\t\t\t\t\t\t\t\t\t\t<\/div>\n\t\t\t\t<\/div>\n\t\t\t\t\t<\/div>\n\t\t\t\t<\/div>\n\t\t<div class=\"elementor-element elementor-element-9985549 e-flex e-con-boxed e-con e-parent\" data-id=\"9985549\" data-element_type=\"container\" data-e-type=\"container\">\n\t\t\t\t\t<div class=\"e-con-inner\">\n\t\t\t\t<div class=\"elementor-element elementor-element-5ddb10b elementor-widget elementor-widget-heading\" data-id=\"5ddb10b\" data-element_type=\"widget\" data-e-type=\"widget\" data-widget_type=\"heading.default\">\n\t\t\t\t<div class=\"elementor-widget-container\">\n\t\t\t\t\t<h2 class=\"elementor-heading-title elementor-size-default\">Descripci\u00f3n<\/h2>\t\t\t\t<\/div>\n\t\t\t\t<\/div>\n\t\t\t\t<div class=\"elementor-element elementor-element-5446832 elementor-widget elementor-widget-text-editor\" data-id=\"5446832\" data-element_type=\"widget\" data-e-type=\"widget\" data-widget_type=\"text-editor.default\">\n\t\t\t\t<div class=\"elementor-widget-container\">\n\t\t\t\t\t\t\t\t\t<div class=\"ewa-rteLine\"><div class=\"ewa-rteLine\">Midas es una marca l\u00edder multimarca de mantenimiento del autom\u00f3vil con presencia en los cinco continentes y m\u00e1s de 2.200 talleres abiertos en todo el mundo.<\/div><div class=\"ewa-rteLine\">\u00a0<\/div><div class=\"ewa-rteLine\">Dotada de conocimientos t\u00e9cnicos avanzados y un equipo de profesionales altamente especializados, la marca ofrece una amplia y variada gama de servicios y productos, todos ellos dise\u00f1ados pensando en la sostenibilidad:<\/div><div class=\"ewa-rteLine\">Revisi\u00f3n de coches;<\/div><div class=\"ewa-rteLine\">Diagn\u00f3stico electr\u00f3nico;<\/div><div class=\"ewa-rteLine\">Neum\u00e1ticos;<\/div><div class=\"ewa-rteLine\">Bater\u00edas;<\/div><div class=\"ewa-rteLine\">Frenos;<\/div><div class=\"ewa-rteLine\">Aire acondicionado;<\/div><div class=\"ewa-rteLine\">Cintur\u00f3n de distribuci\u00f3n;<\/div><div class=\"ewa-rteLine\">Embrague;<\/div><div class=\"ewa-rteLine\">Revisiones gratuitas;<\/div><div class=\"ewa-rteLine\">Productos propios;<\/div><div class=\"ewa-rteLine\">Y mucho m\u00e1s.<\/div><\/div>\t\t\t\t\t\t\t\t<\/div>\n\t\t\t\t<\/div>\n\t\t\t\t\t<\/div>\n\t\t\t\t<\/div>\n\t\t<div class=\"elementor-element elementor-element-54f7bce condicoes e-flex e-con-boxed e-con e-parent\" data-id=\"54f7bce\" data-element_type=\"container\" data-e-type=\"container\">\n\t\t\t\t\t<div class=\"e-con-inner\">\n\t\t\t\t<div class=\"elementor-element elementor-element-f4b5fa5 elementor-widget elementor-widget-heading\" data-id=\"f4b5fa5\" data-element_type=\"widget\" data-e-type=\"widget\" data-widget_type=\"heading.default\">\n\t\t\t\t<div class=\"elementor-widget-container\">\n\t\t\t\t\t<h2 class=\"elementor-heading-title elementor-size-default\">Condiciones<\/h2>\t\t\t\t<\/div>\n\t\t\t\t<\/div>\n\t\t\t\t<div class=\"elementor-element elementor-element-db5bb6f elementor-widget elementor-widget-text-editor\" data-id=\"db5bb6f\" data-element_type=\"widget\" data-e-type=\"widget\" data-widget_type=\"text-editor.default\">\n\t\t\t\t<div class=\"elementor-widget-container\">\n\t\t\t\t\t\t\t\t\t<div class=\"ewa-rteLine\"><div class=\"ewa-rteLine\">5% de descuento en todas las marcas de neum\u00e1ticos (no aplicable a la mano de obra)<\/div><div class=\"ewa-rteLine\">10% descuento en: Revisiones oficiales Essential y Plus; Recambios; Servicios Midas Go (incluye mano de obra y producto)<\/div><div class=\"ewa-rteLine\">Descuentos calculados sobre la base de la lista actual de precios de venta al p\u00fablico de Midas.<\/div><div class=\"ewa-rteLine\">\u00a0<\/div><div class=\"ewa-rteLine\">Puedes beneficiarte de estas condiciones especiales en los centros Midas adheridos identific\u00e1ndote y presentando la Tarjeta Profesional del Colegio de Fisioterapeutas (para colegiados) o un documento acreditativo de tu relaci\u00f3n laboral (para trabajadores por cuenta ajena).<\/div><\/div>\t\t\t\t\t\t\t\t<\/div>\n\t\t\t\t<\/div>\n\t\t\t\t\t<\/div>\n\t\t\t\t<\/div>\n\t\t\t\t<\/div>","protected":false},"excerpt":{"rendered":"<p>Descri\u00e7\u00e3o A Midas \u00e9 uma marca l\u00edder de manuten\u00e7\u00e3o de autom\u00f3veis multimarca, com presen\u00e7a nos cinco continentes e mais de 2.200 oficinas abertas em todo o mundo.\u00a0Munida de um conhecimento t\u00e9cnico avan\u00e7ado e de uma equipa de profissionais altamente especializados, a marca assegura um amplo e variado leque de servi\u00e7os e produtos, todos concebidos sob &#8230; <a title=\"Midas\" class=\"read-more\" href=\"https:\/\/staging.ordemdosfisioterapeutas.pt\/es\/midas\/\" aria-label=\"Leer m\u00e1s sobre Midas\">Seguir leyendo<\/a><\/p>","protected":false},"author":1,"featured_media":0,"parent":0,"menu_order":0,"comment_status":"closed","ping_status":"closed","template":"","meta":{"footnotes":""},"class_list":["post-7786","page","type-page","status-publish"],"_links":{"self":[{"href":"https:\/\/staging.ordemdosfisioterapeutas.pt\/es\/wp-json\/wp\/v2\/pages\/7786","targetHints":{"allow":["GET"]}}],"collection":[{"href":"https:\/\/staging.ordemdosfisioterapeutas.pt\/es\/wp-json\/wp\/v2\/pages"}],"about":[{"href":"https:\/\/staging.ordemdosfisioterapeutas.pt\/es\/wp-json\/wp\/v2\/types\/page"}],"author":[{"embeddable":true,"href":"https:\/\/staging.ordemdosfisioterapeutas.pt\/es\/wp-json\/wp\/v2\/users\/1"}],"replies":[{"embeddable":true,"href":"https:\/\/staging.ordemdosfisioterapeutas.pt\/es\/wp-json\/wp\/v2\/comments?post=7786"}],"version-history":[{"count":0,"href":"https:\/\/staging.ordemdosfisioterapeutas.pt\/es\/wp-json\/wp\/v2\/pages\/7786\/revisions"}],"wp:attachment":[{"href":"https:\/\/staging.ordemdosfisioterapeutas.pt\/es\/wp-json\/wp\/v2\/media?parent=7786"}],"curies":[{"name":"wp","href":"https:\/\/api.w.org\/{rel}","templated":true}]}}