{"id":7792,"date":"2025-07-05T19:56:52","date_gmt":"2025-07-05T18:56:52","guid":{"rendered":"https:\/\/staging.ordemdosfisioterapeutas.pt\/?page_id=7792"},"modified":"2025-07-05T20:45:23","modified_gmt":"2025-07-05T19:45:23","slug":"quake","status":"publish","type":"page","link":"https:\/\/staging.ordemdosfisioterapeutas.pt\/es\/quake\/","title":{"rendered":"Terremoto"},"content":{"rendered":"<div data-elementor-type=\"wp-page\" data-elementor-id=\"7792\" class=\"elementor elementor-7792\" data-elementor-post-type=\"page\">\n\t\t\t\t<div class=\"elementor-element elementor-element-1f8fcdd e-grid e-con-boxed e-con e-parent\" data-id=\"1f8fcdd\" data-element_type=\"container\" data-e-type=\"container\">\n\t\t\t\t\t<div class=\"e-con-inner\">\n\t\t\t\t<div class=\"elementor-element elementor-element-346028f elementor-widget elementor-widget-image\" data-id=\"346028f\" data-element_type=\"widget\" data-e-type=\"widget\" data-widget_type=\"image.default\">\n\t\t\t\t<div class=\"elementor-widget-container\">\n\t\t\t\t\t\t\t\t\t\t\t\t\t\t\t<img decoding=\"async\" src=\"https:\/\/staging.ordemdosfisioterapeutas.pt\/wp-content\/uploads\/elementor\/thumbs\/logo__0004_quake-1-r8bp7iu5a7ic41qc1liw6jllsfg91rnym8fot5gw74.png\" title=\"logo__0004_quake\" alt=\"logo__0004_quake\" loading=\"lazy\" \/>\t\t\t\t\t\t\t\t\t\t\t\t\t\t\t<\/div>\n\t\t\t\t<\/div>\n\t\t\t\t<div class=\"elementor-element elementor-element-d131cdf elementor-widget elementor-widget-image\" data-id=\"d131cdf\" data-element_type=\"widget\" data-e-type=\"widget\" data-widget_type=\"image.default\">\n\t\t\t\t<div class=\"elementor-widget-container\">\n\t\t\t\t\t\t\t\t\t\t\t\t\t\t\t<img decoding=\"async\" src=\"https:\/\/staging.ordemdosfisioterapeutas.pt\/wp-content\/uploads\/elementor\/thumbs\/parcerias-r3dj0mpgpnwvlbcun4qd1nnlq32o4tf0m68b40m4g0.webp\" title=\"asociaciones\" alt=\"parcerias\" loading=\"lazy\" \/>\t\t\t\t\t\t\t\t\t\t\t\t\t\t\t<\/div>\n\t\t\t\t<\/div>\n\t\t\t\t\t<\/div>\n\t\t\t\t<\/div>\n\t\t<div class=\"elementor-element elementor-element-21892f8 e-flex e-con-boxed e-con e-parent\" data-id=\"21892f8\" data-element_type=\"container\" data-e-type=\"container\">\n\t\t\t\t\t<div class=\"e-con-inner\">\n\t\t\t\t<div class=\"elementor-element elementor-element-762aa4d elementor-widget elementor-widget-heading\" data-id=\"762aa4d\" data-element_type=\"widget\" data-e-type=\"widget\" data-widget_type=\"heading.default\">\n\t\t\t\t<div class=\"elementor-widget-container\">\n\t\t\t\t\t<h2 class=\"elementor-heading-title elementor-size-default\">Descripci\u00f3n<\/h2>\t\t\t\t<\/div>\n\t\t\t\t<\/div>\n\t\t\t\t<div class=\"elementor-element elementor-element-c60ae92 elementor-widget elementor-widget-text-editor\" data-id=\"c60ae92\" data-element_type=\"widget\" data-e-type=\"widget\" data-widget_type=\"text-editor.default\">\n\t\t\t\t<div class=\"elementor-widget-container\">\n\t\t\t\t\t\t\t\t\t<p>Situado en Bel\u00e9m, Quake es un museo que combina diversi\u00f3n y conocimiento para ofrecerle una experiencia inmersiva e interactiva que no olvidar\u00e1 f\u00e1cilmente. Dise\u00f1ado para locales y visitantes, familias y grupos de amigos, amantes de la historia, cient\u00edficos aficionados y aquellos que buscan emociones fuertes y actividades diferentes, aqu\u00ed viajar\u00e1 a la Lisboa de 1755 y sentir\u00e1 el impacto de un terremoto, reproducido por un simulador, video-mapping y efectos especiales. Espere lo inesperado en este viaje en el que descubrir\u00e1 c\u00f3mo el terremoto cambi\u00f3 para siempre la faz de Lisboa y sacudi\u00f3 el viejo continente.<\/p>\t\t\t\t\t\t\t\t<\/div>\n\t\t\t\t<\/div>\n\t\t\t\t\t<\/div>\n\t\t\t\t<\/div>\n\t\t<div class=\"elementor-element elementor-element-841565b condicoes e-flex e-con-boxed e-con e-parent\" data-id=\"841565b\" data-element_type=\"container\" data-e-type=\"container\">\n\t\t\t\t\t<div class=\"e-con-inner\">\n\t\t\t\t<div class=\"elementor-element elementor-element-e2ddc6b elementor-widget elementor-widget-heading\" data-id=\"e2ddc6b\" data-element_type=\"widget\" data-e-type=\"widget\" data-widget_type=\"heading.default\">\n\t\t\t\t<div class=\"elementor-widget-container\">\n\t\t\t\t\t<h2 class=\"elementor-heading-title elementor-size-default\">Condiciones<\/h2>\t\t\t\t<\/div>\n\t\t\t\t<\/div>\n\t\t\t\t<div class=\"elementor-element elementor-element-a813059 elementor-widget elementor-widget-text-editor\" data-id=\"a813059\" data-element_type=\"widget\" data-e-type=\"widget\" data-widget_type=\"text-editor.default\">\n\t\t\t\t<div class=\"elementor-widget-container\">\n\t\t\t\t\t\t\t\t\t<div class=\"ewa-rteLine\">20% de descuento en la compra de entradas, utilizando el c\u00f3digo de descuento FISIO20.<\/div><div class=\"ewa-rteLine\">Descuento aplicable sobre el precio de cat\u00e1logo vigente en la fecha de compra.<\/div><div class=\"ewa-rteLine\">V\u00e1lido para entradas est\u00e1ndar: adulto, ni\u00f1o y senior.<\/div><div class=\"ewa-rteLine\">Pueden adquirirse entradas con descuento:<\/div><div class=\"ewa-rteLine\">En persona en Quake - Museo del Terremoto de Lisboa<\/div><div class=\"ewa-rteLine\">En l\u00ednea a trav\u00e9s de la web www.lisbonquake.com<\/div><div class=\"ewa-rteLine\">\u00a0<\/div><div class=\"ewa-rteLine\">Acceso a la prestaci\u00f3n:<\/div><div class=\"ewa-rteLine\">\u00a0<\/div><div class=\"ewa-rteLine\">Socios: previa presentaci\u00f3n del carn\u00e9 de socio.<\/div><div class=\"ewa-rteLine\">Trabajadores por cuenta ajena: previa presentaci\u00f3n de un justificante de empleo (n\u00f3mina).<\/div><div class=\"ewa-rteLine\">\u00a0<\/div>\t\t\t\t\t\t\t\t<\/div>\n\t\t\t\t<\/div>\n\t\t\t\t\t<\/div>\n\t\t\t\t<\/div>\n\t\t\t\t<\/div>","protected":false},"excerpt":{"rendered":"<p>Descri\u00e7\u00e3o Situado em Bel\u00e9m, o Quake \u00e9 um museu que combina divers\u00e3o e conhecimento para oferecer-lhe uma experi\u00eancia imersiva e interativa que n\u00e3o vai esquecer brevemente. Pensado para locais e visitantes, fam\u00edlias e grupos de amigos, amantes de hist\u00f3ria, cientistas amadores e aqueles que procuram emo\u00e7\u00f5es fortes e actividades diferentes, aqui viajar\u00e1 at\u00e9 \u00e0 Lisboa &#8230; <a title=\"Terremoto\" class=\"read-more\" href=\"https:\/\/staging.ordemdosfisioterapeutas.pt\/es\/quake\/\" aria-label=\"Leer m\u00e1s sobre Quake\">Seguir leyendo<\/a><\/p>","protected":false},"author":1,"featured_media":0,"parent":0,"menu_order":0,"comment_status":"closed","ping_status":"closed","template":"","meta":{"footnotes":""},"class_list":["post-7792","page","type-page","status-publish"],"_links":{"self":[{"href":"https:\/\/staging.ordemdosfisioterapeutas.pt\/es\/wp-json\/wp\/v2\/pages\/7792","targetHints":{"allow":["GET"]}}],"collection":[{"href":"https:\/\/staging.ordemdosfisioterapeutas.pt\/es\/wp-json\/wp\/v2\/pages"}],"about":[{"href":"https:\/\/staging.ordemdosfisioterapeutas.pt\/es\/wp-json\/wp\/v2\/types\/page"}],"author":[{"embeddable":true,"href":"https:\/\/staging.ordemdosfisioterapeutas.pt\/es\/wp-json\/wp\/v2\/users\/1"}],"replies":[{"embeddable":true,"href":"https:\/\/staging.ordemdosfisioterapeutas.pt\/es\/wp-json\/wp\/v2\/comments?post=7792"}],"version-history":[{"count":0,"href":"https:\/\/staging.ordemdosfisioterapeutas.pt\/es\/wp-json\/wp\/v2\/pages\/7792\/revisions"}],"wp:attachment":[{"href":"https:\/\/staging.ordemdosfisioterapeutas.pt\/es\/wp-json\/wp\/v2\/media?parent=7792"}],"curies":[{"name":"wp","href":"https:\/\/api.w.org\/{rel}","templated":true}]}}