{"id":7798,"date":"2025-07-05T20:02:19","date_gmt":"2025-07-05T19:02:19","guid":{"rendered":"https:\/\/staging.ordemdosfisioterapeutas.pt\/?page_id=7798"},"modified":"2025-07-05T20:42:56","modified_gmt":"2025-07-05T19:42:56","slug":"santogal","status":"publish","type":"page","link":"https:\/\/staging.ordemdosfisioterapeutas.pt\/es\/santogal\/","title":{"rendered":"Santogal"},"content":{"rendered":"<div data-elementor-type=\"wp-page\" data-elementor-id=\"7798\" class=\"elementor elementor-7798\" data-elementor-post-type=\"page\">\n\t\t\t\t<div class=\"elementor-element elementor-element-ff3b5df e-grid e-con-boxed e-con e-parent\" data-id=\"ff3b5df\" data-element_type=\"container\" data-e-type=\"container\">\n\t\t\t\t\t<div class=\"e-con-inner\">\n\t\t\t\t<div class=\"elementor-element elementor-element-d357945 elementor-widget elementor-widget-image\" data-id=\"d357945\" data-element_type=\"widget\" data-e-type=\"widget\" data-widget_type=\"image.default\">\n\t\t\t\t<div class=\"elementor-widget-container\">\n\t\t\t\t\t\t\t\t\t\t\t\t\t\t\t<img decoding=\"async\" src=\"https:\/\/staging.ordemdosfisioterapeutas.pt\/wp-content\/uploads\/elementor\/thumbs\/logo__0000_santogal-1-r8bph1x8kqjztpvze7tpyn0um2h83ahzlejwz5c740.png\" title=\"logo__0000_santogal\" alt=\"logo__0000_santogal\" loading=\"lazy\" \/>\t\t\t\t\t\t\t\t\t\t\t\t\t\t\t<\/div>\n\t\t\t\t<\/div>\n\t\t\t\t<div class=\"elementor-element elementor-element-d95a13e elementor-widget elementor-widget-image\" data-id=\"d95a13e\" data-element_type=\"widget\" data-e-type=\"widget\" data-widget_type=\"image.default\">\n\t\t\t\t<div class=\"elementor-widget-container\">\n\t\t\t\t\t\t\t\t\t\t\t\t\t\t\t<img decoding=\"async\" src=\"https:\/\/staging.ordemdosfisioterapeutas.pt\/wp-content\/uploads\/elementor\/thumbs\/parcerias-r3dj0mpgpnwvlbcun4qd1nnlq32o4tf0m68b40m4g0.webp\" title=\"asociaciones\" alt=\"parcerias\" loading=\"lazy\" \/>\t\t\t\t\t\t\t\t\t\t\t\t\t\t\t<\/div>\n\t\t\t\t<\/div>\n\t\t\t\t\t<\/div>\n\t\t\t\t<\/div>\n\t\t<div class=\"elementor-element elementor-element-b3024d2 e-flex e-con-boxed e-con e-parent\" data-id=\"b3024d2\" data-element_type=\"container\" data-e-type=\"container\">\n\t\t\t\t\t<div class=\"e-con-inner\">\n\t\t\t\t<div class=\"elementor-element elementor-element-820bf61 elementor-widget elementor-widget-heading\" data-id=\"820bf61\" data-element_type=\"widget\" data-e-type=\"widget\" data-widget_type=\"heading.default\">\n\t\t\t\t<div class=\"elementor-widget-container\">\n\t\t\t\t\t<h2 class=\"elementor-heading-title elementor-size-default\">Descripci\u00f3n<\/h2>\t\t\t\t<\/div>\n\t\t\t\t<\/div>\n\t\t\t\t<div class=\"elementor-element elementor-element-52f60cc elementor-widget elementor-widget-text-editor\" data-id=\"52f60cc\" data-element_type=\"widget\" data-e-type=\"widget\" data-widget_type=\"text-editor.default\">\n\t\t\t\t<div class=\"elementor-widget-container\">\n\t\t\t\t\t\t\t\t\t<p>Santogal es uno de los mayores grupos automovil\u00edsticos de Portugal y representa a m\u00e1s de 30 marcas de veh\u00edculos nuevos y usados. Sus servicios abarcan desde la venta hasta el mantenimiento y la financiaci\u00f3n de autom\u00f3viles. La empresa apuesta por un servicio personalizado y una experiencia completa, garantizando soluciones eficaces para la movilidad personal y empresarial.<\/p>\t\t\t\t\t\t\t\t<\/div>\n\t\t\t\t<\/div>\n\t\t\t\t\t<\/div>\n\t\t\t\t<\/div>\n\t\t<div class=\"elementor-element elementor-element-7b20d4a condicoes e-flex e-con-boxed e-con e-parent\" data-id=\"7b20d4a\" data-element_type=\"container\" data-e-type=\"container\">\n\t\t\t\t\t<div class=\"e-con-inner\">\n\t\t\t\t<div class=\"elementor-element elementor-element-f8ce229 elementor-widget elementor-widget-heading\" data-id=\"f8ce229\" data-element_type=\"widget\" data-e-type=\"widget\" data-widget_type=\"heading.default\">\n\t\t\t\t<div class=\"elementor-widget-container\">\n\t\t\t\t\t<h2 class=\"elementor-heading-title elementor-size-default\">Condiciones<\/h2>\t\t\t\t<\/div>\n\t\t\t\t<\/div>\n\t\t\t\t<div class=\"elementor-element elementor-element-dfed4eb elementor-widget elementor-widget-text-editor\" data-id=\"dfed4eb\" data-element_type=\"widget\" data-e-type=\"widget\" data-widget_type=\"text-editor.default\">\n\t\t\t\t<div class=\"elementor-widget-container\">\n\t\t\t\t\t\t\t\t\t<div class=\"ewa-rteLine\"><div class=\"ewa-rteLine\">Apoyo dedicado de un \u00fanico interlocutor Santogal al servicio de los Miembros y Empleados de la Orden de Fisioterapeutas;<\/div><div class=\"ewa-rteLine\">Apoyo personalizado en:<\/div><div class=\"ewa-rteLine\">Compra de veh\u00edculos nuevos y usados de todas las marcas representadas por Santogal;<\/div><div class=\"ewa-rteLine\">Reserva de pruebas de conducci\u00f3n;<\/div><div class=\"ewa-rteLine\">Presentaci\u00f3n de propuestas de adquisici\u00f3n y apoyo en la elecci\u00f3n del veh\u00edculo m\u00e1s adecuado (marca, modelo y equipamiento);<\/div><div class=\"ewa-rteLine\">Presentaci\u00f3n de las mejores soluciones de financiaci\u00f3n y seguros;<\/div><div class=\"ewa-rteLine\">Valoraci\u00f3n y compra de veh\u00edculos usados (aunque no se compre un veh\u00edculo nuevo).<\/div><div class=\"ewa-rteLine\">Apoyo en los talleres Santogal en caso de dificultades<\/div><div class=\"ewa-rteLine\">Mejores condiciones para la compra de coches, limitadas a un coche por afiliado.<\/div><div class=\"ewa-rteLine\">Las mejores condiciones de financiaci\u00f3n, seguros de coche y planes de mantenimiento.<\/div><div class=\"ewa-rteLine\">\u00a0<\/div><div class=\"ewa-rteLine\">Puede beneficiarse de estas condiciones especiales identific\u00e1ndose y presentando la Tarjeta Profesional de la Orden de Fisioterapeutas.<\/div><\/div>\t\t\t\t\t\t\t\t<\/div>\n\t\t\t\t<\/div>\n\t\t\t\t\t<\/div>\n\t\t\t\t<\/div>\n\t\t\t\t<\/div>","protected":false},"excerpt":{"rendered":"<p>Descri\u00e7\u00e3o A Santogal\u00a0\u00e9 um dos maiores grupos autom\u00f3veis em Portugal, representando mais de 30 marcas de ve\u00edculos novos e seminovos. Com servi\u00e7os que v\u00e3o desde a venda at\u00e9 \u00e0 manuten\u00e7\u00e3o e financiamento autom\u00f3vel. A empresa aposta num atendimento personalizado e numa experi\u00eancia completa, garantindo solu\u00e7\u00f5es eficazes para a mobilidade pessoal e empresarial. Condi\u00e7\u00f5es Acompanhamento dedicado &#8230; <a title=\"Santogal\" class=\"read-more\" href=\"https:\/\/staging.ordemdosfisioterapeutas.pt\/es\/santogal\/\" aria-label=\"Leer m\u00e1s sobre Santogal\">Seguir leyendo<\/a><\/p>","protected":false},"author":1,"featured_media":0,"parent":0,"menu_order":0,"comment_status":"closed","ping_status":"closed","template":"","meta":{"footnotes":""},"class_list":["post-7798","page","type-page","status-publish"],"_links":{"self":[{"href":"https:\/\/staging.ordemdosfisioterapeutas.pt\/es\/wp-json\/wp\/v2\/pages\/7798","targetHints":{"allow":["GET"]}}],"collection":[{"href":"https:\/\/staging.ordemdosfisioterapeutas.pt\/es\/wp-json\/wp\/v2\/pages"}],"about":[{"href":"https:\/\/staging.ordemdosfisioterapeutas.pt\/es\/wp-json\/wp\/v2\/types\/page"}],"author":[{"embeddable":true,"href":"https:\/\/staging.ordemdosfisioterapeutas.pt\/es\/wp-json\/wp\/v2\/users\/1"}],"replies":[{"embeddable":true,"href":"https:\/\/staging.ordemdosfisioterapeutas.pt\/es\/wp-json\/wp\/v2\/comments?post=7798"}],"version-history":[{"count":0,"href":"https:\/\/staging.ordemdosfisioterapeutas.pt\/es\/wp-json\/wp\/v2\/pages\/7798\/revisions"}],"wp:attachment":[{"href":"https:\/\/staging.ordemdosfisioterapeutas.pt\/es\/wp-json\/wp\/v2\/media?parent=7798"}],"curies":[{"name":"wp","href":"https:\/\/api.w.org\/{rel}","templated":true}]}}