{"id":972,"date":"2020-10-19T08:30:36","date_gmt":"2020-10-19T08:30:36","guid":{"rendered":"https:\/\/staging.ordemdosfisioterapeutas.pt\/?page_id=972"},"modified":"2021-02-03T19:19:25","modified_gmt":"2021-02-03T19:19:25","slug":"o-que-sao-cookies","status":"publish","type":"page","link":"https:\/\/staging.ordemdosfisioterapeutas.pt\/es\/o-que-sao-cookies\/","title":{"rendered":"\u00bfQu\u00e9 son las cookies?"},"content":{"rendered":"<div data-elementor-type=\"wp-page\" data-elementor-id=\"972\" class=\"elementor elementor-972\" data-elementor-post-type=\"page\">\n\t\t\t\t\t\t<section class=\"elementor-section elementor-top-section elementor-element elementor-element-f4f469c elementor-section-boxed elementor-section-height-default elementor-section-height-default\" data-id=\"f4f469c\" data-element_type=\"section\" data-e-type=\"section\">\n\t\t\t\t\t\t<div class=\"elementor-container elementor-column-gap-default\">\n\t\t\t\t\t<div class=\"elementor-column elementor-col-100 elementor-top-column elementor-element elementor-element-33ae2bc\" data-id=\"33ae2bc\" data-element_type=\"column\" data-e-type=\"column\">\n\t\t\t<div class=\"elementor-widget-wrap elementor-element-populated\">\n\t\t\t\t\t\t<div class=\"elementor-element elementor-element-f319c89 elementor-widget elementor-widget-heading\" data-id=\"f319c89\" data-element_type=\"widget\" data-e-type=\"widget\" data-widget_type=\"heading.default\">\n\t\t\t\t<div class=\"elementor-widget-container\">\n\t\t\t\t\t<h2 class=\"elementor-heading-title elementor-size-default\">\u00bfQu\u00e9 son las cookies?<\/h2>\t\t\t\t<\/div>\n\t\t\t\t<\/div>\n\t\t\t\t<div class=\"elementor-element elementor-element-d0626d8 elementor-widget elementor-widget-text-editor\" data-id=\"d0626d8\" data-element_type=\"widget\" data-e-type=\"widget\" data-widget_type=\"text-editor.default\">\n\t\t\t\t<div class=\"elementor-widget-container\">\n\t\t\t\t\t\t\t\t\t<p>Las \"cookies\" son peque\u00f1as etiquetas de software que se almacenan en su ordenador a trav\u00e9s de su navegador, conservando \u00fanicamente informaci\u00f3n relacionada con sus preferencias y, por tanto, sin incluir sus datos personales.<\/p>\t\t\t\t\t\t\t\t<\/div>\n\t\t\t\t<\/div>\n\t\t\t\t<div class=\"elementor-element elementor-element-67395cc elementor-widget elementor-widget-heading\" data-id=\"67395cc\" data-element_type=\"widget\" data-e-type=\"widget\" data-widget_type=\"heading.default\">\n\t\t\t\t<div class=\"elementor-widget-container\">\n\t\t\t\t\t<h2 class=\"elementor-heading-title elementor-size-default\">\u00bfPara qu\u00e9 sirven las cookies?<\/h2>\t\t\t\t<\/div>\n\t\t\t\t<\/div>\n\t\t\t\t<div class=\"elementor-element elementor-element-88791d5 elementor-widget elementor-widget-text-editor\" data-id=\"88791d5\" data-element_type=\"widget\" data-e-type=\"widget\" data-widget_type=\"text-editor.default\">\n\t\t\t\t<div class=\"elementor-widget-container\">\n\t\t\t\t\t\t\t\t\t<p>Las cookies se utilizan para ayudar a determinar la utilidad, el inter\u00e9s y el n\u00famero de usos de sus sitios web, permitiendo una navegaci\u00f3n m\u00e1s r\u00e1pida y eficaz al eliminar la necesidad de introducir repetidamente la misma informaci\u00f3n.<\/p>\t\t\t\t\t\t\t\t<\/div>\n\t\t\t\t<\/div>\n\t\t\t\t<div class=\"elementor-element elementor-element-5208f08 elementor-widget elementor-widget-heading\" data-id=\"5208f08\" data-element_type=\"widget\" data-e-type=\"widget\" data-widget_type=\"heading.default\">\n\t\t\t\t<div class=\"elementor-widget-container\">\n\t\t\t\t\t<h2 class=\"elementor-heading-title elementor-size-default\">\u00bfQu\u00e9 tipo de galletas hay?<\/h2>\t\t\t\t<\/div>\n\t\t\t\t<\/div>\n\t\t\t\t<div class=\"elementor-element elementor-element-ffb2a1e elementor-widget elementor-widget-text-editor\" data-id=\"ffb2a1e\" data-element_type=\"widget\" data-e-type=\"widget\" data-widget_type=\"text-editor.default\">\n\t\t\t\t<div class=\"elementor-widget-container\">\n\t\t\t\t\t\t\t\t\t<p>Existen dos grupos de cookies que pueden utilizarse<\/p>\n<p><strong>Cookies permanentes<\/strong> - Son cookies que se almacenan en el navegador de sus dispositivos de acceso (PC, m\u00f3vil y tableta) y se utilizan cada vez que vuelve a visitar uno de nuestros sitios web. Generalmente se utilizan para dirigir la navegaci\u00f3n a los intereses del usuario, lo que nos permite ofrecer un servicio m\u00e1s personalizado.<\/p>\n<p><strong>Cookies de sesi\u00f3n<\/strong> - son cookies temporales que permanecen en el archivo de cookies de su navegador hasta que abandona el sitio web. La informaci\u00f3n obtenida por medio de estas cookies se utiliza para analizar pautas de tr\u00e1fico en la web, lo que nos permite identificar problemas y ofrecer una mejor experiencia de navegaci\u00f3n.<\/p>\t\t\t\t\t\t\t\t<\/div>\n\t\t\t\t<\/div>\n\t\t\t\t<div class=\"elementor-element elementor-element-b1c89db elementor-widget elementor-widget-heading\" data-id=\"b1c89db\" data-element_type=\"widget\" data-e-type=\"widget\" data-widget_type=\"heading.default\">\n\t\t\t\t<div class=\"elementor-widget-container\">\n\t\t\t\t\t<h2 class=\"elementor-heading-title elementor-size-default\">\u00bfPara qu\u00e9 utilizamos las cookies?<\/h2>\t\t\t\t<\/div>\n\t\t\t\t<\/div>\n\t\t\t\t<div class=\"elementor-element elementor-element-3ad6ae4 elementor-widget elementor-widget-text-editor\" data-id=\"3ad6ae4\" data-element_type=\"widget\" data-e-type=\"widget\" data-widget_type=\"text-editor.default\">\n\t\t\t\t<div class=\"elementor-widget-container\">\n\t\t\t\t\t\t\t\t\t<p><strong>Cookies estrictamente necesarias<\/strong> - Le permiten navegar por el sitio web y utilizar sus aplicaciones, as\u00ed como acceder a zonas seguras del sitio web. Sin estas cookies, no se pueden prestar los servicios que ha solicitado.<\/p>\n<p><strong>Cookies anal\u00edticas<\/strong> - Se utilizan de forma an\u00f3nima con el fin de crear y analizar estad\u00edsticas para mejorar el funcionamiento del sitio web.<\/p>\n<p><strong>Cookies funcionales<\/strong> - Almacenan las preferencias del usuario para utilizar el sitio, de modo que no tenga que volver a configurarlo cada vez que lo visite.<\/p>\n<p><strong>Cookies de terceros<\/strong> - Miden el \u00e9xito de las aplicaciones y la eficacia de la publicidad de terceros. Tambi\u00e9n pueden utilizarse para personalizar un widget con datos del usuario.<\/p>\n<p><strong>Cookies publicitarias<\/strong>\u00a0- Dirigen la publicidad en funci\u00f3n de los intereses de cada usuario, con el fin de orientar las campa\u00f1as publicitarias seg\u00fan los gustos de los usuarios, y tambi\u00e9n limitan el n\u00famero de veces que se ve el anuncio, lo que ayuda a medir la eficacia de la publicidad y el \u00e9xito de la organizaci\u00f3n del sitio web.<br \/><br \/><br \/><\/p>\t\t\t\t\t\t\t\t<\/div>\n\t\t\t\t<\/div>\n\t\t\t\t<div class=\"elementor-element elementor-element-47a2027 elementor-widget elementor-widget-heading\" data-id=\"47a2027\" data-element_type=\"widget\" data-e-type=\"widget\" data-widget_type=\"heading.default\">\n\t\t\t\t<div class=\"elementor-widget-container\">\n\t\t\t\t\t<h2 class=\"elementor-heading-title elementor-size-default\">\u00bfC\u00f3mo se gestionan las cookies?<\/h2>\t\t\t\t<\/div>\n\t\t\t\t<\/div>\n\t\t\t\t<div class=\"elementor-element elementor-element-970893d elementor-widget elementor-widget-text-editor\" data-id=\"970893d\" data-element_type=\"widget\" data-e-type=\"widget\" data-widget_type=\"text-editor.default\">\n\t\t\t\t<div class=\"elementor-widget-container\">\n\t\t\t\t\t\t\t\t\t<p>Todos los navegadores permiten al usuario aceptar, rechazar o eliminar las cookies, concretamente seleccionando la configuraci\u00f3n adecuada en su navegador. Puede configurar las cookies en el men\u00fa \"opciones\" o \"preferencias\" de su navegador.<\/p>\n<p>Tenga en cuenta, no obstante, que la desactivaci\u00f3n de las cookies puede impedir el correcto funcionamiento de algunos servicios web, afectando, parcial o totalmente, a la navegaci\u00f3n por el sitio web.<\/p>\n<p>\u00a0<\/p>\n<p><span style=\"text-decoration: underline;\"><a href=\"https:\/\/support.microsoft.com\/pt-pt\/help\/17442\/windows-internet-explorer-delete-manage-cookies\">Configuraci\u00f3n de cookies en Internet Explorer<\/a><\/span><\/p>\n<p><span style=\"text-decoration: underline;\"><a href=\"https:\/\/support.mozilla.org\/pt-PT\/kb\/ativar-e-desativar-cookies-que-os-websites-utiliza\">Configuraci\u00f3n de cookies en Firefox<\/a><\/span><\/p>\n<p><span style=\"text-decoration: underline;\"><a href=\"https:\/\/support.google.com\/chrome\/answer\/95647?co=GENIE.Platform%3DDesktop&amp;hl=pt\">Configuraci\u00f3n de cookies en Chrome<\/a><\/span><\/p>\n<p><span style=\"text-decoration: underline;\"><a href=\"https:\/\/support.apple.com\/pt-pt\/guide\/safari\/sfri11471\/mac\">Configuraci\u00f3n de cookies en Safari web e iOS<\/a><\/span><\/p>\t\t\t\t\t\t\t\t<\/div>\n\t\t\t\t<\/div>\n\t\t\t\t\t<\/div>\n\t\t<\/div>\n\t\t\t\t\t<\/div>\n\t\t<\/section>\n\t\t\t\t<\/div>","protected":false},"excerpt":{"rendered":"<p>\u00bfQu\u00e9 son las cookies? Las \"cookies\" son peque\u00f1as etiquetas de software que se almacenan en su ordenador a trav\u00e9s de su navegador, conservando \u00fanicamente informaci\u00f3n relacionada con sus preferencias y, por tanto, sin incluir sus datos personales. \u00bfPara qu\u00e9 se utilizan las cookies? Las cookies se utilizan para ayudar a determinar la utilidad, el inter\u00e9s y el n\u00famero de ... <a title=\"\u00bfQu\u00e9 son las cookies?\" class=\"read-more\" href=\"https:\/\/staging.ordemdosfisioterapeutas.pt\/es\/o-que-sao-cookies\/\" aria-label=\"Leer m\u00e1s sobre \u00bfQu\u00e9 son las cookies?\">Seguir leyendo<\/a><\/p>","protected":false},"author":1,"featured_media":0,"parent":0,"menu_order":0,"comment_status":"closed","ping_status":"closed","template":"","meta":{"footnotes":""},"class_list":["post-972","page","type-page","status-publish"],"_links":{"self":[{"href":"https:\/\/staging.ordemdosfisioterapeutas.pt\/es\/wp-json\/wp\/v2\/pages\/972","targetHints":{"allow":["GET"]}}],"collection":[{"href":"https:\/\/staging.ordemdosfisioterapeutas.pt\/es\/wp-json\/wp\/v2\/pages"}],"about":[{"href":"https:\/\/staging.ordemdosfisioterapeutas.pt\/es\/wp-json\/wp\/v2\/types\/page"}],"author":[{"embeddable":true,"href":"https:\/\/staging.ordemdosfisioterapeutas.pt\/es\/wp-json\/wp\/v2\/users\/1"}],"replies":[{"embeddable":true,"href":"https:\/\/staging.ordemdosfisioterapeutas.pt\/es\/wp-json\/wp\/v2\/comments?post=972"}],"version-history":[{"count":0,"href":"https:\/\/staging.ordemdosfisioterapeutas.pt\/es\/wp-json\/wp\/v2\/pages\/972\/revisions"}],"wp:attachment":[{"href":"https:\/\/staging.ordemdosfisioterapeutas.pt\/es\/wp-json\/wp\/v2\/media?parent=972"}],"curies":[{"name":"wp","href":"https:\/\/api.w.org\/{rel}","templated":true}]}}