{"id":342,"date":"2020-09-29T20:20:02","date_gmt":"2020-09-29T20:20:02","guid":{"rendered":"https:\/\/staging.ordemdosfisioterapeutas.pt\/?page_id=342"},"modified":"2021-07-06T20:25:34","modified_gmt":"2021-07-06T19:25:34","slug":"mensagem-da-presidente-da-ci","status":"publish","type":"page","link":"https:\/\/staging.ordemdosfisioterapeutas.pt\/fr\/mensagem-da-presidente-da-ci\/","title":{"rendered":"Message du pr\u00e9sident de l'IC"},"content":{"rendered":"<div data-elementor-type=\"wp-page\" data-elementor-id=\"342\" class=\"elementor elementor-342\" data-elementor-post-type=\"page\">\n\t\t\t\t\t\t<section class=\"elementor-section elementor-top-section elementor-element elementor-element-192fcb5 elementor-section-boxed elementor-section-height-default elementor-section-height-default\" data-id=\"192fcb5\" data-element_type=\"section\" data-e-type=\"section\">\n\t\t\t\t\t\t<div class=\"elementor-container elementor-column-gap-default\">\n\t\t\t\t\t<div class=\"elementor-column elementor-col-50 elementor-top-column elementor-element elementor-element-3df089a\" data-id=\"3df089a\" data-element_type=\"column\" data-e-type=\"column\">\n\t\t\t<div class=\"elementor-widget-wrap elementor-element-populated\">\n\t\t\t\t\t\t<div class=\"elementor-element elementor-element-69ec929 elementor-widget elementor-widget-image\" data-id=\"69ec929\" data-element_type=\"widget\" data-e-type=\"widget\" data-widget_type=\"image.default\">\n\t\t\t\t<div class=\"elementor-widget-container\">\n\t\t\t\t\t\t\t\t\t\t\t\t\t\t\t<img fetchpriority=\"high\" decoding=\"async\" width=\"683\" height=\"1024\" src=\"https:\/\/staging.ordemdosfisioterapeutas.pt\/wp-content\/uploads\/2020\/10\/isabel-souza-guerra-683x1024.jpg\" class=\"attachment-large size-large wp-image-1057\" alt=\"Isabel de Souza Guerra\" srcset=\"https:\/\/staging.ordemdosfisioterapeutas.pt\/wp-content\/uploads\/2020\/10\/isabel-souza-guerra-683x1024.jpg 683w, https:\/\/staging.ordemdosfisioterapeutas.pt\/wp-content\/uploads\/2020\/10\/isabel-souza-guerra-200x300.jpg 200w, https:\/\/staging.ordemdosfisioterapeutas.pt\/wp-content\/uploads\/2020\/10\/isabel-souza-guerra-768x1152.jpg 768w, https:\/\/staging.ordemdosfisioterapeutas.pt\/wp-content\/uploads\/2020\/10\/isabel-souza-guerra.jpg 1000w\" sizes=\"(max-width: 683px) 100vw, 683px\" \/>\t\t\t\t\t\t\t\t\t\t\t\t\t\t\t<\/div>\n\t\t\t\t<\/div>\n\t\t\t\t\t<\/div>\n\t\t<\/div>\n\t\t\t\t<div class=\"elementor-column elementor-col-50 elementor-top-column elementor-element elementor-element-6417026\" data-id=\"6417026\" data-element_type=\"column\" data-e-type=\"column\">\n\t\t\t<div class=\"elementor-widget-wrap elementor-element-populated\">\n\t\t\t\t\t\t<div class=\"elementor-element elementor-element-55fa80b elementor-widget elementor-widget-text-editor\" data-id=\"55fa80b\" data-element_type=\"widget\" data-e-type=\"widget\" data-widget_type=\"text-editor.default\">\n\t\t\t\t<div class=\"elementor-widget-container\">\n\t\t\t\t\t\t\t\t\t<p>Bienvenue \u00e0 l'Ordre des physioth\u00e9rapeutes\u00a0<\/p><p>Plus d'une ann\u00e9e d'intense activit\u00e9 s'est \u00e9coul\u00e9e depuis la nomination de la Commission d'installation de l'Ordre des kin\u00e9sith\u00e9rapeutes.  La situation \u00e9pid\u00e9miologique de notre pays ne nous ayant pas permis d'achever nos travaux au cours de la premi\u00e8re ann\u00e9e du mandat, celui-ci a \u00e9t\u00e9 prolong\u00e9 d'un an par d\u00e9cision de la hi\u00e9rarchie et les \u00e9lections des organes statutaires ont \u00e9t\u00e9 fix\u00e9es au 15 novembre, pf.<\/p><p>Pour atteindre les objectifs fix\u00e9s, le comit\u00e9 d'installation a travaill\u00e9 d'arrache-pied. Nous avons beaucoup investi dans les infrastructures technologiques de soutien, dans un processus de modernisation administrative, en basant tout le fonctionnement sur un syst\u00e8me \u00e9minemment d\u00e9mat\u00e9rialis\u00e9, en cherchant \u00e0 stimuler le d\u00e9veloppement de solutions de communication int\u00e9gr\u00e9es, tant internes qu'externes, avec nos membres.<\/p><p>Nous savons tous que l'adh\u00e9sion \u00e0 l'Ordre est obligatoire et indispensable \u00e0 l'exercice de la profession. Toutes les conditions sont d\u00e9sormais r\u00e9unies pour que les kin\u00e9sith\u00e9rapeutes adh\u00e8rent au plus vite \u00e0 notre Ordre.<\/p><p>Nous avons essay\u00e9 de rendre le processus d'inscription intuitif, via le site web de l'organisation, mais nous avons \u00e9galement fourni des lignes directrices pour l'ensemble du processus. Un comit\u00e9 technique d'admission impartial a \u00e9t\u00e9 d\u00e9sign\u00e9 pour \u00e9valuer chaque processus et r\u00e9diger des avis \u00e0 l'intention du CI afin de valider l'inscription.<\/p><p>Nous voulons poser des bases solides et s\u00fbres pour l'avenir de l'organisation, que nous esp\u00e9rons forte et innovante, qui repr\u00e9sentera correctement la profession et dans laquelle tous les physioth\u00e9rapeutes se sentiront repr\u00e9sent\u00e9s.<\/p><p>Nous gardons toujours \u00e0 l'esprit que notre mission principale est de d\u00e9fendre les citoyens contre les pratiques non qualifi\u00e9es et le droit \u00e0 des soins de physioth\u00e9rapie de qualit\u00e9, s\u00fbrs et efficaces, dispens\u00e9s par des professionnels certifi\u00e9s aux comp\u00e9tences professionnelles reconnues.<\/p>\t\t\t\t\t\t\t\t<\/div>\n\t\t\t\t<\/div>\n\t\t\t\t\t<\/div>\n\t\t<\/div>\n\t\t\t\t\t<\/div>\n\t\t<\/section>\n\t\t\t\t<\/div>","protected":false},"excerpt":{"rendered":"<p>Seja bem-vindo \u00e0 Ordem dos Fisioterapeutas\u00a0 Passou-se mais de um ano de intensa atividade desde a nomea\u00e7\u00e3o da Comiss\u00e3o Instaladora da Ordem dos Fisioterapeutas. \u00a0A situa\u00e7\u00e3o epidemiol\u00f3gica no nosso Pais n\u00e3o permitiu a conclus\u00e3o dos nossos trabalhos no primeiro ano do mandato, pelo que por delibera\u00e7\u00e3o da hierarquia, o mesmo foi prorrogado por um ano, &#8230; <a title=\"Message du pr\u00e9sident de l&#039;IC\" class=\"read-more\" href=\"https:\/\/staging.ordemdosfisioterapeutas.pt\/fr\/mensagem-da-presidente-da-ci\/\" aria-label=\"En savoir plus sur Mensagem da Presidente da CI\">En savoir plus<\/a><\/p>","protected":false},"author":1,"featured_media":0,"parent":0,"menu_order":0,"comment_status":"closed","ping_status":"closed","template":"","meta":{"footnotes":""},"class_list":["post-342","page","type-page","status-publish"],"_links":{"self":[{"href":"https:\/\/staging.ordemdosfisioterapeutas.pt\/fr\/wp-json\/wp\/v2\/pages\/342","targetHints":{"allow":["GET"]}}],"collection":[{"href":"https:\/\/staging.ordemdosfisioterapeutas.pt\/fr\/wp-json\/wp\/v2\/pages"}],"about":[{"href":"https:\/\/staging.ordemdosfisioterapeutas.pt\/fr\/wp-json\/wp\/v2\/types\/page"}],"author":[{"embeddable":true,"href":"https:\/\/staging.ordemdosfisioterapeutas.pt\/fr\/wp-json\/wp\/v2\/users\/1"}],"replies":[{"embeddable":true,"href":"https:\/\/staging.ordemdosfisioterapeutas.pt\/fr\/wp-json\/wp\/v2\/comments?post=342"}],"version-history":[{"count":0,"href":"https:\/\/staging.ordemdosfisioterapeutas.pt\/fr\/wp-json\/wp\/v2\/pages\/342\/revisions"}],"wp:attachment":[{"href":"https:\/\/staging.ordemdosfisioterapeutas.pt\/fr\/wp-json\/wp\/v2\/media?parent=342"}],"curies":[{"name":"wp","href":"https:\/\/api.w.org\/{rel}","templated":true}]}}