{"id":346,"date":"2020-09-29T20:22:18","date_gmt":"2020-09-29T20:22:18","guid":{"rendered":"https:\/\/staging.ordemdosfisioterapeutas.pt\/?page_id=346"},"modified":"2021-05-19T11:00:16","modified_gmt":"2021-05-19T10:00:16","slug":"comissao-instaladora","status":"publish","type":"page","link":"https:\/\/staging.ordemdosfisioterapeutas.pt\/fr\/comissao-instaladora\/","title":{"rendered":"Comit\u00e9 d'installation"},"content":{"rendered":"<div data-elementor-type=\"wp-page\" data-elementor-id=\"346\" class=\"elementor elementor-346\" data-elementor-post-type=\"page\">\n\t\t\t\t\t\t<section class=\"elementor-section elementor-top-section elementor-element elementor-element-65578adf elementor-section-boxed elementor-section-height-default elementor-section-height-default\" data-id=\"65578adf\" data-element_type=\"section\" data-e-type=\"section\">\n\t\t\t\t\t\t<div class=\"elementor-container elementor-column-gap-default\">\n\t\t\t\t\t<div class=\"elementor-column elementor-col-100 elementor-top-column elementor-element elementor-element-268966b3\" data-id=\"268966b3\" data-element_type=\"column\" data-e-type=\"column\">\n\t\t\t<div class=\"elementor-widget-wrap elementor-element-populated\">\n\t\t\t\t\t\t<div class=\"elementor-element elementor-element-dad7c97 elementor-widget elementor-widget-text-editor\" data-id=\"dad7c97\" data-element_type=\"widget\" data-e-type=\"widget\" data-widget_type=\"text-editor.default\">\n\t\t\t\t<div class=\"elementor-widget-container\">\n\t\t\t\t\t\t\t\t\t<p>Actuellement, l'Ordre des kin\u00e9sith\u00e9rapeutes est g\u00e9r\u00e9 par la Commission d'installation, nomm\u00e9e le 17.12.2019, et compos\u00e9e de :<\/p>\t\t\t\t\t\t\t\t<\/div>\n\t\t\t\t<\/div>\n\t\t\t\t<section class=\"elementor-section elementor-inner-section elementor-element elementor-element-3707da7 elementor-section-boxed elementor-section-height-default elementor-section-height-default\" data-id=\"3707da7\" data-element_type=\"section\" data-e-type=\"section\">\n\t\t\t\t\t\t<div class=\"elementor-container elementor-column-gap-default\">\n\t\t\t\t\t<div class=\"elementor-column elementor-col-50 elementor-inner-column elementor-element elementor-element-b489a3d\" data-id=\"b489a3d\" data-element_type=\"column\" data-e-type=\"column\">\n\t\t\t<div class=\"elementor-widget-wrap elementor-element-populated\">\n\t\t\t\t\t\t<div class=\"elementor-element elementor-element-92f2018 elementor-widget elementor-widget-image\" data-id=\"92f2018\" data-element_type=\"widget\" data-e-type=\"widget\" data-widget_type=\"image.default\">\n\t\t\t\t<div class=\"elementor-widget-container\">\n\t\t\t\t\t\t\t\t\t\t\t\t\t\t\t<img fetchpriority=\"high\" decoding=\"async\" width=\"683\" height=\"1024\" src=\"https:\/\/staging.ordemdosfisioterapeutas.pt\/wp-content\/uploads\/2020\/10\/isabel-souza-guerra-683x1024.jpg\" class=\"attachment-large size-large wp-image-1057\" alt=\"Isabel de Souza Guerra\" srcset=\"https:\/\/staging.ordemdosfisioterapeutas.pt\/wp-content\/uploads\/2020\/10\/isabel-souza-guerra-683x1024.jpg 683w, https:\/\/staging.ordemdosfisioterapeutas.pt\/wp-content\/uploads\/2020\/10\/isabel-souza-guerra-200x300.jpg 200w, https:\/\/staging.ordemdosfisioterapeutas.pt\/wp-content\/uploads\/2020\/10\/isabel-souza-guerra-768x1152.jpg 768w, https:\/\/staging.ordemdosfisioterapeutas.pt\/wp-content\/uploads\/2020\/10\/isabel-souza-guerra.jpg 1000w\" sizes=\"(max-width: 683px) 100vw, 683px\" \/>\t\t\t\t\t\t\t\t\t\t\t\t\t\t\t<\/div>\n\t\t\t\t<\/div>\n\t\t\t\t\t<\/div>\n\t\t<\/div>\n\t\t\t\t<div class=\"elementor-column elementor-col-50 elementor-inner-column elementor-element elementor-element-b9396fb\" data-id=\"b9396fb\" data-element_type=\"column\" data-e-type=\"column\">\n\t\t\t<div class=\"elementor-widget-wrap elementor-element-populated\">\n\t\t\t\t\t\t<div class=\"elementor-element elementor-element-e122c07 elementor-widget elementor-widget-text-editor\" data-id=\"e122c07\" data-element_type=\"widget\" data-e-type=\"widget\" data-widget_type=\"text-editor.default\">\n\t\t\t\t<div class=\"elementor-widget-container\">\n\t\t\t\t\t\t\t\t\t<p><b>Isabel de Souza Guerra<\/b> (Pr\u00e9sidente) - Physioth\u00e9rapeute, titulaire d'une ma\u00eetrise en gestion des services de sant\u00e9, charg\u00e9e de cours et coordinatrice de la branche \"sant\u00e9 des femmes\" de la ma\u00eetrise en physioth\u00e9rapie \u00e0 l'Escola Superior de Sa\u00fade do Alcoit\u00e3o.<br \/>Elle a \u00e9t\u00e9 pr\u00e9sidente de l'Association portugaise des physioth\u00e9rapeutes (APFisio) de 1996 \u00e0 2016 et pr\u00e9sidente de la Commission Pro-Ordre de l'APFisio de 2016 jusqu'\u00e0 l'approbation de l'Ordre des physioth\u00e9rapeutes (2019). Elle a \u00e9t\u00e9 physioth\u00e9rapeute en chef \u00e0 l'h\u00f4pital Egas Moniz.<\/p>\t\t\t\t\t\t\t\t<\/div>\n\t\t\t\t<\/div>\n\t\t\t\t\t<\/div>\n\t\t<\/div>\n\t\t\t\t\t<\/div>\n\t\t<\/section>\n\t\t\t\t<section class=\"elementor-section elementor-inner-section elementor-element elementor-element-a4357cb elementor-section-boxed elementor-section-height-default elementor-section-height-default\" data-id=\"a4357cb\" data-element_type=\"section\" data-e-type=\"section\">\n\t\t\t\t\t\t<div class=\"elementor-container elementor-column-gap-default\">\n\t\t\t\t\t<div class=\"elementor-column elementor-col-50 elementor-inner-column elementor-element elementor-element-8dfee1b\" data-id=\"8dfee1b\" data-element_type=\"column\" data-e-type=\"column\">\n\t\t\t<div class=\"elementor-widget-wrap elementor-element-populated\">\n\t\t\t\t\t\t<div class=\"elementor-element elementor-element-8697479 elementor-widget elementor-widget-image\" data-id=\"8697479\" data-element_type=\"widget\" data-e-type=\"widget\" data-widget_type=\"image.default\">\n\t\t\t\t<div class=\"elementor-widget-container\">\n\t\t\t\t\t\t\t\t\t\t\t\t\t\t\t<img decoding=\"async\" width=\"683\" height=\"1024\" src=\"https:\/\/staging.ordemdosfisioterapeutas.pt\/wp-content\/uploads\/2020\/10\/antonio-lopes-683x1024.jpg\" class=\"attachment-large size-large wp-image-1058\" alt=\"Ant\u00f3nio Manuel Fernandes\u00a0Lopes\" srcset=\"https:\/\/staging.ordemdosfisioterapeutas.pt\/wp-content\/uploads\/2020\/10\/antonio-lopes-683x1024.jpg 683w, https:\/\/staging.ordemdosfisioterapeutas.pt\/wp-content\/uploads\/2020\/10\/antonio-lopes-200x300.jpg 200w, https:\/\/staging.ordemdosfisioterapeutas.pt\/wp-content\/uploads\/2020\/10\/antonio-lopes-768x1152.jpg 768w, https:\/\/staging.ordemdosfisioterapeutas.pt\/wp-content\/uploads\/2020\/10\/antonio-lopes.jpg 1000w\" sizes=\"(max-width: 683px) 100vw, 683px\" \/>\t\t\t\t\t\t\t\t\t\t\t\t\t\t\t<\/div>\n\t\t\t\t<\/div>\n\t\t\t\t\t<\/div>\n\t\t<\/div>\n\t\t\t\t<div class=\"elementor-column elementor-col-50 elementor-inner-column elementor-element elementor-element-26ab73f\" data-id=\"26ab73f\" data-element_type=\"column\" data-e-type=\"column\">\n\t\t\t<div class=\"elementor-widget-wrap elementor-element-populated\">\n\t\t\t\t\t\t<div class=\"elementor-element elementor-element-9e8faeb elementor-widget elementor-widget-text-editor\" data-id=\"9e8faeb\" data-element_type=\"widget\" data-e-type=\"widget\" data-widget_type=\"text-editor.default\">\n\t\t\t\t<div class=\"elementor-widget-container\">\n\t\t\t\t\t\t\t\t\t<p><strong>Ant\u00f3nio Manuel Fernandes Lopes<\/strong> - Physioth\u00e9rapeute, avec le titre de sp\u00e9cialiste en physioth\u00e9rapie des instituts polytechniques de Lisbonne, Porto et Coimbra.<br \/>Psychologue, titulaire d'une ma\u00eetrise en sciences de l'\u00e9ducation. Professeur coordinateur \u00e0 l'Escola Superior de Sa\u00fade do Alcoit\u00e3o, o\u00f9 il a \u00e9t\u00e9 directeur adjoint, pr\u00e9sident du conseil p\u00e9dagogique et coordinateur du d\u00e9partement de physioth\u00e9rapie et des cours de licence et de ma\u00eetrise.<br \/>Il a \u00e9t\u00e9 l'un des fondateurs de la commission de r\u00e9forme de l'Association portugaise des physioth\u00e9rapeutes (APFisio) en 1974, occupant diverses fonctions et suivant de pr\u00e8s le d\u00e9veloppement de l'association.<br \/>Il a \u00e9t\u00e9 vice-pr\u00e9sident du conseil d'administration national de l'APFisio de 1996 \u00e0 2016 et vice-pr\u00e9sident de la commission Pro-Order de l'APFisio. Il a repr\u00e9sent\u00e9 l'APFisio \u00e0 de nombreuses r\u00e9unions internationales depuis 1977, a \u00e9t\u00e9 vice-pr\u00e9sident du Comit\u00e9 permanent de liaison des physioth\u00e9rapeutes de la CEE (SLCP) entre 1991 et 1998, et a \u00e9t\u00e9 pr\u00e9sident de la r\u00e9gion europ\u00e9enne de la Conf\u00e9d\u00e9ration mondiale de physioth\u00e9rapie (ER-WCPT) entre 1998 et 2010.<br \/>Il a re\u00e7u le prix du service international de la WCPT en 2011.<\/p>\t\t\t\t\t\t\t\t<\/div>\n\t\t\t\t<\/div>\n\t\t\t\t\t<\/div>\n\t\t<\/div>\n\t\t\t\t\t<\/div>\n\t\t<\/section>\n\t\t\t\t<section class=\"elementor-section elementor-inner-section elementor-element elementor-element-affb404 elementor-section-boxed elementor-section-height-default elementor-section-height-default\" data-id=\"affb404\" data-element_type=\"section\" data-e-type=\"section\">\n\t\t\t\t\t\t<div class=\"elementor-container elementor-column-gap-default\">\n\t\t\t\t\t<div class=\"elementor-column elementor-col-50 elementor-inner-column elementor-element elementor-element-11c018b\" data-id=\"11c018b\" data-element_type=\"column\" data-e-type=\"column\">\n\t\t\t<div class=\"elementor-widget-wrap elementor-element-populated\">\n\t\t\t\t\t\t<div class=\"elementor-element elementor-element-7ec64f8 elementor-widget elementor-widget-image\" data-id=\"7ec64f8\" data-element_type=\"widget\" data-e-type=\"widget\" data-widget_type=\"image.default\">\n\t\t\t\t<div class=\"elementor-widget-container\">\n\t\t\t\t\t\t\t\t\t\t\t\t\t\t\t<img decoding=\"async\" width=\"682\" height=\"1024\" src=\"https:\/\/staging.ordemdosfisioterapeutas.pt\/wp-content\/uploads\/2020\/10\/pedro-rebelo-682x1024.jpg\" class=\"attachment-large size-large wp-image-1059\" alt=\"Ant\u00f3nio Manuel Fernandes\u00a0Lopes\" srcset=\"https:\/\/staging.ordemdosfisioterapeutas.pt\/wp-content\/uploads\/2020\/10\/pedro-rebelo-682x1024.jpg 682w, https:\/\/staging.ordemdosfisioterapeutas.pt\/wp-content\/uploads\/2020\/10\/pedro-rebelo-200x300.jpg 200w, https:\/\/staging.ordemdosfisioterapeutas.pt\/wp-content\/uploads\/2020\/10\/pedro-rebelo-768x1153.jpg 768w, https:\/\/staging.ordemdosfisioterapeutas.pt\/wp-content\/uploads\/2020\/10\/pedro-rebelo.jpg 999w\" sizes=\"(max-width: 682px) 100vw, 682px\" \/>\t\t\t\t\t\t\t\t\t\t\t\t\t\t\t<\/div>\n\t\t\t\t<\/div>\n\t\t\t\t\t<\/div>\n\t\t<\/div>\n\t\t\t\t<div class=\"elementor-column elementor-col-50 elementor-inner-column elementor-element elementor-element-1712b1e\" data-id=\"1712b1e\" data-element_type=\"column\" data-e-type=\"column\">\n\t\t\t<div class=\"elementor-widget-wrap elementor-element-populated\">\n\t\t\t\t\t\t<div class=\"elementor-element elementor-element-a0d3ed8 elementor-widget elementor-widget-text-editor\" data-id=\"a0d3ed8\" data-element_type=\"widget\" data-e-type=\"widget\" data-widget_type=\"text-editor.default\">\n\t\t\t\t<div class=\"elementor-widget-container\">\n\t\t\t\t\t\t\t\t\t<p><strong>Pedro Jorge Lapa Rebelo<\/strong> - Physioth\u00e9rapeute, dipl\u00f4me de sp\u00e9cialiste en physioth\u00e9rapie des instituts polytechniques de Lisbonne, Porto et Coimbra.<br \/>Master en communication dans le domaine de la sant\u00e9, doctorat en physioth\u00e9rapie.<br \/>Directeur du cours de physioth\u00e9rapie \u00e0 l'\u00e9cole de technologie de Lisbonne (2010-2020).<br \/>Membre du conseil d'administration de l'Association portugaise des physioth\u00e9rapeutes de 2004 \u00e0 2016 ; vice-pr\u00e9sident de l'Association portugaise des physioth\u00e9rapeutes (APFISIO) de 2016 \u00e0 2019 et pr\u00e9sident de l'APFISIO de 2019 \u00e0 janvier 2020.<\/p>\t\t\t\t\t\t\t\t<\/div>\n\t\t\t\t<\/div>\n\t\t\t\t\t<\/div>\n\t\t<\/div>\n\t\t\t\t\t<\/div>\n\t\t<\/section>\n\t\t\t\t<section class=\"elementor-section elementor-inner-section elementor-element elementor-element-b432e6b elementor-section-boxed elementor-section-height-default elementor-section-height-default\" data-id=\"b432e6b\" data-element_type=\"section\" data-e-type=\"section\">\n\t\t\t\t\t\t<div class=\"elementor-container elementor-column-gap-default\">\n\t\t\t\t\t<div class=\"elementor-column elementor-col-50 elementor-inner-column elementor-element elementor-element-b16295a\" data-id=\"b16295a\" data-element_type=\"column\" data-e-type=\"column\">\n\t\t\t<div class=\"elementor-widget-wrap elementor-element-populated\">\n\t\t\t\t\t\t<div class=\"elementor-element elementor-element-3dd060f elementor-widget elementor-widget-image\" data-id=\"3dd060f\" data-element_type=\"widget\" data-e-type=\"widget\" data-widget_type=\"image.default\">\n\t\t\t\t<div class=\"elementor-widget-container\">\n\t\t\t\t\t\t\t\t\t\t\t\t\t\t\t<img loading=\"lazy\" decoding=\"async\" width=\"683\" height=\"1024\" src=\"https:\/\/staging.ordemdosfisioterapeutas.pt\/wp-content\/uploads\/2020\/10\/olimpio-pereira-683x1024.jpg\" class=\"attachment-large size-large wp-image-1060\" alt=\"Ol\u00edmpio Pereira\" srcset=\"https:\/\/staging.ordemdosfisioterapeutas.pt\/wp-content\/uploads\/2020\/10\/olimpio-pereira-683x1024.jpg 683w, https:\/\/staging.ordemdosfisioterapeutas.pt\/wp-content\/uploads\/2020\/10\/olimpio-pereira-200x300.jpg 200w, https:\/\/staging.ordemdosfisioterapeutas.pt\/wp-content\/uploads\/2020\/10\/olimpio-pereira-768x1152.jpg 768w, https:\/\/staging.ordemdosfisioterapeutas.pt\/wp-content\/uploads\/2020\/10\/olimpio-pereira.jpg 1000w\" sizes=\"(max-width: 683px) 100vw, 683px\" \/>\t\t\t\t\t\t\t\t\t\t\t\t\t\t\t<\/div>\n\t\t\t\t<\/div>\n\t\t\t\t\t<\/div>\n\t\t<\/div>\n\t\t\t\t<div class=\"elementor-column elementor-col-50 elementor-inner-column elementor-element elementor-element-36d796a\" data-id=\"36d796a\" data-element_type=\"column\" data-e-type=\"column\">\n\t\t\t<div class=\"elementor-widget-wrap elementor-element-populated\">\n\t\t\t\t\t\t<div class=\"elementor-element elementor-element-7df5157 elementor-widget elementor-widget-text-editor\" data-id=\"7df5157\" data-element_type=\"widget\" data-e-type=\"widget\" data-widget_type=\"text-editor.default\">\n\t\t\t\t<div class=\"elementor-widget-container\">\n\t\t\t\t\t\t\t\t\t<p><strong>Ol\u00edmpio Pereira<\/strong> - Physioth\u00e9rapeute - associ\u00e9e directrice de la clinique de physioth\u00e9rapie \"Fisio-Roma\".<br \/>Consultant dans le domaine de la physioth\u00e9rapie pour la compagnie d'assurance Allianz.<br \/>Membre de SPAT.<br \/>Membre de l'ESSKA.<\/p>\t\t\t\t\t\t\t\t<\/div>\n\t\t\t\t<\/div>\n\t\t\t\t\t<\/div>\n\t\t<\/div>\n\t\t\t\t\t<\/div>\n\t\t<\/section>\n\t\t\t\t<section class=\"elementor-section elementor-inner-section elementor-element elementor-element-a81e4db elementor-section-boxed elementor-section-height-default elementor-section-height-default\" data-id=\"a81e4db\" data-element_type=\"section\" data-e-type=\"section\">\n\t\t\t\t\t\t<div class=\"elementor-container elementor-column-gap-default\">\n\t\t\t\t\t<div class=\"elementor-column elementor-col-50 elementor-inner-column elementor-element elementor-element-451a594\" data-id=\"451a594\" data-element_type=\"column\" data-e-type=\"column\">\n\t\t\t<div class=\"elementor-widget-wrap elementor-element-populated\">\n\t\t\t\t\t\t<div class=\"elementor-element elementor-element-3dffc92 elementor-widget elementor-widget-image\" data-id=\"3dffc92\" data-element_type=\"widget\" data-e-type=\"widget\" data-widget_type=\"image.default\">\n\t\t\t\t<div class=\"elementor-widget-container\">\n\t\t\t\t\t\t\t\t\t\t\t\t\t\t\t<img loading=\"lazy\" decoding=\"async\" width=\"683\" height=\"1024\" src=\"https:\/\/staging.ordemdosfisioterapeutas.pt\/wp-content\/uploads\/2020\/10\/maria-conceicao-bettencourt-683x1024.jpg\" class=\"attachment-large size-large wp-image-1061\" alt=\"Maria da Concei\u00e7\u00e3o Bettencourt\" srcset=\"https:\/\/staging.ordemdosfisioterapeutas.pt\/wp-content\/uploads\/2020\/10\/maria-conceicao-bettencourt-683x1024.jpg 683w, https:\/\/staging.ordemdosfisioterapeutas.pt\/wp-content\/uploads\/2020\/10\/maria-conceicao-bettencourt-200x300.jpg 200w, https:\/\/staging.ordemdosfisioterapeutas.pt\/wp-content\/uploads\/2020\/10\/maria-conceicao-bettencourt-768x1152.jpg 768w, https:\/\/staging.ordemdosfisioterapeutas.pt\/wp-content\/uploads\/2020\/10\/maria-conceicao-bettencourt.jpg 1000w\" sizes=\"(max-width: 683px) 100vw, 683px\" \/>\t\t\t\t\t\t\t\t\t\t\t\t\t\t\t<\/div>\n\t\t\t\t<\/div>\n\t\t\t\t\t<\/div>\n\t\t<\/div>\n\t\t\t\t<div class=\"elementor-column elementor-col-50 elementor-inner-column elementor-element elementor-element-524b74d\" data-id=\"524b74d\" data-element_type=\"column\" data-e-type=\"column\">\n\t\t\t<div class=\"elementor-widget-wrap elementor-element-populated\">\n\t\t\t\t\t\t<div class=\"elementor-element elementor-element-b57244f elementor-widget elementor-widget-text-editor\" data-id=\"b57244f\" data-element_type=\"widget\" data-e-type=\"widget\" data-widget_type=\"text-editor.default\">\n\t\t\t\t<div class=\"elementor-widget-container\">\n\t\t\t\t\t\t\t\t\t<p><strong>Maria da Concei\u00e7\u00e3o Bettencourt<\/strong> - Physioth\u00e9rapeute, dipl\u00f4m\u00e9e en gestion des services de sant\u00e9. Elle est coordinatrice du Bureau de gestion du programme de qualit\u00e9 au Centro Hospitalar Universit\u00e1rio de Lisboa Central. Elle a \u00e9t\u00e9 membre du conseil d'administration de l'APFisio de 1996 \u00e0 2013.<\/p>\t\t\t\t\t\t\t\t<\/div>\n\t\t\t\t<\/div>\n\t\t\t\t\t<\/div>\n\t\t<\/div>\n\t\t\t\t\t<\/div>\n\t\t<\/section>\n\t\t\t\t\t<\/div>\n\t\t<\/div>\n\t\t\t\t\t<\/div>\n\t\t<\/section>\n\t\t\t\t<\/div>","protected":false},"excerpt":{"rendered":"<p>Atualmente, a Ordem dos Fisioterapeutas \u00e9 gerida pela Comiss\u00e3o Instaladora, nomeada a 17.12.2019, e composta por: Isabel de Souza Guerra (presidente) \u2013 Fisioterapeuta, Mestre em Gest\u00e3o dos Servi\u00e7os de Sa\u00fade, Docente e coordenadora do Ramo de Sa\u00fade da Mulher do mestrado em fisioterapia da Escola Superior de Sa\u00fade do Alcoit\u00e3o.Foi presidente da Associa\u00e7\u00e3o Portuguesa de &#8230; <a title=\"Comit\u00e9 d&#039;installation\" class=\"read-more\" href=\"https:\/\/staging.ordemdosfisioterapeutas.pt\/fr\/comissao-instaladora\/\" aria-label=\"En savoir plus sur Comiss\u00e3o Instaladora\">En savoir plus<\/a><\/p>","protected":false},"author":1,"featured_media":0,"parent":0,"menu_order":0,"comment_status":"closed","ping_status":"closed","template":"","meta":{"footnotes":""},"class_list":["post-346","page","type-page","status-publish"],"_links":{"self":[{"href":"https:\/\/staging.ordemdosfisioterapeutas.pt\/fr\/wp-json\/wp\/v2\/pages\/346","targetHints":{"allow":["GET"]}}],"collection":[{"href":"https:\/\/staging.ordemdosfisioterapeutas.pt\/fr\/wp-json\/wp\/v2\/pages"}],"about":[{"href":"https:\/\/staging.ordemdosfisioterapeutas.pt\/fr\/wp-json\/wp\/v2\/types\/page"}],"author":[{"embeddable":true,"href":"https:\/\/staging.ordemdosfisioterapeutas.pt\/fr\/wp-json\/wp\/v2\/users\/1"}],"replies":[{"embeddable":true,"href":"https:\/\/staging.ordemdosfisioterapeutas.pt\/fr\/wp-json\/wp\/v2\/comments?post=346"}],"version-history":[{"count":0,"href":"https:\/\/staging.ordemdosfisioterapeutas.pt\/fr\/wp-json\/wp\/v2\/pages\/346\/revisions"}],"wp:attachment":[{"href":"https:\/\/staging.ordemdosfisioterapeutas.pt\/fr\/wp-json\/wp\/v2\/media?parent=346"}],"curies":[{"name":"wp","href":"https:\/\/api.w.org\/{rel}","templated":true}]}}