{"id":419,"date":"2020-09-30T17:52:13","date_gmt":"2020-09-30T17:52:13","guid":{"rendered":"https:\/\/staging.ordemdosfisioterapeutas.pt\/?page_id=419"},"modified":"2023-05-08T11:29:19","modified_gmt":"2023-05-08T10:29:19","slug":"instituicoes-de-ensino-em-fisioterapia","status":"publish","type":"page","link":"https:\/\/staging.ordemdosfisioterapeutas.pt\/fr\/instituicoes-de-ensino-em-fisioterapia\/","title":{"rendered":"Institutions d'enseignement de la physioth\u00e9rapie"},"content":{"rendered":"<div data-elementor-type=\"wp-page\" data-elementor-id=\"419\" class=\"elementor elementor-419\" data-elementor-post-type=\"page\">\n\t\t\t\t\t\t<section class=\"elementor-section elementor-top-section elementor-element elementor-element-8854d61 elementor-section-boxed elementor-section-height-default elementor-section-height-default\" data-id=\"8854d61\" data-element_type=\"section\" data-e-type=\"section\">\n\t\t\t\t\t\t<div class=\"elementor-container elementor-column-gap-default\">\n\t\t\t\t\t<div class=\"elementor-column elementor-col-100 elementor-top-column elementor-element elementor-element-eb0ff96\" data-id=\"eb0ff96\" data-element_type=\"column\" data-e-type=\"column\">\n\t\t\t<div class=\"elementor-widget-wrap elementor-element-populated\">\n\t\t\t\t\t\t<div class=\"elementor-element elementor-element-26a15ab elementor-widget elementor-widget-text-editor\" data-id=\"26a15ab\" data-element_type=\"widget\" data-e-type=\"widget\" data-widget_type=\"text-editor.default\">\n\t\t\t\t<div class=\"elementor-widget-container\">\n\t\t\t\t\t\t\t\t\t<p>Il peut y avoir des divergences ou des retards occasionnels dans certaines mises \u00e0 jour des informations disponibles sur cette page. L'Ordem dos Fisioterapeutas ne garantit pas son exactitude et n'est pas responsable de la reproduction accidentelle de donn\u00e9es incorrectes.<\/p>\t\t\t\t\t\t\t\t<\/div>\n\t\t\t\t<\/div>\n\t\t\t\t\t<\/div>\n\t\t<\/div>\n\t\t\t\t\t<\/div>\n\t\t<\/section>\n\t\t\t\t<section class=\"elementor-section elementor-top-section elementor-element elementor-element-601d6960 elementor-section-boxed elementor-section-height-default elementor-section-height-default\" data-id=\"601d6960\" data-element_type=\"section\" data-e-type=\"section\">\n\t\t\t\t\t\t<div class=\"elementor-container elementor-column-gap-default\">\n\t\t\t\t\t<div class=\"elementor-column elementor-col-100 elementor-top-column elementor-element elementor-element-479cd00e\" data-id=\"479cd00e\" data-element_type=\"column\" data-e-type=\"column\">\n\t\t\t<div class=\"elementor-widget-wrap elementor-element-populated\">\n\t\t\t\t\t\t<div class=\"elementor-element elementor-element-0355c7a elementor-widget elementor-widget-heading\" data-id=\"0355c7a\" data-element_type=\"widget\" data-e-type=\"widget\" data-widget_type=\"heading.default\">\n\t\t\t\t<div class=\"elementor-widget-container\">\n\t\t\t\t\t<h2 class=\"elementor-heading-title elementor-size-default\">Dipl\u00f4me<\/h2>\t\t\t\t<\/div>\n\t\t\t\t<\/div>\n\t\t\t\t\t<\/div>\n\t\t<\/div>\n\t\t\t\t\t<\/div>\n\t\t<\/section>\n\t\t\t\t<section class=\"elementor-section elementor-top-section elementor-element elementor-element-ab3d21a elementor-section-boxed elementor-section-height-default elementor-section-height-default\" data-id=\"ab3d21a\" data-element_type=\"section\" data-e-type=\"section\">\n\t\t\t\t\t\t<div class=\"elementor-container elementor-column-gap-default\">\n\t\t\t\t\t<div class=\"elementor-column elementor-col-100 elementor-top-column elementor-element elementor-element-2a51929\" data-id=\"2a51929\" data-element_type=\"column\" data-e-type=\"column\">\n\t\t\t<div class=\"elementor-widget-wrap elementor-element-populated\">\n\t\t\t\t\t\t<div class=\"elementor-element elementor-element-bed301d elementor-widget elementor-widget-text-editor\" data-id=\"bed301d\" data-element_type=\"widget\" data-e-type=\"widget\" data-widget_type=\"text-editor.default\">\n\t\t\t\t<div class=\"elementor-widget-container\">\n\t\t\t\t\t\t\t\t\t<p>Les \u00e9tablissements d'enseignement de la physioth\u00e9rapie suivants sont actuellement accr\u00e9dit\u00e9s :<\/p><ul><li><span style=\"text-decoration: underline;\"><a href=\"https:\/\/www.essatla.pt\/\" target=\"_blank\" rel=\"noopener\">Coll\u00e8ge de sant\u00e9 de l'Atlantique (ESSATLA)<\/a><\/span><\/li><li><span style=\"text-decoration: underline;\"><a href=\"http:\/\/esscvp.eu\/\">\u00c9cole sup\u00e9rieure de sant\u00e9 de la Croix-Rouge portugaise<\/a><\/span><\/li><li><span style=\"text-decoration: underline;\"><a href=\"http:\/\/www.ua.pt\/essua\/\">\u00c9cole de sant\u00e9 de l'universit\u00e9 d'Aveiro<\/a><\/span><\/li><li><span style=\"text-decoration: underline;\"><a href=\"http:\/\/www.ipleiria.pt\/esslei\/\">\u00c9cole de sant\u00e9 de Leiria<\/a><\/span><\/li><li><span style=\"text-decoration: underline;\"><a href=\"http:\/\/www.ess.ipp.pt\/\">Escola Superior de Sa\u00fade do Polit\u00e9cnico do Porto<\/a><\/span><\/li><li><span style=\"text-decoration: underline;\"><a href=\"http:\/\/www.santamariasaude.pt\/\">\u00c9cole de sant\u00e9 de Santa Maria<\/a><\/span><\/li><li><span style=\"text-decoration: underline;\"><a href=\"http:\/\/www.ess.ips.pt\/\">\u00c9cole de sant\u00e9 de Set\u00fabal<\/a><\/span><\/li><li><span style=\"text-decoration: underline;\"><a href=\"http:\/\/www.essa.pt\/portal\">Coll\u00e8ge de sant\u00e9 d'Alcoit\u00e3o<\/a><\/span><\/li><li><span style=\"text-decoration: underline;\"><a href=\"http:\/\/www.cespu.pt\/ensino\/ensino-politecnico\/departamentos-da-essva\">\u00c9cole sup\u00e9rieure de sant\u00e9 de Vale do Ave<\/a><\/span><\/li><li><span style=\"text-decoration: underline;\"><a href=\"http:\/\/www.cespu.pt\/ensino\/ensino-politecnico\/departamentos-da-essvs\" target=\"_blank\" rel=\"noopener\">\u00c9cole sup\u00e9rieure des technologies de la sant\u00e9 de T\u00e2mega e Sousa<\/a><\/span><\/li><li><span style=\"text-decoration: underline;\"><a href=\"http:\/\/www.ipcb.pt\/esald\/escola-superior-de-saude-dr-lopes-dias\">\u00c9cole de sant\u00e9 Dr. Lopes Dias<\/a><\/span><\/li><li><span style=\"text-decoration: underline;\"><a href=\"http:\/\/www.egasmoniz.com.pt\/\">\u00c9cole sup\u00e9rieure de sant\u00e9 Egas Moniz<\/a><\/span><\/li><li><span style=\"text-decoration: underline;\"><a href=\"http:\/\/ipiaget.org\/escola-superior-de-saude-silves\/\">\u00c9cole de sant\u00e9 Jean Piaget - Silves<\/a><\/span><\/li><li><span style=\"text-decoration: underline;\"><a href=\"http:\/\/ipiaget.org\/escola-superior-de-saude-viseu\">\u00c9cole de sant\u00e9 Jean Piaget - Viseu<\/a><\/span><\/li><li><span style=\"text-decoration: underline;\"><a href=\"http:\/\/ipiaget.org\/escola-superior-de-saude-vila-nova-de-gaia\">\u00c9cole de sant\u00e9 Jean Piaget - V. N. Gaia<\/a><\/span><\/li><li><span style=\"text-decoration: underline;\"><a href=\"http:\/\/www.estescoimbra.pt\/\">\u00c9cole de technologie de la sant\u00e9 de Coimbra<\/a><\/span><\/li><li><span style=\"text-decoration: underline;\"><a href=\"http:\/\/www.estesl.ipl.pt\/\">\u00c9cole de technologie de la sant\u00e9 de Lisbonne<\/a><\/span><\/li><li><span style=\"text-decoration: underline;\"><a href=\"http:\/\/www.isave.pt\/isavenovo\/index.php\/pt\/2015-11-12-10-14-26\/licenciaturas\/fisioterapia\">Alto Ave Higher Institute of Health<\/a><\/span><\/li><li><span style=\"text-decoration: underline;\"><a href=\"http:\/\/www.ufp.pt\/\">\u00c9cole de sant\u00e9 de l'universit\u00e9 Fernando Pessoa<\/a><\/span><\/li><li><span style=\"text-decoration: underline;\"><a href=\"https:\/\/ess.ualg.pt\/curso\/1914\">\u00c9cole de sant\u00e9 de l'Universit\u00e9 d'Algarve<\/a><\/span><\/li><li><span style=\"text-decoration: underline;\"><a href=\"https:\/\/www.essnortecvp.pt\/pt\/cursos\/fisioterapia\/\" target=\"_blank\" rel=\"noopener\">Croix-Rouge portugaise \u00c9cole de sant\u00e9 du Nord<\/a><\/span><\/li><li><span style=\"text-decoration: underline;\"><a href=\"https:\/\/portal3.ipb.pt\/index.php\/pt\/guiaects\/cursos\/licenciaturas\/curso?cod_escola=7015&amp;cod_curso=9504\" target=\"_blank\" rel=\"noopener\">\u00c9cole de sant\u00e9<\/a><\/span><\/li><\/ul><p><!-- \/wp:paragraph --><\/p>\t\t\t\t\t\t\t\t<\/div>\n\t\t\t\t<\/div>\n\t\t\t\t\t<\/div>\n\t\t<\/div>\n\t\t\t\t\t<\/div>\n\t\t<\/section>\n\t\t\t\t<\/div>","protected":false},"excerpt":{"rendered":"<p>Il peut y avoir des divergences occasionnelles ou des retards dans certaines mises \u00e0 jour des informations fournies sur cette page. L'Ordre des physioth\u00e9rapeutes n'en garantit pas l'exactitude et n'est pas responsable de la reproduction accidentelle de donn\u00e9es incorrectes. Dipl\u00f4me Les \u00e9tablissements d'enseignement de la physioth\u00e9rapie suivants sont actuellement accr\u00e9dit\u00e9s : Escola Superior de Sa\u00fade Atl\u00e2ntica (ESSATLA) Escola Superior de Sa\u00fade da Cruz ... <a title=\"Institutions d&#039;enseignement de la physioth\u00e9rapie\" class=\"read-more\" href=\"https:\/\/staging.ordemdosfisioterapeutas.pt\/fr\/instituicoes-de-ensino-em-fisioterapia\/\" aria-label=\"En savoir plus sur Institutions d&#039;enseignement de la physioth\u00e9rapie\">En savoir plus<\/a><\/p>","protected":false},"author":1,"featured_media":0,"parent":0,"menu_order":0,"comment_status":"closed","ping_status":"closed","template":"","meta":{"footnotes":""},"class_list":["post-419","page","type-page","status-publish"],"_links":{"self":[{"href":"https:\/\/staging.ordemdosfisioterapeutas.pt\/fr\/wp-json\/wp\/v2\/pages\/419","targetHints":{"allow":["GET"]}}],"collection":[{"href":"https:\/\/staging.ordemdosfisioterapeutas.pt\/fr\/wp-json\/wp\/v2\/pages"}],"about":[{"href":"https:\/\/staging.ordemdosfisioterapeutas.pt\/fr\/wp-json\/wp\/v2\/types\/page"}],"author":[{"embeddable":true,"href":"https:\/\/staging.ordemdosfisioterapeutas.pt\/fr\/wp-json\/wp\/v2\/users\/1"}],"replies":[{"embeddable":true,"href":"https:\/\/staging.ordemdosfisioterapeutas.pt\/fr\/wp-json\/wp\/v2\/comments?post=419"}],"version-history":[{"count":0,"href":"https:\/\/staging.ordemdosfisioterapeutas.pt\/fr\/wp-json\/wp\/v2\/pages\/419\/revisions"}],"wp:attachment":[{"href":"https:\/\/staging.ordemdosfisioterapeutas.pt\/fr\/wp-json\/wp\/v2\/media?parent=419"}],"curies":[{"name":"wp","href":"https:\/\/api.w.org\/{rel}","templated":true}]}}