{"id":5380,"date":"2023-01-26T21:48:23","date_gmt":"2023-01-26T21:48:23","guid":{"rendered":"https:\/\/staging.ordemdosfisioterapeutas.pt\/?page_id=5380"},"modified":"2023-02-08T14:46:08","modified_gmt":"2023-02-08T14:46:08","slug":"repositorio-cientifico","status":"publish","type":"page","link":"https:\/\/staging.ordemdosfisioterapeutas.pt\/fr\/repositorio-cientifico\/","title":{"rendered":"D\u00e9p\u00f4ts scientifiques"},"content":{"rendered":"<div data-elementor-type=\"wp-page\" data-elementor-id=\"5380\" class=\"elementor elementor-5380\" data-elementor-post-type=\"page\">\n\t\t\t\t\t\t<section class=\"elementor-section elementor-top-section elementor-element elementor-element-5a008e3 elementor-section-boxed elementor-section-height-default elementor-section-height-default\" data-id=\"5a008e3\" data-element_type=\"section\" data-e-type=\"section\">\n\t\t\t\t\t\t<div class=\"elementor-container elementor-column-gap-default\">\n\t\t\t\t\t<div class=\"elementor-column elementor-col-100 elementor-top-column elementor-element elementor-element-b6aa964\" data-id=\"b6aa964\" data-element_type=\"column\" data-e-type=\"column\">\n\t\t\t<div class=\"elementor-widget-wrap elementor-element-populated\">\n\t\t\t\t\t\t<div class=\"elementor-element elementor-element-88de2c7 elementor-widget elementor-widget-heading\" data-id=\"88de2c7\" data-element_type=\"widget\" data-e-type=\"widget\" data-widget_type=\"heading.default\">\n\t\t\t\t<div class=\"elementor-widget-container\">\n\t\t\t\t\t<h2 class=\"elementor-heading-title elementor-size-default\">Ressources \u00e9lectroniques pour les d\u00e9p\u00f4ts d'archives scientifiques <\/h2>\t\t\t\t<\/div>\n\t\t\t\t<\/div>\n\t\t\t\t\t<\/div>\n\t\t<\/div>\n\t\t\t\t\t<\/div>\n\t\t<\/section>\n\t\t\t\t<section class=\"elementor-section elementor-top-section elementor-element elementor-element-62bb1a1 elementor-section-boxed elementor-section-height-default elementor-section-height-default\" data-id=\"62bb1a1\" data-element_type=\"section\" data-e-type=\"section\">\n\t\t\t\t\t\t<div class=\"elementor-container elementor-column-gap-default\">\n\t\t\t\t\t<div class=\"elementor-column elementor-col-100 elementor-top-column elementor-element elementor-element-0ad431b\" data-id=\"0ad431b\" data-element_type=\"column\" data-e-type=\"column\">\n\t\t\t<div class=\"elementor-widget-wrap elementor-element-populated\">\n\t\t\t\t\t\t<div class=\"elementor-element elementor-element-516d7d2 elementor-widget elementor-widget-text-editor\" data-id=\"516d7d2\" data-element_type=\"widget\" data-e-type=\"widget\" data-widget_type=\"text-editor.default\">\n\t\t\t\t<div class=\"elementor-widget-container\">\n\t\t\t\t\t\t\t\t\t<p>L'Ordre des kin\u00e9sith\u00e9rapeutes s'engage \u00e0 rendre accessible \u00e0 tous ses membres des bases de donn\u00e9es \u00e9lectroniques en libre acc\u00e8s sur la production scientifique et la recherche concernant les kin\u00e9sith\u00e9rapeutes.<\/p><p>L'acc\u00e8s est disponible dans le r\u00e9f\u00e9rentiel scientifique portugais en libre acc\u00e8s (RCAAP), qui comprend \u00e9galement OASISbr, b-on, OpenAIRE et Google Scholar.<\/p><p>RCAAP permet de visualiser les textes dans leur int\u00e9gralit\u00e9 ou de consulter uniquement les m\u00e9tadonn\u00e9es. Il est \u00e9galement possible de consulter des articles scientifiques, des m\u00e9moires de ma\u00eetrise, des monographies de licence, des th\u00e8ses de doctorat, des rapports, des conf\u00e9rences et des expos\u00e9s, entre autres. Vous pouvez acc\u00e9der \u00e0 RCAAP dans son espace r\u00e9serv\u00e9, o\u00f9 vous trouverez \u00e9galement un guide pratique de consultation.<\/p>\t\t\t\t\t\t\t\t<\/div>\n\t\t\t\t<\/div>\n\t\t\t\t<div class=\"elementor-element elementor-element-3f35217 elementor-align-left elementor-widget elementor-widget-button\" data-id=\"3f35217\" data-element_type=\"widget\" data-e-type=\"widget\" data-widget_type=\"button.default\">\n\t\t\t\t<div class=\"elementor-widget-container\">\n\t\t\t\t\t\t\t\t\t<div class=\"elementor-button-wrapper\">\n\t\t\t\t\t<a class=\"elementor-button elementor-button-link elementor-size-sm\" href=\"https:\/\/portal.ordemdosfisioterapeutas.pt\/\" target=\"_blank\">\n\t\t\t\t\t\t<span class=\"elementor-button-content-wrapper\">\n\t\t\t\t\t\t\t\t\t<span class=\"elementor-button-text\">Zone r\u00e9serv\u00e9e<\/span>\n\t\t\t\t\t<\/span>\n\t\t\t\t\t<\/a>\n\t\t\t\t<\/div>\n\t\t\t\t\t\t\t\t<\/div>\n\t\t\t\t<\/div>\n\t\t\t\t\t<\/div>\n\t\t<\/div>\n\t\t\t\t\t<\/div>\n\t\t<\/section>\n\t\t\t\t<\/div>","protected":false},"excerpt":{"rendered":"<p>Ressources \u00e9lectroniques vers les d\u00e9p\u00f4ts scientifiques L'Ordre des kin\u00e9sith\u00e9rapeutes s'engage \u00e0 rendre accessibles \u00e0 tous ses membres les bases de donn\u00e9es \u00e9lectroniques en libre acc\u00e8s de la production scientifique et de la recherche pertinente pour les kin\u00e9sith\u00e9rapeutes. L'acc\u00e8s est possible au R\u00e9f\u00e9rentiel scientifique portugais en libre acc\u00e8s (RCAAP), qui comprend \u00e9galement OASISbr, b-on, ... <a title=\"D\u00e9p\u00f4ts scientifiques\" class=\"read-more\" href=\"https:\/\/staging.ordemdosfisioterapeutas.pt\/fr\/repositorio-cientifico\/\" aria-label=\"En savoir plus sur D\u00e9p\u00f4ts scientifiques\">En savoir plus<\/a><\/p>","protected":false},"author":1,"featured_media":0,"parent":0,"menu_order":0,"comment_status":"closed","ping_status":"closed","template":"","meta":{"footnotes":""},"class_list":["post-5380","page","type-page","status-publish"],"_links":{"self":[{"href":"https:\/\/staging.ordemdosfisioterapeutas.pt\/fr\/wp-json\/wp\/v2\/pages\/5380","targetHints":{"allow":["GET"]}}],"collection":[{"href":"https:\/\/staging.ordemdosfisioterapeutas.pt\/fr\/wp-json\/wp\/v2\/pages"}],"about":[{"href":"https:\/\/staging.ordemdosfisioterapeutas.pt\/fr\/wp-json\/wp\/v2\/types\/page"}],"author":[{"embeddable":true,"href":"https:\/\/staging.ordemdosfisioterapeutas.pt\/fr\/wp-json\/wp\/v2\/users\/1"}],"replies":[{"embeddable":true,"href":"https:\/\/staging.ordemdosfisioterapeutas.pt\/fr\/wp-json\/wp\/v2\/comments?post=5380"}],"version-history":[{"count":0,"href":"https:\/\/staging.ordemdosfisioterapeutas.pt\/fr\/wp-json\/wp\/v2\/pages\/5380\/revisions"}],"wp:attachment":[{"href":"https:\/\/staging.ordemdosfisioterapeutas.pt\/fr\/wp-json\/wp\/v2\/media?parent=5380"}],"curies":[{"name":"wp","href":"https:\/\/api.w.org\/{rel}","templated":true}]}}