{"id":7263,"date":"2024-11-08T16:21:19","date_gmt":"2024-11-08T16:21:19","guid":{"rendered":"https:\/\/staging.ordemdosfisioterapeutas.pt\/?page_id=7263"},"modified":"2025-03-25T10:26:09","modified_gmt":"2025-03-25T10:26:09","slug":"conselho-de-supervisao","status":"publish","type":"page","link":"https:\/\/staging.ordemdosfisioterapeutas.pt\/fr\/conselho-de-supervisao\/","title":{"rendered":"Conseil de surveillance"},"content":{"rendered":"<div data-elementor-type=\"wp-page\" data-elementor-id=\"7263\" class=\"elementor elementor-7263\" data-elementor-post-type=\"page\">\n\t\t\t\t\t\t<section class=\"elementor-section elementor-top-section elementor-element elementor-element-1d74bc8 elementor-section-boxed elementor-section-height-default elementor-section-height-default\" data-id=\"1d74bc8\" data-element_type=\"section\" data-e-type=\"section\">\n\t\t\t\t\t\t<div class=\"elementor-container elementor-column-gap-default\">\n\t\t\t\t\t<div class=\"elementor-column elementor-col-25 elementor-top-column elementor-element elementor-element-4b5f5dc\" data-id=\"4b5f5dc\" data-element_type=\"column\" data-e-type=\"column\">\n\t\t\t<div class=\"elementor-widget-wrap elementor-element-populated\">\n\t\t\t\t\t\t<div class=\"elementor-element elementor-element-71116a4 elementor-position-top elementor-widget elementor-widget-image-box\" data-id=\"71116a4\" data-element_type=\"widget\" data-e-type=\"widget\" data-widget_type=\"image-box.default\">\n\t\t\t\t<div class=\"elementor-widget-container\">\n\t\t\t\t\t<div class=\"elementor-image-box-wrapper\"><figure class=\"elementor-image-box-img\"><a href=\"https:\/\/staging.ordemdosfisioterapeutas.pt\/wp-content\/uploads\/2024\/12\/Paula-Clara-Santos.pdf\" target=\"_blank\" tabindex=\"-1\"><img fetchpriority=\"high\" decoding=\"async\" width=\"550\" height=\"383\" src=\"https:\/\/staging.ordemdosfisioterapeutas.pt\/wp-content\/uploads\/2024\/12\/AF_paula-santos.webp\" class=\"attachment-full size-full wp-image-7411\" alt=\"\" srcset=\"https:\/\/staging.ordemdosfisioterapeutas.pt\/wp-content\/uploads\/2024\/12\/AF_paula-santos.webp 550w, https:\/\/staging.ordemdosfisioterapeutas.pt\/wp-content\/uploads\/2024\/12\/AF_paula-santos-300x209.webp 300w, https:\/\/staging.ordemdosfisioterapeutas.pt\/wp-content\/uploads\/2024\/12\/AF_paula-santos-18x12.webp 18w\" sizes=\"(max-width: 550px) 100vw, 550px\" \/><\/a><\/figure><div class=\"elementor-image-box-content\"><h3 class=\"elementor-image-box-title\"><a href=\"https:\/\/staging.ordemdosfisioterapeutas.pt\/wp-content\/uploads\/2024\/12\/Paula-Clara-Santos.pdf\" target=\"_blank\">Paula Clara Santos<\/a><\/h3><p class=\"elementor-image-box-description\"><br>\nN\u00b0 de catalogue : 732<\/p><\/div><\/div>\t\t\t\t<\/div>\n\t\t\t\t<\/div>\n\t\t\t\t\t<\/div>\n\t\t<\/div>\n\t\t\t\t<div class=\"elementor-column elementor-col-25 elementor-top-column elementor-element elementor-element-88d7556\" data-id=\"88d7556\" data-element_type=\"column\" data-e-type=\"column\">\n\t\t\t<div class=\"elementor-widget-wrap elementor-element-populated\">\n\t\t\t\t\t\t<div class=\"elementor-element elementor-element-2c16dc7 elementor-position-top elementor-widget elementor-widget-image-box\" data-id=\"2c16dc7\" data-element_type=\"widget\" data-e-type=\"widget\" data-widget_type=\"image-box.default\">\n\t\t\t\t<div class=\"elementor-widget-container\">\n\t\t\t\t\t<div class=\"elementor-image-box-wrapper\"><figure class=\"elementor-image-box-img\"><a href=\"https:\/\/staging.ordemdosfisioterapeutas.pt\/wp-content\/uploads\/2024\/12\/Luis-Bras.pdf\" target=\"_blank\" tabindex=\"-1\"><img decoding=\"async\" width=\"550\" height=\"383\" src=\"https:\/\/staging.ordemdosfisioterapeutas.pt\/wp-content\/uploads\/2024\/12\/luis-bras.webp\" class=\"attachment-full size-full wp-image-7413\" alt=\"\" srcset=\"https:\/\/staging.ordemdosfisioterapeutas.pt\/wp-content\/uploads\/2024\/12\/luis-bras.webp 550w, https:\/\/staging.ordemdosfisioterapeutas.pt\/wp-content\/uploads\/2024\/12\/luis-bras-300x209.webp 300w, https:\/\/staging.ordemdosfisioterapeutas.pt\/wp-content\/uploads\/2024\/12\/luis-bras-18x12.webp 18w\" sizes=\"(max-width: 550px) 100vw, 550px\" \/><\/a><\/figure><div class=\"elementor-image-box-content\"><h3 class=\"elementor-image-box-title\"><a href=\"https:\/\/staging.ordemdosfisioterapeutas.pt\/wp-content\/uploads\/2024\/12\/Luis-Bras.pdf\" target=\"_blank\">Lu\u00eds Br\u00e1s<\/a><\/h3><p class=\"elementor-image-box-description\"><br>\nN\u00b0 de catalogue : 4158<\/p><\/div><\/div>\t\t\t\t<\/div>\n\t\t\t\t<\/div>\n\t\t\t\t\t<\/div>\n\t\t<\/div>\n\t\t\t\t<div class=\"elementor-column elementor-col-25 elementor-top-column elementor-element elementor-element-e925693\" data-id=\"e925693\" data-element_type=\"column\" data-e-type=\"column\">\n\t\t\t<div class=\"elementor-widget-wrap elementor-element-populated\">\n\t\t\t\t\t\t<div class=\"elementor-element elementor-element-91ca1f1 elementor-position-top elementor-widget elementor-widget-image-box\" data-id=\"91ca1f1\" data-element_type=\"widget\" data-e-type=\"widget\" data-widget_type=\"image-box.default\">\n\t\t\t\t<div class=\"elementor-widget-container\">\n\t\t\t\t\t<div class=\"elementor-image-box-wrapper\"><figure class=\"elementor-image-box-img\"><a href=\"https:\/\/staging.ordemdosfisioterapeutas.pt\/wp-content\/uploads\/2024\/12\/Rui-F-Pinto.pdf\" target=\"_blank\" tabindex=\"-1\"><img decoding=\"async\" width=\"550\" height=\"383\" src=\"https:\/\/staging.ordemdosfisioterapeutas.pt\/wp-content\/uploads\/2024\/12\/AF_rui-fonseca-pinto.webp\" class=\"attachment-full size-full wp-image-7412\" alt=\"\" srcset=\"https:\/\/staging.ordemdosfisioterapeutas.pt\/wp-content\/uploads\/2024\/12\/AF_rui-fonseca-pinto.webp 550w, https:\/\/staging.ordemdosfisioterapeutas.pt\/wp-content\/uploads\/2024\/12\/AF_rui-fonseca-pinto-300x209.webp 300w, https:\/\/staging.ordemdosfisioterapeutas.pt\/wp-content\/uploads\/2024\/12\/AF_rui-fonseca-pinto-18x12.webp 18w\" sizes=\"(max-width: 550px) 100vw, 550px\" \/><\/a><\/figure><div class=\"elementor-image-box-content\"><h3 class=\"elementor-image-box-title\"><a href=\"https:\/\/staging.ordemdosfisioterapeutas.pt\/wp-content\/uploads\/2024\/12\/Rui-F-Pinto.pdf\" target=\"_blank\">Rui Fonseca Pinto<\/a><\/h3><\/div><\/div>\t\t\t\t<\/div>\n\t\t\t\t<\/div>\n\t\t\t\t\t<\/div>\n\t\t<\/div>\n\t\t\t\t<div class=\"elementor-column elementor-col-25 elementor-top-column elementor-element elementor-element-7463036\" data-id=\"7463036\" data-element_type=\"column\" data-e-type=\"column\">\n\t\t\t<div class=\"elementor-widget-wrap elementor-element-populated\">\n\t\t\t\t\t\t<div class=\"elementor-element elementor-element-b8a039c elementor-position-top elementor-widget elementor-widget-image-box\" data-id=\"b8a039c\" data-element_type=\"widget\" data-e-type=\"widget\" data-widget_type=\"image-box.default\">\n\t\t\t\t<div class=\"elementor-widget-container\">\n\t\t\t\t\t<div class=\"elementor-image-box-wrapper\"><figure class=\"elementor-image-box-img\"><a href=\"https:\/\/staging.ordemdosfisioterapeutas.pt\/wp-content\/uploads\/2024\/12\/Mara-Pereira-Guerreiro.pdf\" target=\"_blank\" tabindex=\"-1\"><img loading=\"lazy\" decoding=\"async\" width=\"550\" height=\"383\" src=\"https:\/\/staging.ordemdosfisioterapeutas.pt\/wp-content\/uploads\/2024\/12\/Mara.webp\" class=\"attachment-full size-full wp-image-7414\" alt=\"\" srcset=\"https:\/\/staging.ordemdosfisioterapeutas.pt\/wp-content\/uploads\/2024\/12\/Mara.webp 550w, https:\/\/staging.ordemdosfisioterapeutas.pt\/wp-content\/uploads\/2024\/12\/Mara-300x209.webp 300w, https:\/\/staging.ordemdosfisioterapeutas.pt\/wp-content\/uploads\/2024\/12\/Mara-18x12.webp 18w\" sizes=\"(max-width: 550px) 100vw, 550px\" \/><\/a><\/figure><div class=\"elementor-image-box-content\"><h3 class=\"elementor-image-box-title\"><a href=\"https:\/\/staging.ordemdosfisioterapeutas.pt\/wp-content\/uploads\/2024\/12\/Mara-Pereira-Guerreiro.pdf\" target=\"_blank\">Mara Guerreiro<\/a><\/h3><\/div><\/div>\t\t\t\t<\/div>\n\t\t\t\t<\/div>\n\t\t\t\t\t<\/div>\n\t\t<\/div>\n\t\t\t\t\t<\/div>\n\t\t<\/section>\n\t\t\t\t<\/div>","protected":false},"excerpt":{"rendered":"<p>Paula Clara Santos C\u00e9dula n\u00b0 732 Lu\u00eds Br\u00e1s C\u00e9dula n\u00b0 4158 Rui Fonseca Pinto Mara Guerreiro<\/p>","protected":false},"author":1,"featured_media":0,"parent":0,"menu_order":0,"comment_status":"closed","ping_status":"closed","template":"","meta":{"footnotes":""},"class_list":["post-7263","page","type-page","status-publish"],"_links":{"self":[{"href":"https:\/\/staging.ordemdosfisioterapeutas.pt\/fr\/wp-json\/wp\/v2\/pages\/7263","targetHints":{"allow":["GET"]}}],"collection":[{"href":"https:\/\/staging.ordemdosfisioterapeutas.pt\/fr\/wp-json\/wp\/v2\/pages"}],"about":[{"href":"https:\/\/staging.ordemdosfisioterapeutas.pt\/fr\/wp-json\/wp\/v2\/types\/page"}],"author":[{"embeddable":true,"href":"https:\/\/staging.ordemdosfisioterapeutas.pt\/fr\/wp-json\/wp\/v2\/users\/1"}],"replies":[{"embeddable":true,"href":"https:\/\/staging.ordemdosfisioterapeutas.pt\/fr\/wp-json\/wp\/v2\/comments?post=7263"}],"version-history":[{"count":0,"href":"https:\/\/staging.ordemdosfisioterapeutas.pt\/fr\/wp-json\/wp\/v2\/pages\/7263\/revisions"}],"wp:attachment":[{"href":"https:\/\/staging.ordemdosfisioterapeutas.pt\/fr\/wp-json\/wp\/v2\/media?parent=7263"}],"curies":[{"name":"wp","href":"https:\/\/api.w.org\/{rel}","templated":true}]}}