{"id":7429,"date":"2024-12-13T22:26:32","date_gmt":"2024-12-13T22:26:32","guid":{"rendered":"https:\/\/staging.ordemdosfisioterapeutas.pt\/?page_id=7429"},"modified":"2025-02-17T10:12:16","modified_gmt":"2025-02-17T10:12:16","slug":"o-que-o-fisioterapeuta-pode-fazer-por-si","status":"publish","type":"page","link":"https:\/\/staging.ordemdosfisioterapeutas.pt\/fr\/o-que-o-fisioterapeuta-pode-fazer-por-si\/","title":{"rendered":"Que peut faire un physioth\u00e9rapeute pour vous ?"},"content":{"rendered":"<div data-elementor-type=\"wp-page\" data-elementor-id=\"7429\" class=\"elementor elementor-7429\" data-elementor-post-type=\"page\">\n\t\t\t\t<div class=\"elementor-element elementor-element-bfef30e e-flex e-con-boxed e-con e-parent\" data-id=\"bfef30e\" data-element_type=\"container\" data-e-type=\"container\">\n\t\t\t\t\t<div class=\"e-con-inner\">\n\t\t\t\t<div class=\"elementor-element elementor-element-67053f3 elementor-widget elementor-widget-text-editor\" data-id=\"67053f3\" data-element_type=\"widget\" data-e-type=\"widget\" data-widget_type=\"text-editor.default\">\n\t\t\t\t<div class=\"elementor-widget-container\">\n\t\t\t\t\t\t\t\t\t<p>L'Ordre des physioth\u00e9rapeutes joue un r\u00f4le r\u00e9glementaire essentiel, en garantissant la qualit\u00e9 des services fournis, en prot\u00e9geant les int\u00e9r\u00eats des citoyens et en assurant la pratique \u00e9thique et comp\u00e9tente de la physioth\u00e9rapie au Portugal.<\/p><p>La physioth\u00e9rapie est d\u00e9finie comme l'\u00e9tude, la pr\u00e9vention, le diagnostic et le traitement des probl\u00e8mes de sant\u00e9 qui affectent les structures et les fonctions du syst\u00e8me de mouvement, ainsi que la fonctionnalit\u00e9 des personnes, des groupes ou des communaut\u00e9s, en tenant compte des conditions kin\u00e9siopathologiques et pathokin\u00e9siologiques.<\/p><p>Dans le cadre du processus de physioth\u00e9rapie, le physioth\u00e9rapeute effectue les actes suivants :<\/p><p>a) Examen\/\u00e9valuation :<br \/>\u00a0 \u00a0i) Recueillir des informations par l'observation, l'entretien, l'examen manuel, les tests et autres instruments de mesure, ainsi que par des moyens compl\u00e9mentaires de diagnostic du syst\u00e8me de mouvement ;<br \/>\u00a0 \u00a0 \u00a0 \u00a0ii) \u00c9valuation d\u00e9taill\u00e9e du syst\u00e8me de mouvement, d'activit\u00e9 et de participation ;<br \/>\u00a0 \u00a0 \u00a0 iii) Consigner toutes les informations pertinentes recueillies dans le dossier clinique.<\/p><p>b) Diagnostic physioth\u00e9rapeutique : conform\u00e9ment \u00e0 ses \"leges artis\", il \u00e9tablit le diagnostic physioth\u00e9rapeutique en tenant compte des alt\u00e9rations du syst\u00e8me de mouvement, des limitations d'activit\u00e9 et des restrictions de participation.<\/p><p>c) Pronostic et plan d'intervention : d\u00e9termine les besoins d'intervention en physioth\u00e9rapie, d\u00e9finit les objectifs et indique le plan d'intervention en collaboration avec le patient, la famille, les soignants et\/ou les repr\u00e9sentants, en tenant compte des facteurs contextuels, et \u00e9tablit le niveau optimal attendu d'am\u00e9lioration de la fonction et l'intervalle de temps n\u00e9cessaire pour atteindre ce niveau.<\/p><p>d) Intervention :<br \/>\u00a0 \u00a0 \u00a0i) \u00e9duque, guide et conseille en vue d'optimiser le syst\u00e8me de mouvement et d'adopter des modes de vie sains, avec des r\u00e9percussions sur la fonctionnalit\u00e9, la qualit\u00e9 de vie li\u00e9e \u00e0 la sant\u00e9, l'optimisation de l'activit\u00e9 et la participation ;<br \/>\u00a0 \u00a0 \u00a0 ii) prescrit, applique et contr\u00f4le la th\u00e9rapie par le mouvement, l'activit\u00e9 physique et l'exercice physique dans le domaine de la sant\u00e9, y compris l'exercice th\u00e9rapeutique visant en particulier la douleur et\/ou le dysfonctionnement et l'exercice clinique destin\u00e9 aux populations souffrant de maladies ou ayant d'autres besoins particuliers en mati\u00e8re de sant\u00e9 ;<br \/>\u00a0 \u00a0 \u00a0 \u00a0iii) prescrit, applique et contr\u00f4le la th\u00e9rapie manuelle, y compris la th\u00e9rapie manipulative ;<br \/>\u00a0 \u00a0 \u00a0 \u00a0iv) prescrit, applique et contr\u00f4le la kin\u00e9sith\u00e9rapie, y compris les moyens \u00e9lectrophysiques, m\u00e9caniques et naturels ;<br \/>\u00a0 \u00a0 \u00a0 \u00a0v) prescrit, applique et contr\u00f4le d'autres interventions soutenues par la science de la physioth\u00e9rapie, y compris les ressources technologiques, de soutien et d'innovation.<\/p><p>e) \u00c9valuation des r\u00e9sultats\/modification de l'intervention : \u00e9valuer l'impact de leur intervention, la r\u00e9\u00e9valuer pendant et apr\u00e8s l'intervention et d\u00e9cider de la modifier chaque fois qu'ils le jugent n\u00e9cessaire.<\/p><p>f) Conclusion du processus de physioth\u00e9rapie : le processus de physioth\u00e9rapie s'ach\u00e8ve lorsque les objectifs pr\u00e9vus et convenus ont \u00e9t\u00e9 atteints ou si l'intervention n'est plus per\u00e7ue comme efficace.<\/p><p>Pour une lecture plus d\u00e9taill\u00e9e, le <span style=\"text-decoration: underline;\"><a href=\"https:\/\/ordemdosfisioterapeutas.pt\/wp-content\/uploads\/2023\/05\/ato-dre.pdf\" target=\"_blank\" rel=\"noopener\">R\u00e9glementation de la loi sur les physioth\u00e9rapeutes<\/a><\/span>qui d\u00e9finit l'acte professionnel du kin\u00e9sith\u00e9rapeute, en pr\u00e9cisant ses comp\u00e9tences, son autonomie et sa responsabilit\u00e9.<\/p>\t\t\t\t\t\t\t\t<\/div>\n\t\t\t\t<\/div>\n\t\t\t\t\t<\/div>\n\t\t\t\t<\/div>\n\t\t\t\t<\/div>","protected":false},"excerpt":{"rendered":"<p>L'Ordre des physioth\u00e9rapeutes joue un r\u00f4le r\u00e9gulateur essentiel, garantissant la qualit\u00e9 des services fournis, prot\u00e9geant les int\u00e9r\u00eats des citoyens et assurant la pratique \u00e9thique et comp\u00e9tente de la physioth\u00e9rapie au Portugal. La physioth\u00e9rapie est d\u00e9finie comme l'\u00e9tude, la pr\u00e9vention, le diagnostic et le traitement des probl\u00e8mes de sant\u00e9 qui affectent les structures et les fonctions ... <a title=\"Que peut faire un physioth\u00e9rapeute pour vous ?\" class=\"read-more\" href=\"https:\/\/staging.ordemdosfisioterapeutas.pt\/fr\/o-que-o-fisioterapeuta-pode-fazer-por-si\/\" aria-label=\"En savoir plus sur Que peut faire un physioth\u00e9rapeute pour vous ?\">En savoir plus<\/a><\/p>","protected":false},"author":1,"featured_media":0,"parent":0,"menu_order":0,"comment_status":"closed","ping_status":"closed","template":"","meta":{"footnotes":""},"class_list":["post-7429","page","type-page","status-publish"],"_links":{"self":[{"href":"https:\/\/staging.ordemdosfisioterapeutas.pt\/fr\/wp-json\/wp\/v2\/pages\/7429","targetHints":{"allow":["GET"]}}],"collection":[{"href":"https:\/\/staging.ordemdosfisioterapeutas.pt\/fr\/wp-json\/wp\/v2\/pages"}],"about":[{"href":"https:\/\/staging.ordemdosfisioterapeutas.pt\/fr\/wp-json\/wp\/v2\/types\/page"}],"author":[{"embeddable":true,"href":"https:\/\/staging.ordemdosfisioterapeutas.pt\/fr\/wp-json\/wp\/v2\/users\/1"}],"replies":[{"embeddable":true,"href":"https:\/\/staging.ordemdosfisioterapeutas.pt\/fr\/wp-json\/wp\/v2\/comments?post=7429"}],"version-history":[{"count":0,"href":"https:\/\/staging.ordemdosfisioterapeutas.pt\/fr\/wp-json\/wp\/v2\/pages\/7429\/revisions"}],"wp:attachment":[{"href":"https:\/\/staging.ordemdosfisioterapeutas.pt\/fr\/wp-json\/wp\/v2\/media?parent=7429"}],"curies":[{"name":"wp","href":"https:\/\/api.w.org\/{rel}","templated":true}]}}