{"id":7435,"date":"2024-12-13T22:29:27","date_gmt":"2024-12-13T22:29:27","guid":{"rendered":"https:\/\/staging.ordemdosfisioterapeutas.pt\/?page_id=7435"},"modified":"2025-02-17T10:24:21","modified_gmt":"2025-02-17T10:24:21","slug":"perguntas-frequentes-2","status":"publish","type":"page","link":"https:\/\/staging.ordemdosfisioterapeutas.pt\/fr\/perguntas-frequentes-2\/","title":{"rendered":"Questions fr\u00e9quemment pos\u00e9es"},"content":{"rendered":"<div data-elementor-type=\"wp-page\" data-elementor-id=\"7435\" class=\"elementor elementor-7435\" data-elementor-post-type=\"page\">\n\t\t\t\t<div class=\"elementor-element elementor-element-1af4464 e-flex e-con-boxed e-con e-parent\" data-id=\"1af4464\" data-element_type=\"container\" data-e-type=\"container\">\n\t\t\t\t\t<div class=\"e-con-inner\">\n\t\t\t\t<div class=\"elementor-element elementor-element-2ea8c6d elementor-widget elementor-widget-toggle\" data-id=\"2ea8c6d\" data-element_type=\"widget\" data-e-type=\"widget\" data-widget_type=\"toggle.default\">\n\t\t\t\t<div class=\"elementor-widget-container\">\n\t\t\t\t\t\t\t<div class=\"elementor-toggle\">\n\t\t\t\t\t\t\t<div class=\"elementor-toggle-item\">\n\t\t\t\t\t<div id=\"elementor-tab-title-4891\" class=\"elementor-tab-title\" data-tab=\"1\" role=\"button\" aria-controls=\"elementor-tab-content-4891\" aria-expanded=\"false\">\n\t\t\t\t\t\t\t\t\t\t\t\t<span class=\"elementor-toggle-icon elementor-toggle-icon-left\" aria-hidden=\"true\">\n\t\t\t\t\t\t\t\t\t\t\t\t\t\t\t<span class=\"elementor-toggle-icon-closed\"><i class=\"fas fa-caret-right\"><\/i><\/span>\n\t\t\t\t\t\t\t\t<span class=\"elementor-toggle-icon-opened\"><i class=\"elementor-toggle-icon-opened fas fa-caret-up\"><\/i><\/span>\n\t\t\t\t\t\t\t\t\t\t\t\t\t<\/span>\n\t\t\t\t\t\t\t\t\t\t\t\t<a class=\"elementor-toggle-title\" tabindex=\"0\">Comment puis-je \u00eatre s\u00fbr que quelqu'un est vraiment un physioth\u00e9rapeute ?<\/a>\n\t\t\t\t\t<\/div>\n\n\t\t\t\t\t<div id=\"elementor-tab-content-4891\" class=\"elementor-tab-content elementor-clearfix\" data-tab=\"1\" role=\"region\" aria-labelledby=\"elementor-tab-title-4891\"><p>Tous les kin\u00e9sith\u00e9rapeutes sont titulaires d'une carte professionnelle d\u00e9livr\u00e9e par l'Ordre portugais des kin\u00e9sith\u00e9rapeutes. Si vous voulez savoir si une intervention a \u00e9t\u00e9 effectu\u00e9e par un kin\u00e9sith\u00e9rapeute d\u00fbment qualifi\u00e9, vous devez demander \u00e0 voir la carte professionnelle du kin\u00e9sith\u00e9rapeute.   L'OF conseille \u00e0 tous les citoyens de demander le certificat du physioth\u00e9rapeute lorsqu'ils commencent un traitement.<\/p><p>Vous pouvez \u00e9galement contacter votre physioth\u00e9rapeute \u00e0 l'adresse suivante <span style=\"text-decoration: underline;\"><a href=\"https:\/\/ordemdosfisioterapeutas.pt\/encontre-um-fisioterapeuta\/\" target=\"_blank\" rel=\"noopener\">Annuaire<\/a><\/span> sur le site de l'Ordre des kin\u00e9sith\u00e9rapeutes.<\/p><\/div>\n\t\t\t\t<\/div>\n\t\t\t\t\t\t\t<div class=\"elementor-toggle-item\">\n\t\t\t\t\t<div id=\"elementor-tab-title-4892\" class=\"elementor-tab-title\" data-tab=\"2\" role=\"button\" aria-controls=\"elementor-tab-content-4892\" aria-expanded=\"false\">\n\t\t\t\t\t\t\t\t\t\t\t\t<span class=\"elementor-toggle-icon elementor-toggle-icon-left\" aria-hidden=\"true\">\n\t\t\t\t\t\t\t\t\t\t\t\t\t\t\t<span class=\"elementor-toggle-icon-closed\"><i class=\"fas fa-caret-right\"><\/i><\/span>\n\t\t\t\t\t\t\t\t<span class=\"elementor-toggle-icon-opened\"><i class=\"elementor-toggle-icon-opened fas fa-caret-up\"><\/i><\/span>\n\t\t\t\t\t\t\t\t\t\t\t\t\t<\/span>\n\t\t\t\t\t\t\t\t\t\t\t\t<a class=\"elementor-toggle-title\" tabindex=\"0\">Que peut faire un physioth\u00e9rapeute pour moi ?<\/a>\n\t\t\t\t\t<\/div>\n\n\t\t\t\t\t<div id=\"elementor-tab-content-4892\" class=\"elementor-tab-content elementor-clearfix\" data-tab=\"2\" role=\"region\" aria-labelledby=\"elementor-tab-title-4892\"><p>Le physioth\u00e9rapeute vous aidera par des interventions physioth\u00e9rapeutiques sp\u00e9cifiques. Vous devez garder \u00e0 l'esprit que lorsque vous recherchez un physioth\u00e9rapeute agr\u00e9\u00e9, vous recherchez un professionnel de la sant\u00e9 d\u00fbment qualifi\u00e9, qui doit agir dans le respect des normes de qualit\u00e9 et faire l'objet d'une supervision stricte. <span style=\"text-decoration: underline;\"><a href=\"https:\/\/ordemdosfisioterapeutas.pt\/wp-content\/uploads\/2023\/05\/codigo-dre.pdf\" target=\"_blank\" rel=\"noopener\">Code de d\u00e9ontologie<\/a><\/span>, a <span style=\"text-decoration: underline;\"><a href=\"https:\/\/ordemdosfisioterapeutas.pt\/wp-content\/uploads\/2023\/05\/regulamento-disciplinar-dre.pdf\" target=\"_blank\" rel=\"noopener\">R\u00e8glement disciplinaire<\/a><\/span> et la garantie d'une assurance responsabilit\u00e9 professionnelle.<\/p><\/div>\n\t\t\t\t<\/div>\n\t\t\t\t\t\t\t<div class=\"elementor-toggle-item\">\n\t\t\t\t\t<div id=\"elementor-tab-title-4893\" class=\"elementor-tab-title\" data-tab=\"3\" role=\"button\" aria-controls=\"elementor-tab-content-4893\" aria-expanded=\"false\">\n\t\t\t\t\t\t\t\t\t\t\t\t<span class=\"elementor-toggle-icon elementor-toggle-icon-left\" aria-hidden=\"true\">\n\t\t\t\t\t\t\t\t\t\t\t\t\t\t\t<span class=\"elementor-toggle-icon-closed\"><i class=\"fas fa-caret-right\"><\/i><\/span>\n\t\t\t\t\t\t\t\t<span class=\"elementor-toggle-icon-opened\"><i class=\"elementor-toggle-icon-opened fas fa-caret-up\"><\/i><\/span>\n\t\t\t\t\t\t\t\t\t\t\t\t\t<\/span>\n\t\t\t\t\t\t\t\t\t\t\t\t<a class=\"elementor-toggle-title\" tabindex=\"0\">Le kin\u00e9sith\u00e9rapeute peut-il effectuer des s\u00e9ances \u00e0 domicile ou au domicile de la personne qui le consulte ?<\/a>\n\t\t\t\t\t<\/div>\n\n\t\t\t\t\t<div id=\"elementor-tab-content-4893\" class=\"elementor-tab-content elementor-clearfix\" data-tab=\"3\" role=\"region\" aria-labelledby=\"elementor-tab-title-4893\"><p>Oui, tous les physioth\u00e9rapeutes l\u00e9galement qualifi\u00e9s pour pratiquer la physioth\u00e9rapie \u00e0 domicile peuvent effectuer des s\u00e9ances de physioth\u00e9rapie au domicile du patient. Les physioth\u00e9rapeutes ne peuvent pas effectuer de s\u00e9ances de physioth\u00e9rapie \u00e0 leur propre domicile, sauf s'ils disposent de locaux permettant l'acc\u00e8s \u00e0 des zones priv\u00e9es autonomes et d\u00fbment appropri\u00e9es.<\/p><\/div>\n\t\t\t\t<\/div>\n\t\t\t\t\t\t\t<div class=\"elementor-toggle-item\">\n\t\t\t\t\t<div id=\"elementor-tab-title-4894\" class=\"elementor-tab-title\" data-tab=\"4\" role=\"button\" aria-controls=\"elementor-tab-content-4894\" aria-expanded=\"false\">\n\t\t\t\t\t\t\t\t\t\t\t\t<span class=\"elementor-toggle-icon elementor-toggle-icon-left\" aria-hidden=\"true\">\n\t\t\t\t\t\t\t\t\t\t\t\t\t\t\t<span class=\"elementor-toggle-icon-closed\"><i class=\"fas fa-caret-right\"><\/i><\/span>\n\t\t\t\t\t\t\t\t<span class=\"elementor-toggle-icon-opened\"><i class=\"elementor-toggle-icon-opened fas fa-caret-up\"><\/i><\/span>\n\t\t\t\t\t\t\t\t\t\t\t\t\t<\/span>\n\t\t\t\t\t\t\t\t\t\t\t\t<a class=\"elementor-toggle-title\" tabindex=\"0\">Les physioth\u00e9rapeutes doivent-ils expliquer, lors de la premi\u00e8re s\u00e9ance de traitement, quelle m\u00e9thode ils utilisent et utiliseront tout au long de leur intervention ?<\/a>\n\t\t\t\t\t<\/div>\n\n\t\t\t\t\t<div id=\"elementor-tab-content-4894\" class=\"elementor-tab-content elementor-clearfix\" data-tab=\"4\" role=\"region\" aria-labelledby=\"elementor-tab-title-4894\"><p>Le physioth\u00e9rapeute a le devoir de fournir des \u00e9claircissements afin de permettre un choix \u00e9clair\u00e9 et l'utilisateur, ou la personne autoris\u00e9e \u00e0 le faire, a le droit d'\u00eatre inform\u00e9 du but et de la nature de l'intervention, le droit de consentir ou de constituer le droit de refuser l'intervention et de r\u00e9voquer le consentement.<\/p><p>l'article 11 du chapitre IX du code de d\u00e9ontologie des physioth\u00e9rapeutes, qui peut \u00eatre consult\u00e9 \u00e0 l'adresse suivante <span style=\"text-decoration: underline;\"><a href=\"https:\/\/ordemdosfisioterapeutas.pt\/wp-content\/uploads\/2023\/05\/codigo-dre.pdf\" target=\"_blank\" rel=\"noopener\">ici<\/a><\/span>Cet article est consacr\u00e9 au consentement \u00e9clair\u00e9 des utilisateurs.\u00a0<\/p><\/div>\n\t\t\t\t<\/div>\n\t\t\t\t\t\t\t<div class=\"elementor-toggle-item\">\n\t\t\t\t\t<div id=\"elementor-tab-title-4895\" class=\"elementor-tab-title\" data-tab=\"5\" role=\"button\" aria-controls=\"elementor-tab-content-4895\" aria-expanded=\"false\">\n\t\t\t\t\t\t\t\t\t\t\t\t<span class=\"elementor-toggle-icon elementor-toggle-icon-left\" aria-hidden=\"true\">\n\t\t\t\t\t\t\t\t\t\t\t\t\t\t\t<span class=\"elementor-toggle-icon-closed\"><i class=\"fas fa-caret-right\"><\/i><\/span>\n\t\t\t\t\t\t\t\t<span class=\"elementor-toggle-icon-opened\"><i class=\"elementor-toggle-icon-opened fas fa-caret-up\"><\/i><\/span>\n\t\t\t\t\t\t\t\t\t\t\t\t\t<\/span>\n\t\t\t\t\t\t\t\t\t\t\t\t<a class=\"elementor-toggle-title\" tabindex=\"0\">La physioth\u00e9rapie est-elle uniquement efficace pour traiter la douleur ?<\/a>\n\t\t\t\t\t<\/div>\n\n\t\t\t\t\t<div id=\"elementor-tab-content-4895\" class=\"elementor-tab-content elementor-clearfix\" data-tab=\"5\" role=\"region\" aria-labelledby=\"elementor-tab-title-4895\"><p>Les physioth\u00e9rapeutes travaillent dans diff\u00e9rents domaines d'intervention. La douleur est un sympt\u00f4me important pour le patient et le kin\u00e9sith\u00e9rapeute, qui doit \u00eatre pris en compte, mais ce n'est pas le seul. Les physioth\u00e9rapeutes travaillent \u00e9galement dans des situations cliniques o\u00f9 la douleur n'est pas pr\u00e9sente.<\/p><\/div>\n\t\t\t\t<\/div>\n\t\t\t\t\t\t\t<div class=\"elementor-toggle-item\">\n\t\t\t\t\t<div id=\"elementor-tab-title-4896\" class=\"elementor-tab-title\" data-tab=\"6\" role=\"button\" aria-controls=\"elementor-tab-content-4896\" aria-expanded=\"false\">\n\t\t\t\t\t\t\t\t\t\t\t\t<span class=\"elementor-toggle-icon elementor-toggle-icon-left\" aria-hidden=\"true\">\n\t\t\t\t\t\t\t\t\t\t\t\t\t\t\t<span class=\"elementor-toggle-icon-closed\"><i class=\"fas fa-caret-right\"><\/i><\/span>\n\t\t\t\t\t\t\t\t<span class=\"elementor-toggle-icon-opened\"><i class=\"elementor-toggle-icon-opened fas fa-caret-up\"><\/i><\/span>\n\t\t\t\t\t\t\t\t\t\t\t\t\t<\/span>\n\t\t\t\t\t\t\t\t\t\t\t\t<a class=\"elementor-toggle-title\" tabindex=\"0\">L'Ordre des physioth\u00e9rapeutes re\u00e7oit-il des plaintes du public ?<\/a>\n\t\t\t\t\t<\/div>\n\n\t\t\t\t\t<div id=\"elementor-tab-content-4896\" class=\"elementor-tab-content elementor-clearfix\" data-tab=\"6\" role=\"region\" aria-labelledby=\"elementor-tab-title-4896\"><p>Oui, l'une des fonctions statutaires de l'Ordre des kin\u00e9sith\u00e9rapeutes est de d\u00e9fendre les int\u00e9r\u00eats g\u00e9n\u00e9raux des utilisateurs des services fournis par ses membres, en garantissant et en faisant respecter le droit \u00e0 la sant\u00e9 des citoyens.<\/p><p>L'Ordre des kin\u00e9sith\u00e9rapeutes dispose d'un Conseil juridictionnel qui, entre autres comp\u00e9tences, peut instruire et juger des proc\u00e9dures disciplinaires \u00e0 l'encontre des membres de l'Ordre.<\/p><p>Il existe une proc\u00e9dure d'enregistrement et d'analyse de toutes les plaintes d\u00e9pos\u00e9es, en fonction de leur nature, qui n\u00e9cessite une r\u00e9ponse \u00e0 la personne ou \u00e0 l'entit\u00e9 qui a d\u00e9pos\u00e9 la plainte, ainsi que la saisine correspondante.<\/p><p>Si vous souhaitez soumettre un rapport\/une plainte concernant un physioth\u00e9rapeute, veuillez remplir le formulaire disponible. <span style=\"text-decoration: underline;\"><a href=\"https:\/\/staging.ordemdosfisioterapeutas.pt\/wp-content\/uploads\/2023\/10\/Formulario-Participacao-OF-2023_II_11_05_2023.pdf\" target=\"_blank\" rel=\"noopener\">ici<\/a><\/span> <i>et l'envoyer \u00e0 <span style=\"text-decoration: underline;\"><a href=\"mailto:geral@ordemdosfisioterapeutas.pt\" target=\"_blank\" rel=\"noopener\">geral@ordemdosfisioterapeutas.pt<\/a><\/span>.<\/i><\/p><\/div>\n\t\t\t\t<\/div>\n\t\t\t\t\t\t\t\t<\/div>\n\t\t\t\t\t\t<\/div>\n\t\t\t\t<\/div>\n\t\t\t\t\t<\/div>\n\t\t\t\t<\/div>\n\t\t\t\t<\/div>","protected":false},"excerpt":{"rendered":"<p>Comment puis-je m'assurer qu'une personne est bien un physioth\u00e9rapeute ? Tous les kin\u00e9sith\u00e9rapeutes sont titulaires d'une autorisation d'exercer d\u00e9livr\u00e9e par l'Ordre des kin\u00e9sith\u00e9rapeutes. Si vous voulez savoir si une intervention a \u00e9t\u00e9 effectu\u00e9e par un kin\u00e9sith\u00e9rapeute d\u00fbment qualifi\u00e9, vous devez demander \u00e0 voir sa carte professionnelle.   L'OF conseille \u00e0 tous ... <a title=\"Questions fr\u00e9quemment pos\u00e9es\" class=\"read-more\" href=\"https:\/\/staging.ordemdosfisioterapeutas.pt\/fr\/perguntas-frequentes-2\/\" aria-label=\"En savoir plus sur Questions fr\u00e9quemment pos\u00e9es\">En savoir plus<\/a><\/p>","protected":false},"author":1,"featured_media":0,"parent":0,"menu_order":0,"comment_status":"closed","ping_status":"closed","template":"","meta":{"footnotes":""},"class_list":["post-7435","page","type-page","status-publish"],"_links":{"self":[{"href":"https:\/\/staging.ordemdosfisioterapeutas.pt\/fr\/wp-json\/wp\/v2\/pages\/7435","targetHints":{"allow":["GET"]}}],"collection":[{"href":"https:\/\/staging.ordemdosfisioterapeutas.pt\/fr\/wp-json\/wp\/v2\/pages"}],"about":[{"href":"https:\/\/staging.ordemdosfisioterapeutas.pt\/fr\/wp-json\/wp\/v2\/types\/page"}],"author":[{"embeddable":true,"href":"https:\/\/staging.ordemdosfisioterapeutas.pt\/fr\/wp-json\/wp\/v2\/users\/1"}],"replies":[{"embeddable":true,"href":"https:\/\/staging.ordemdosfisioterapeutas.pt\/fr\/wp-json\/wp\/v2\/comments?post=7435"}],"version-history":[{"count":0,"href":"https:\/\/staging.ordemdosfisioterapeutas.pt\/fr\/wp-json\/wp\/v2\/pages\/7435\/revisions"}],"wp:attachment":[{"href":"https:\/\/staging.ordemdosfisioterapeutas.pt\/fr\/wp-json\/wp\/v2\/media?parent=7435"}],"curies":[{"name":"wp","href":"https:\/\/api.w.org\/{rel}","templated":true}]}}