{"id":744,"date":"2020-10-06T15:00:43","date_gmt":"2020-10-06T15:00:43","guid":{"rendered":"https:\/\/staging.ordemdosfisioterapeutas.pt\/?page_id=744"},"modified":"2024-05-16T11:44:32","modified_gmt":"2024-05-16T10:44:32","slug":"balcao-unico","status":"publish","type":"page","link":"https:\/\/staging.ordemdosfisioterapeutas.pt\/fr\/balcao-unico\/","title":{"rendered":"Guichet unique"},"content":{"rendered":"<div data-elementor-type=\"wp-page\" data-elementor-id=\"744\" class=\"elementor elementor-744\" data-elementor-post-type=\"page\">\n\t\t\t\t\t\t<section class=\"elementor-section elementor-top-section elementor-element elementor-element-1525c8b elementor-section-boxed elementor-section-height-default elementor-section-height-default\" data-id=\"1525c8b\" data-element_type=\"section\" data-e-type=\"section\">\n\t\t\t\t\t\t<div class=\"elementor-container elementor-column-gap-default\">\n\t\t\t\t\t<div class=\"elementor-column elementor-col-100 elementor-top-column elementor-element elementor-element-01653c5\" data-id=\"01653c5\" data-element_type=\"column\" data-e-type=\"column\">\n\t\t\t<div class=\"elementor-widget-wrap elementor-element-populated\">\n\t\t\t\t\t\t<div class=\"elementor-element elementor-element-f6f67fa elementor-widget elementor-widget-text-editor\" data-id=\"f6f67fa\" data-element_type=\"widget\" data-e-type=\"widget\" data-widget_type=\"text-editor.default\">\n\t\t\t\t<div class=\"elementor-widget-container\">\n\t\t\t\t\t\t\t\t\t<p style=\"font-weight: 400;\"><em>Le Balc\u00e3o \u00danico Eletr\u00f3nico est une plateforme en ligne con\u00e7ue pour faciliter les relations entre l'Ordre des physioth\u00e9rapeutes, ses membres et la communaut\u00e9, dans le but de r\u00e9duire la bureaucratie et de simplifier les proc\u00e9dures.\u00a0<\/em><\/p><p style=\"font-weight: 400;\"><em>Vous pouvez y consulter des informations sur la commande, demander des documents et effectuer votre paiement (le cas \u00e9ch\u00e9ant). <\/em><\/p><p style=\"font-weight: 400;\"><em>Cette plateforme centralise les informations sur les services fournis par l'Ordre des kin\u00e9sith\u00e9rapeutes, offrant la possibilit\u00e9 d'accomplir directement et imm\u00e9diatement tous les actes et formalit\u00e9s n\u00e9cessaires \u00e0 l'acc\u00e8s et \u00e0 l'exercice d'une activit\u00e9 de service, y compris les modes de paiement \u00e9lectronique, ainsi que le suivi et la consultation des proc\u00e9dures respectives.<\/em><\/p><p style=\"font-weight: 400;\"><em>Le Balc\u00e3o \u00danico Eletr\u00f3nico comprend \u00e9galement une s\u00e9rie d'informations sur les services fournis par d'autres organismes publics et l'acc\u00e8s \u00e0 leurs portails.<\/em><\/p>\t\t\t\t\t\t\t\t<\/div>\n\t\t\t\t<\/div>\n\t\t\t\t\t<\/div>\n\t\t<\/div>\n\t\t\t\t\t<\/div>\n\t\t<\/section>\n\t\t\t\t<section class=\"elementor-section elementor-top-section elementor-element elementor-element-8ecda30 elementor-section-boxed elementor-section-height-default elementor-section-height-default\" data-id=\"8ecda30\" data-element_type=\"section\" data-e-type=\"section\">\n\t\t\t\t\t\t<div class=\"elementor-container elementor-column-gap-default\">\n\t\t\t\t\t<div class=\"elementor-column elementor-col-33 elementor-top-column elementor-element elementor-element-3cec761\" data-id=\"3cec761\" data-element_type=\"column\" data-e-type=\"column\">\n\t\t\t<div class=\"elementor-widget-wrap elementor-element-populated\">\n\t\t\t\t\t\t<div class=\"elementor-element elementor-element-6e28318 elementor-widget elementor-widget-premium-addon-image-button\" data-id=\"6e28318\" data-element_type=\"widget\" data-e-type=\"widget\" data-widget_type=\"premium-addon-image-button.default\">\n\t\t\t\t<div class=\"elementor-widget-container\">\n\t\t\t\t\t\n\t\t<a class=\"premium-image-button-style3 premium-image-button premium-btn-block premium-image-button-diagonal-bottom\" href=\"https:\/\/staging.ordemdosfisioterapeutas.pt\/fr\/cidadao-2\/\">\n\t\t\t<div class=\"premium-image-button-text-icon-wrapper\">\n\n\t\t\t\t\n\t\t\t\t\t\t\t\t\t<span >\n\t\t\t\t\t\tCitoyen\t\t\t\t\t<\/span>\n\t\t\t\t\n\t\t\t<\/div>\n\n\t\t\t\n\t\t\t\n\t\t\t\n\t\t<\/a>\n\n\t\t\t\t\t\t<\/div>\n\t\t\t\t<\/div>\n\t\t\t\t\t<\/div>\n\t\t<\/div>\n\t\t\t\t<div class=\"elementor-column elementor-col-33 elementor-top-column elementor-element elementor-element-344da49\" data-id=\"344da49\" data-element_type=\"column\" data-e-type=\"column\">\n\t\t\t<div class=\"elementor-widget-wrap elementor-element-populated\">\n\t\t\t\t\t\t<div class=\"elementor-element elementor-element-df9566d elementor-widget elementor-widget-premium-addon-image-button\" data-id=\"df9566d\" data-element_type=\"widget\" data-e-type=\"widget\" data-widget_type=\"premium-addon-image-button.default\">\n\t\t\t\t<div class=\"elementor-widget-container\">\n\t\t\t\t\t\n\t\t<a class=\"premium-image-button-style3 premium-image-button premium-btn-block premium-image-button-diagonal-bottom\" href=\"https:\/\/staging.ordemdosfisioterapeutas.pt\/fr\/fisioterapeuta\/\">\n\t\t\t<div class=\"premium-image-button-text-icon-wrapper\">\n\n\t\t\t\t\n\t\t\t\t\t\t\t\t\t<span >\n\t\t\t\t\t\tPhysioth\u00e9rapeutes\t\t\t\t\t<\/span>\n\t\t\t\t\n\t\t\t<\/div>\n\n\t\t\t\n\t\t\t\n\t\t\t\n\t\t<\/a>\n\n\t\t\t\t\t\t<\/div>\n\t\t\t\t<\/div>\n\t\t\t\t\t<\/div>\n\t\t<\/div>\n\t\t\t\t<div class=\"elementor-column elementor-col-33 elementor-top-column elementor-element elementor-element-c2eed9a\" data-id=\"c2eed9a\" data-element_type=\"column\" data-e-type=\"column\">\n\t\t\t<div class=\"elementor-widget-wrap elementor-element-populated\">\n\t\t\t\t\t\t<div class=\"elementor-element elementor-element-0f068b8 elementor-widget elementor-widget-premium-addon-image-button\" data-id=\"0f068b8\" data-element_type=\"widget\" data-e-type=\"widget\" data-widget_type=\"premium-addon-image-button.default\">\n\t\t\t\t<div class=\"elementor-widget-container\">\n\t\t\t\t\t\n\t\t<a class=\"premium-image-button-style3 premium-image-button premium-btn-block premium-image-button-diagonal-bottom\" href=\"https:\/\/staging.ordemdosfisioterapeutas.pt\/fr\/mapa-balcao-unico\/\">\n\t\t\t<div class=\"premium-image-button-text-icon-wrapper\">\n\n\t\t\t\t\n\t\t\t\t\t\t\t\t\t<span >\n\t\t\t\t\t\tCarte du guichet unique\t\t\t\t\t<\/span>\n\t\t\t\t\n\t\t\t<\/div>\n\n\t\t\t\n\t\t\t\n\t\t\t\n\t\t<\/a>\n\n\t\t\t\t\t\t<\/div>\n\t\t\t\t<\/div>\n\t\t\t\t\t<\/div>\n\t\t<\/div>\n\t\t\t\t\t<\/div>\n\t\t<\/section>\n\t\t\t\t<\/div>","protected":false},"excerpt":{"rendered":"<p>Le Balc\u00e3o \u00danico Eletr\u00f3nico est une plateforme en ligne con\u00e7ue pour faciliter les relations entre l'Ordre des physioth\u00e9rapeutes, ses membres et la communaut\u00e9, dans le but de r\u00e9duire la bureaucratie et de simplifier les proc\u00e9dures.  Vous pouvez y consulter des informations sur l'Ordre, demander des documents et effectuer des paiements (le cas \u00e9ch\u00e9ant). Cette plateforme centralise les informations sur les services fournis ... <a title=\"Guichet unique\" class=\"read-more\" href=\"https:\/\/staging.ordemdosfisioterapeutas.pt\/fr\/balcao-unico\/\" aria-label=\"En savoir plus sur One Stop Shop\">En savoir plus<\/a><\/p>","protected":false},"author":1,"featured_media":0,"parent":0,"menu_order":0,"comment_status":"closed","ping_status":"closed","template":"","meta":{"footnotes":""},"class_list":["post-744","page","type-page","status-publish"],"_links":{"self":[{"href":"https:\/\/staging.ordemdosfisioterapeutas.pt\/fr\/wp-json\/wp\/v2\/pages\/744","targetHints":{"allow":["GET"]}}],"collection":[{"href":"https:\/\/staging.ordemdosfisioterapeutas.pt\/fr\/wp-json\/wp\/v2\/pages"}],"about":[{"href":"https:\/\/staging.ordemdosfisioterapeutas.pt\/fr\/wp-json\/wp\/v2\/types\/page"}],"author":[{"embeddable":true,"href":"https:\/\/staging.ordemdosfisioterapeutas.pt\/fr\/wp-json\/wp\/v2\/users\/1"}],"replies":[{"embeddable":true,"href":"https:\/\/staging.ordemdosfisioterapeutas.pt\/fr\/wp-json\/wp\/v2\/comments?post=744"}],"version-history":[{"count":0,"href":"https:\/\/staging.ordemdosfisioterapeutas.pt\/fr\/wp-json\/wp\/v2\/pages\/744\/revisions"}],"wp:attachment":[{"href":"https:\/\/staging.ordemdosfisioterapeutas.pt\/fr\/wp-json\/wp\/v2\/media?parent=744"}],"curies":[{"name":"wp","href":"https:\/\/api.w.org\/{rel}","templated":true}]}}