{"id":7764,"date":"2025-07-03T22:22:54","date_gmt":"2025-07-03T21:22:54","guid":{"rendered":"https:\/\/staging.ordemdosfisioterapeutas.pt\/?page_id=7764"},"modified":"2025-07-05T20:32:05","modified_gmt":"2025-07-05T19:32:05","slug":"cp","status":"publish","type":"page","link":"https:\/\/staging.ordemdosfisioterapeutas.pt\/fr\/cp\/","title":{"rendered":"CP"},"content":{"rendered":"<div data-elementor-type=\"wp-page\" data-elementor-id=\"7764\" class=\"elementor elementor-7764\" data-elementor-post-type=\"page\">\n\t\t\t\t<div class=\"elementor-element elementor-element-23b75f4 e-grid e-con-boxed e-con e-parent\" data-id=\"23b75f4\" data-element_type=\"container\" data-e-type=\"container\">\n\t\t\t\t\t<div class=\"e-con-inner\">\n\t\t\t\t<div class=\"elementor-element elementor-element-56437a6 elementor-widget elementor-widget-image\" data-id=\"56437a6\" data-element_type=\"widget\" data-e-type=\"widget\" data-widget_type=\"image.default\">\n\t\t\t\t<div class=\"elementor-widget-container\">\n\t\t\t\t\t\t\t\t\t\t\t\t\t\t\t<img decoding=\"async\" src=\"https:\/\/staging.ordemdosfisioterapeutas.pt\/wp-content\/uploads\/elementor\/thumbs\/logo__0005_CP-r86l7dps2tk34to1drxnzmga4v0731a2vrvekh5fr4.png\" title=\"logo__0005_CP\" alt=\"logo__0005_CP\" loading=\"lazy\" \/>\t\t\t\t\t\t\t\t\t\t\t\t\t\t\t<\/div>\n\t\t\t\t<\/div>\n\t\t\t\t<div class=\"elementor-element elementor-element-b526b98 elementor-widget elementor-widget-image\" data-id=\"b526b98\" data-element_type=\"widget\" data-e-type=\"widget\" data-widget_type=\"image.default\">\n\t\t\t\t<div class=\"elementor-widget-container\">\n\t\t\t\t\t\t\t\t\t\t\t\t\t\t\t<img decoding=\"async\" src=\"https:\/\/staging.ordemdosfisioterapeutas.pt\/wp-content\/uploads\/elementor\/thumbs\/parcerias-r3dj0mpgpnwvlbcun4qd1nnlq32o4tf0m68b40m4g0.webp\" title=\"partenariats\" alt=\"parcerias\" loading=\"lazy\" \/>\t\t\t\t\t\t\t\t\t\t\t\t\t\t\t<\/div>\n\t\t\t\t<\/div>\n\t\t\t\t\t<\/div>\n\t\t\t\t<\/div>\n\t\t<div class=\"elementor-element elementor-element-e0f65b0 e-flex e-con-boxed e-con e-parent\" data-id=\"e0f65b0\" data-element_type=\"container\" data-e-type=\"container\">\n\t\t\t\t\t<div class=\"e-con-inner\">\n\t\t\t\t<div class=\"elementor-element elementor-element-272cf97 elementor-widget elementor-widget-heading\" data-id=\"272cf97\" data-element_type=\"widget\" data-e-type=\"widget\" data-widget_type=\"heading.default\">\n\t\t\t\t<div class=\"elementor-widget-container\">\n\t\t\t\t\t<h2 class=\"elementor-heading-title elementor-size-default\">Description<\/h2>\t\t\t\t<\/div>\n\t\t\t\t<\/div>\n\t\t\t\t<div class=\"elementor-element elementor-element-e4512cc elementor-widget elementor-widget-text-editor\" data-id=\"e4512cc\" data-element_type=\"widget\" data-e-type=\"widget\" data-widget_type=\"text-editor.default\">\n\t\t\t\t<div class=\"elementor-widget-container\">\n\t\t\t\t\t\t\t\t\t<p>CP - Comboios de Portugal est le principal transporteur terrestre de passagers au Portugal, offrant une large gamme de services allant des liaisons urbaines aux itin\u00e9raires longue distance. Avec plus de 160 ans d'histoire, CP continue d'innover en se concentrant sur la durabilit\u00e9, la modernisation et l'excellence du service. L'entreprise se distingue par son engagement \u00e0 pr\u00e9server l'environnement et \u00e0 renforcer la mobilit\u00e9 nationale.<\/p>\t\t\t\t\t\t\t\t<\/div>\n\t\t\t\t<\/div>\n\t\t\t\t\t<\/div>\n\t\t\t\t<\/div>\n\t\t<div class=\"elementor-element elementor-element-c20d552 condicoes e-flex e-con-boxed e-con e-parent\" data-id=\"c20d552\" data-element_type=\"container\" data-e-type=\"container\">\n\t\t\t\t\t<div class=\"e-con-inner\">\n\t\t\t\t<div class=\"elementor-element elementor-element-849e51c elementor-widget elementor-widget-heading\" data-id=\"849e51c\" data-element_type=\"widget\" data-e-type=\"widget\" data-widget_type=\"heading.default\">\n\t\t\t\t<div class=\"elementor-widget-container\">\n\t\t\t\t\t<h2 class=\"elementor-heading-title elementor-size-default\">Conditions<\/h2>\t\t\t\t<\/div>\n\t\t\t\t<\/div>\n\t\t\t\t<div class=\"elementor-element elementor-element-db43153 elementor-widget elementor-widget-text-editor\" data-id=\"db43153\" data-element_type=\"widget\" data-e-type=\"widget\" data-widget_type=\"text-editor.default\">\n\t\t\t\t<div class=\"elementor-widget-container\">\n\t\t\t\t\t\t\t\t\t<div class=\"ewa-rteLine\">R\u00e9duction de 15% sur les prix uniques CP, applicable aux billets de classe confort (Alfa Pendular) ou de 1\u00e8re classe (Intercidades).<\/div><div class=\"ewa-rteLine\">Valable pour les membres\/salari\u00e9s<\/div><div class=\"ewa-rteLine\">Dans la limite des places disponibles sur les trains Alfa Pendular et Intercidades.<\/div><div class=\"ewa-rteLine\">Le prix du billet est arrondi au centime sup\u00e9rieur.<\/div><div class=\"ewa-rteLine\">La r\u00e9duction est appliqu\u00e9e au moment de l'achat du billet et n'est pas cumulable avec d'autres r\u00e9ductions.<\/div><div class=\"ewa-rteLine\">\u00a0<\/div><div class=\"ewa-rteLine\">Vous pouvez b\u00e9n\u00e9ficier des avantages li\u00e9s \u00e0 l'achat de billets de la mani\u00e8re suivante :<\/div><div class=\"ewa-rteLine\">1. Aux guichets des gares qui vendent des billets Alfa Pendular et Intercidades - Pour ce faire, le demandeur doit pr\u00e9senter la carte professionnelle de l'Ordre des kin\u00e9sith\u00e9rapeutes aux guichets.<\/div><div class=\"ewa-rteLine\">2. Via Internet - Pour ce faire, le demandeur doit utiliser le code d'utilisateur fourni par le CP.<\/div><div class=\"ewa-rteLine\">3. Par le biais des distributeurs automatiques dans les gares.<\/div><div class=\"ewa-rteLine\">4. Par l'interm\u00e9diaire d'agences de voyage accr\u00e9dit\u00e9es pour la vente de billets CP et pr\u00e9alablement autoris\u00e9es \u00e0 \u00e9mettre des billets \u00e0 prix r\u00e9duit \"ORDEM FISIOTERAPEUTAS\". Le membre de l'Ordre des physioth\u00e9rapeutes doit indiquer qu'il s'agit d'un billet dans le cadre du protocole sign\u00e9 avec le CP et doit indiquer le nom du client qui voyage.<\/div><div class=\"ewa-rteLine\">\u00a0<\/div><div class=\"ewa-rteLine\">Pendant le voyage, il est obligatoire de pr\u00e9senter la carte professionnelle de l'Ordre des kin\u00e9sith\u00e9rapeutes et un document prouvant votre identit\u00e9, si cela vous est demand\u00e9.<\/div>\t\t\t\t\t\t\t\t<\/div>\n\t\t\t\t<\/div>\n\t\t\t\t\t<\/div>\n\t\t\t\t<\/div>\n\t\t\t\t<\/div>","protected":false},"excerpt":{"rendered":"<p>Descri\u00e7\u00e3o A CP \u2013 Comboios de Portugal \u00e9 o principal transportador terrestre de passageiros em Portugal, oferecendo uma vasta gama de servi\u00e7os que v\u00e3o desde liga\u00e7\u00f5es urbanas a rotas de longa dist\u00e2ncia. Com mais de 160 anos de hist\u00f3ria, a CP continua a inovar, focando-se na sustentabilidade, na moderniza\u00e7\u00e3o e na excel\u00eancia do servi\u00e7o. A &#8230; <a title=\"CP\" class=\"read-more\" href=\"https:\/\/staging.ordemdosfisioterapeutas.pt\/fr\/cp\/\" aria-label=\"En savoir plus sur CP\">En savoir plus<\/a><\/p>","protected":false},"author":1,"featured_media":0,"parent":0,"menu_order":0,"comment_status":"closed","ping_status":"closed","template":"","meta":{"footnotes":""},"class_list":["post-7764","page","type-page","status-publish"],"_links":{"self":[{"href":"https:\/\/staging.ordemdosfisioterapeutas.pt\/fr\/wp-json\/wp\/v2\/pages\/7764","targetHints":{"allow":["GET"]}}],"collection":[{"href":"https:\/\/staging.ordemdosfisioterapeutas.pt\/fr\/wp-json\/wp\/v2\/pages"}],"about":[{"href":"https:\/\/staging.ordemdosfisioterapeutas.pt\/fr\/wp-json\/wp\/v2\/types\/page"}],"author":[{"embeddable":true,"href":"https:\/\/staging.ordemdosfisioterapeutas.pt\/fr\/wp-json\/wp\/v2\/users\/1"}],"replies":[{"embeddable":true,"href":"https:\/\/staging.ordemdosfisioterapeutas.pt\/fr\/wp-json\/wp\/v2\/comments?post=7764"}],"version-history":[{"count":0,"href":"https:\/\/staging.ordemdosfisioterapeutas.pt\/fr\/wp-json\/wp\/v2\/pages\/7764\/revisions"}],"wp:attachment":[{"href":"https:\/\/staging.ordemdosfisioterapeutas.pt\/fr\/wp-json\/wp\/v2\/media?parent=7764"}],"curies":[{"name":"wp","href":"https:\/\/api.w.org\/{rel}","templated":true}]}}