{"id":7771,"date":"2025-07-05T19:42:33","date_gmt":"2025-07-05T18:42:33","guid":{"rendered":"https:\/\/staging.ordemdosfisioterapeutas.pt\/?page_id=7771"},"modified":"2025-07-05T20:55:56","modified_gmt":"2025-07-05T19:55:56","slug":"galp","status":"publish","type":"page","link":"https:\/\/staging.ordemdosfisioterapeutas.pt\/fr\/galp\/","title":{"rendered":"Galp"},"content":{"rendered":"\t\t<div data-elementor-type=\"wp-page\" data-elementor-id=\"7771\" class=\"elementor elementor-7771\" data-elementor-post-type=\"page\">\n\t\t\t\t<div class=\"elementor-element elementor-element-0d7c601 e-grid e-con-boxed e-con e-parent\" data-id=\"0d7c601\" data-element_type=\"container\" data-e-type=\"container\">\n\t\t\t\t\t<div class=\"e-con-inner\">\n\t\t\t\t<div class=\"elementor-element elementor-element-e9be210 elementor-widget elementor-widget-image\" data-id=\"e9be210\" data-element_type=\"widget\" data-e-type=\"widget\" data-widget_type=\"image.default\">\n\t\t\t\t<div class=\"elementor-widget-container\">\n\t\t\t\t\t\t\t\t\t\t\t\t\t\t\t<img decoding=\"async\" src=\"https:\/\/staging.ordemdosfisioterapeutas.pt\/wp-content\/uploads\/elementor\/thumbs\/logo__0007_galp-1-r8bomqmm6323efx5em3v1seoxpw2up5mfd56swa9s0.png\" title=\"logo__0007_galp\" alt=\"logo__0007_galp\" loading=\"lazy\" \/>\t\t\t\t\t\t\t\t\t\t\t\t\t\t\t<\/div>\n\t\t\t\t<\/div>\n\t\t\t\t<div class=\"elementor-element elementor-element-5c87237 elementor-widget elementor-widget-image\" data-id=\"5c87237\" data-element_type=\"widget\" data-e-type=\"widget\" data-widget_type=\"image.default\">\n\t\t\t\t<div class=\"elementor-widget-container\">\n\t\t\t\t\t\t\t\t\t\t\t\t\t\t\t<img decoding=\"async\" src=\"https:\/\/staging.ordemdosfisioterapeutas.pt\/wp-content\/uploads\/elementor\/thumbs\/parcerias-r3dj0mpgpnwvlbcun4qd1nnlq32o4tf0m68b40m4g0.webp\" title=\"parcerias\" alt=\"parcerias\" loading=\"lazy\" \/>\t\t\t\t\t\t\t\t\t\t\t\t\t\t\t<\/div>\n\t\t\t\t<\/div>\n\t\t\t\t\t<\/div>\n\t\t\t\t<\/div>\n\t\t<div class=\"elementor-element elementor-element-f8bd0e8 e-flex e-con-boxed e-con e-parent\" data-id=\"f8bd0e8\" data-element_type=\"container\" data-e-type=\"container\">\n\t\t\t\t\t<div class=\"e-con-inner\">\n\t\t\t\t<div class=\"elementor-element elementor-element-da4dd95 elementor-widget elementor-widget-heading\" data-id=\"da4dd95\" data-element_type=\"widget\" data-e-type=\"widget\" data-widget_type=\"heading.default\">\n\t\t\t\t<div class=\"elementor-widget-container\">\n\t\t\t\t\t<h2 class=\"elementor-heading-title elementor-size-default\">Descri\u00e7\u00e3o<\/h2>\t\t\t\t<\/div>\n\t\t\t\t<\/div>\n\t\t\t\t<div class=\"elementor-element elementor-element-0b2ae45 elementor-widget elementor-widget-text-editor\" data-id=\"0b2ae45\" data-element_type=\"widget\" data-e-type=\"widget\" data-widget_type=\"text-editor.default\">\n\t\t\t\t<div class=\"elementor-widget-container\">\n\t\t\t\t\t\t\t\t\t<p>A Galp \u00e9 uma empresa portuguesa de energia, com uma oferta abrangente que inclui produtos petrol\u00edferos, g\u00e1s natural, eletricidade, solu\u00e7\u00f5es multienergia e servi\u00e7os de conveni\u00eancia. Atuando ao longo de toda a cadeia de valor, desde a explora\u00e7\u00e3o e produ\u00e7\u00e3o at\u00e9 \u00e0 distribui\u00e7\u00e3o, a Galp tem vindo a refor\u00e7ar a aposta na transi\u00e7\u00e3o energ\u00e9tica, com um forte compromisso na sustentabilidade, inova\u00e7\u00e3o e efici\u00eancia, desenvolvendo solu\u00e7\u00f5es energ\u00e9ticas que contribuam para um futuro mais limpo e respons\u00e1vel.<\/p>\t\t\t\t\t\t\t\t<\/div>\n\t\t\t\t<\/div>\n\t\t\t\t\t<\/div>\n\t\t\t\t<\/div>\n\t\t<div class=\"elementor-element elementor-element-98a0a40 condicoes e-flex e-con-boxed e-con e-parent\" data-id=\"98a0a40\" data-element_type=\"container\" data-e-type=\"container\">\n\t\t\t\t\t<div class=\"e-con-inner\">\n\t\t\t\t<div class=\"elementor-element elementor-element-ea333af elementor-widget elementor-widget-heading\" data-id=\"ea333af\" data-element_type=\"widget\" data-e-type=\"widget\" data-widget_type=\"heading.default\">\n\t\t\t\t<div class=\"elementor-widget-container\">\n\t\t\t\t\t<h2 class=\"elementor-heading-title elementor-size-default\">Condi\u00e7\u00f5es<\/h2>\t\t\t\t<\/div>\n\t\t\t\t<\/div>\n\t\t\t\t<div class=\"elementor-element elementor-element-66086c2 elementor-widget elementor-widget-text-editor\" data-id=\"66086c2\" data-element_type=\"widget\" data-e-type=\"widget\" data-widget_type=\"text-editor.default\">\n\t\t\t\t<div class=\"elementor-widget-container\">\n\t\t\t\t\t\t\t\t\t<div class=\"ewa-rteLine\"><div class=\"ewa-rteLine\">Oferta de boas-vindas na contrata\u00e7\u00e3o de energia<\/div><div class=\"ewa-rteLine\">Desconto em formato de cr\u00e9dito de 30\u20ac em fatura para um novo contrato de fornecimento de apenas eletricidade, com o c\u00f3digo [GalpOrdemFisio30].<\/div><div class=\"ewa-rteLine\">Desconto em formato de cr\u00e9dito de 60\u20ac em fatura para um novo contrato de fornecimento de eletricidade e g\u00e1s natural em conjunto, com o c\u00f3digo [GalpOrdemFisio60].<\/div><div class=\"ewa-rteLine\">\u00a0<\/div><div class=\"ewa-rteLine\">Diversos descontos e benef\u00edcios ao aderir ao Cart\u00e3o Galp+ digital e para utiliza\u00e7\u00e3o pessoal<\/div><\/div>\t\t\t\t\t\t\t\t<\/div>\n\t\t\t\t<\/div>\n\t\t\t\t\t<\/div>\n\t\t\t\t<\/div>\n\t\t\t\t<\/div>\n\t\t","protected":false},"excerpt":{"rendered":"<p>Descri\u00e7\u00e3o A Galp \u00e9 uma empresa portuguesa de energia, com uma oferta abrangente que inclui produtos petrol\u00edferos, g\u00e1s natural, eletricidade, solu\u00e7\u00f5es multienergia e servi\u00e7os de conveni\u00eancia. Atuando ao longo de toda a cadeia de valor, desde a explora\u00e7\u00e3o e produ\u00e7\u00e3o at\u00e9 \u00e0 distribui\u00e7\u00e3o, a Galp tem vindo a refor\u00e7ar a aposta na transi\u00e7\u00e3o energ\u00e9tica, com &#8230; <a title=\"Galp\" class=\"read-more\" href=\"https:\/\/staging.ordemdosfisioterapeutas.pt\/fr\/galp\/\" aria-label=\"En savoir plus sur Galp\">En savoir plus<\/a><\/p>","protected":false},"author":1,"featured_media":0,"parent":0,"menu_order":0,"comment_status":"closed","ping_status":"closed","template":"","meta":{"footnotes":""},"class_list":["post-7771","page","type-page","status-publish"],"_links":{"self":[{"href":"https:\/\/staging.ordemdosfisioterapeutas.pt\/fr\/wp-json\/wp\/v2\/pages\/7771","targetHints":{"allow":["GET"]}}],"collection":[{"href":"https:\/\/staging.ordemdosfisioterapeutas.pt\/fr\/wp-json\/wp\/v2\/pages"}],"about":[{"href":"https:\/\/staging.ordemdosfisioterapeutas.pt\/fr\/wp-json\/wp\/v2\/types\/page"}],"author":[{"embeddable":true,"href":"https:\/\/staging.ordemdosfisioterapeutas.pt\/fr\/wp-json\/wp\/v2\/users\/1"}],"replies":[{"embeddable":true,"href":"https:\/\/staging.ordemdosfisioterapeutas.pt\/fr\/wp-json\/wp\/v2\/comments?post=7771"}],"version-history":[{"count":0,"href":"https:\/\/staging.ordemdosfisioterapeutas.pt\/fr\/wp-json\/wp\/v2\/pages\/7771\/revisions"}],"wp:attachment":[{"href":"https:\/\/staging.ordemdosfisioterapeutas.pt\/fr\/wp-json\/wp\/v2\/media?parent=7771"}],"curies":[{"name":"wp","href":"https:\/\/api.w.org\/{rel}","templated":true}]}}