{"id":7786,"date":"2025-07-05T19:50:12","date_gmt":"2025-07-05T18:50:12","guid":{"rendered":"https:\/\/staging.ordemdosfisioterapeutas.pt\/?page_id=7786"},"modified":"2025-07-05T20:48:39","modified_gmt":"2025-07-05T19:48:39","slug":"midas","status":"publish","type":"page","link":"https:\/\/staging.ordemdosfisioterapeutas.pt\/fr\/midas\/","title":{"rendered":"Midas"},"content":{"rendered":"<div data-elementor-type=\"wp-page\" data-elementor-id=\"7786\" class=\"elementor elementor-7786\" data-elementor-post-type=\"page\">\n\t\t\t\t<div class=\"elementor-element elementor-element-212aa6b e-grid e-con-boxed e-con e-parent\" data-id=\"212aa6b\" data-element_type=\"container\" data-e-type=\"container\">\n\t\t\t\t\t<div class=\"e-con-inner\">\n\t\t\t\t<div class=\"elementor-element elementor-element-13bd5ad elementor-widget elementor-widget-image\" data-id=\"13bd5ad\" data-element_type=\"widget\" data-e-type=\"widget\" data-widget_type=\"image.default\">\n\t\t\t\t<div class=\"elementor-widget-container\">\n\t\t\t\t\t\t\t\t\t\t\t\t\t\t\t<img decoding=\"async\" src=\"https:\/\/staging.ordemdosfisioterapeutas.pt\/wp-content\/uploads\/elementor\/thumbs\/logo__0003_Midas-1-r8bp1ftr1t6iywkgkgutjkv7dnfq8aii44fjzohmgw.png\" title=\"logo__0003_Midas\" alt=\"logo__0003_Midas\" loading=\"lazy\" \/>\t\t\t\t\t\t\t\t\t\t\t\t\t\t\t<\/div>\n\t\t\t\t<\/div>\n\t\t\t\t<div class=\"elementor-element elementor-element-d526fbc elementor-widget elementor-widget-image\" data-id=\"d526fbc\" data-element_type=\"widget\" data-e-type=\"widget\" data-widget_type=\"image.default\">\n\t\t\t\t<div class=\"elementor-widget-container\">\n\t\t\t\t\t\t\t\t\t\t\t\t\t\t\t<img decoding=\"async\" src=\"https:\/\/staging.ordemdosfisioterapeutas.pt\/wp-content\/uploads\/elementor\/thumbs\/parcerias-r3dj0mpgpnwvlbcun4qd1nnlq32o4tf0m68b40m4g0.webp\" title=\"partenariats\" alt=\"parcerias\" loading=\"lazy\" \/>\t\t\t\t\t\t\t\t\t\t\t\t\t\t\t<\/div>\n\t\t\t\t<\/div>\n\t\t\t\t\t<\/div>\n\t\t\t\t<\/div>\n\t\t<div class=\"elementor-element elementor-element-9985549 e-flex e-con-boxed e-con e-parent\" data-id=\"9985549\" data-element_type=\"container\" data-e-type=\"container\">\n\t\t\t\t\t<div class=\"e-con-inner\">\n\t\t\t\t<div class=\"elementor-element elementor-element-5ddb10b elementor-widget elementor-widget-heading\" data-id=\"5ddb10b\" data-element_type=\"widget\" data-e-type=\"widget\" data-widget_type=\"heading.default\">\n\t\t\t\t<div class=\"elementor-widget-container\">\n\t\t\t\t\t<h2 class=\"elementor-heading-title elementor-size-default\">Description<\/h2>\t\t\t\t<\/div>\n\t\t\t\t<\/div>\n\t\t\t\t<div class=\"elementor-element elementor-element-5446832 elementor-widget elementor-widget-text-editor\" data-id=\"5446832\" data-element_type=\"widget\" data-e-type=\"widget\" data-widget_type=\"text-editor.default\">\n\t\t\t\t<div class=\"elementor-widget-container\">\n\t\t\t\t\t\t\t\t\t<div class=\"ewa-rteLine\"><div class=\"ewa-rteLine\">Midas est l'une des principales marques d'entretien automobile multimarques, pr\u00e9sente sur les cinq continents et comptant plus de 2 200 ateliers ouverts dans le monde entier.<\/div><div class=\"ewa-rteLine\">\u00a0<\/div><div class=\"ewa-rteLine\">Forte d'une connaissance technique avanc\u00e9e et d'une \u00e9quipe de professionnels hautement sp\u00e9cialis\u00e9s, la marque propose une gamme large et vari\u00e9e de services et de produits, tous con\u00e7us dans une optique de durabilit\u00e9 :<\/div><div class=\"ewa-rteLine\">Entretien des voitures ;<\/div><div class=\"ewa-rteLine\">Diagnostic \u00e9lectronique ;<\/div><div class=\"ewa-rteLine\">Pneus ;<\/div><div class=\"ewa-rteLine\">Piles ;<\/div><div class=\"ewa-rteLine\">Freins ;<\/div><div class=\"ewa-rteLine\">Climatisation ;<\/div><div class=\"ewa-rteLine\">Bande de distribution ;<\/div><div class=\"ewa-rteLine\">Embrayage ;<\/div><div class=\"ewa-rteLine\">Contr\u00f4les gratuits ;<\/div><div class=\"ewa-rteLine\">Produits propres ;<\/div><div class=\"ewa-rteLine\">Et bien d'autres choses encore.<\/div><\/div>\t\t\t\t\t\t\t\t<\/div>\n\t\t\t\t<\/div>\n\t\t\t\t\t<\/div>\n\t\t\t\t<\/div>\n\t\t<div class=\"elementor-element elementor-element-54f7bce condicoes e-flex e-con-boxed e-con e-parent\" data-id=\"54f7bce\" data-element_type=\"container\" data-e-type=\"container\">\n\t\t\t\t\t<div class=\"e-con-inner\">\n\t\t\t\t<div class=\"elementor-element elementor-element-f4b5fa5 elementor-widget elementor-widget-heading\" data-id=\"f4b5fa5\" data-element_type=\"widget\" data-e-type=\"widget\" data-widget_type=\"heading.default\">\n\t\t\t\t<div class=\"elementor-widget-container\">\n\t\t\t\t\t<h2 class=\"elementor-heading-title elementor-size-default\">Conditions<\/h2>\t\t\t\t<\/div>\n\t\t\t\t<\/div>\n\t\t\t\t<div class=\"elementor-element elementor-element-db5bb6f elementor-widget elementor-widget-text-editor\" data-id=\"db5bb6f\" data-element_type=\"widget\" data-e-type=\"widget\" data-widget_type=\"text-editor.default\">\n\t\t\t\t<div class=\"elementor-widget-container\">\n\t\t\t\t\t\t\t\t\t<div class=\"ewa-rteLine\"><div class=\"ewa-rteLine\">5% de r\u00e9duction sur toutes les marques de pneus (non applicable \u00e0 la main d'\u0153uvre)<\/div><div class=\"ewa-rteLine\">10% r\u00e9duction sur : les revues officielles Essential et Plus ; les pi\u00e8ces ; les services Midas Go (incluant la main-d'\u0153uvre et le produit).<\/div><div class=\"ewa-rteLine\">Remises calcul\u00e9es sur la base de la liste actuelle des prix de d\u00e9tail Midas.<\/div><div class=\"ewa-rteLine\">\u00a0<\/div><div class=\"ewa-rteLine\">Vous pouvez b\u00e9n\u00e9ficier de ces conditions sp\u00e9ciales dans les centres Midas participants en vous identifiant et en pr\u00e9sentant la carte professionnelle de l'Ordre des kin\u00e9sith\u00e9rapeutes (pour les membres) ou un document prouvant votre relation de travail (pour les salari\u00e9s).<\/div><\/div>\t\t\t\t\t\t\t\t<\/div>\n\t\t\t\t<\/div>\n\t\t\t\t\t<\/div>\n\t\t\t\t<\/div>\n\t\t\t\t<\/div>","protected":false},"excerpt":{"rendered":"<p>Descri\u00e7\u00e3o A Midas \u00e9 uma marca l\u00edder de manuten\u00e7\u00e3o de autom\u00f3veis multimarca, com presen\u00e7a nos cinco continentes e mais de 2.200 oficinas abertas em todo o mundo.\u00a0Munida de um conhecimento t\u00e9cnico avan\u00e7ado e de uma equipa de profissionais altamente especializados, a marca assegura um amplo e variado leque de servi\u00e7os e produtos, todos concebidos sob &#8230; <a title=\"Midas\" class=\"read-more\" href=\"https:\/\/staging.ordemdosfisioterapeutas.pt\/fr\/midas\/\" aria-label=\"En savoir plus sur Midas\">En savoir plus<\/a><\/p>","protected":false},"author":1,"featured_media":0,"parent":0,"menu_order":0,"comment_status":"closed","ping_status":"closed","template":"","meta":{"footnotes":""},"class_list":["post-7786","page","type-page","status-publish"],"_links":{"self":[{"href":"https:\/\/staging.ordemdosfisioterapeutas.pt\/fr\/wp-json\/wp\/v2\/pages\/7786","targetHints":{"allow":["GET"]}}],"collection":[{"href":"https:\/\/staging.ordemdosfisioterapeutas.pt\/fr\/wp-json\/wp\/v2\/pages"}],"about":[{"href":"https:\/\/staging.ordemdosfisioterapeutas.pt\/fr\/wp-json\/wp\/v2\/types\/page"}],"author":[{"embeddable":true,"href":"https:\/\/staging.ordemdosfisioterapeutas.pt\/fr\/wp-json\/wp\/v2\/users\/1"}],"replies":[{"embeddable":true,"href":"https:\/\/staging.ordemdosfisioterapeutas.pt\/fr\/wp-json\/wp\/v2\/comments?post=7786"}],"version-history":[{"count":0,"href":"https:\/\/staging.ordemdosfisioterapeutas.pt\/fr\/wp-json\/wp\/v2\/pages\/7786\/revisions"}],"wp:attachment":[{"href":"https:\/\/staging.ordemdosfisioterapeutas.pt\/fr\/wp-json\/wp\/v2\/media?parent=7786"}],"curies":[{"name":"wp","href":"https:\/\/api.w.org\/{rel}","templated":true}]}}