{"id":7792,"date":"2025-07-05T19:56:52","date_gmt":"2025-07-05T18:56:52","guid":{"rendered":"https:\/\/staging.ordemdosfisioterapeutas.pt\/?page_id=7792"},"modified":"2025-07-05T20:45:23","modified_gmt":"2025-07-05T19:45:23","slug":"quake","status":"publish","type":"page","link":"https:\/\/staging.ordemdosfisioterapeutas.pt\/fr\/quake\/","title":{"rendered":"Tremblement de terre"},"content":{"rendered":"<div data-elementor-type=\"wp-page\" data-elementor-id=\"7792\" class=\"elementor elementor-7792\" data-elementor-post-type=\"page\">\n\t\t\t\t<div class=\"elementor-element elementor-element-1f8fcdd e-grid e-con-boxed e-con e-parent\" data-id=\"1f8fcdd\" data-element_type=\"container\" data-e-type=\"container\">\n\t\t\t\t\t<div class=\"e-con-inner\">\n\t\t\t\t<div class=\"elementor-element elementor-element-346028f elementor-widget elementor-widget-image\" data-id=\"346028f\" data-element_type=\"widget\" data-e-type=\"widget\" data-widget_type=\"image.default\">\n\t\t\t\t<div class=\"elementor-widget-container\">\n\t\t\t\t\t\t\t\t\t\t\t\t\t\t\t<img decoding=\"async\" src=\"https:\/\/staging.ordemdosfisioterapeutas.pt\/wp-content\/uploads\/elementor\/thumbs\/logo__0004_quake-1-r8bp7iu5a7ic41qc1liw6jllsfg91rnym8fot5gw74.png\" title=\"logo__0004_quake\" alt=\"logo__0004_quake\" loading=\"lazy\" \/>\t\t\t\t\t\t\t\t\t\t\t\t\t\t\t<\/div>\n\t\t\t\t<\/div>\n\t\t\t\t<div class=\"elementor-element elementor-element-d131cdf elementor-widget elementor-widget-image\" data-id=\"d131cdf\" data-element_type=\"widget\" data-e-type=\"widget\" data-widget_type=\"image.default\">\n\t\t\t\t<div class=\"elementor-widget-container\">\n\t\t\t\t\t\t\t\t\t\t\t\t\t\t\t<img decoding=\"async\" src=\"https:\/\/staging.ordemdosfisioterapeutas.pt\/wp-content\/uploads\/elementor\/thumbs\/parcerias-r3dj0mpgpnwvlbcun4qd1nnlq32o4tf0m68b40m4g0.webp\" title=\"partenariats\" alt=\"parcerias\" loading=\"lazy\" \/>\t\t\t\t\t\t\t\t\t\t\t\t\t\t\t<\/div>\n\t\t\t\t<\/div>\n\t\t\t\t\t<\/div>\n\t\t\t\t<\/div>\n\t\t<div class=\"elementor-element elementor-element-21892f8 e-flex e-con-boxed e-con e-parent\" data-id=\"21892f8\" data-element_type=\"container\" data-e-type=\"container\">\n\t\t\t\t\t<div class=\"e-con-inner\">\n\t\t\t\t<div class=\"elementor-element elementor-element-762aa4d elementor-widget elementor-widget-heading\" data-id=\"762aa4d\" data-element_type=\"widget\" data-e-type=\"widget\" data-widget_type=\"heading.default\">\n\t\t\t\t<div class=\"elementor-widget-container\">\n\t\t\t\t\t<h2 class=\"elementor-heading-title elementor-size-default\">Description<\/h2>\t\t\t\t<\/div>\n\t\t\t\t<\/div>\n\t\t\t\t<div class=\"elementor-element elementor-element-c60ae92 elementor-widget elementor-widget-text-editor\" data-id=\"c60ae92\" data-element_type=\"widget\" data-e-type=\"widget\" data-widget_type=\"text-editor.default\">\n\t\t\t\t<div class=\"elementor-widget-container\">\n\t\t\t\t\t\t\t\t\t<p>Situ\u00e9 \u00e0 Bel\u00e9m, Quake est un mus\u00e9e qui allie plaisir et connaissance pour vous offrir une exp\u00e9rience immersive et interactive que vous n'\u00eates pas pr\u00eat d'oublier. Con\u00e7u pour les habitants et les visiteurs, les familles et les groupes d'amis, les passionn\u00e9s d'histoire, les scientifiques amateurs et tous ceux qui recherchent des \u00e9motions fortes et des activit\u00e9s diff\u00e9rentes, vous voyagerez ici dans le Lisbonne de 1755 et ressentirez l'impact d'un tremblement de terre, reproduit \u00e0 l'aide d'un simulateur, de la cartographie vid\u00e9o et d'effets sp\u00e9ciaux. Attendez-vous \u00e0 l'inattendu au cours de ce voyage o\u00f9 vous d\u00e9couvrirez comment le tremblement de terre a chang\u00e9 \u00e0 jamais le visage de Lisbonne et a \u00e9branl\u00e9 le vieux continent.<\/p>\t\t\t\t\t\t\t\t<\/div>\n\t\t\t\t<\/div>\n\t\t\t\t\t<\/div>\n\t\t\t\t<\/div>\n\t\t<div class=\"elementor-element elementor-element-841565b condicoes e-flex e-con-boxed e-con e-parent\" data-id=\"841565b\" data-element_type=\"container\" data-e-type=\"container\">\n\t\t\t\t\t<div class=\"e-con-inner\">\n\t\t\t\t<div class=\"elementor-element elementor-element-e2ddc6b elementor-widget elementor-widget-heading\" data-id=\"e2ddc6b\" data-element_type=\"widget\" data-e-type=\"widget\" data-widget_type=\"heading.default\">\n\t\t\t\t<div class=\"elementor-widget-container\">\n\t\t\t\t\t<h2 class=\"elementor-heading-title elementor-size-default\">Conditions<\/h2>\t\t\t\t<\/div>\n\t\t\t\t<\/div>\n\t\t\t\t<div class=\"elementor-element elementor-element-a813059 elementor-widget elementor-widget-text-editor\" data-id=\"a813059\" data-element_type=\"widget\" data-e-type=\"widget\" data-widget_type=\"text-editor.default\">\n\t\t\t\t<div class=\"elementor-widget-container\">\n\t\t\t\t\t\t\t\t\t<div class=\"ewa-rteLine\">20% de r\u00e9duction sur l'achat de billets, en utilisant le code de r\u00e9duction FISIO20.<\/div><div class=\"ewa-rteLine\">Remise applicable sur le prix catalogue en vigueur \u00e0 la date d'achat.<\/div><div class=\"ewa-rteLine\">Valable pour les billets standard : adulte, enfant et senior.<\/div><div class=\"ewa-rteLine\">Des billets \u00e0 prix r\u00e9duit peuvent \u00eatre achet\u00e9s :<\/div><div class=\"ewa-rteLine\">En personne au Quake - Mus\u00e9e du tremblement de terre de Lisbonne<\/div><div class=\"ewa-rteLine\">En ligne via le site web www.lisbonquake.com<\/div><div class=\"ewa-rteLine\">\u00a0<\/div><div class=\"ewa-rteLine\">Acc\u00e8s \u00e0 la prestation :<\/div><div class=\"ewa-rteLine\">\u00a0<\/div><div class=\"ewa-rteLine\">Membres : sur pr\u00e9sentation de la carte de membre.<\/div><div class=\"ewa-rteLine\">Salari\u00e9s : sur pr\u00e9sentation d'une preuve d'emploi (bulletin de salaire).<\/div><div class=\"ewa-rteLine\">\u00a0<\/div>\t\t\t\t\t\t\t\t<\/div>\n\t\t\t\t<\/div>\n\t\t\t\t\t<\/div>\n\t\t\t\t<\/div>\n\t\t\t\t<\/div>","protected":false},"excerpt":{"rendered":"<p>Descri\u00e7\u00e3o Situado em Bel\u00e9m, o Quake \u00e9 um museu que combina divers\u00e3o e conhecimento para oferecer-lhe uma experi\u00eancia imersiva e interativa que n\u00e3o vai esquecer brevemente. Pensado para locais e visitantes, fam\u00edlias e grupos de amigos, amantes de hist\u00f3ria, cientistas amadores e aqueles que procuram emo\u00e7\u00f5es fortes e actividades diferentes, aqui viajar\u00e1 at\u00e9 \u00e0 Lisboa &#8230; <a title=\"Tremblement de terre\" class=\"read-more\" href=\"https:\/\/staging.ordemdosfisioterapeutas.pt\/fr\/quake\/\" aria-label=\"En savoir plus sur Quake\">En savoir plus<\/a><\/p>","protected":false},"author":1,"featured_media":0,"parent":0,"menu_order":0,"comment_status":"closed","ping_status":"closed","template":"","meta":{"footnotes":""},"class_list":["post-7792","page","type-page","status-publish"],"_links":{"self":[{"href":"https:\/\/staging.ordemdosfisioterapeutas.pt\/fr\/wp-json\/wp\/v2\/pages\/7792","targetHints":{"allow":["GET"]}}],"collection":[{"href":"https:\/\/staging.ordemdosfisioterapeutas.pt\/fr\/wp-json\/wp\/v2\/pages"}],"about":[{"href":"https:\/\/staging.ordemdosfisioterapeutas.pt\/fr\/wp-json\/wp\/v2\/types\/page"}],"author":[{"embeddable":true,"href":"https:\/\/staging.ordemdosfisioterapeutas.pt\/fr\/wp-json\/wp\/v2\/users\/1"}],"replies":[{"embeddable":true,"href":"https:\/\/staging.ordemdosfisioterapeutas.pt\/fr\/wp-json\/wp\/v2\/comments?post=7792"}],"version-history":[{"count":0,"href":"https:\/\/staging.ordemdosfisioterapeutas.pt\/fr\/wp-json\/wp\/v2\/pages\/7792\/revisions"}],"wp:attachment":[{"href":"https:\/\/staging.ordemdosfisioterapeutas.pt\/fr\/wp-json\/wp\/v2\/media?parent=7792"}],"curies":[{"name":"wp","href":"https:\/\/api.w.org\/{rel}","templated":true}]}}