{"id":7798,"date":"2025-07-05T20:02:19","date_gmt":"2025-07-05T19:02:19","guid":{"rendered":"https:\/\/staging.ordemdosfisioterapeutas.pt\/?page_id=7798"},"modified":"2025-07-05T20:42:56","modified_gmt":"2025-07-05T19:42:56","slug":"santogal","status":"publish","type":"page","link":"https:\/\/staging.ordemdosfisioterapeutas.pt\/fr\/santogal\/","title":{"rendered":"Santogal"},"content":{"rendered":"<div data-elementor-type=\"wp-page\" data-elementor-id=\"7798\" class=\"elementor elementor-7798\" data-elementor-post-type=\"page\">\n\t\t\t\t<div class=\"elementor-element elementor-element-ff3b5df e-grid e-con-boxed e-con e-parent\" data-id=\"ff3b5df\" data-element_type=\"container\" data-e-type=\"container\">\n\t\t\t\t\t<div class=\"e-con-inner\">\n\t\t\t\t<div class=\"elementor-element elementor-element-d357945 elementor-widget elementor-widget-image\" data-id=\"d357945\" data-element_type=\"widget\" data-e-type=\"widget\" data-widget_type=\"image.default\">\n\t\t\t\t<div class=\"elementor-widget-container\">\n\t\t\t\t\t\t\t\t\t\t\t\t\t\t\t<img decoding=\"async\" src=\"https:\/\/staging.ordemdosfisioterapeutas.pt\/wp-content\/uploads\/elementor\/thumbs\/logo__0000_santogal-1-r8bph1x8kqjztpvze7tpyn0um2h83ahzlejwz5c740.png\" title=\"logo__0000_santogal\" alt=\"logo__0000_santogal\" loading=\"lazy\" \/>\t\t\t\t\t\t\t\t\t\t\t\t\t\t\t<\/div>\n\t\t\t\t<\/div>\n\t\t\t\t<div class=\"elementor-element elementor-element-d95a13e elementor-widget elementor-widget-image\" data-id=\"d95a13e\" data-element_type=\"widget\" data-e-type=\"widget\" data-widget_type=\"image.default\">\n\t\t\t\t<div class=\"elementor-widget-container\">\n\t\t\t\t\t\t\t\t\t\t\t\t\t\t\t<img decoding=\"async\" src=\"https:\/\/staging.ordemdosfisioterapeutas.pt\/wp-content\/uploads\/elementor\/thumbs\/parcerias-r3dj0mpgpnwvlbcun4qd1nnlq32o4tf0m68b40m4g0.webp\" title=\"partenariats\" alt=\"parcerias\" loading=\"lazy\" \/>\t\t\t\t\t\t\t\t\t\t\t\t\t\t\t<\/div>\n\t\t\t\t<\/div>\n\t\t\t\t\t<\/div>\n\t\t\t\t<\/div>\n\t\t<div class=\"elementor-element elementor-element-b3024d2 e-flex e-con-boxed e-con e-parent\" data-id=\"b3024d2\" data-element_type=\"container\" data-e-type=\"container\">\n\t\t\t\t\t<div class=\"e-con-inner\">\n\t\t\t\t<div class=\"elementor-element elementor-element-820bf61 elementor-widget elementor-widget-heading\" data-id=\"820bf61\" data-element_type=\"widget\" data-e-type=\"widget\" data-widget_type=\"heading.default\">\n\t\t\t\t<div class=\"elementor-widget-container\">\n\t\t\t\t\t<h2 class=\"elementor-heading-title elementor-size-default\">Description<\/h2>\t\t\t\t<\/div>\n\t\t\t\t<\/div>\n\t\t\t\t<div class=\"elementor-element elementor-element-52f60cc elementor-widget elementor-widget-text-editor\" data-id=\"52f60cc\" data-element_type=\"widget\" data-e-type=\"widget\" data-widget_type=\"text-editor.default\">\n\t\t\t\t<div class=\"elementor-widget-container\">\n\t\t\t\t\t\t\t\t\t<p>Santogal est l'un des plus grands groupes automobiles du Portugal, repr\u00e9sentant plus de 30 marques de v\u00e9hicules neufs et d'occasion. Ses services vont de la vente \u00e0 l'entretien et au financement automobile. L'entreprise s'engage \u00e0 offrir un service personnalis\u00e9 et une exp\u00e9rience compl\u00e8te, garantissant des solutions efficaces pour la mobilit\u00e9 personnelle et professionnelle.<\/p>\t\t\t\t\t\t\t\t<\/div>\n\t\t\t\t<\/div>\n\t\t\t\t\t<\/div>\n\t\t\t\t<\/div>\n\t\t<div class=\"elementor-element elementor-element-7b20d4a condicoes e-flex e-con-boxed e-con e-parent\" data-id=\"7b20d4a\" data-element_type=\"container\" data-e-type=\"container\">\n\t\t\t\t\t<div class=\"e-con-inner\">\n\t\t\t\t<div class=\"elementor-element elementor-element-f8ce229 elementor-widget elementor-widget-heading\" data-id=\"f8ce229\" data-element_type=\"widget\" data-e-type=\"widget\" data-widget_type=\"heading.default\">\n\t\t\t\t<div class=\"elementor-widget-container\">\n\t\t\t\t\t<h2 class=\"elementor-heading-title elementor-size-default\">Conditions<\/h2>\t\t\t\t<\/div>\n\t\t\t\t<\/div>\n\t\t\t\t<div class=\"elementor-element elementor-element-dfed4eb elementor-widget elementor-widget-text-editor\" data-id=\"dfed4eb\" data-element_type=\"widget\" data-e-type=\"widget\" data-widget_type=\"text-editor.default\">\n\t\t\t\t<div class=\"elementor-widget-container\">\n\t\t\t\t\t\t\t\t\t<div class=\"ewa-rteLine\"><div class=\"ewa-rteLine\">Soutien d\u00e9di\u00e9 d'un interlocuteur santogal unique au service des membres et des employ\u00e9s de l'Ordre des kin\u00e9sith\u00e9rapeutes ;<\/div><div class=\"ewa-rteLine\">Soutien personnalis\u00e9 en :<\/div><div class=\"ewa-rteLine\">Acquisition de v\u00e9hicules neufs et d'occasion de toutes les marques repr\u00e9sent\u00e9es par Santogal ;<\/div><div class=\"ewa-rteLine\">R\u00e9servation d'essais routiers ;<\/div><div class=\"ewa-rteLine\">Pr\u00e9sentation de propositions d'acquisition et aide au choix du v\u00e9hicule le plus appropri\u00e9 (marque, mod\u00e8le et \u00e9quipement) ;<\/div><div class=\"ewa-rteLine\">Pr\u00e9sentation des meilleures solutions de financement et d'assurance ;<\/div><div class=\"ewa-rteLine\">\u00c9valuation et achat de v\u00e9hicules d'occasion (m\u00eame si un v\u00e9hicule neuf n'est pas achet\u00e9).<\/div><div class=\"ewa-rteLine\">Soutien aux ateliers santogal en cas de difficult\u00e9s<\/div><div class=\"ewa-rteLine\">Meilleures conditions pour l'achat de voitures, limit\u00e9es \u00e0 une voiture par membre.<\/div><div class=\"ewa-rteLine\">Meilleures conditions de financement, d'assurance automobile et de plans d'entretien.<\/div><div class=\"ewa-rteLine\">\u00a0<\/div><div class=\"ewa-rteLine\">Vous pouvez b\u00e9n\u00e9ficier de ces conditions sp\u00e9ciales en vous identifiant et en pr\u00e9sentant la carte professionnelle de l'Ordre des kin\u00e9sith\u00e9rapeutes.<\/div><\/div>\t\t\t\t\t\t\t\t<\/div>\n\t\t\t\t<\/div>\n\t\t\t\t\t<\/div>\n\t\t\t\t<\/div>\n\t\t\t\t<\/div>","protected":false},"excerpt":{"rendered":"<p>Descri\u00e7\u00e3o A Santogal\u00a0\u00e9 um dos maiores grupos autom\u00f3veis em Portugal, representando mais de 30 marcas de ve\u00edculos novos e seminovos. Com servi\u00e7os que v\u00e3o desde a venda at\u00e9 \u00e0 manuten\u00e7\u00e3o e financiamento autom\u00f3vel. A empresa aposta num atendimento personalizado e numa experi\u00eancia completa, garantindo solu\u00e7\u00f5es eficazes para a mobilidade pessoal e empresarial. Condi\u00e7\u00f5es Acompanhamento dedicado &#8230; <a title=\"Santogal\" class=\"read-more\" href=\"https:\/\/staging.ordemdosfisioterapeutas.pt\/fr\/santogal\/\" aria-label=\"En savoir plus sur Santogal\">En savoir plus<\/a><\/p>","protected":false},"author":1,"featured_media":0,"parent":0,"menu_order":0,"comment_status":"closed","ping_status":"closed","template":"","meta":{"footnotes":""},"class_list":["post-7798","page","type-page","status-publish"],"_links":{"self":[{"href":"https:\/\/staging.ordemdosfisioterapeutas.pt\/fr\/wp-json\/wp\/v2\/pages\/7798","targetHints":{"allow":["GET"]}}],"collection":[{"href":"https:\/\/staging.ordemdosfisioterapeutas.pt\/fr\/wp-json\/wp\/v2\/pages"}],"about":[{"href":"https:\/\/staging.ordemdosfisioterapeutas.pt\/fr\/wp-json\/wp\/v2\/types\/page"}],"author":[{"embeddable":true,"href":"https:\/\/staging.ordemdosfisioterapeutas.pt\/fr\/wp-json\/wp\/v2\/users\/1"}],"replies":[{"embeddable":true,"href":"https:\/\/staging.ordemdosfisioterapeutas.pt\/fr\/wp-json\/wp\/v2\/comments?post=7798"}],"version-history":[{"count":0,"href":"https:\/\/staging.ordemdosfisioterapeutas.pt\/fr\/wp-json\/wp\/v2\/pages\/7798\/revisions"}],"wp:attachment":[{"href":"https:\/\/staging.ordemdosfisioterapeutas.pt\/fr\/wp-json\/wp\/v2\/media?parent=7798"}],"curies":[{"name":"wp","href":"https:\/\/api.w.org\/{rel}","templated":true}]}}